

{"id":26956,"date":"2026-02-04T06:50:51","date_gmt":"2026-02-04T06:50:51","guid":{"rendered":"https:\/\/vapemaison.com\/?post_type=product&#038;p=26956"},"modified":"2026-02-04T06:51:11","modified_gmt":"2026-02-04T06:51:11","slug":"randm-tornado-7000-puff-jednorazowy-vape-puff-7k","status":"publish","type":"product","link":"https:\/\/vapemaison.com\/pl\/product\/randm-tornado-7000-puffs-disposable-vape-puff-7k\/","title":{"rendered":"RandM Tornado 7000 Puff Jednorazowe Vape | Puff 7k"},"content":{"rendered":"<p>The <strong>RandM Tornado 7000 7k<\/strong> to innowacyjny jednorazowy waporyzator zaprojektowany dla waper\u00f3w, kt\u00f3rzy wymagaj\u0105 jako\u015bci i wygody. \u0141\u0105czy w sobie zaawansowane funkcje z \u0142atwo\u015bci\u0105 u\u017cytkowania, zapewniaj\u0105c satysfakcjonuj\u0105ce wra\u017cenia przy ka\u017cdym zaci\u0105gni\u0119ciu.<\/p>\n\n\n\n<p><strong>Regulowany przep\u0142yw powietrza<\/strong> pozwala u\u017cytkownikom kontrolowa\u0107 g\u0119sto\u015b\u0107 pary i intensywno\u015b\u0107 smaku, umo\u017cliwiaj\u0105c dostosowanie wra\u017ce\u0144 z waporyzacji do perfekcji.<\/p>\n\n\n\n<p><strong>Konstrukcja z mo\u017cliwo\u015bci\u0105 \u0142adowania<\/strong> odr\u00f3\u017cnia go od typowych jednoraz\u00f3wek. Port \u0142adowania typu C w dolnej cz\u0119\u015bci zapewnia maksymalne wykorzystanie ka\u017cdej kropli e-liquidu, wyd\u0142u\u017caj\u0105c czas u\u017cytkowania urz\u0105dzenia.<\/p>\n\n\n\n<p><strong>Du\u017ca pojemno\u015b\u0107 e-liquidu<\/strong>: Dzi\u0119ki 14 ml e-soku urz\u0105dzenie obs\u0142uguje d\u0142ugie sesje waporyzacji i oferuje opcje soli nikotyny 2% i 5%, aby dopasowa\u0107 si\u0119 do r\u00f3\u017cnych preferencji.<\/p>\n\n\n\n<p>Dodatkowo, RandM Tornado 7000 7k oferuje <strong>56 smak\u00f3w<\/strong>, Od \u015bwie\u017cej mi\u0119ty i owocowych mieszanek po desery i napoje, zapewniaj\u0105c u\u017cytkownikom szerok\u0105 gam\u0119 dozna\u0144 smakowych.<\/p>\n\n\n\n<h3 class=\"wp-block-heading\">Specyfikacja produktu<\/h3>\n\n\n\n<figure class=\"wp-block-table is-style-stripes\"><table class=\"has-fixed-layout\"><thead><tr><th>Specyfikacja<\/th><th>Szczeg\u00f3\u0142y<\/th><\/tr><\/thead><tbody><tr><td>S\u00f3l nikotynowa<\/td><td>2% \/ 5%<\/td><\/tr><tr><td>Pojemno\u015b\u0107 e-liquidu<\/td><td>14 ml<\/td><\/tr><tr><td>Puffy na urz\u0105dzenie<\/td><td>Oko\u0142o 7000<\/td><\/tr><tr><td>Kontrola przep\u0142ywu powietrza<\/td><td>Regulacja dla spersonalizowanej pary i smaku<\/td><\/tr><tr><td>Port \u0142adowania<\/td><td>Typ-C<\/td><\/tr><tr><td>Bateria<\/td><td>Wbudowany akumulator o pojemno\u015bci 850 mAh<\/td><\/tr><tr><td>Akumulator<\/td><td>Tak<\/td><\/tr><tr><td>Dost\u0119pne smaki<\/td><td>56<\/td><\/tr><tr><td>Opakowanie<\/td><td>10 sztuk \/ pude\u0142ko ekspozycyjne<\/td><\/tr><\/tbody><\/table><\/figure>\n\n\n\n<h3 class=\"wp-block-heading\">Dost\u0119pne smaki<\/h3>\n\n\n\n<ol class=\"wp-block-list\">\n<li>Cool Mint<\/li>\n\n\n\n<li>Lush Ice<\/li>\n\n\n\n<li>Tangerine Ice<\/li>\n\n\n\n<li>P\u0105czek truskawkowy<\/li>\n\n\n\n<li>Gummy Bear<\/li>\n\n\n\n<li>Jagoda na lodzie<\/li>\n\n\n\n<li>Mango na lodzie<\/li>\n\n\n\n<li>L\u00f3d brzoskwiniowy<\/li>\n\n\n\n<li>L\u00f3d bananowy<\/li>\n\n\n\n<li>L\u00f3d winogronowy<\/li>\n\n\n\n<li>R\u00f3\u017cowa Lemoniada<\/li>\n\n\n\n<li>Rum Pina Colada<\/li>\n\n\n\n<li>Jagody mieszane<\/li>\n\n\n\n<li>Bananowy koktajl mleczny<\/li>\n\n\n\n<li>Arbuz truskawkowy<\/li>\n\n\n\n<li>Czerwone Jab\u0142ko Cytryna<\/li>\n\n\n\n<li>L\u00f3d ananasowy<\/li>\n\n\n\n<li>Wata cukrowa<\/li>\n\n\n\n<li>Banan truskawkowy<\/li>\n\n\n\n<li>L\u00f3d truskawkowy<\/li>\n\n\n\n<li>Red Energy Ice<\/li>\n\n\n\n<li>Lemoniada Blue Razz<\/li>\n\n\n\n<li>Red Apple Ice<\/li>\n\n\n\n<li>Lemoniada jagodowa<\/li>\n\n\n\n<li>Blueberry Bubblegum<\/li>\n\n\n\n<li>Bluesour Raspberry<\/li>\n\n\n\n<li>Mr Blue<\/li>\n\n\n\n<li>Jab\u0142ko Brzoskwinia Gruszka<\/li>\n\n\n\n<li>Jagoda Granat<\/li>\n\n\n\n<li>Vimto<\/li>\n\n\n\n<li>Kiwi Passion Fruit Guava<\/li>\n\n\n\n<li>Cola<\/li>\n\n\n\n<li>Kwa\u015bne jab\u0142ko<\/li>\n\n\n\n<li>Mentol z czarnej porzeczki<\/li>\n\n\n\n<li>Tygrysia Krew<\/li>\n\n\n\n<li>Cukierki brzoskwiniowo-jagodowe<\/li>\n\n\n\n<li>Brzoskwinia Mango<\/li>\n\n\n\n<li>Truskawkowy Red Bull<\/li>\n\n\n\n<li>L\u00f3d z czarnej porzeczki<\/li>\n\n\n\n<li>Lemoniada truskawkowo-arbuzowa<\/li>\n\n\n\n<li>Wi\u015bnia<\/li>\n\n\n\n<li>Blue Razz Cherry<\/li>\n\n\n\n<li>Kr\u0119gle<\/li>\n\n\n\n<li>Bor\u00f3wka Malina<\/li>\n\n\n\n<li>Winogrono truskawkowe<\/li>\n\n\n\n<li>Jagoda Wi\u015bnia \u017burawina<\/li>\n\n\n\n<li>Apple Berry Blast<\/li>\n\n\n\n<li>Cherry Cola<\/li>\n\n\n\n<li>Cytryna i limonka<\/li>\n\n\n\n<li>Pink Burst<\/li>\n\n\n\n<li>Pacific Cooler<\/li>\n\n\n\n<li>Ice Pop<\/li>\n\n\n\n<li>Bingo Crush<\/li>\n\n\n\n<li>Vimto Crush<\/li>\n\n\n\n<li>Tyto\u0144<\/li>\n<\/ol>","protected":false},"excerpt":{"rendered":"<p>The RandM Tornado 7000 7k is an innovative disposable vape designed for vapers who demand quality and convenience. It combines powerful features with ease of use, ensuring a satisfying experience with every puff. Adjustable airflow allows users to control vapor density and flavor intensity, letting you customize your vaping experience to perfection. Rechargeable design sets [&hellip;]<\/p>\n","protected":false},"featured_media":26967,"comment_status":"open","ping_status":"closed","template":"","meta":[],"product_brand":[],"product_cat":[16],"product_tag":[],"class_list":{"0":"post-26956","1":"product","2":"type-product","3":"status-publish","4":"has-post-thumbnail","6":"product_cat-uncategorized","8":"first","9":"instock","10":"sale","11":"shipping-taxable","12":"purchasable","13":"product-type-variable"},"yoast_head":"<!-- This site is optimized with the Yoast SEO plugin v27.4 - https:\/\/yoast.com\/product\/yoast-seo-wordpress\/ -->\n<title>RandM Tornado 7000 7k Disposable Vape \u2013 7000 Puffs, 56 Flavor<\/title>\n<meta name=\"description\" content=\"Experience the RandM Tornado disposable vape with 7000 puffs, Choose from 56 flavors and 2% or 5% nicotine salt for a fully customizable vaping experience.\" \/>\n<meta name=\"robots\" content=\"index, follow, max-snippet:-1, max-image-preview:large, max-video-preview:-1\" \/>\n<link rel=\"canonical\" href=\"https:\/\/vapemaison.com\/pl\/produkt\/randm-tornado-7000-puff-jednorazowy-vape-puff-7k\/\" \/>\n<meta property=\"og:locale\" content=\"pl_PL\" \/>\n<meta property=\"og:type\" content=\"article\" \/>\n<meta property=\"og:title\" content=\"RandM Tornado 7000 7k Disposable Vape \u2013 7000 Puffs, 56 Flavor\" \/>\n<meta property=\"og:description\" content=\"Experience the RandM Tornado disposable vape with 7000 puffs, Choose from 56 flavors and 2% or 5% nicotine salt for a fully customizable vaping experience.\" \/>\n<meta property=\"og:url\" content=\"https:\/\/vapemaison.com\/pl\/produkt\/randm-tornado-7000-puff-jednorazowy-vape-puff-7k\/\" \/>\n<meta property=\"og:site_name\" content=\"VapeMaison\" \/>\n<meta property=\"article:modified_time\" content=\"2026-02-04T06:51:11+00:00\" \/>\n<meta property=\"og:image\" content=\"https:\/\/vapemaison.com\/wp-content\/uploads\/2026\/02\/vapemaison-RandM-tornado-7000-puffs-00011.webp\" \/>\n\t<meta property=\"og:image:width\" content=\"1000\" \/>\n\t<meta property=\"og:image:height\" content=\"1000\" \/>\n\t<meta property=\"og:image:type\" content=\"image\/webp\" \/>\n<meta name=\"twitter:card\" content=\"summary_large_image\" \/>\n<meta name=\"twitter:label1\" content=\"Szacowany czas czytania\" \/>\n\t<meta name=\"twitter:data1\" content=\"2 minuty\" \/>\n<!-- \/ Yoast SEO plugin. -->","yoast_head_json":{"title":"Vape jednorazowe RandM Tornado 7000 7k - 7000 zaci\u0105gni\u0119\u0107, 56 smak\u00f3w","description":"Do\u015bwiadcz jednorazowego waporyzatora RandM Tornado z 7000 zaci\u0105gni\u0119ciami, wybieraj spo\u015br\u00f3d 56 smak\u00f3w i soli nikotynowej 2% lub 5%, aby w pe\u0142ni dostosowa\u0107 waporyzacj\u0119.","robots":{"index":"index","follow":"follow","max-snippet":"max-snippet:-1","max-image-preview":"max-image-preview:large","max-video-preview":"max-video-preview:-1"},"canonical":"https:\/\/vapemaison.com\/pl\/produkt\/randm-tornado-7000-puff-jednorazowy-vape-puff-7k\/","og_locale":"pl_PL","og_type":"article","og_title":"RandM Tornado 7000 7k Disposable Vape \u2013 7000 Puffs, 56 Flavor","og_description":"Experience the RandM Tornado disposable vape with 7000 puffs, Choose from 56 flavors and 2% or 5% nicotine salt for a fully customizable vaping experience.","og_url":"https:\/\/vapemaison.com\/pl\/produkt\/randm-tornado-7000-puff-jednorazowy-vape-puff-7k\/","og_site_name":"VapeMaison","article_modified_time":"2026-02-04T06:51:11+00:00","og_image":[{"width":1000,"height":1000,"url":"https:\/\/vapemaison.com\/wp-content\/uploads\/2026\/02\/vapemaison-RandM-tornado-7000-puffs-00011.webp","type":"image\/webp"}],"twitter_card":"summary_large_image","twitter_misc":{"Szacowany czas czytania":"2 minuty"},"schema":{"@context":"https:\/\/schema.org","@graph":[{"@type":"WebPage","@id":"https:\/\/vapemaison.com\/product\/randm-tornado-7000-puffs-disposable-vape-puff-7k\/","url":"https:\/\/vapemaison.com\/product\/randm-tornado-7000-puffs-disposable-vape-puff-7k\/","name":"Vape jednorazowe RandM Tornado 7000 7k - 7000 zaci\u0105gni\u0119\u0107, 56 smak\u00f3w","isPartOf":{"@id":"https:\/\/vapemaison.com\/#website"},"primaryImageOfPage":{"@id":"https:\/\/vapemaison.com\/product\/randm-tornado-7000-puffs-disposable-vape-puff-7k\/#primaryimage"},"image":{"@id":"https:\/\/vapemaison.com\/product\/randm-tornado-7000-puffs-disposable-vape-puff-7k\/#primaryimage"},"thumbnailUrl":"https:\/\/vapemaison.com\/wp-content\/uploads\/2026\/02\/vapemaison-RandM-tornado-7000-puffs-00011.webp","datePublished":"2026-02-04T06:50:51+00:00","dateModified":"2026-02-04T06:51:11+00:00","description":"Do\u015bwiadcz jednorazowego waporyzatora RandM Tornado z 7000 zaci\u0105gni\u0119ciami, wybieraj spo\u015br\u00f3d 56 smak\u00f3w i soli nikotynowej 2% lub 5%, aby w pe\u0142ni dostosowa\u0107 waporyzacj\u0119.","breadcrumb":{"@id":"https:\/\/vapemaison.com\/product\/randm-tornado-7000-puffs-disposable-vape-puff-7k\/#breadcrumb"},"inLanguage":"pl-PL","potentialAction":[{"@type":"ReadAction","target":["https:\/\/vapemaison.com\/product\/randm-tornado-7000-puffs-disposable-vape-puff-7k\/"]}]},{"@type":"ImageObject","inLanguage":"pl-PL","@id":"https:\/\/vapemaison.com\/product\/randm-tornado-7000-puffs-disposable-vape-puff-7k\/#primaryimage","url":"https:\/\/vapemaison.com\/wp-content\/uploads\/2026\/02\/vapemaison-RandM-tornado-7000-puffs-00011.webp","contentUrl":"https:\/\/vapemaison.com\/wp-content\/uploads\/2026\/02\/vapemaison-RandM-tornado-7000-puffs-00011.webp","width":1000,"height":1000,"caption":"vapemaison-RandM-tornado-7000-puffs-00011"},{"@type":"BreadcrumbList","@id":"https:\/\/vapemaison.com\/product\/randm-tornado-7000-puffs-disposable-vape-puff-7k\/#breadcrumb","itemListElement":[{"@type":"ListItem","position":1,"name":"\u9996\u9875","item":"https:\/\/vapemaison.com\/"},{"@type":"ListItem","position":2,"name":"Shop","item":"https:\/\/vapemaison.com\/shop\/"},{"@type":"ListItem","position":3,"name":"RandM Tornado 7000 Puffs Disposable Vape | Puff 7k"}]},{"@type":"WebSite","@id":"https:\/\/vapemaison.com\/#website","url":"https:\/\/vapemaison.com\/","name":"VapeMaison","description":"Wysokiej jako\u015bci urz\u0105dzenia i akcesoria do waporyzacji","publisher":{"@id":"https:\/\/vapemaison.com\/#organization"},"potentialAction":[{"@type":"SearchAction","target":{"@type":"EntryPoint","urlTemplate":"https:\/\/vapemaison.com\/?s={search_term_string}"},"query-input":{"@type":"PropertyValueSpecification","valueRequired":true,"valueName":"search_term_string"}}],"inLanguage":"pl-PL"},{"@type":"Organization","@id":"https:\/\/vapemaison.com\/#organization","name":"VapeMaison","url":"https:\/\/vapemaison.com\/","logo":{"@type":"ImageObject","inLanguage":"pl-PL","@id":"https:\/\/vapemaison.com\/#\/schema\/logo\/image\/","url":"https:\/\/vapemaison.com\/wp-content\/uploads\/2026\/01\/cropped-vapemaison-logo-g-2026.webp","contentUrl":"https:\/\/vapemaison.com\/wp-content\/uploads\/2026\/01\/cropped-vapemaison-logo-g-2026.webp","width":350,"height":280,"caption":"VapeMaison"},"image":{"@id":"https:\/\/vapemaison.com\/#\/schema\/logo\/image\/"},"sameAs":["https:\/\/www.youtube.com\/@VapeMaison"]}]}},"tiered_pricing_type":"fixed","tiered_pricing_fixed_rules":{"30":"9.98","50":"9.12","100":"8.36","200":"7.99"},"tiered_pricing_product_settings":{"layout":"default","base_unit_name":{"singular":null,"plural":null},"default_variation":null},"tiered_pricing_minimum_quantity":10,"tiered_pricing_roles_data":[],"tiered_pricing_percentage_rules":[],"tiered_pricing_maximum_quantity":null,"tiered_pricing_quantity_step":"10","_links":{"self":[{"href":"https:\/\/vapemaison.com\/pl\/wp-json\/wp\/v2\/product\/26956","targetHints":{"allow":["GET"]}}],"collection":[{"href":"https:\/\/vapemaison.com\/pl\/wp-json\/wp\/v2\/product"}],"about":[{"href":"https:\/\/vapemaison.com\/pl\/wp-json\/wp\/v2\/types\/product"}],"replies":[{"embeddable":true,"href":"https:\/\/vapemaison.com\/pl\/wp-json\/wp\/v2\/comments?post=26956"}],"version-history":[{"count":1,"href":"https:\/\/vapemaison.com\/pl\/wp-json\/wp\/v2\/product\/26956\/revisions"}],"predecessor-version":[{"id":26971,"href":"https:\/\/vapemaison.com\/pl\/wp-json\/wp\/v2\/product\/26956\/revisions\/26971"}],"wp:featuredmedia":[{"embeddable":true,"href":"https:\/\/vapemaison.com\/pl\/wp-json\/wp\/v2\/media\/26967"}],"wp:attachment":[{"href":"https:\/\/vapemaison.com\/pl\/wp-json\/wp\/v2\/media?parent=26956"}],"wp:term":[{"taxonomy":"product_brand","embeddable":true,"href":"https:\/\/vapemaison.com\/pl\/wp-json\/wp\/v2\/product_brand?post=26956"},{"taxonomy":"product_cat","embeddable":true,"href":"https:\/\/vapemaison.com\/pl\/wp-json\/wp\/v2\/product_cat?post=26956"},{"taxonomy":"product_tag","embeddable":true,"href":"https:\/\/vapemaison.com\/pl\/wp-json\/wp\/v2\/product_tag?post=26956"}],"curies":[{"name":"wp","href":"https:\/\/api.w.org\/{rel}","templated":true}]}}