

{"id":26976,"date":"2026-02-04T10:10:02","date_gmt":"2026-02-04T10:10:02","guid":{"rendered":"https:\/\/vapemaison.com\/?post_type=product&#038;p=26976"},"modified":"2026-02-05T08:40:46","modified_gmt":"2026-02-05T08:40:46","slug":"jnr-falcon-bar-48000-jednorazowy-vape","status":"publish","type":"product","link":"https:\/\/vapemaison.com\/pl\/product\/jnr-falcon-bar-48000-disposable-vape\/","title":{"rendered":"JNR Falcon Bar 48000 Vape jednorazowego u\u017cytku"},"content":{"rendered":"<p>The <strong>JNR Falcon 48000<\/strong> to jednorazowy akumulator o du\u017cej pojemno\u015bci przeznaczony dla vaper\u00f3w, kt\u00f3rzy chc\u0105 <strong>D\u0142uga \u017cywotno\u015b\u0107, stabilny smak i regulowana wydajno\u015b\u0107<\/strong> w jednym urz\u0105dzeniu. Zbudowany w oparciu o zaawansowan\u0105 technologi\u0119 podw\u00f3jnych oczek JNR i ultra-przezroczyst\u0105 konstrukcj\u0119, zapewnia sta\u0142\u0105 produkcj\u0119 pary od pierwszego do ostatniego zaci\u0105gni\u0119cia.<\/p>\n\n\n\n<p>Z <strong>Pojemno\u015b\u0107 e-liquidu 45 ml<\/strong>, <strong>Akumulator o pojemno\u015bci 1000 mAh<\/strong>, oraz <strong>regulowany przep\u0142yw powietrza<\/strong>, To urz\u0105dzenie wykracza daleko poza standardowe jednoraz\u00f3wki. Przezroczysta pow\u0142oka pozwala \u0142atwo monitorowa\u0107 poziom p\u0142ynu, a system aktywowany przeci\u0105ganiem zapewnia \u0142atw\u0105 obs\u0142ug\u0119 - bez przycisk\u00f3w, bez ustawie\u0144, po prostu wdychaj.<\/p>\n\n\n\n<p>Niezale\u017cnie od tego, czy wolisz ciasne zaci\u0105gni\u0119cia MTL, czy przewiewne chmury DTL, Falcon 48K dostosowuje si\u0119 do Twojego stylu, zachowuj\u0105c bogat\u0105 wyrazisto\u015b\u0107 smaku i p\u0142ynn\u0105 satysfakcj\u0119 z gard\u0142a.<\/p>\n\n\n\n<h3 class=\"wp-block-heading\"><strong>Najwa\u017cniejsze informacje<\/strong><\/h3>\n\n\n\n<ul class=\"wp-block-list\">\n<li>Do <strong>48 000 zaci\u0105gni\u0119\u0107<\/strong><\/li>\n\n\n\n<li><strong>45 ml<\/strong> Du\u017ca pojemno\u015b\u0107 e-liquidu<\/li>\n\n\n\n<li><strong>Cewki z podw\u00f3jn\u0105 siatk\u0105<\/strong> dla silniejszej konsystencji smakowej<\/li>\n\n\n\n<li><strong>Regulowany przep\u0142yw powietrza<\/strong> (MTL \u2194 DTL)<\/li>\n\n\n\n<li><strong>Akumulator o pojemno\u015bci 1000 mAh<\/strong><\/li>\n\n\n\n<li><strong>Szybkie \u0142adowanie typu C<\/strong><\/li>\n\n\n\n<li><strong>Ultra-przezroczysta konstrukcja zbiornika<\/strong><\/li>\n\n\n\n<li>Dzia\u0142anie aktywowane rysowaniem<\/li>\n\n\n\n<li>P\u0142ynne dostarczanie nikotyny (2%)<\/li>\n<\/ul>\n\n\n\n<h2 class=\"wp-block-heading\"><strong>Specyfikacje<\/strong><\/h2>\n\n\n\n<figure class=\"wp-block-table is-style-stripes\"><table class=\"has-fixed-layout\"><thead><tr><th>Cecha<\/th><th>Szczeg\u00f3\u0142y<\/th><\/tr><\/thead><tbody><tr><td>Puff Count<\/td><td>Do 48 000 zaci\u0105gni\u0119\u0107<\/td><\/tr><tr><td>Pojemno\u015b\u0107 E-Liquid<\/td><td>45 ml<\/td><\/tr><tr><td>Bateria<\/td><td>Akumulator 1000 mAh<\/td><\/tr><tr><td>Port \u0142adowania<\/td><td>USB typu C<\/td><\/tr><tr><td>Typ cewki<\/td><td>Cewki z podw\u00f3jn\u0105 siatk\u0105<\/td><\/tr><tr><td>Przep\u0142yw powietrza<\/td><td>Regulowany<\/td><\/tr><tr><td>Aktywacja<\/td><td>Aktywowane rysowaniem<\/td><\/tr><tr><td>Projekt<\/td><td>Ultra-przezroczysta pow\u0142oka<\/td><\/tr><tr><td>Si\u0142a nikotyny<\/td><td>2% (20 mg\/ml)<\/td><\/tr><\/tbody><\/table><\/figure>\n\n\n\n<hr class=\"wp-block-separator has-alpha-channel-opacity\"\/>\n\n\n\n<h2 class=\"wp-block-heading\"><strong>FAQ<\/strong><\/h2>\n\n\n\n<h3 class=\"wp-block-heading\"><strong>1. Jak d\u0142ugo dzia\u0142a JNR Falcon 48000?<\/strong><\/h3>\n\n\n\n<p>W zale\u017cno\u015bci od nawyk\u00f3w u\u017cytkowania mo\u017ce on dzia\u0142a\u0107 od kilku tygodni do ponad miesi\u0105ca. Du\u017ca pojemno\u015b\u0107 e-liquidu i akumulator zapewniaj\u0105 d\u0142u\u017csz\u0105 wydajno\u015b\u0107 w por\u00f3wnaniu ze standardowymi jednoraz\u00f3wkami.<\/p>\n\n\n\n<h3 class=\"wp-block-heading\"><strong>2. Czy mog\u0119 na\u0142adowa\u0107 urz\u0105dzenie?<\/strong><\/h3>\n\n\n\n<p>Tak. <strong>Akumulator o pojemno\u015bci 1000 mAh<\/strong> z \u0142adowaniem typu C. Pozwala to wykorzysta\u0107 ca\u0142y e-liquid bez marnowania pojemno\u015bci.<\/p>\n\n\n\n<h3 class=\"wp-block-heading\"><strong>3. Na czym polega technologia podw\u00f3jnej cewki siatkowej?<\/strong><\/h3>\n\n\n\n<p>Cewki z podw\u00f3jn\u0105 siatk\u0105 nagrzewaj\u0105 si\u0119 bardziej r\u00f3wnomiernie ni\u017c tradycyjne cewki, wytwarzaj\u0105c <strong>Mocniejszy smak, g\u0142adsza para i sta\u0142a wydajno\u015b\u0107<\/strong> przez ca\u0142y okres u\u017cytkowania urz\u0105dzenia.<\/p>\n\n\n\n<h3 class=\"wp-block-heading\"><strong>4. Czy jest odpowiedni dla pocz\u0105tkuj\u0105cych?<\/strong><\/h3>\n\n\n\n<p>Tak jest <strong>draw-activated<\/strong>, Nie wymaga \u017cadnych ustawie\u0144 i jest bardzo \u0142atwy w u\u017cyciu. Wystarczy wdycha\u0107, aby aktywowa\u0107.<\/p>\n\n\n\n<h3 class=\"wp-block-heading\"><strong>5. Czy mog\u0119 dostosowa\u0107 styl rysowania?<\/strong><\/h3>\n\n\n\n<p>Tak. Regulowany suwak przep\u0142ywu powietrza umo\u017cliwia prze\u0142\u0105czanie mi\u0119dzy <strong>mocny ci\u0105g przypominaj\u0105cy papierosa (MTL)<\/strong> oraz <strong>lu\u017aniejsze losowanie skoncentrowane na chmurze (DTL).<\/strong><\/p>\n\n\n\n<h3 class=\"wp-block-heading\"><strong>6. Sk\u0105d mam wiedzie\u0107, kiedy go na\u0142adowa\u0107?<\/strong><\/h3>\n\n\n\n<p>Wska\u017anik \u015bwietlny b\u0119dzie miga\u0107, gdy poziom na\u0142adowania baterii b\u0119dzie niski, a produkcja pary mo\u017ce si\u0119 zmniejszy\u0107. Wystarczy na\u0142adowa\u0107 urz\u0105dzenie przez port Type-C.<\/p>","protected":false},"excerpt":{"rendered":"<p>The JNR Falcon 48000 is a high-capacity rechargeable disposable designed for vapers who want long lifespan, stable flavour, and adjustable performance in one device. Built with JNR\u2019s advanced dual-mesh technology and ultra-transparent design, it delivers consistent vapour output from the first puff to the last. With a 45ml e-liquid capacity, 1000mAh rechargeable battery, and adjustable [&hellip;]<\/p>\n","protected":false},"featured_media":26986,"comment_status":"open","ping_status":"closed","template":"","meta":[],"product_brand":[],"product_cat":[16],"product_tag":[],"class_list":{"0":"post-26976","1":"product","2":"type-product","3":"status-publish","4":"has-post-thumbnail","6":"product_cat-uncategorized","8":"first","9":"instock","10":"sale","11":"featured","12":"shipping-taxable","13":"purchasable","14":"product-type-variable"},"yoast_head":"<!-- This site is optimized with the Yoast SEO plugin v27.4 - https:\/\/yoast.com\/product\/yoast-seo-wordpress\/ -->\n<title>JNR Falcon 48000 Disposable Vape<\/title>\n<meta name=\"description\" content=\"Discover JNR Falcon 48000 with 45ml e-liquid, dual mesh coils, adjustable airflow, and a rechargeable 1000mAh battery for long-lasting smooth flavour.\" \/>\n<meta name=\"robots\" content=\"index, follow, max-snippet:-1, max-image-preview:large, max-video-preview:-1\" \/>\n<link rel=\"canonical\" href=\"https:\/\/vapemaison.com\/pl\/produkt\/jnr-falcon-bar-48000-jednorazowy-vape\/\" \/>\n<meta property=\"og:locale\" content=\"pl_PL\" \/>\n<meta property=\"og:type\" content=\"article\" \/>\n<meta property=\"og:title\" content=\"JNR Falcon 48000 Disposable Vape\" \/>\n<meta property=\"og:description\" content=\"Discover JNR Falcon 48000 with 45ml e-liquid, dual mesh coils, adjustable airflow, and a rechargeable 1000mAh battery for long-lasting smooth flavour.\" \/>\n<meta property=\"og:url\" content=\"https:\/\/vapemaison.com\/pl\/produkt\/jnr-falcon-bar-48000-jednorazowy-vape\/\" \/>\n<meta property=\"og:site_name\" content=\"VapeMaison\" \/>\n<meta property=\"article:modified_time\" content=\"2026-02-05T08:40:46+00:00\" \/>\n<meta property=\"og:image\" content=\"https:\/\/vapemaison.com\/wp-content\/uploads\/2026\/02\/jnr-falcon-bar-48000-puffs-dispasable-vape-flavor-strawberry-watermelon-ice.webp\" \/>\n\t<meta property=\"og:image:width\" content=\"1600\" \/>\n\t<meta property=\"og:image:height\" content=\"1600\" \/>\n\t<meta property=\"og:image:type\" content=\"image\/webp\" \/>\n<meta name=\"twitter:card\" content=\"summary_large_image\" \/>\n<meta name=\"twitter:label1\" content=\"Szacowany czas czytania\" \/>\n\t<meta name=\"twitter:data1\" content=\"2 minuty\" \/>\n<!-- \/ Yoast SEO plugin. -->","yoast_head_json":{"title":"JNR Falcon 48000 Vape jednorazowego u\u017cytku","description":"Odkryj JNR Falcon 48000 z 45 ml e-liquidu, podw\u00f3jnymi cewkami siatkowymi, regulowanym przep\u0142ywem powietrza i akumulatorem 1000 mAh zapewniaj\u0105cym d\u0142ugotrwa\u0142y, g\u0142adki smak.","robots":{"index":"index","follow":"follow","max-snippet":"max-snippet:-1","max-image-preview":"max-image-preview:large","max-video-preview":"max-video-preview:-1"},"canonical":"https:\/\/vapemaison.com\/pl\/produkt\/jnr-falcon-bar-48000-jednorazowy-vape\/","og_locale":"pl_PL","og_type":"article","og_title":"JNR Falcon 48000 Disposable Vape","og_description":"Discover JNR Falcon 48000 with 45ml e-liquid, dual mesh coils, adjustable airflow, and a rechargeable 1000mAh battery for long-lasting smooth flavour.","og_url":"https:\/\/vapemaison.com\/pl\/produkt\/jnr-falcon-bar-48000-jednorazowy-vape\/","og_site_name":"VapeMaison","article_modified_time":"2026-02-05T08:40:46+00:00","og_image":[{"width":1600,"height":1600,"url":"https:\/\/vapemaison.com\/wp-content\/uploads\/2026\/02\/jnr-falcon-bar-48000-puffs-dispasable-vape-flavor-strawberry-watermelon-ice.webp","type":"image\/webp"}],"twitter_card":"summary_large_image","twitter_misc":{"Szacowany czas czytania":"2 minuty"},"schema":{"@context":"https:\/\/schema.org","@graph":[{"@type":"WebPage","@id":"https:\/\/vapemaison.com\/product\/jnr-falcon-bar-48000-disposable-vape\/","url":"https:\/\/vapemaison.com\/product\/jnr-falcon-bar-48000-disposable-vape\/","name":"JNR Falcon 48000 Vape jednorazowego u\u017cytku","isPartOf":{"@id":"https:\/\/vapemaison.com\/#website"},"primaryImageOfPage":{"@id":"https:\/\/vapemaison.com\/product\/jnr-falcon-bar-48000-disposable-vape\/#primaryimage"},"image":{"@id":"https:\/\/vapemaison.com\/product\/jnr-falcon-bar-48000-disposable-vape\/#primaryimage"},"thumbnailUrl":"https:\/\/vapemaison.com\/wp-content\/uploads\/2026\/02\/jnr-falcon-bar-48000-puffs-dispasable-vape-flavor-strawberry-watermelon-ice.webp","datePublished":"2026-02-04T10:10:02+00:00","dateModified":"2026-02-05T08:40:46+00:00","description":"Odkryj JNR Falcon 48000 z 45 ml e-liquidu, podw\u00f3jnymi cewkami siatkowymi, regulowanym przep\u0142ywem powietrza i akumulatorem 1000 mAh zapewniaj\u0105cym d\u0142ugotrwa\u0142y, g\u0142adki smak.","breadcrumb":{"@id":"https:\/\/vapemaison.com\/product\/jnr-falcon-bar-48000-disposable-vape\/#breadcrumb"},"inLanguage":"pl-PL","potentialAction":[{"@type":"ReadAction","target":["https:\/\/vapemaison.com\/product\/jnr-falcon-bar-48000-disposable-vape\/"]}]},{"@type":"ImageObject","inLanguage":"pl-PL","@id":"https:\/\/vapemaison.com\/product\/jnr-falcon-bar-48000-disposable-vape\/#primaryimage","url":"https:\/\/vapemaison.com\/wp-content\/uploads\/2026\/02\/jnr-falcon-bar-48000-puffs-dispasable-vape-flavor-strawberry-watermelon-ice.webp","contentUrl":"https:\/\/vapemaison.com\/wp-content\/uploads\/2026\/02\/jnr-falcon-bar-48000-puffs-dispasable-vape-flavor-strawberry-watermelon-ice.webp","width":1600,"height":1600,"caption":"jnr-falcon-bar-48000-puffs-dispasable-vape-flavor-strawberry-watermelon-ice"},{"@type":"BreadcrumbList","@id":"https:\/\/vapemaison.com\/product\/jnr-falcon-bar-48000-disposable-vape\/#breadcrumb","itemListElement":[{"@type":"ListItem","position":1,"name":"\u9996\u9875","item":"https:\/\/vapemaison.com\/"},{"@type":"ListItem","position":2,"name":"Shop","item":"https:\/\/vapemaison.com\/shop\/"},{"@type":"ListItem","position":3,"name":"JNR Falcon Bar 48000 Disposable Vape"}]},{"@type":"WebSite","@id":"https:\/\/vapemaison.com\/#website","url":"https:\/\/vapemaison.com\/","name":"VapeMaison","description":"Wysokiej jako\u015bci urz\u0105dzenia i akcesoria do waporyzacji","publisher":{"@id":"https:\/\/vapemaison.com\/#organization"},"potentialAction":[{"@type":"SearchAction","target":{"@type":"EntryPoint","urlTemplate":"https:\/\/vapemaison.com\/?s={search_term_string}"},"query-input":{"@type":"PropertyValueSpecification","valueRequired":true,"valueName":"search_term_string"}}],"inLanguage":"pl-PL"},{"@type":"Organization","@id":"https:\/\/vapemaison.com\/#organization","name":"VapeMaison","url":"https:\/\/vapemaison.com\/","logo":{"@type":"ImageObject","inLanguage":"pl-PL","@id":"https:\/\/vapemaison.com\/#\/schema\/logo\/image\/","url":"https:\/\/vapemaison.com\/wp-content\/uploads\/2026\/01\/cropped-vapemaison-logo-g-2026.webp","contentUrl":"https:\/\/vapemaison.com\/wp-content\/uploads\/2026\/01\/cropped-vapemaison-logo-g-2026.webp","width":350,"height":280,"caption":"VapeMaison"},"image":{"@id":"https:\/\/vapemaison.com\/#\/schema\/logo\/image\/"},"sameAs":["https:\/\/www.youtube.com\/@VapeMaison"]}]}},"tiered_pricing_type":"fixed","tiered_pricing_fixed_rules":{"30":"16.42","50":"15.36","100":"14.21","200":"12.42"},"tiered_pricing_product_settings":{"layout":"default","base_unit_name":{"singular":null,"plural":null},"default_variation":null},"tiered_pricing_minimum_quantity":10,"tiered_pricing_roles_data":[],"tiered_pricing_percentage_rules":[],"tiered_pricing_maximum_quantity":null,"tiered_pricing_quantity_step":"10","_links":{"self":[{"href":"https:\/\/vapemaison.com\/pl\/wp-json\/wp\/v2\/product\/26976","targetHints":{"allow":["GET"]}}],"collection":[{"href":"https:\/\/vapemaison.com\/pl\/wp-json\/wp\/v2\/product"}],"about":[{"href":"https:\/\/vapemaison.com\/pl\/wp-json\/wp\/v2\/types\/product"}],"replies":[{"embeddable":true,"href":"https:\/\/vapemaison.com\/pl\/wp-json\/wp\/v2\/comments?post=26976"}],"version-history":[{"count":1,"href":"https:\/\/vapemaison.com\/pl\/wp-json\/wp\/v2\/product\/26976\/revisions"}],"predecessor-version":[{"id":26989,"href":"https:\/\/vapemaison.com\/pl\/wp-json\/wp\/v2\/product\/26976\/revisions\/26989"}],"wp:featuredmedia":[{"embeddable":true,"href":"https:\/\/vapemaison.com\/pl\/wp-json\/wp\/v2\/media\/26986"}],"wp:attachment":[{"href":"https:\/\/vapemaison.com\/pl\/wp-json\/wp\/v2\/media?parent=26976"}],"wp:term":[{"taxonomy":"product_brand","embeddable":true,"href":"https:\/\/vapemaison.com\/pl\/wp-json\/wp\/v2\/product_brand?post=26976"},{"taxonomy":"product_cat","embeddable":true,"href":"https:\/\/vapemaison.com\/pl\/wp-json\/wp\/v2\/product_cat?post=26976"},{"taxonomy":"product_tag","embeddable":true,"href":"https:\/\/vapemaison.com\/pl\/wp-json\/wp\/v2\/product_tag?post=26976"}],"curies":[{"name":"wp","href":"https:\/\/api.w.org\/{rel}","templated":true}]}}