

{"id":27023,"date":"2026-02-06T02:50:29","date_gmt":"2026-02-06T02:50:29","guid":{"rendered":"https:\/\/vapemaison.com\/?post_type=product&#038;p=27023"},"modified":"2026-02-06T03:05:41","modified_gmt":"2026-02-06T03:05:41","slug":"zooy-triple-70000-puffs-3-w-1-regulowany-smak-jednorazowy-vape","status":"publish","type":"product","link":"https:\/\/vapemaison.com\/pl\/product\/zooy-triple-70000-puffs-3-in-1-adjustable-flavor-disposable-vape\/","title":{"rendered":"ZOOY Triple 70000 Puffs | 3 w 1 Jednorazowy Vape o regulowanym smaku"},"content":{"rendered":"<p>The <strong>ZOOY Triple 70000 Puffs<\/strong> to jednorazowy waporyzator o du\u017cej pojemno\u015bci i wielu smakach, zaprojektowany z my\u015bl\u0105 o u\u017cytkownikach, kt\u00f3rzy wymagaj\u0105 <strong>d\u0142u\u017csze u\u017cytkowanie, sta\u0142a wydajno\u015b\u0107 pary i elastyczno\u015b\u0107 smaku<\/strong> w jednym urz\u0105dzeniu.<\/p>\n\n\n\n<p>Ten system 3 w 1 integruje <strong>trzy niezale\u017cne komory na e-ciecz i cewki<\/strong>, umo\u017cliwiaj\u0105c u\u017cytkownikom prze\u0142\u0105czanie si\u0119 mi\u0119dzy smakami lub \u0142\u0105czenie ich w celu uzyskania niestandardowego profilu waporyzacji. Konfiguracja cewki z potr\u00f3jn\u0105 siatk\u0105 zwi\u0119ksza p\u0142ynno\u015b\u0107 pary i wyrazisto\u015b\u0107 smaku przez ca\u0142y cykl \u017cycia urz\u0105dzenia.<\/p>\n\n\n\n<p>Zintegrowany <strong>Inteligentny wy\u015bwietlacz LCD<\/strong> zapewnia monitorowanie w czasie rzeczywistym poziomu na\u0142adowania baterii, liczby zaci\u0105gni\u0119\u0107 i stanu e-liquidu, daj\u0105c u\u017cytkownikom precyzyjn\u0105 kontrol\u0119 nad dzia\u0142aniem urz\u0105dzenia. Z <strong>Szybkie \u0142adowanie typu C<\/strong>, Czas przestoju jest zminimalizowany, co pozwala na d\u0142ugotrwa\u0142e codzienne u\u017cytkowanie.<\/p>\n\n\n\n<p>Zaprojektowane z my\u015bl\u0105 o wygodzie, pojemno\u015bci i stabilno\u015bci dzia\u0142ania, urz\u0105dzenie to jest odpowiednie dla u\u017cytkownik\u00f3w poszukuj\u0105cych <strong>Jednorazowy roztw\u00f3r o du\u017cej pojemno\u015bci, wielokrotnego \u0142adowania i wielu smakach<\/strong>.<\/p>\n\n\n\n<h2 class=\"wp-block-heading\"><strong>Specyfikacja techniczna<\/strong><\/h2>\n\n\n\n<figure class=\"wp-block-table is-style-stripes\"><table class=\"has-fixed-layout\"><thead><tr><th>Pozycja<\/th><th>Specyfikacja<\/th><\/tr><\/thead><tbody><tr><td>Nazwa produktu<\/td><td>ZOOY Triple 70000 Puffs<\/td><\/tr><tr><td>Typ urz\u0105dzenia<\/td><td>Jednorazowe urz\u0105dzenie Vape z akumulatorem 3 w 1<\/td><\/tr><tr><td>Maksymalna liczba zaci\u0105gni\u0119\u0107<\/td><td>Do 70 000 zaci\u0105gni\u0119\u0107<\/td><\/tr><tr><td>System aromat\u00f3w<\/td><td>3 niezale\u017cnie regulowane smaki<\/td><\/tr><tr><td>Pojemno\u015b\u0107 E-Liquid<\/td><td>18 ml \u00d7 3 zbiorniki (\u0142\u0105cznie 54 ml)<\/td><\/tr><tr><td>Si\u0142a nikotyny<\/td><td>Opcje 2% \/ 3% \/ 5%<\/td><\/tr><tr><td>Typ cewki<\/td><td>Cewka z potr\u00f3jn\u0105 siatk\u0105 (0,9\u03a9 \u00d7 3)<\/td><\/tr><tr><td>Pojemno\u015b\u0107 akumulatora<\/td><td>Akumulator 650 mAh<\/td><\/tr><tr><td>Port \u0142adowania<\/td><td>Typ-C<\/td><\/tr><tr><td>Wy\u015bwietlacz<\/td><td>Inteligentny wy\u015bwietlacz LCD<\/td><\/tr><tr><td>Pokazane funkcje<\/td><td>Poziom na\u0142adowania baterii, liczba zaci\u0105gni\u0119\u0107, poziom e-liquidu<\/td><\/tr><tr><td>Opakowanie<\/td><td>10 sztuk \/ opakowanie<\/td><\/tr><tr><td>Dost\u0119pne zestawy smak\u00f3w<\/td><td>10 kombinacji<\/td><\/tr><\/tbody><\/table><\/figure>\n\n\n\n<h2 class=\"wp-block-heading\"><strong>Kombinacje smak\u00f3w<\/strong><\/h2>\n\n\n\n<ol class=\"wp-block-list\">\n<li>Arbuz &amp; Cytryna &amp; Limonka &amp; Wi\u015bniowa Cola<\/li>\n\n\n\n<li>Arbuz truskawkowy i l\u00f3d jagodowy &amp; Love 666<\/li>\n\n\n\n<li>Strawberry Kiwi &amp; Watermelon Ice &amp; Red Bull<\/li>\n\n\n\n<li>Triple Melon &amp; Strawberry Watermelon &amp; Lemon Peach<\/li>\n\n\n\n<li>Mr. Blue &amp; Strawberry Banana &amp; Lemon Lime<\/li>\n\n\n\n<li>Mixed Berry &amp; Strawberry Vanilla Cola &amp; Lemon Cola<\/li>\n\n\n\n<li>Strawberry Ice &amp; Lemon Mint &amp; Passion Fruit Lemon<\/li>\n\n\n\n<li>Blueberry Bubblegum &amp; Love 666 &amp; Strawberry Kiwi<\/li>\n\n\n\n<li>R\u00f3\u017cowa Lemoniada i Truskawka Malina Wi\u015bnia i Jagoda L\u00f3d<\/li>\n\n\n\n<li>Mango Ice &amp; Aloe Grape &amp; Kiwi Passion Fruit<\/li>\n<\/ol>","protected":false},"excerpt":{"rendered":"<p>3 smaki w jednym urz\u0105dzeniu - prze\u0142\u0105czaj lub mieszaj w dowolnym momencie, aby w pe\u0142ni spersonalizowa\u0107 doznania z waporyzacji.<br data-start=\"93\" data-end=\"96\" \/>Ogromna pojemno\u015b\u0107 54 ml, inteligentny wy\u015bwietlacz LCD i zasilanie akumulatorowe zapewniaj\u0105 d\u0142ugotrwa\u0142\u0105 wydajno\u015b\u0107.<\/p>","protected":false},"featured_media":27025,"comment_status":"open","ping_status":"closed","template":"","meta":[],"product_brand":[],"product_cat":[16],"product_tag":[],"class_list":{"0":"post-27023","1":"product","2":"type-product","3":"status-publish","4":"has-post-thumbnail","6":"product_cat-uncategorized","8":"first","9":"instock","10":"sale","11":"shipping-taxable","12":"purchasable","13":"product-type-variable"},"yoast_head":"<!-- This site is optimized with the Yoast SEO plugin v27.4 - https:\/\/yoast.com\/product\/yoast-seo-wordpress\/ -->\n<title>ZOOY Triple 70000 Puffs 3-in-1 Disposable Vape LCD- VapeMaison<\/title>\n<meta name=\"description\" content=\"ZOOY Triple 70000 Puffs disposable vape with 3 adjustable flavors, 54mL e-liquid, triple mesh coils, LCD display, and Type-C rechargeable battery.\" \/>\n<meta name=\"robots\" content=\"index, follow, max-snippet:-1, max-image-preview:large, max-video-preview:-1\" \/>\n<link rel=\"canonical\" href=\"https:\/\/vapemaison.com\/pl\/produkt\/zooy-triple-70000-puffs-3-w-1-regulowany-smak-jednorazowy-vape\/\" \/>\n<meta property=\"og:locale\" content=\"pl_PL\" \/>\n<meta property=\"og:type\" content=\"article\" \/>\n<meta property=\"og:title\" content=\"ZOOY Triple 70000 Puffs 3-in-1 Disposable Vape LCD- VapeMaison\" \/>\n<meta property=\"og:description\" content=\"ZOOY Triple 70000 Puffs disposable vape with 3 adjustable flavors, 54mL e-liquid, triple mesh coils, LCD display, and Type-C rechargeable battery.\" \/>\n<meta property=\"og:url\" content=\"https:\/\/vapemaison.com\/pl\/produkt\/zooy-triple-70000-puffs-3-w-1-regulowany-smak-jednorazowy-vape\/\" \/>\n<meta property=\"og:site_name\" content=\"VapeMaison\" \/>\n<meta property=\"article:modified_time\" content=\"2026-02-06T03:05:41+00:00\" \/>\n<meta property=\"og:image\" content=\"https:\/\/vapemaison.com\/wp-content\/uploads\/2026\/02\/zooy-70000-70k-puffs-3-in-1-flavor-switch-vape.webp\" \/>\n\t<meta property=\"og:image:width\" content=\"2500\" \/>\n\t<meta property=\"og:image:height\" content=\"2500\" \/>\n\t<meta property=\"og:image:type\" content=\"image\/webp\" \/>\n<meta name=\"twitter:card\" content=\"summary_large_image\" \/>\n<meta name=\"twitter:label1\" content=\"Szacowany czas czytania\" \/>\n\t<meta name=\"twitter:data1\" content=\"2 minuty\" \/>\n<!-- \/ Yoast SEO plugin. -->","yoast_head_json":{"title":"ZOOY Triple 70000 Puffs 3 w 1 jednorazowy Vape LCD - VapeMaison","description":"Jednorazowy waporyzator ZOOY Triple 70000 Puffs z 3 regulowanymi smakami, 54 ml e-liquidu, potr\u00f3jnymi cewkami siatkowymi, wy\u015bwietlaczem LCD i akumulatorem typu C.","robots":{"index":"index","follow":"follow","max-snippet":"max-snippet:-1","max-image-preview":"max-image-preview:large","max-video-preview":"max-video-preview:-1"},"canonical":"https:\/\/vapemaison.com\/pl\/produkt\/zooy-triple-70000-puffs-3-w-1-regulowany-smak-jednorazowy-vape\/","og_locale":"pl_PL","og_type":"article","og_title":"ZOOY Triple 70000 Puffs 3-in-1 Disposable Vape LCD- VapeMaison","og_description":"ZOOY Triple 70000 Puffs disposable vape with 3 adjustable flavors, 54mL e-liquid, triple mesh coils, LCD display, and Type-C rechargeable battery.","og_url":"https:\/\/vapemaison.com\/pl\/produkt\/zooy-triple-70000-puffs-3-w-1-regulowany-smak-jednorazowy-vape\/","og_site_name":"VapeMaison","article_modified_time":"2026-02-06T03:05:41+00:00","og_image":[{"width":2500,"height":2500,"url":"https:\/\/vapemaison.com\/wp-content\/uploads\/2026\/02\/zooy-70000-70k-puffs-3-in-1-flavor-switch-vape.webp","type":"image\/webp"}],"twitter_card":"summary_large_image","twitter_misc":{"Szacowany czas czytania":"2 minuty"},"schema":{"@context":"https:\/\/schema.org","@graph":[{"@type":"WebPage","@id":"https:\/\/vapemaison.com\/product\/zooy-triple-70000-puffs-3-in-1-adjustable-flavor-disposable-vape\/","url":"https:\/\/vapemaison.com\/product\/zooy-triple-70000-puffs-3-in-1-adjustable-flavor-disposable-vape\/","name":"ZOOY Triple 70000 Puffs 3 w 1 jednorazowy Vape LCD - VapeMaison","isPartOf":{"@id":"https:\/\/vapemaison.com\/#website"},"primaryImageOfPage":{"@id":"https:\/\/vapemaison.com\/product\/zooy-triple-70000-puffs-3-in-1-adjustable-flavor-disposable-vape\/#primaryimage"},"image":{"@id":"https:\/\/vapemaison.com\/product\/zooy-triple-70000-puffs-3-in-1-adjustable-flavor-disposable-vape\/#primaryimage"},"thumbnailUrl":"https:\/\/vapemaison.com\/wp-content\/uploads\/2026\/02\/zooy-70000-70k-puffs-3-in-1-flavor-switch-vape.webp","datePublished":"2026-02-06T02:50:29+00:00","dateModified":"2026-02-06T03:05:41+00:00","description":"Jednorazowy waporyzator ZOOY Triple 70000 Puffs z 3 regulowanymi smakami, 54 ml e-liquidu, potr\u00f3jnymi cewkami siatkowymi, wy\u015bwietlaczem LCD i akumulatorem typu C.","breadcrumb":{"@id":"https:\/\/vapemaison.com\/product\/zooy-triple-70000-puffs-3-in-1-adjustable-flavor-disposable-vape\/#breadcrumb"},"inLanguage":"pl-PL","potentialAction":[{"@type":"ReadAction","target":["https:\/\/vapemaison.com\/product\/zooy-triple-70000-puffs-3-in-1-adjustable-flavor-disposable-vape\/"]}]},{"@type":"ImageObject","inLanguage":"pl-PL","@id":"https:\/\/vapemaison.com\/product\/zooy-triple-70000-puffs-3-in-1-adjustable-flavor-disposable-vape\/#primaryimage","url":"https:\/\/vapemaison.com\/wp-content\/uploads\/2026\/02\/zooy-70000-70k-puffs-3-in-1-flavor-switch-vape.webp","contentUrl":"https:\/\/vapemaison.com\/wp-content\/uploads\/2026\/02\/zooy-70000-70k-puffs-3-in-1-flavor-switch-vape.webp","width":2500,"height":2500,"caption":"zooy-70000-70k-puffs-3-in-1-flavor-switch-vape"},{"@type":"BreadcrumbList","@id":"https:\/\/vapemaison.com\/product\/zooy-triple-70000-puffs-3-in-1-adjustable-flavor-disposable-vape\/#breadcrumb","itemListElement":[{"@type":"ListItem","position":1,"name":"\u9996\u9875","item":"https:\/\/vapemaison.com\/"},{"@type":"ListItem","position":2,"name":"Shop","item":"https:\/\/vapemaison.com\/shop\/"},{"@type":"ListItem","position":3,"name":"ZOOY Triple 70000 Puffs | 3-in-1 Adjustable Flavor Disposable Vape"}]},{"@type":"WebSite","@id":"https:\/\/vapemaison.com\/#website","url":"https:\/\/vapemaison.com\/","name":"VapeMaison","description":"Wysokiej jako\u015bci urz\u0105dzenia i akcesoria do waporyzacji","publisher":{"@id":"https:\/\/vapemaison.com\/#organization"},"potentialAction":[{"@type":"SearchAction","target":{"@type":"EntryPoint","urlTemplate":"https:\/\/vapemaison.com\/?s={search_term_string}"},"query-input":{"@type":"PropertyValueSpecification","valueRequired":true,"valueName":"search_term_string"}}],"inLanguage":"pl-PL"},{"@type":"Organization","@id":"https:\/\/vapemaison.com\/#organization","name":"VapeMaison","url":"https:\/\/vapemaison.com\/","logo":{"@type":"ImageObject","inLanguage":"pl-PL","@id":"https:\/\/vapemaison.com\/#\/schema\/logo\/image\/","url":"https:\/\/vapemaison.com\/wp-content\/uploads\/2026\/01\/cropped-vapemaison-logo-g-2026.webp","contentUrl":"https:\/\/vapemaison.com\/wp-content\/uploads\/2026\/01\/cropped-vapemaison-logo-g-2026.webp","width":350,"height":280,"caption":"VapeMaison"},"image":{"@id":"https:\/\/vapemaison.com\/#\/schema\/logo\/image\/"},"sameAs":["https:\/\/www.youtube.com\/@VapeMaison"]}]}},"tiered_pricing_type":"fixed","tiered_pricing_fixed_rules":{"30":"10.35","50":"9.98","100":"9.42","200":"8.99"},"tiered_pricing_product_settings":{"layout":"default","base_unit_name":{"singular":null,"plural":null},"default_variation":null},"tiered_pricing_minimum_quantity":10,"tiered_pricing_roles_data":[],"tiered_pricing_percentage_rules":[],"tiered_pricing_maximum_quantity":null,"tiered_pricing_quantity_step":"10","_links":{"self":[{"href":"https:\/\/vapemaison.com\/pl\/wp-json\/wp\/v2\/product\/27023","targetHints":{"allow":["GET"]}}],"collection":[{"href":"https:\/\/vapemaison.com\/pl\/wp-json\/wp\/v2\/product"}],"about":[{"href":"https:\/\/vapemaison.com\/pl\/wp-json\/wp\/v2\/types\/product"}],"replies":[{"embeddable":true,"href":"https:\/\/vapemaison.com\/pl\/wp-json\/wp\/v2\/comments?post=27023"}],"version-history":[{"count":4,"href":"https:\/\/vapemaison.com\/pl\/wp-json\/wp\/v2\/product\/27023\/revisions"}],"predecessor-version":[{"id":27066,"href":"https:\/\/vapemaison.com\/pl\/wp-json\/wp\/v2\/product\/27023\/revisions\/27066"}],"wp:featuredmedia":[{"embeddable":true,"href":"https:\/\/vapemaison.com\/pl\/wp-json\/wp\/v2\/media\/27025"}],"wp:attachment":[{"href":"https:\/\/vapemaison.com\/pl\/wp-json\/wp\/v2\/media?parent=27023"}],"wp:term":[{"taxonomy":"product_brand","embeddable":true,"href":"https:\/\/vapemaison.com\/pl\/wp-json\/wp\/v2\/product_brand?post=27023"},{"taxonomy":"product_cat","embeddable":true,"href":"https:\/\/vapemaison.com\/pl\/wp-json\/wp\/v2\/product_cat?post=27023"},{"taxonomy":"product_tag","embeddable":true,"href":"https:\/\/vapemaison.com\/pl\/wp-json\/wp\/v2\/product_tag?post=27023"}],"curies":[{"name":"wp","href":"https:\/\/api.w.org\/{rel}","templated":true}]}}