

{"id":27267,"date":"2026-02-24T09:51:03","date_gmt":"2026-02-24T09:51:03","guid":{"rendered":"https:\/\/vapemaison.com\/?post_type=product&#038;p=27267"},"modified":"2026-02-24T09:55:09","modified_gmt":"2026-02-24T09:55:09","slug":"bang-king-200k-200000-zaciagniec-8-w-1-jednorazowy-vape-smakowy","status":"publish","type":"product","link":"https:\/\/vapemaison.com\/pl\/product\/bang-king-200k-200000-puffs-8-in-1-flavor-disposable-vape\/","title":{"rendered":"Bang King 200k 200000 Puffs 8 w 1 Smak jednorazowy Vape"},"content":{"rendered":"<figure class=\"wp-block-image size-large has-custom-border is-style-rounded\"><a href=\"https:\/\/vapemaison.com\/wp-content\/uploads\/2026\/02\/bang-king-200000-puffs-vape-8-in-1-flavors-adjustables-display-2-scaled.webp\"><img fetchpriority=\"high\" decoding=\"async\" width=\"1024\" height=\"576\" src=\"https:\/\/vapemaison.com\/wp-content\/uploads\/2026\/02\/bang-king-200000-puffs-vape-8-in-1-flavors-adjustables-display-2-1024x576.webp\" alt=\"bang-king-200000-puffs-vape-8-in-1-flavors-adjustables-display-2\" class=\"wp-image-27281\" style=\"border-top-left-radius:30px;border-top-right-radius:30px;border-bottom-left-radius:30px;border-bottom-right-radius:30px\" srcset=\"https:\/\/vapemaison.com\/wp-content\/uploads\/2026\/02\/bang-king-200000-puffs-vape-8-in-1-flavors-adjustables-display-2-1024x576.webp 1024w, https:\/\/vapemaison.com\/wp-content\/uploads\/2026\/02\/bang-king-200000-puffs-vape-8-in-1-flavors-adjustables-display-2-300x169.webp 300w, https:\/\/vapemaison.com\/wp-content\/uploads\/2026\/02\/bang-king-200000-puffs-vape-8-in-1-flavors-adjustables-display-2-768x432.webp 768w, https:\/\/vapemaison.com\/wp-content\/uploads\/2026\/02\/bang-king-200000-puffs-vape-8-in-1-flavors-adjustables-display-2-1536x864.webp 1536w, https:\/\/vapemaison.com\/wp-content\/uploads\/2026\/02\/bang-king-200000-puffs-vape-8-in-1-flavors-adjustables-display-2-2048x1152.webp 2048w, https:\/\/vapemaison.com\/wp-content\/uploads\/2026\/02\/bang-king-200000-puffs-vape-8-in-1-flavors-adjustables-display-2-18x10.webp 18w, https:\/\/vapemaison.com\/wp-content\/uploads\/2026\/02\/bang-king-200000-puffs-vape-8-in-1-flavors-adjustables-display-2-990x557.webp 990w, https:\/\/vapemaison.com\/wp-content\/uploads\/2026\/02\/bang-king-200000-puffs-vape-8-in-1-flavors-adjustables-display-2-441x248.webp 441w, https:\/\/vapemaison.com\/wp-content\/uploads\/2026\/02\/bang-king-200000-puffs-vape-8-in-1-flavors-adjustables-display-2-800x450.webp 800w, https:\/\/vapemaison.com\/wp-content\/uploads\/2026\/02\/bang-king-200000-puffs-vape-8-in-1-flavors-adjustables-display-2-150x84.webp 150w\" sizes=\"(max-width: 1024px) 100vw, 1024px\" \/><\/a><\/figure>\n\n\n\n<p>The <strong>Bang King 200000<\/strong> to jednorazowy waporyzator o bardzo du\u017cej pojemno\u015bci, przeznaczony dla u\u017cytkownik\u00f3w wymagaj\u0105cych maksymalnej trwa\u0142o\u015bci, zaawansowanej funkcjonalno\u015bci i r\u00f3\u017cnorodno\u015bci smak\u00f3w. Z <strong>do 200 000 zaci\u0105gni\u0119\u0107<\/strong>, Urz\u0105dzenie to znacznie zmniejsza cz\u0119stotliwo\u015b\u0107 wymiany, dzi\u0119ki czemu idealnie nadaje si\u0119 do d\u0142ugotrwa\u0142ego u\u017cytkowania i scenariuszy o wysokim zu\u017cyciu.<\/p>\n\n\n\n<p>Kluczow\u0105 innowacj\u0105 jest <strong>Regulowany system aromatyzacji 8 w 1<\/strong>, umo\u017cliwiaj\u0105c u\u017cytkownikom prze\u0142\u0105czanie si\u0119 mi\u0119dzy wieloma opcjami smakowymi w jednym urz\u0105dzeniu. Wystarczy obr\u00f3ci\u0107 selektor, aby natychmiast zmieni\u0107 smak, zapewniaj\u0105c r\u00f3\u017cnorodno\u015b\u0107 bez konieczno\u015bci noszenia wielu urz\u0105dze\u0144.<\/p>\n\n\n\n<p>Zintegrowany <strong>Technologia podw\u00f3jnej cewki siatkowej<\/strong> zapewnia wydajne ogrzewanie i stabiln\u0105 wydajno\u015b\u0107, dostarczaj\u0105c g\u0142adk\u0105 par\u0119 i sp\u00f3jny smak przez ca\u0142y cykl \u017cycia urz\u0105dzenia.<\/p>\n\n\n\n<p>Dla lepszej kontroli, Bang King 200K posiada <strong>Inteligentny wy\u015bwietlacz LED<\/strong> kt\u00f3ra pokazuje stan baterii i informacje o u\u017cytkowaniu w czasie rzeczywistym. Bateria <strong>Akumulator typu C<\/strong> obs\u0142uguje szybkie \u0142adowanie, minimalizuj\u0105c przestoje i zapewniaj\u0105c niezawodn\u0105 wydajno\u015b\u0107 przy d\u0142u\u017cszym u\u017cytkowaniu.<\/p>\n\n\n\n<p>Zaprojektowany zar\u00f3wno do u\u017cytku osobistego, jak i kana\u0142\u00f3w dystrybucji, Bang King 200000 \u0142\u0105czy w sobie ekstremaln\u0105 pojemno\u015b\u0107, elastyczno\u015b\u0107 wielu smak\u00f3w i zaawansowan\u0105 kontrol\u0119 u\u017cytkownika w jednym urz\u0105dzeniu.<\/p>\n\n\n\n<h2 class=\"wp-block-heading\">Specyfikacje<\/h2>\n\n\n\n<figure class=\"wp-block-table is-style-stripes\"><table class=\"has-fixed-layout\"><thead><tr><th>Parametr<\/th><th>Szczeg\u00f3\u0142y<\/th><\/tr><\/thead><tbody><tr><td>Pojemno\u015b\u0107 dmuchawy<\/td><td>Do 200 000 zaci\u0105gni\u0119\u0107<\/td><\/tr><tr><td>System aromat\u00f3w<\/td><td>Regulowany wyb\u00f3r smaku 8 w 1<\/td><\/tr><tr><td>Typ cewki<\/td><td>Cewka z podw\u00f3jn\u0105 siatk\u0105<\/td><\/tr><tr><td>Bateria<\/td><td>Akumulator<\/td><\/tr><tr><td>\u0141adowanie<\/td><td>Szybkie \u0142adowanie typu C<\/td><\/tr><tr><td>Wy\u015bwietlacz<\/td><td>Inteligentny ekran LED (informacje o baterii i u\u017cytkowaniu)<\/td><\/tr><tr><td>Projekt<\/td><td>Struktura rotacji wielu smak\u00f3w<\/td><\/tr><tr><td>U\u017cycie<\/td><td>Nadaje si\u0119 do u\u017cytku osobistego i dystrybucji hurtowej<\/td><\/tr><\/tbody><\/table><\/figure>\n\n\n\n<figure class=\"wp-block-image aligncenter size-large has-custom-border is-style-rounded\"><a href=\"https:\/\/vapemaison.com\/wp-content\/uploads\/2026\/02\/bang-king-200000-puffs-vape-8-in-1-flavors-adjustables-list-scaled.webp\"><img decoding=\"async\" width=\"638\" height=\"1024\" src=\"https:\/\/vapemaison.com\/wp-content\/uploads\/2026\/02\/bang-king-200000-puffs-vape-8-in-1-flavors-adjustables-list-638x1024.webp\" alt=\"bang-king-200000-puffs-vape-8-in-1-flavors-adjustables-list\" class=\"wp-image-27282\" style=\"border-top-left-radius:30px;border-top-right-radius:30px;border-bottom-left-radius:30px;border-bottom-right-radius:30px\" srcset=\"https:\/\/vapemaison.com\/wp-content\/uploads\/2026\/02\/bang-king-200000-puffs-vape-8-in-1-flavors-adjustables-list-638x1024.webp 638w, https:\/\/vapemaison.com\/wp-content\/uploads\/2026\/02\/bang-king-200000-puffs-vape-8-in-1-flavors-adjustables-list-187x300.webp 187w, https:\/\/vapemaison.com\/wp-content\/uploads\/2026\/02\/bang-king-200000-puffs-vape-8-in-1-flavors-adjustables-list-768x1233.webp 768w, https:\/\/vapemaison.com\/wp-content\/uploads\/2026\/02\/bang-king-200000-puffs-vape-8-in-1-flavors-adjustables-list-957x1536.webp 957w, https:\/\/vapemaison.com\/wp-content\/uploads\/2026\/02\/bang-king-200000-puffs-vape-8-in-1-flavors-adjustables-list-1276x2048.webp 1276w, https:\/\/vapemaison.com\/wp-content\/uploads\/2026\/02\/bang-king-200000-puffs-vape-8-in-1-flavors-adjustables-list-7x12.webp 7w, https:\/\/vapemaison.com\/wp-content\/uploads\/2026\/02\/bang-king-200000-puffs-vape-8-in-1-flavors-adjustables-list-990x1589.webp 990w, https:\/\/vapemaison.com\/wp-content\/uploads\/2026\/02\/bang-king-200000-puffs-vape-8-in-1-flavors-adjustables-list-441x708.webp 441w, https:\/\/vapemaison.com\/wp-content\/uploads\/2026\/02\/bang-king-200000-puffs-vape-8-in-1-flavors-adjustables-list-800x1284.webp 800w, https:\/\/vapemaison.com\/wp-content\/uploads\/2026\/02\/bang-king-200000-puffs-vape-8-in-1-flavors-adjustables-list-150x241.webp 150w, https:\/\/vapemaison.com\/wp-content\/uploads\/2026\/02\/bang-king-200000-puffs-vape-8-in-1-flavors-adjustables-list-scaled.webp 1595w\" sizes=\"(max-width: 638px) 100vw, 638px\" \/><\/a><\/figure>\n\n\n\n<h2 class=\"wp-block-heading\">System aromat\u00f3w 8 w 1<\/h2>\n\n\n\n<p>Urz\u0105dzenie posiada osiem niezale\u017cnych kom\u00f3r smakowych. U\u017cytkownicy mog\u0105 natychmiast prze\u0142\u0105cza\u0107 smaki, obracaj\u0105c selektor, zmniejszaj\u0105c zm\u0119czenie smakiem i zwi\u0119kszaj\u0105c d\u0142ugoterminow\u0105 u\u017cyteczno\u015b\u0107.<\/p>\n\n\n\n<p>Typowe profile smakowe obejmuj\u0105 mieszank\u0119:<\/p>\n\n\n\n<ul class=\"wp-block-list\">\n<li>1.Blue Razz Ice &amp; Peach Ice &amp; Grape Ice &amp; Mango Ice<\/li>\n\n\n\n<li>2.Double Apple &amp; Mango Peach &amp; Strawberry Watermelon &amp; Strawberry Vanilla Coke<\/li>\n\n\n\n<li>3.Watermelon Ice &amp; Lemon 8 Mint &amp; Strawberry Ice &amp; Blue Razz Cherry<\/li>\n\n\n\n<li>4. arbuz guma balonowa i jagody maliny i maliny arbuz i arbuz jagody<\/li>\n\n\n\n<li>5.Peach Mango Watermelon &amp; Red Bull &amp; Strawberry Red Bull &amp; Strawberry Kiwi<\/li>\n\n\n\n<li>6.Black Dragon Ice &amp; Love 66&amp; Mr Blue&amp; Strawberry Lemonade<\/li>\n\n\n\n<li>7.Triple Berry &amp; Tropicalfruit &amp; Strawberry Banana &amp; Pink Lemonade<\/li>\n\n\n\n<li>8.Cool Mint&amp; Peach Berr &amp; Blue Cherry Lemon &amp; Kiwi Watermelon Ice<\/li>\n\n\n\n<li>9.truskawka z mango &amp; truskawka z lodem &amp; banan z lodem &amp; truskawka z liczi<\/li>\n\n\n\n<li>10.Kiwi Passion Fruit Guava &amp; Gummy Bear &amp; Rainbow Candy &amp; Cotton Candy<\/li>\n\n\n\n<li>11.Triple Melon &amp; Blueberry Ice &amp; Cherry Bomb &amp; Pineapple Coconut<\/li>\n\n\n\n<li>12.Fizzy Lemon &amp; Lime &amp; Apple Mojt &amp; Pineapple Ice &amp; Colaice<\/li>\n<\/ul>","protected":false},"excerpt":{"rendered":"<p>Do 200 000 zaci\u0105gni\u0119\u0107 dzi\u0119ki innowacyjnemu systemowi regulacji smaku 8 w 1.<br data-start=\"2574\" data-end=\"2577\" \/>Podw\u00f3jna cewka siatkowa i inteligentny wy\u015bwietlacz LED zapewniaj\u0105 stabiln\u0105 prac\u0119 i pe\u0142n\u0105 kontrol\u0119.<\/p>","protected":false},"featured_media":27268,"comment_status":"open","ping_status":"closed","template":"","meta":[],"product_brand":[57],"product_cat":[16],"product_tag":[],"class_list":{"0":"post-27267","1":"product","2":"type-product","3":"status-publish","4":"has-post-thumbnail","6":"product_brand-bang","7":"product_cat-uncategorized","9":"first","10":"instock","11":"sale","12":"shipping-taxable","13":"purchasable","14":"product-type-variable"},"yoast_head":"<!-- This site is optimized with the Yoast SEO plugin v27.4 - https:\/\/yoast.com\/product\/yoast-seo-wordpress\/ -->\n<title>Bang King 200000 Puffs Disposable Vape | 8-in-1 Flavors<\/title>\n<meta name=\"description\" content=\"Buy Bang King 200000 disposable vape with up to 200K puffs, 8-in-1 adjustable flavors, dual mesh coil, smart LED display, and Type-C charging.\" \/>\n<meta name=\"robots\" content=\"index, follow, max-snippet:-1, max-image-preview:large, max-video-preview:-1\" \/>\n<link rel=\"canonical\" href=\"https:\/\/vapemaison.com\/pl\/produkt\/bang-king-200k-200000-zaciagniec-8-w-1-jednorazowy-vape-smakowy\/\" \/>\n<meta property=\"og:locale\" content=\"pl_PL\" \/>\n<meta property=\"og:type\" content=\"article\" \/>\n<meta property=\"og:title\" content=\"Bang King 200000 Puffs Disposable Vape | 8-in-1 Flavors\" \/>\n<meta property=\"og:description\" content=\"Buy Bang King 200000 disposable vape with up to 200K puffs, 8-in-1 adjustable flavors, dual mesh coil, smart LED display, and Type-C charging.\" \/>\n<meta property=\"og:url\" content=\"https:\/\/vapemaison.com\/pl\/produkt\/bang-king-200k-200000-zaciagniec-8-w-1-jednorazowy-vape-smakowy\/\" \/>\n<meta property=\"og:site_name\" content=\"VapeMaison\" \/>\n<meta property=\"article:modified_time\" content=\"2026-02-24T09:55:09+00:00\" \/>\n<meta property=\"og:image\" content=\"https:\/\/vapemaison.com\/wp-content\/uploads\/2026\/02\/bang-king-200000-puffs-vape-8-in-1-flavors-adjustables-1-scaled.webp\" \/>\n\t<meta property=\"og:image:width\" content=\"2560\" \/>\n\t<meta property=\"og:image:height\" content=\"2560\" \/>\n\t<meta property=\"og:image:type\" content=\"image\/webp\" \/>\n<meta name=\"twitter:card\" content=\"summary_large_image\" \/>\n<meta name=\"twitter:label1\" content=\"Szacowany czas czytania\" \/>\n\t<meta name=\"twitter:data1\" content=\"3 minuty\" \/>\n<!-- \/ Yoast SEO plugin. -->","yoast_head_json":{"title":"Bang King 200000 Puffs Jednorazowe Vape | Smaki 8 w 1","description":"Kup jednorazowy waporyzator Bang King 200000 z maksymalnie 200 tysi\u0105cami zaci\u0105gni\u0119\u0107, regulowanymi smakami 8 w 1, podw\u00f3jn\u0105 cewk\u0105 siatkow\u0105, inteligentnym wy\u015bwietlaczem LED i \u0142adowaniem typu C.","robots":{"index":"index","follow":"follow","max-snippet":"max-snippet:-1","max-image-preview":"max-image-preview:large","max-video-preview":"max-video-preview:-1"},"canonical":"https:\/\/vapemaison.com\/pl\/produkt\/bang-king-200k-200000-zaciagniec-8-w-1-jednorazowy-vape-smakowy\/","og_locale":"pl_PL","og_type":"article","og_title":"Bang King 200000 Puffs Disposable Vape | 8-in-1 Flavors","og_description":"Buy Bang King 200000 disposable vape with up to 200K puffs, 8-in-1 adjustable flavors, dual mesh coil, smart LED display, and Type-C charging.","og_url":"https:\/\/vapemaison.com\/pl\/produkt\/bang-king-200k-200000-zaciagniec-8-w-1-jednorazowy-vape-smakowy\/","og_site_name":"VapeMaison","article_modified_time":"2026-02-24T09:55:09+00:00","og_image":[{"width":2560,"height":2560,"url":"https:\/\/vapemaison.com\/wp-content\/uploads\/2026\/02\/bang-king-200000-puffs-vape-8-in-1-flavors-adjustables-1-scaled.webp","type":"image\/webp"}],"twitter_card":"summary_large_image","twitter_misc":{"Szacowany czas czytania":"3 minuty"},"schema":{"@context":"https:\/\/schema.org","@graph":[{"@type":"WebPage","@id":"https:\/\/vapemaison.com\/product\/bang-king-200k-200000-puffs-8-in-1-flavor-disposable-vape\/","url":"https:\/\/vapemaison.com\/product\/bang-king-200k-200000-puffs-8-in-1-flavor-disposable-vape\/","name":"Bang King 200000 Puffs Jednorazowe Vape | Smaki 8 w 1","isPartOf":{"@id":"https:\/\/vapemaison.com\/#website"},"primaryImageOfPage":{"@id":"https:\/\/vapemaison.com\/product\/bang-king-200k-200000-puffs-8-in-1-flavor-disposable-vape\/#primaryimage"},"image":{"@id":"https:\/\/vapemaison.com\/product\/bang-king-200k-200000-puffs-8-in-1-flavor-disposable-vape\/#primaryimage"},"thumbnailUrl":"https:\/\/vapemaison.com\/wp-content\/uploads\/2026\/02\/bang-king-200000-puffs-vape-8-in-1-flavors-adjustables-1-scaled.webp","datePublished":"2026-02-24T09:51:03+00:00","dateModified":"2026-02-24T09:55:09+00:00","description":"Kup jednorazowy waporyzator Bang King 200000 z maksymalnie 200 tysi\u0105cami zaci\u0105gni\u0119\u0107, regulowanymi smakami 8 w 1, podw\u00f3jn\u0105 cewk\u0105 siatkow\u0105, inteligentnym wy\u015bwietlaczem LED i \u0142adowaniem typu C.","breadcrumb":{"@id":"https:\/\/vapemaison.com\/product\/bang-king-200k-200000-puffs-8-in-1-flavor-disposable-vape\/#breadcrumb"},"inLanguage":"pl-PL","potentialAction":[{"@type":"ReadAction","target":["https:\/\/vapemaison.com\/product\/bang-king-200k-200000-puffs-8-in-1-flavor-disposable-vape\/"]}]},{"@type":"ImageObject","inLanguage":"pl-PL","@id":"https:\/\/vapemaison.com\/product\/bang-king-200k-200000-puffs-8-in-1-flavor-disposable-vape\/#primaryimage","url":"https:\/\/vapemaison.com\/wp-content\/uploads\/2026\/02\/bang-king-200000-puffs-vape-8-in-1-flavors-adjustables-1-scaled.webp","contentUrl":"https:\/\/vapemaison.com\/wp-content\/uploads\/2026\/02\/bang-king-200000-puffs-vape-8-in-1-flavors-adjustables-1-scaled.webp","width":2560,"height":2560,"caption":"bang-king-200000-puffs-vape-8-in-1-flavors-adjustables-1"},{"@type":"BreadcrumbList","@id":"https:\/\/vapemaison.com\/product\/bang-king-200k-200000-puffs-8-in-1-flavor-disposable-vape\/#breadcrumb","itemListElement":[{"@type":"ListItem","position":1,"name":"\u9996\u9875","item":"https:\/\/vapemaison.com\/"},{"@type":"ListItem","position":2,"name":"Shop","item":"https:\/\/vapemaison.com\/shop\/"},{"@type":"ListItem","position":3,"name":"Bang","item":"https:\/\/vapemaison.com\/brand\/bang\/"},{"@type":"ListItem","position":4,"name":"Bang King 200k 200000 Puffs 8 in 1 Flavor Disposable Vape"}]},{"@type":"WebSite","@id":"https:\/\/vapemaison.com\/#website","url":"https:\/\/vapemaison.com\/","name":"VapeMaison","description":"Wysokiej jako\u015bci urz\u0105dzenia i akcesoria do waporyzacji","publisher":{"@id":"https:\/\/vapemaison.com\/#organization"},"potentialAction":[{"@type":"SearchAction","target":{"@type":"EntryPoint","urlTemplate":"https:\/\/vapemaison.com\/?s={search_term_string}"},"query-input":{"@type":"PropertyValueSpecification","valueRequired":true,"valueName":"search_term_string"}}],"inLanguage":"pl-PL"},{"@type":"Organization","@id":"https:\/\/vapemaison.com\/#organization","name":"VapeMaison","url":"https:\/\/vapemaison.com\/","logo":{"@type":"ImageObject","inLanguage":"pl-PL","@id":"https:\/\/vapemaison.com\/#\/schema\/logo\/image\/","url":"https:\/\/vapemaison.com\/wp-content\/uploads\/2026\/01\/cropped-vapemaison-logo-g-2026.webp","contentUrl":"https:\/\/vapemaison.com\/wp-content\/uploads\/2026\/01\/cropped-vapemaison-logo-g-2026.webp","width":350,"height":280,"caption":"VapeMaison"},"image":{"@id":"https:\/\/vapemaison.com\/#\/schema\/logo\/image\/"},"sameAs":["https:\/\/www.youtube.com\/@VapeMaison"]}]}},"tiered_pricing_type":"fixed","tiered_pricing_fixed_rules":{"30":"11.78","50":"11.36","100":"10.99","200":"9.99"},"tiered_pricing_product_settings":{"layout":"default","base_unit_name":{"singular":null,"plural":null},"default_variation":null},"tiered_pricing_minimum_quantity":10,"tiered_pricing_roles_data":[],"tiered_pricing_percentage_rules":[],"tiered_pricing_maximum_quantity":null,"tiered_pricing_quantity_step":"10","_links":{"self":[{"href":"https:\/\/vapemaison.com\/pl\/wp-json\/wp\/v2\/product\/27267","targetHints":{"allow":["GET"]}}],"collection":[{"href":"https:\/\/vapemaison.com\/pl\/wp-json\/wp\/v2\/product"}],"about":[{"href":"https:\/\/vapemaison.com\/pl\/wp-json\/wp\/v2\/types\/product"}],"replies":[{"embeddable":true,"href":"https:\/\/vapemaison.com\/pl\/wp-json\/wp\/v2\/comments?post=27267"}],"version-history":[{"count":5,"href":"https:\/\/vapemaison.com\/pl\/wp-json\/wp\/v2\/product\/27267\/revisions"}],"predecessor-version":[{"id":27336,"href":"https:\/\/vapemaison.com\/pl\/wp-json\/wp\/v2\/product\/27267\/revisions\/27336"}],"wp:featuredmedia":[{"embeddable":true,"href":"https:\/\/vapemaison.com\/pl\/wp-json\/wp\/v2\/media\/27268"}],"wp:attachment":[{"href":"https:\/\/vapemaison.com\/pl\/wp-json\/wp\/v2\/media?parent=27267"}],"wp:term":[{"taxonomy":"product_brand","embeddable":true,"href":"https:\/\/vapemaison.com\/pl\/wp-json\/wp\/v2\/product_brand?post=27267"},{"taxonomy":"product_cat","embeddable":true,"href":"https:\/\/vapemaison.com\/pl\/wp-json\/wp\/v2\/product_cat?post=27267"},{"taxonomy":"product_tag","embeddable":true,"href":"https:\/\/vapemaison.com\/pl\/wp-json\/wp\/v2\/product_tag?post=27267"}],"curies":[{"name":"wp","href":"https:\/\/api.w.org\/{rel}","templated":true}]}}