

{"id":27399,"date":"2026-02-26T08:47:12","date_gmt":"2026-02-26T08:47:12","guid":{"rendered":"https:\/\/vapemaison.com\/?post_type=product&#038;p=27399"},"modified":"2026-03-12T02:18:46","modified_gmt":"2026-03-12T02:18:46","slug":"jednorazowy-vape-waspe-crystal-8in1-180k","status":"publish","type":"product","link":"https:\/\/vapemaison.com\/pl\/product\/waspe-crystal-8in1-180k-disposable-vape\/","title":{"rendered":"Vape jednorazowe Waspe Crystal 8in1 180K"},"content":{"rendered":"<p>Do\u015bwiadcz wyj\u0105tkowej trwa\u0142o\u015bci i wydajno\u015bci dzi\u0119ki <strong>Waspe Crystal 8-in-1 180K Puffs Vape jednorazowego u\u017cytku<\/strong>, Zaprojektowany z my\u015bl\u0105 o u\u017cytkownikach, kt\u00f3rzy oczekuj\u0105 maksymalnej pojemno\u015bci, niezmiennego smaku i d\u0142ugoterminowej niezawodno\u015bci.<\/p>\n\n\n\n<p>Z niesamowitym <strong><strong>180K Puffs<\/strong><\/strong> i masywny <strong>Pojemno\u015b\u0107 e-liquidu 68 ml<\/strong>, To urz\u0105dzenie jest przeznaczone do d\u0142ugotrwa\u0142ego u\u017cytkowania bez konieczno\u015bci cz\u0119stej wymiany. Zaawansowane funkcje systemu <strong>Cztery cewki o oczkach 1,0\u03a9<\/strong>, Zapewnia p\u0142ynny przep\u0142yw powietrza, g\u0119st\u0105 par\u0119 i bogaty smak od pierwszego do ostatniego zaci\u0105gni\u0119cia.<\/p>\n\n\n\n<p>Zaprojektowany dla wygody, Waspe Crystal zawiera <strong>Akumulator o pojemno\u015bci 650 mAh<\/strong> z szybkim <strong>\u0141adowanie typu C<\/strong>, zapewniaj\u0105c nieprzerwan\u0105 wydajno\u015b\u0107. Wbudowany <strong>Wy\u015bwietlacz LED<\/strong> pozwala \u0142atwo monitorowa\u0107 poziom na\u0142adowania baterii i stan e-liquidu. Pomimo du\u017cej pojemno\u015bci wewn\u0119trznej, urz\u0105dzenie utrzymuje <strong>Kompaktowa i przeno\u015bna konstrukcja<\/strong>, dzi\u0119ki czemu idealnie nadaje si\u0119 do codziennego noszenia.<\/p>\n\n\n\n<h2 class=\"wp-block-heading\">Specyfikacja produktu<\/h2>\n\n\n\n<figure class=\"wp-block-table\"><table class=\"has-fixed-layout\"><thead><tr><th>Parametr<\/th><th>Szczeg\u00f3\u0142y<\/th><\/tr><\/thead><tbody><tr><td>Pojemno\u015b\u0107 dmuchawy<\/td><td><strong>180K Puffs<\/strong><\/td><\/tr><tr><td>Pojemno\u015b\u0107 e-liquidu<\/td><td>68 ml<\/td><\/tr><tr><td>Si\u0142a nikotyny<\/td><td>0% \/ 2% \/ 5%<\/td><\/tr><tr><td>Typ cewki<\/td><td>Cewka siatkowa 1,0\u03a9 \u00d7 4<\/td><\/tr><tr><td>Bateria<\/td><td>Akumulator 650 mAh<\/td><\/tr><tr><td>Port \u0142adowania<\/td><td>Typ-C<\/td><\/tr><tr><td>Wy\u015bwietlacz<\/td><td>Ekran LED (wska\u017anik na\u0142adowania baterii i poziomu e-cieczy)<\/td><\/tr><tr><td>Waga produktu<\/td><td>150g<\/td><\/tr><tr><td>Rozmiar urz\u0105dzenia<\/td><td>53 \u00d7 46 \u00d7 138 mm<\/td><\/tr><\/tbody><\/table><\/figure>\n\n\n\n<h2 class=\"wp-block-heading\">Dost\u0119pne smaki<\/h2>\n\n\n\n<p>Watermelon Ice, Lemon Lime, Sour Mango Ice, Kiwi Melon Ice<br>Blueberry Ice, Cherry Cola, Strawberry Vanilla, Lemon Cherry<br>Red Bull Ice, Strawberry Ice, Sour Fcuking Fab, Cola Ice<br>Grape Ice, Strawberry Kiwi, Watermelon Ice, Blue Rancher<br>Melon Passion Fruit, kwa\u015bne mango z ananasem, bananowe cukierki toffi, truskawka z jagodami<br>Truskawkowy arbuz, ch\u0142odna mi\u0119ta, l\u00f3d Blue Razz, l\u00f3d z czarnej porzeczki<br>Blackberry Ice, Double Apple, Black Dragon Ice, Strawberry Kiwi<br>Red Bull truskawkowy, Cherry Cola, Cherry Lemon, owoce tropikalne<br>Mieszane jagody, cytryna z limonk\u0105, jagoda z malin\u0105, zielone jab\u0142ko<br>Truskawka Malina Wi\u015bnia, Truskawka Arbuz, Kiwi Arbuz, Cytryna Limonka<br>Banan truskawkowy, brzoskwinia z mango, potr\u00f3jne jagody, ananas truskawkowy<br>Lemoniada Blue Razz, cytryna wi\u015bniowa, l\u00f3d jagodowy, brzoskwinia arbuzowa<\/p>","protected":false},"excerpt":{"rendered":"<p>Bardzo wysoka wydajno\u015b\u0107 do 180 000 zaci\u0105gni\u0119\u0107 zapewnia d\u0142ugotrwa\u0142e u\u017cytkowanie.<br data-start=\"2290\" data-end=\"2293\" \/>Akumulatorowa konstrukcja z wy\u015bwietlaczem LED zapewnia wygod\u0119 codziennego wapowania.<\/p>","protected":false},"featured_media":27404,"comment_status":"open","ping_status":"closed","template":"","meta":[],"product_brand":[59],"product_cat":[16],"product_tag":[],"class_list":{"0":"post-27399","1":"product","2":"type-product","3":"status-publish","4":"has-post-thumbnail","6":"product_brand-waspe","7":"product_cat-uncategorized","9":"first","10":"instock","11":"sale","12":"shipping-taxable","13":"purchasable","14":"product-type-variable"},"yoast_head":"<!-- This site is optimized with the Yoast SEO plugin v27.4 - https:\/\/yoast.com\/product\/yoast-seo-wordpress\/ -->\n<title>Waspe Crystal 8in1 180K Disposable Vape \u2013 180k Puffs<\/title>\n<meta name=\"description\" content=\"Shop Waspe Crystal 8in1 180K Disposable Vape with up to 180,000 puffs, 68ml e-liquid, 650mAh rechargeable battery, and LED display.\" \/>\n<meta name=\"robots\" content=\"index, follow, max-snippet:-1, max-image-preview:large, max-video-preview:-1\" \/>\n<link rel=\"canonical\" href=\"https:\/\/vapemaison.com\/pl\/produkt\/jednorazowy-vape-waspe-crystal-8in1-180k\/\" \/>\n<meta property=\"og:locale\" content=\"pl_PL\" \/>\n<meta property=\"og:type\" content=\"article\" \/>\n<meta property=\"og:title\" content=\"Waspe Crystal 8in1 180K Disposable Vape \u2013 180k Puffs\" \/>\n<meta property=\"og:description\" content=\"Shop Waspe Crystal 8in1 180K Disposable Vape with up to 180,000 puffs, 68ml e-liquid, 650mAh rechargeable battery, and LED display.\" \/>\n<meta property=\"og:url\" content=\"https:\/\/vapemaison.com\/pl\/produkt\/jednorazowy-vape-waspe-crystal-8in1-180k\/\" \/>\n<meta property=\"og:site_name\" content=\"VapeMaison\" \/>\n<meta property=\"article:modified_time\" content=\"2026-03-12T02:18:46+00:00\" \/>\n<meta property=\"og:image\" content=\"https:\/\/vapemaison.com\/wp-content\/uploads\/2026\/02\/waspe-crystal-8in1-180k-puffs-disposable-vape-6.webp\" \/>\n\t<meta property=\"og:image:width\" content=\"800\" \/>\n\t<meta property=\"og:image:height\" content=\"800\" \/>\n\t<meta property=\"og:image:type\" content=\"image\/webp\" \/>\n<meta name=\"twitter:card\" content=\"summary_large_image\" \/>\n<meta name=\"twitter:label1\" content=\"Szacowany czas czytania\" \/>\n\t<meta name=\"twitter:data1\" content=\"2 minuty\" \/>\n<!-- \/ Yoast SEO plugin. -->","yoast_head_json":{"title":"Vape jednorazowe Waspe Crystal 8in1 180K - 180 tysi\u0119cy zaci\u0105gni\u0119\u0107","description":"Jednorazowy waporyzator Waspe Crystal 8in1 180K oferuje do 180 000 zaci\u0105gni\u0119\u0107, 68 ml e-liquidu, akumulator 650 mAh i wy\u015bwietlacz LED.","robots":{"index":"index","follow":"follow","max-snippet":"max-snippet:-1","max-image-preview":"max-image-preview:large","max-video-preview":"max-video-preview:-1"},"canonical":"https:\/\/vapemaison.com\/pl\/produkt\/jednorazowy-vape-waspe-crystal-8in1-180k\/","og_locale":"pl_PL","og_type":"article","og_title":"Waspe Crystal 8in1 180K Disposable Vape \u2013 180k Puffs","og_description":"Shop Waspe Crystal 8in1 180K Disposable Vape with up to 180,000 puffs, 68ml e-liquid, 650mAh rechargeable battery, and LED display.","og_url":"https:\/\/vapemaison.com\/pl\/produkt\/jednorazowy-vape-waspe-crystal-8in1-180k\/","og_site_name":"VapeMaison","article_modified_time":"2026-03-12T02:18:46+00:00","og_image":[{"width":800,"height":800,"url":"https:\/\/vapemaison.com\/wp-content\/uploads\/2026\/02\/waspe-crystal-8in1-180k-puffs-disposable-vape-6.webp","type":"image\/webp"}],"twitter_card":"summary_large_image","twitter_misc":{"Szacowany czas czytania":"2 minuty"},"schema":{"@context":"https:\/\/schema.org","@graph":[{"@type":"WebPage","@id":"https:\/\/vapemaison.com\/product\/waspe-crystal-8in1-180k-disposable-vape\/","url":"https:\/\/vapemaison.com\/product\/waspe-crystal-8in1-180k-disposable-vape\/","name":"Vape jednorazowe Waspe Crystal 8in1 180K - 180 tysi\u0119cy zaci\u0105gni\u0119\u0107","isPartOf":{"@id":"https:\/\/vapemaison.com\/#website"},"primaryImageOfPage":{"@id":"https:\/\/vapemaison.com\/product\/waspe-crystal-8in1-180k-disposable-vape\/#primaryimage"},"image":{"@id":"https:\/\/vapemaison.com\/product\/waspe-crystal-8in1-180k-disposable-vape\/#primaryimage"},"thumbnailUrl":"https:\/\/vapemaison.com\/wp-content\/uploads\/2026\/02\/waspe-crystal-8in1-180k-puffs-disposable-vape-6.webp","datePublished":"2026-02-26T08:47:12+00:00","dateModified":"2026-03-12T02:18:46+00:00","description":"Jednorazowy waporyzator Waspe Crystal 8in1 180K oferuje do 180 000 zaci\u0105gni\u0119\u0107, 68 ml e-liquidu, akumulator 650 mAh i wy\u015bwietlacz LED.","breadcrumb":{"@id":"https:\/\/vapemaison.com\/product\/waspe-crystal-8in1-180k-disposable-vape\/#breadcrumb"},"inLanguage":"pl-PL","potentialAction":[{"@type":"ReadAction","target":["https:\/\/vapemaison.com\/product\/waspe-crystal-8in1-180k-disposable-vape\/"]}]},{"@type":"ImageObject","inLanguage":"pl-PL","@id":"https:\/\/vapemaison.com\/product\/waspe-crystal-8in1-180k-disposable-vape\/#primaryimage","url":"https:\/\/vapemaison.com\/wp-content\/uploads\/2026\/02\/waspe-crystal-8in1-180k-puffs-disposable-vape-6.webp","contentUrl":"https:\/\/vapemaison.com\/wp-content\/uploads\/2026\/02\/waspe-crystal-8in1-180k-puffs-disposable-vape-6.webp","width":800,"height":800,"caption":"waspe-crystal-8in1-180k-puffs-disposable-vape-6"},{"@type":"BreadcrumbList","@id":"https:\/\/vapemaison.com\/product\/waspe-crystal-8in1-180k-disposable-vape\/#breadcrumb","itemListElement":[{"@type":"ListItem","position":1,"name":"\u9996\u9875","item":"https:\/\/vapemaison.com\/"},{"@type":"ListItem","position":2,"name":"Shop","item":"https:\/\/vapemaison.com\/shop\/"},{"@type":"ListItem","position":3,"name":"Waspe","item":"https:\/\/vapemaison.com\/brand\/waspe\/"},{"@type":"ListItem","position":4,"name":"Waspe Crystal 8in1 180K Disposable Vape"}]},{"@type":"WebSite","@id":"https:\/\/vapemaison.com\/#website","url":"https:\/\/vapemaison.com\/","name":"VapeMaison","description":"Wysokiej jako\u015bci urz\u0105dzenia i akcesoria do waporyzacji","publisher":{"@id":"https:\/\/vapemaison.com\/#organization"},"potentialAction":[{"@type":"SearchAction","target":{"@type":"EntryPoint","urlTemplate":"https:\/\/vapemaison.com\/?s={search_term_string}"},"query-input":{"@type":"PropertyValueSpecification","valueRequired":true,"valueName":"search_term_string"}}],"inLanguage":"pl-PL"},{"@type":"Organization","@id":"https:\/\/vapemaison.com\/#organization","name":"VapeMaison","url":"https:\/\/vapemaison.com\/","logo":{"@type":"ImageObject","inLanguage":"pl-PL","@id":"https:\/\/vapemaison.com\/#\/schema\/logo\/image\/","url":"https:\/\/vapemaison.com\/wp-content\/uploads\/2026\/01\/cropped-vapemaison-logo-g-2026.webp","contentUrl":"https:\/\/vapemaison.com\/wp-content\/uploads\/2026\/01\/cropped-vapemaison-logo-g-2026.webp","width":350,"height":280,"caption":"VapeMaison"},"image":{"@id":"https:\/\/vapemaison.com\/#\/schema\/logo\/image\/"},"sameAs":["https:\/\/www.youtube.com\/@VapeMaison"]}]}},"tiered_pricing_type":"fixed","tiered_pricing_fixed_rules":{"30":"10.99","50":"9.78","100":"8.99","200":"8.36"},"tiered_pricing_product_settings":{"layout":"default","base_unit_name":{"singular":null,"plural":null},"default_variation":null},"tiered_pricing_minimum_quantity":10,"tiered_pricing_roles_data":[],"tiered_pricing_percentage_rules":[],"tiered_pricing_maximum_quantity":null,"tiered_pricing_quantity_step":"10","_links":{"self":[{"href":"https:\/\/vapemaison.com\/pl\/wp-json\/wp\/v2\/product\/27399","targetHints":{"allow":["GET"]}}],"collection":[{"href":"https:\/\/vapemaison.com\/pl\/wp-json\/wp\/v2\/product"}],"about":[{"href":"https:\/\/vapemaison.com\/pl\/wp-json\/wp\/v2\/types\/product"}],"replies":[{"embeddable":true,"href":"https:\/\/vapemaison.com\/pl\/wp-json\/wp\/v2\/comments?post=27399"}],"version-history":[{"count":5,"href":"https:\/\/vapemaison.com\/pl\/wp-json\/wp\/v2\/product\/27399\/revisions"}],"predecessor-version":[{"id":27866,"href":"https:\/\/vapemaison.com\/pl\/wp-json\/wp\/v2\/product\/27399\/revisions\/27866"}],"wp:featuredmedia":[{"embeddable":true,"href":"https:\/\/vapemaison.com\/pl\/wp-json\/wp\/v2\/media\/27404"}],"wp:attachment":[{"href":"https:\/\/vapemaison.com\/pl\/wp-json\/wp\/v2\/media?parent=27399"}],"wp:term":[{"taxonomy":"product_brand","embeddable":true,"href":"https:\/\/vapemaison.com\/pl\/wp-json\/wp\/v2\/product_brand?post=27399"},{"taxonomy":"product_cat","embeddable":true,"href":"https:\/\/vapemaison.com\/pl\/wp-json\/wp\/v2\/product_cat?post=27399"},{"taxonomy":"product_tag","embeddable":true,"href":"https:\/\/vapemaison.com\/pl\/wp-json\/wp\/v2\/product_tag?post=27399"}],"curies":[{"name":"wp","href":"https:\/\/api.w.org\/{rel}","templated":true}]}}