

{"id":27451,"date":"2026-02-26T09:56:19","date_gmt":"2026-02-26T09:56:19","guid":{"rendered":"https:\/\/vapemaison.com\/?post_type=product&#038;p=27451"},"modified":"2026-04-11T06:06:04","modified_gmt":"2026-04-11T06:06:04","slug":"airmez-xbeats-pro-50000-smart-vape-ze-sluchawkami-bluetooth","status":"publish","type":"product","link":"https:\/\/vapemaison.com\/pl\/product\/airmez-xbeats-pro-50000-smart-vape-with-bluetooth-earbuds\/","title":{"rendered":"Airmez Xbeats Pro 50000 Smart Vape ze s\u0142uchawkami dousznymi Bluetooth"},"content":{"rendered":"<p>Ciesz si\u0119 zupe\u0142nie nowymi wra\u017ceniami z waporyzacji dzi\u0119ki <strong>Airmez Xbeats Pro 50000 Vape jednorazowego u\u017cytku<\/strong>, Pierwsze na \u015bwiecie innowacyjne urz\u0105dzenie, kt\u00f3re \u0142\u0105czy waporyzacj\u0119 o du\u017cej pojemno\u015bci z wbudowanymi s\u0142uchawkami TWS Bluetooth.<\/p>\n\n\n\n<p>Zaprojektowane z my\u015bl\u0105 zar\u00f3wno o rozrywce, jak i wydajno\u015bci, to inteligentne urz\u0105dzenie zapewnia do <strong>50 000 zaci\u0105gni\u0119\u0107<\/strong> podczas gdy zawiera <strong>Bezprzewodowe s\u0142uchawki douszne Hi-Fi z Bluetooth 5.0<\/strong>. Wydajny wewn\u0119trzny akumulator obs\u0142uguje zar\u00f3wno waporyzacj\u0119, jak i \u0142adowanie wk\u0142adek dousznych, pozwalaj\u0105c cieszy\u0107 si\u0119 bogat\u0105 par\u0105 i ulubion\u0105 muzyk\u0105 w dowolnym miejscu i czasie.<\/p>\n\n\n\n<p>Wyposa\u017cony w <strong>Technologia podw\u00f3jnej cewki siatkowej 2. generacji<\/strong>, Airmez Xbeats Pro zapewnia p\u0142ynny przep\u0142yw powietrza, ulepszony smak i sta\u0142\u0105 produkcj\u0119 pary. Wygodny <strong>boczny wy\u015bwietlacz cyfrowy<\/strong> pokazuje poziom baterii i e-cieczy w czasie rzeczywistym, podczas gdy <strong>System aktywowany losowaniem<\/strong> zapewnia \u0142atw\u0105 obs\u0142ug\u0119 bez u\u017cycia przycisk\u00f3w.<\/p>\n\n\n\n<p>To wielofunkcyjne urz\u0105dzenie jest idealne dla u\u017cytkownik\u00f3w poszukuj\u0105cych d\u0142ugotrwa\u0142ej wydajno\u015bci, nowoczesnej funkcjonalno\u015bci i wyj\u0105tkowego stylu \u017cycia.<\/p>\n\n\n\n<h2 class=\"wp-block-heading\">Specyfikacja produktu<\/h2>\n\n\n\n<figure class=\"wp-block-table is-style-stripes\"><table class=\"has-fixed-layout\"><thead><tr><th>Parametr<\/th><th>Szczeg\u00f3\u0142y<\/th><\/tr><\/thead><tbody><tr><td>Pojemno\u015b\u0107 dmuchawy<\/td><td>Do 50 000 zaci\u0105gni\u0119\u0107<\/td><\/tr><tr><td>Si\u0142a nikotyny<\/td><td>5% (50 mg)<\/td><\/tr><tr><td>Typ cewki<\/td><td>Podw\u00f3jna cewka siatkowa 2. generacji<\/td><\/tr><tr><td>Bateria<\/td><td>Mo\u017cliwo\u015b\u0107 \u0142adowania (obs\u0142uguje \u0142adowanie wk\u0142adek dousznych)<\/td><\/tr><tr><td>Port \u0142adowania<\/td><td>USB typu C<\/td><\/tr><tr><td>S\u0142uchawki<\/td><td>Wbudowane s\u0142uchawki douszne Hi-Fi TWS<\/td><\/tr><tr><td>Wersja Bluetooth<\/td><td>Bluetooth 5.0<\/td><\/tr><tr><td>Wy\u015bwietlacz<\/td><td>Boczny ekran cyfrowy (bateria i e-ciecz)<\/td><\/tr><tr><td>Aktywacja<\/td><td>Aktywowany rysowaniem<\/td><\/tr><tr><td>Styl wapowania<\/td><td>MTL (Mouth-to-Lung)<\/td><\/tr><\/tbody><\/table><\/figure>\n\n\n\n<h2 class=\"wp-block-heading\">Dost\u0119pne smaki<\/h2>\n\n\n\n<p>Arbuz jagodowy<br>Soczysta brzoskwinia<br>L\u00f3d winogronowy<br>Strawberry B-pop<br>Sour Fucking Fab<br>Blue Razz Ice<br>Ice Mint<br>Pink Cream Spirit<\/p>\n\n\n\n<p>Je\u015bli szukasz wi\u0119cej opcji poza <strong><strong>Airmez Xbeats Pro 50000<\/strong><\/strong>, ale jest jeszcze wiele do odkrycia. Mo\u017cesz przegl\u0105da\u0107 nasze pe\u0142ne <strong><a href=\"https:\/\/vapemaison.com\/shop\/\" type=\"link\" id=\"https:\/\/vapemaison.com\/shop\/\">Kolekcja sklepu<\/a><\/strong> aby znale\u017a\u0107 szerok\u0105 gam\u0119 wysokowydajnych waporyzator\u00f3w jednorazowych o r\u00f3\u017cnych liczbach zaci\u0105gni\u0119\u0107, funkcjach i profilach smakowych dostosowanych do Twoich preferencji.<\/p>\n\n\n\n<p>Je\u015bli podoba Ci si\u0119 design i innowacyjno\u015b\u0107 tego urz\u0105dzenia, zalecamy r\u00f3wnie\u017c sprawdzenie innych produkt\u00f3w z oferty <strong><a href=\"https:\/\/vapemaison.com\/brand\/airmez\/\" type=\"link\" id=\"https:\/\/vapemaison.com\/brand\/airmez\/\">Sk\u0142ad Airmez<\/a><\/strong>, gdzie znajdziesz podobnie zaawansowane modele z unikalnymi funkcjami i najwy\u017csz\u0105 jako\u015bci\u0105 wykonania.<\/p>\n\n\n\n<p>Dla tych, kt\u00f3rzy s\u0105 szczeg\u00f3lnie zainteresowani trwa\u0142ymi urz\u0105dzeniami, nie przegap naszej oferty <strong><a href=\"https:\/\/vapemaison.com\/product-category\/puffs-count\/50k-puffs\/\" type=\"link\" id=\"https:\/\/vapemaison.com\/product-category\/puffs-count\/50k-puffs\/\">50K puff\u00f3w<\/a><\/strong> waporyzatory jednorazowe. Opcje te oferuj\u0105 d\u0142u\u017csze u\u017cytkowanie, bogaty smak i doskona\u0142\u0105 warto\u015b\u0107 dla u\u017cytkownik\u00f3w, kt\u00f3rzy chc\u0105 rzadziej wymienia\u0107 tyto\u0144 bez uszczerbku dla wydajno\u015bci.<\/p>\n\n\n\n<p>Dowiedz si\u0119 wi\u0119cej i znajd\u017a idealny vape, kt\u00f3ry pasuje do Twojego stylu i potrzeb.<\/p>\n\n\n\n<p><\/p>","protected":false},"excerpt":{"rendered":"<p data-start=\"1799\" data-end=\"1972\">Innowacyjna konstrukcja 2 w 1 z wbudowanymi wk\u0142adkami dousznymi Bluetooth i do 50 000 zaci\u0105gni\u0119\u0107.<br data-start=\"1879\" data-end=\"1882\" \/>Inteligentny waporyzator z cyfrowym wy\u015bwietlaczem zapewnia d\u0142ugotrwa\u0142\u0105 wydajno\u015b\u0107 i wygod\u0119.<\/p>","protected":false},"featured_media":27459,"comment_status":"open","ping_status":"closed","template":"","meta":[],"product_brand":[314],"product_cat":[136],"product_tag":[],"class_list":{"0":"post-27451","1":"product","2":"type-product","3":"status-publish","4":"has-post-thumbnail","6":"product_brand-airmez","7":"product_cat-50k-puffs","9":"first","10":"instock","11":"sale","12":"shipping-taxable","13":"purchasable","14":"product-type-variable"},"yoast_head":"<!-- This site is optimized with the Yoast SEO plugin v27.4 - https:\/\/yoast.com\/product\/yoast-seo-wordpress\/ -->\n<title>Airmez Xbeats Pro 50000 Smart Vape with Bluetooth Earbuds<\/title>\n<meta name=\"description\" content=\"Discover Airmez Xbeats Pro 50000 disposable vape with built-in Bluetooth 5.0 TWS earbuds, up to 50,000 puffs, dual mesh coils, rechargeable battery.\" \/>\n<meta name=\"robots\" content=\"index, follow, max-snippet:-1, max-image-preview:large, max-video-preview:-1\" \/>\n<link rel=\"canonical\" href=\"https:\/\/vapemaison.com\/pl\/produkt\/airmez-xbeats-pro-50000-smart-vape-ze-sluchawkami-bluetooth\/\" \/>\n<meta property=\"og:locale\" content=\"pl_PL\" \/>\n<meta property=\"og:type\" content=\"article\" \/>\n<meta property=\"og:title\" content=\"Airmez Xbeats Pro 50000 Smart Vape with Bluetooth Earbuds\" \/>\n<meta property=\"og:description\" content=\"Discover Airmez Xbeats Pro 50000 disposable vape with built-in Bluetooth 5.0 TWS earbuds, up to 50,000 puffs, dual mesh coils, rechargeable battery.\" \/>\n<meta property=\"og:url\" content=\"https:\/\/vapemaison.com\/pl\/produkt\/airmez-xbeats-pro-50000-smart-vape-ze-sluchawkami-bluetooth\/\" \/>\n<meta property=\"og:site_name\" content=\"VapeMaison\" \/>\n<meta property=\"article:modified_time\" content=\"2026-04-11T06:06:04+00:00\" \/>\n<meta property=\"og:image\" content=\"https:\/\/vapemaison.com\/wp-content\/uploads\/2026\/02\/airmez-xbeats-pro-50000-puffs-x-beats-disposable-vape-strawberry-b-pop.webp\" \/>\n\t<meta property=\"og:image:width\" content=\"1280\" \/>\n\t<meta property=\"og:image:height\" content=\"1280\" \/>\n\t<meta property=\"og:image:type\" content=\"image\/webp\" \/>\n<meta name=\"twitter:card\" content=\"summary_large_image\" \/>\n<meta name=\"twitter:label1\" content=\"Szacowany czas czytania\" \/>\n\t<meta name=\"twitter:data1\" content=\"2 minuty\" \/>\n<!-- \/ Yoast SEO plugin. -->","yoast_head_json":{"title":"Airmez Xbeats Pro 50000 Smart Vape ze s\u0142uchawkami dousznymi Bluetooth","description":"Odkryj jednorazowe vape Airmez Xbeats Pro 50000 z wbudowanymi wk\u0142adkami dousznymi Bluetooth 5.0 TWS, do 50 000 zaci\u0105gni\u0119\u0107, podw\u00f3jnymi cewkami siatkowymi i akumulatorem.","robots":{"index":"index","follow":"follow","max-snippet":"max-snippet:-1","max-image-preview":"max-image-preview:large","max-video-preview":"max-video-preview:-1"},"canonical":"https:\/\/vapemaison.com\/pl\/produkt\/airmez-xbeats-pro-50000-smart-vape-ze-sluchawkami-bluetooth\/","og_locale":"pl_PL","og_type":"article","og_title":"Airmez Xbeats Pro 50000 Smart Vape with Bluetooth Earbuds","og_description":"Discover Airmez Xbeats Pro 50000 disposable vape with built-in Bluetooth 5.0 TWS earbuds, up to 50,000 puffs, dual mesh coils, rechargeable battery.","og_url":"https:\/\/vapemaison.com\/pl\/produkt\/airmez-xbeats-pro-50000-smart-vape-ze-sluchawkami-bluetooth\/","og_site_name":"VapeMaison","article_modified_time":"2026-04-11T06:06:04+00:00","og_image":[{"width":1280,"height":1280,"url":"https:\/\/vapemaison.com\/wp-content\/uploads\/2026\/02\/airmez-xbeats-pro-50000-puffs-x-beats-disposable-vape-strawberry-b-pop.webp","type":"image\/webp"}],"twitter_card":"summary_large_image","twitter_misc":{"Szacowany czas czytania":"2 minuty"},"schema":{"@context":"https:\/\/schema.org","@graph":[{"@type":"WebPage","@id":"https:\/\/vapemaison.com\/product\/airmez-xbeats-pro-50000-smart-vape-with-bluetooth-earbuds\/","url":"https:\/\/vapemaison.com\/product\/airmez-xbeats-pro-50000-smart-vape-with-bluetooth-earbuds\/","name":"Airmez Xbeats Pro 50000 Smart Vape ze s\u0142uchawkami dousznymi Bluetooth","isPartOf":{"@id":"https:\/\/vapemaison.com\/#website"},"primaryImageOfPage":{"@id":"https:\/\/vapemaison.com\/product\/airmez-xbeats-pro-50000-smart-vape-with-bluetooth-earbuds\/#primaryimage"},"image":{"@id":"https:\/\/vapemaison.com\/product\/airmez-xbeats-pro-50000-smart-vape-with-bluetooth-earbuds\/#primaryimage"},"thumbnailUrl":"https:\/\/vapemaison.com\/wp-content\/uploads\/2026\/02\/airmez-xbeats-pro-50000-puffs-x-beats-disposable-vape-strawberry-b-pop.webp","datePublished":"2026-02-26T09:56:19+00:00","dateModified":"2026-04-11T06:06:04+00:00","description":"Odkryj jednorazowe vape Airmez Xbeats Pro 50000 z wbudowanymi wk\u0142adkami dousznymi Bluetooth 5.0 TWS, do 50 000 zaci\u0105gni\u0119\u0107, podw\u00f3jnymi cewkami siatkowymi i akumulatorem.","breadcrumb":{"@id":"https:\/\/vapemaison.com\/product\/airmez-xbeats-pro-50000-smart-vape-with-bluetooth-earbuds\/#breadcrumb"},"inLanguage":"pl-PL","potentialAction":[{"@type":"ReadAction","target":["https:\/\/vapemaison.com\/product\/airmez-xbeats-pro-50000-smart-vape-with-bluetooth-earbuds\/"]}]},{"@type":"ImageObject","inLanguage":"pl-PL","@id":"https:\/\/vapemaison.com\/product\/airmez-xbeats-pro-50000-smart-vape-with-bluetooth-earbuds\/#primaryimage","url":"https:\/\/vapemaison.com\/wp-content\/uploads\/2026\/02\/airmez-xbeats-pro-50000-puffs-x-beats-disposable-vape-strawberry-b-pop.webp","contentUrl":"https:\/\/vapemaison.com\/wp-content\/uploads\/2026\/02\/airmez-xbeats-pro-50000-puffs-x-beats-disposable-vape-strawberry-b-pop.webp","width":1280,"height":1280,"caption":"airmez-xbeats-pro-50000-puffs-x-beats-disposable-vape-strawberry-b-pop"},{"@type":"BreadcrumbList","@id":"https:\/\/vapemaison.com\/product\/airmez-xbeats-pro-50000-smart-vape-with-bluetooth-earbuds\/#breadcrumb","itemListElement":[{"@type":"ListItem","position":1,"name":"\u9996\u9875","item":"https:\/\/vapemaison.com\/"},{"@type":"ListItem","position":2,"name":"Shop","item":"https:\/\/vapemaison.com\/shop\/"},{"@type":"ListItem","position":3,"name":"Airmez","item":"https:\/\/vapemaison.com\/brand\/airmez\/"},{"@type":"ListItem","position":4,"name":"Airmez Xbeats Pro 50000 Smart Vape with Bluetooth Earbuds"}]},{"@type":"WebSite","@id":"https:\/\/vapemaison.com\/#website","url":"https:\/\/vapemaison.com\/","name":"VapeMaison","description":"Wysokiej jako\u015bci urz\u0105dzenia i akcesoria do waporyzacji","publisher":{"@id":"https:\/\/vapemaison.com\/#organization"},"potentialAction":[{"@type":"SearchAction","target":{"@type":"EntryPoint","urlTemplate":"https:\/\/vapemaison.com\/?s={search_term_string}"},"query-input":{"@type":"PropertyValueSpecification","valueRequired":true,"valueName":"search_term_string"}}],"inLanguage":"pl-PL"},{"@type":"Organization","@id":"https:\/\/vapemaison.com\/#organization","name":"VapeMaison","url":"https:\/\/vapemaison.com\/","logo":{"@type":"ImageObject","inLanguage":"pl-PL","@id":"https:\/\/vapemaison.com\/#\/schema\/logo\/image\/","url":"https:\/\/vapemaison.com\/wp-content\/uploads\/2026\/01\/cropped-vapemaison-logo-g-2026.webp","contentUrl":"https:\/\/vapemaison.com\/wp-content\/uploads\/2026\/01\/cropped-vapemaison-logo-g-2026.webp","width":350,"height":280,"caption":"VapeMaison"},"image":{"@id":"https:\/\/vapemaison.com\/#\/schema\/logo\/image\/"},"sameAs":["https:\/\/www.youtube.com\/@VapeMaison"]}]}},"tiered_pricing_type":"fixed","tiered_pricing_fixed_rules":{"30":"12.34","50":"11.23","100":"10.56","200":"9.99"},"tiered_pricing_product_settings":{"layout":"default","base_unit_name":{"singular":null,"plural":null},"default_variation":null},"tiered_pricing_minimum_quantity":10,"tiered_pricing_roles_data":[],"tiered_pricing_percentage_rules":[],"tiered_pricing_maximum_quantity":null,"tiered_pricing_quantity_step":"10","_links":{"self":[{"href":"https:\/\/vapemaison.com\/pl\/wp-json\/wp\/v2\/product\/27451","targetHints":{"allow":["GET"]}}],"collection":[{"href":"https:\/\/vapemaison.com\/pl\/wp-json\/wp\/v2\/product"}],"about":[{"href":"https:\/\/vapemaison.com\/pl\/wp-json\/wp\/v2\/types\/product"}],"replies":[{"embeddable":true,"href":"https:\/\/vapemaison.com\/pl\/wp-json\/wp\/v2\/comments?post=27451"}],"version-history":[{"count":3,"href":"https:\/\/vapemaison.com\/pl\/wp-json\/wp\/v2\/product\/27451\/revisions"}],"predecessor-version":[{"id":29272,"href":"https:\/\/vapemaison.com\/pl\/wp-json\/wp\/v2\/product\/27451\/revisions\/29272"}],"wp:featuredmedia":[{"embeddable":true,"href":"https:\/\/vapemaison.com\/pl\/wp-json\/wp\/v2\/media\/27459"}],"wp:attachment":[{"href":"https:\/\/vapemaison.com\/pl\/wp-json\/wp\/v2\/media?parent=27451"}],"wp:term":[{"taxonomy":"product_brand","embeddable":true,"href":"https:\/\/vapemaison.com\/pl\/wp-json\/wp\/v2\/product_brand?post=27451"},{"taxonomy":"product_cat","embeddable":true,"href":"https:\/\/vapemaison.com\/pl\/wp-json\/wp\/v2\/product_cat?post=27451"},{"taxonomy":"product_tag","embeddable":true,"href":"https:\/\/vapemaison.com\/pl\/wp-json\/wp\/v2\/product_tag?post=27451"}],"curies":[{"name":"wp","href":"https:\/\/api.w.org\/{rel}","templated":true}]}}