

{"id":27497,"date":"2026-02-27T09:19:39","date_gmt":"2026-02-27T09:19:39","guid":{"rendered":"https:\/\/vapemaison.com\/?post_type=product&#038;p=27497"},"modified":"2026-02-27T09:19:45","modified_gmt":"2026-02-27T09:19:45","slug":"razz-bar-50k-puff-jednorazowy-vape","status":"publish","type":"product","link":"https:\/\/vapemaison.com\/pl\/product\/razz-bar-50k-puffs-disposable-vape\/","title":{"rendered":"RAZZ BAR 50K Puffs Jednorazowy Vape"},"content":{"rendered":"<p>The <strong>RAZZ BAR 50K jednorazowy Vape<\/strong> zapewnia pot\u0119\u017cne po\u0142\u0105czenie du\u017cej pojemno\u015bci, niezawodnej wydajno\u015bci i d\u0142ugotrwa\u0142ej warto\u015bci. Zaprojektowany z my\u015bl\u0105 o u\u017cytkownikach, kt\u00f3rzy oczekuj\u0105 wi\u0119cej od urz\u0105dzenia jednorazowego u\u017cytku, zapewnia p\u0142ynne i sp\u00f3jne wra\u017cenia od pierwszego do ostatniego zaci\u0105gni\u0119cia.<\/p>\n\n\n\n<p>Wbudowany <strong>Akumulator o pojemno\u015bci 650 mAh<\/strong> zapewnia stabilne zasilanie przez ca\u0142y okres u\u017cytkowania. U\u017cytkownicy mog\u0105 szybko na\u0142adowa\u0107 urz\u0105dzenie za pomoc\u0105 <strong>Port typu C<\/strong> i kontynuowa\u0107 wapowanie bez przerwy. Jednocze\u015bnie ta \u0142adowalna konstrukcja zmniejsza straty baterii i poprawia og\u00f3ln\u0105 wydajno\u015b\u0107.<\/p>\n\n\n\n<p>Ponadto zaawansowane <strong>Technologia cewek siatkowych<\/strong> poprawia zar\u00f3wno smak, jak i produkcj\u0119 pary. Cewka r\u00f3wnomiernie podgrzewa e-ciecz, dzi\u0119ki czemu ka\u017cde zaci\u0105gni\u0119cie pozostaje p\u0142ynne, bogate i sp\u00f3jne. Dzi\u0119ki temu u\u017cytkownicy do\u015bwiadczaj\u0105 zr\u00f3wnowa\u017conej wydajno\u015bci bez przypalonego smaku lub utraty aromatu.<\/p>\n\n\n\n<p>Konstrukcja o du\u017cej pojemno\u015bci pozwala na d\u0142u\u017csze u\u017cytkowanie, dzi\u0119ki czemu urz\u0105dzenie nadaje si\u0119 do aktywnego stylu \u017cycia i wygody w podr\u00f3\u017cy. Pomimo du\u017cej wydajno\u015bci, konstrukcja pozostaje praktyczna do przechowywania, wysy\u0142ki i ekspozycji detalicznej.<\/p>\n\n\n\n<p>Ponadto RAZZ BAR jest dost\u0119pny w wielu mocnych wersjach nikotyny i szerokiej gamie popularnych smak\u00f3w. Ta r\u00f3\u017cnorodno\u015b\u0107 pomaga sprzedawcom detalicznym sprosta\u0107 r\u00f3\u017cnym preferencjom klient\u00f3w i zwi\u0119ksza obr\u00f3t produktem.<\/p>\n\n\n\n<h2 class=\"wp-block-heading\">Specyfikacja produktu<\/h2>\n\n\n\n<figure class=\"wp-block-table\"><table class=\"has-fixed-layout\"><thead><tr><th>Parametr<\/th><th>Szczeg\u00f3\u0142y<\/th><\/tr><\/thead><tbody><tr><td>Pojemno\u015b\u0107 dmuchawy<\/td><td>Do 50 000 zaci\u0105gni\u0119\u0107<\/td><\/tr><tr><td>Si\u0142a nikotyny<\/td><td>2% \/ 5%<\/td><\/tr><tr><td>Typ cewki<\/td><td>Siatkowa cewka<\/td><\/tr><tr><td>Bateria<\/td><td>Akumulator 650 mAh<\/td><\/tr><tr><td>Port \u0142adowania<\/td><td>Typ-C<\/td><\/tr><tr><td>Typ urz\u0105dzenia<\/td><td>Jednorazowego u\u017cytku (akumulator)<\/td><\/tr><tr><td>Ilo\u015b\u0107 w kartonie<\/td><td>200 sztuk w kartonie<\/td><\/tr><tr><td>Waga kartonu<\/td><td>23 kg<\/td><\/tr><tr><td>Rozmiar kartonu<\/td><td>60,5 \u00d7 36 \u00d7 25,5 cm<\/td><\/tr><tr><td>Opcje smakowe<\/td><td>16 smak\u00f3w<\/td><\/tr><\/tbody><\/table><\/figure>\n\n\n\n<h2 class=\"wp-block-heading\">Dost\u0119pne smaki<\/h2>\n\n\n\n<p>Arbuz malinowy<br>L\u00f3d truskawkowy<br>Red Bull Grape<br>Owoce tropikalne<br>Banan<br>L\u00f3d jagodowy<br>L\u00f3d brzoskwiniowy<br>Ananas Kokos<br>Arbuzowy l\u00f3d<br>Lemon Lime<br>Banan truskawkowy<br>Mr Blue<br>Guma balonowa truskawkowo-arbuzowa<br>R\u00f3\u017cowa Lemoniada<br>Cherry Cola<br>Gummy Bear<\/p>\n\n\n\n<figure class=\"wp-block-image aligncenter size-full has-custom-border\"><a href=\"https:\/\/vapemaison.com\/wp-content\/uploads\/2026\/02\/vapemaison-puff-30000-razz-bar-16-parfums-flavor-list.webp\"><img fetchpriority=\"high\" decoding=\"async\" width=\"493\" height=\"838\" src=\"https:\/\/vapemaison.com\/wp-content\/uploads\/2026\/02\/vapemaison-puff-30000-razz-bar-16-parfums-flavor-list.webp\" alt=\"vapemaison-puff-30000-razz-bar-16-parfums-flavor-list\" class=\"wp-image-27500\" style=\"border-top-left-radius:20px;border-top-right-radius:20px;border-bottom-left-radius:20px;border-bottom-right-radius:20px\" srcset=\"https:\/\/vapemaison.com\/wp-content\/uploads\/2026\/02\/vapemaison-puff-30000-razz-bar-16-parfums-flavor-list.webp 493w, https:\/\/vapemaison.com\/wp-content\/uploads\/2026\/02\/vapemaison-puff-30000-razz-bar-16-parfums-flavor-list-176x300.webp 176w, https:\/\/vapemaison.com\/wp-content\/uploads\/2026\/02\/vapemaison-puff-30000-razz-bar-16-parfums-flavor-list-7x12.webp 7w, https:\/\/vapemaison.com\/wp-content\/uploads\/2026\/02\/vapemaison-puff-30000-razz-bar-16-parfums-flavor-list-441x750.webp 441w, https:\/\/vapemaison.com\/wp-content\/uploads\/2026\/02\/vapemaison-puff-30000-razz-bar-16-parfums-flavor-list-150x255.webp 150w\" sizes=\"(max-width: 493px) 100vw, 493px\" \/><\/a><\/figure>","protected":false},"excerpt":{"rendered":"<p>Do 50 000 zaci\u0105gni\u0119\u0107 dzi\u0119ki akumulatorowi typu C do d\u0142u\u017cszego u\u017cytkowania.<br data-start=\"1894\" data-end=\"1897\" \/>Jednorazowy vape o du\u017cej pojemno\u015bci z cewk\u0105 siatkow\u0105, idealny do sprzeda\u017cy detalicznej i hurtowej.<\/p>","protected":false},"featured_media":27504,"comment_status":"open","ping_status":"closed","template":"","meta":[],"product_brand":[313],"product_cat":[136],"product_tag":[],"class_list":{"0":"post-27497","1":"product","2":"type-product","3":"status-publish","4":"has-post-thumbnail","6":"product_brand-razz-bar","7":"product_cat-50k-puffs","9":"first","10":"instock","11":"sale","12":"shipping-taxable","13":"purchasable","14":"product-type-variable"},"yoast_head":"<!-- This site is optimized with the Yoast SEO plugin v27.4 - https:\/\/yoast.com\/product\/yoast-seo-wordpress\/ -->\n<title>RAZZ BAR 50K Disposable Vape \u2013 50000 Puffs Rechargeable<\/title>\n<meta name=\"description\" content=\"Buy RAZZ BAR 50K disposable vape with up to 50,000 puffs, rechargeable 650mAh battery, mesh coil technology, and multiple flavor options.\" \/>\n<meta name=\"robots\" content=\"index, follow, max-snippet:-1, max-image-preview:large, max-video-preview:-1\" \/>\n<link rel=\"canonical\" href=\"https:\/\/vapemaison.com\/pl\/produkt\/razz-bar-50k-puff-jednorazowy-vape\/\" \/>\n<meta property=\"og:locale\" content=\"pl_PL\" \/>\n<meta property=\"og:type\" content=\"article\" \/>\n<meta property=\"og:title\" content=\"RAZZ BAR 50K Disposable Vape \u2013 50000 Puffs Rechargeable\" \/>\n<meta property=\"og:description\" content=\"Buy RAZZ BAR 50K disposable vape with up to 50,000 puffs, rechargeable 650mAh battery, mesh coil technology, and multiple flavor options.\" \/>\n<meta property=\"og:url\" content=\"https:\/\/vapemaison.com\/pl\/produkt\/razz-bar-50k-puff-jednorazowy-vape\/\" \/>\n<meta property=\"og:site_name\" content=\"VapeMaison\" \/>\n<meta property=\"article:modified_time\" content=\"2026-02-27T09:19:45+00:00\" \/>\n<meta property=\"og:image\" content=\"https:\/\/vapemaison.com\/wp-content\/uploads\/2026\/02\/vapemaison-puff-30000-razz-bar-16-parfums-main-picture.webp\" \/>\n\t<meta property=\"og:image:width\" content=\"1100\" \/>\n\t<meta property=\"og:image:height\" content=\"1100\" \/>\n\t<meta property=\"og:image:type\" content=\"image\/webp\" \/>\n<meta name=\"twitter:card\" content=\"summary_large_image\" \/>\n<meta name=\"twitter:label1\" content=\"Szacowany czas czytania\" \/>\n\t<meta name=\"twitter:data1\" content=\"2 minuty\" \/>\n<!-- \/ Yoast SEO plugin. -->","yoast_head_json":{"title":"Vape jednorazowe RAZZ BAR 50K - 50000 zaci\u0105gni\u0119\u0107 z mo\u017cliwo\u015bci\u0105 \u0142adowania","description":"Jednorazowy waporyzator RAZZ BAR 50K oferuje do 50 000 zaci\u0105gni\u0119\u0107, akumulator 650 mAh, technologi\u0119 cewki siatkowej i wiele opcji smakowych.","robots":{"index":"index","follow":"follow","max-snippet":"max-snippet:-1","max-image-preview":"max-image-preview:large","max-video-preview":"max-video-preview:-1"},"canonical":"https:\/\/vapemaison.com\/pl\/produkt\/razz-bar-50k-puff-jednorazowy-vape\/","og_locale":"pl_PL","og_type":"article","og_title":"RAZZ BAR 50K Disposable Vape \u2013 50000 Puffs Rechargeable","og_description":"Buy RAZZ BAR 50K disposable vape with up to 50,000 puffs, rechargeable 650mAh battery, mesh coil technology, and multiple flavor options.","og_url":"https:\/\/vapemaison.com\/pl\/produkt\/razz-bar-50k-puff-jednorazowy-vape\/","og_site_name":"VapeMaison","article_modified_time":"2026-02-27T09:19:45+00:00","og_image":[{"width":1100,"height":1100,"url":"https:\/\/vapemaison.com\/wp-content\/uploads\/2026\/02\/vapemaison-puff-30000-razz-bar-16-parfums-main-picture.webp","type":"image\/webp"}],"twitter_card":"summary_large_image","twitter_misc":{"Szacowany czas czytania":"2 minuty"},"schema":{"@context":"https:\/\/schema.org","@graph":[{"@type":"WebPage","@id":"https:\/\/vapemaison.com\/product\/razz-bar-50k-puffs-disposable-vape\/","url":"https:\/\/vapemaison.com\/product\/razz-bar-50k-puffs-disposable-vape\/","name":"Vape jednorazowe RAZZ BAR 50K - 50000 zaci\u0105gni\u0119\u0107 z mo\u017cliwo\u015bci\u0105 \u0142adowania","isPartOf":{"@id":"https:\/\/vapemaison.com\/#website"},"primaryImageOfPage":{"@id":"https:\/\/vapemaison.com\/product\/razz-bar-50k-puffs-disposable-vape\/#primaryimage"},"image":{"@id":"https:\/\/vapemaison.com\/product\/razz-bar-50k-puffs-disposable-vape\/#primaryimage"},"thumbnailUrl":"https:\/\/vapemaison.com\/wp-content\/uploads\/2026\/02\/vapemaison-puff-30000-razz-bar-16-parfums-main-picture.webp","datePublished":"2026-02-27T09:19:39+00:00","dateModified":"2026-02-27T09:19:45+00:00","description":"Jednorazowy waporyzator RAZZ BAR 50K oferuje do 50 000 zaci\u0105gni\u0119\u0107, akumulator 650 mAh, technologi\u0119 cewki siatkowej i wiele opcji smakowych.","breadcrumb":{"@id":"https:\/\/vapemaison.com\/product\/razz-bar-50k-puffs-disposable-vape\/#breadcrumb"},"inLanguage":"pl-PL","potentialAction":[{"@type":"ReadAction","target":["https:\/\/vapemaison.com\/product\/razz-bar-50k-puffs-disposable-vape\/"]}]},{"@type":"ImageObject","inLanguage":"pl-PL","@id":"https:\/\/vapemaison.com\/product\/razz-bar-50k-puffs-disposable-vape\/#primaryimage","url":"https:\/\/vapemaison.com\/wp-content\/uploads\/2026\/02\/vapemaison-puff-30000-razz-bar-16-parfums-main-picture.webp","contentUrl":"https:\/\/vapemaison.com\/wp-content\/uploads\/2026\/02\/vapemaison-puff-30000-razz-bar-16-parfums-main-picture.webp","width":1100,"height":1100,"caption":"vapemaison-puff-30000-razz-bar-16-parfums-main-picture"},{"@type":"BreadcrumbList","@id":"https:\/\/vapemaison.com\/product\/razz-bar-50k-puffs-disposable-vape\/#breadcrumb","itemListElement":[{"@type":"ListItem","position":1,"name":"\u9996\u9875","item":"https:\/\/vapemaison.com\/"},{"@type":"ListItem","position":2,"name":"Shop","item":"https:\/\/vapemaison.com\/shop\/"},{"@type":"ListItem","position":3,"name":"Razz Bar","item":"https:\/\/vapemaison.com\/brand\/razz-bar\/"},{"@type":"ListItem","position":4,"name":"RAZZ BAR 50K Puffs Disposable Vape"}]},{"@type":"WebSite","@id":"https:\/\/vapemaison.com\/#website","url":"https:\/\/vapemaison.com\/","name":"VapeMaison","description":"Wysokiej jako\u015bci urz\u0105dzenia i akcesoria do waporyzacji","publisher":{"@id":"https:\/\/vapemaison.com\/#organization"},"potentialAction":[{"@type":"SearchAction","target":{"@type":"EntryPoint","urlTemplate":"https:\/\/vapemaison.com\/?s={search_term_string}"},"query-input":{"@type":"PropertyValueSpecification","valueRequired":true,"valueName":"search_term_string"}}],"inLanguage":"pl-PL"},{"@type":"Organization","@id":"https:\/\/vapemaison.com\/#organization","name":"VapeMaison","url":"https:\/\/vapemaison.com\/","logo":{"@type":"ImageObject","inLanguage":"pl-PL","@id":"https:\/\/vapemaison.com\/#\/schema\/logo\/image\/","url":"https:\/\/vapemaison.com\/wp-content\/uploads\/2026\/01\/cropped-vapemaison-logo-g-2026.webp","contentUrl":"https:\/\/vapemaison.com\/wp-content\/uploads\/2026\/01\/cropped-vapemaison-logo-g-2026.webp","width":350,"height":280,"caption":"VapeMaison"},"image":{"@id":"https:\/\/vapemaison.com\/#\/schema\/logo\/image\/"},"sameAs":["https:\/\/www.youtube.com\/@VapeMaison"]}]}},"tiered_pricing_type":"fixed","tiered_pricing_fixed_rules":{"100":"9.19","200":"8.59","500":"7.99"},"tiered_pricing_product_settings":{"layout":"default","base_unit_name":{"singular":null,"plural":null},"default_variation":null},"tiered_pricing_minimum_quantity":50,"tiered_pricing_roles_data":[],"tiered_pricing_percentage_rules":[],"tiered_pricing_maximum_quantity":null,"tiered_pricing_quantity_step":"10","_links":{"self":[{"href":"https:\/\/vapemaison.com\/pl\/wp-json\/wp\/v2\/product\/27497","targetHints":{"allow":["GET"]}}],"collection":[{"href":"https:\/\/vapemaison.com\/pl\/wp-json\/wp\/v2\/product"}],"about":[{"href":"https:\/\/vapemaison.com\/pl\/wp-json\/wp\/v2\/types\/product"}],"replies":[{"embeddable":true,"href":"https:\/\/vapemaison.com\/pl\/wp-json\/wp\/v2\/comments?post=27497"}],"version-history":[{"count":3,"href":"https:\/\/vapemaison.com\/pl\/wp-json\/wp\/v2\/product\/27497\/revisions"}],"predecessor-version":[{"id":27507,"href":"https:\/\/vapemaison.com\/pl\/wp-json\/wp\/v2\/product\/27497\/revisions\/27507"}],"wp:featuredmedia":[{"embeddable":true,"href":"https:\/\/vapemaison.com\/pl\/wp-json\/wp\/v2\/media\/27504"}],"wp:attachment":[{"href":"https:\/\/vapemaison.com\/pl\/wp-json\/wp\/v2\/media?parent=27497"}],"wp:term":[{"taxonomy":"product_brand","embeddable":true,"href":"https:\/\/vapemaison.com\/pl\/wp-json\/wp\/v2\/product_brand?post=27497"},{"taxonomy":"product_cat","embeddable":true,"href":"https:\/\/vapemaison.com\/pl\/wp-json\/wp\/v2\/product_cat?post=27497"},{"taxonomy":"product_tag","embeddable":true,"href":"https:\/\/vapemaison.com\/pl\/wp-json\/wp\/v2\/product_tag?post=27497"}],"curies":[{"name":"wp","href":"https:\/\/api.w.org\/{rel}","templated":true}]}}