

{"id":27633,"date":"2026-03-04T10:04:29","date_gmt":"2026-03-04T10:04:29","guid":{"rendered":"https:\/\/vapemaison.com\/?post_type=product&#038;p=27633"},"modified":"2026-03-20T07:21:16","modified_gmt":"2026-03-20T07:21:16","slug":"zooy-triple-70000-puffs-3-w-1-jednorazowy-vape","status":"publish","type":"product","link":"https:\/\/vapemaison.com\/pl\/product\/zooy-triple-70000-puffs-3-in-1-disposable-vape\/","title":{"rendered":"ZOOY TRIPLE 70000 Puffs - jednorazowy vape 3 w 1"},"content":{"rendered":"<p>Je\u015bli szukasz jednorazowego waporyzatora, kt\u00f3ry wykracza poza standardowe limity, ZOOY TRIPLE 70000 zapewnia zupe\u0142nie inny poziom wydajno\u015bci. Zbudowane z systemem prze\u0142\u0105czania smak\u00f3w 3 w 1, technologi\u0105 potr\u00f3jnej cewki siatkowej i ultra wysok\u0105 pojemno\u015bci\u0105 70 000 zaci\u0105gni\u0119\u0107, urz\u0105dzenie to jest przeznaczone dla u\u017cytkownik\u00f3w, kt\u00f3rzy wymagaj\u0105 d\u0142ugowieczno\u015bci, sp\u00f3jno\u015bci i r\u00f3\u017cnorodno\u015bci w jednym urz\u0105dzeniu.<\/p>\n\n\n\n<p>W przeciwie\u0144stwie do tradycyjnych produkt\u00f3w jednorazowych, jest to <strong>System wielokomorowy<\/strong> kt\u00f3ra eliminuje zm\u0119czenie smakiem, utrzymuj\u0105c stabiln\u0105 moc pary przy d\u0142u\u017cszym u\u017cytkowaniu.<\/p>\n\n\n\n<h2 class=\"wp-block-heading\"><a href=\"https:\/\/vapemaison.com\/product-category\/puffs-count\/70k-puffs\/\">70k Puffs<\/a> - Stworzony dla ci\u0119\u017ckich u\u017cytkownik\u00f3w<\/h2>\n\n\n\n<p>Najwa\u017cniejsz\u0105 zalet\u0105 ZOOY TRIPLE 70000 jest jego ekstremalna pojemno\u015b\u0107. Zaprojektowany dla u\u017cytkownik\u00f3w o wysokiej cz\u0119stotliwo\u015bci, znacznie zmniejsza potrzeb\u0119 cz\u0119stej wymiany.<\/p>\n\n\n\n<p>Dzi\u0119ki temu idealnie nadaje si\u0119 do:<\/p>\n\n\n\n<ul class=\"wp-block-list\">\n<li>Codzienne intensywne palenie<\/li>\n\n\n\n<li>Nabywcy hurtowi poszukuj\u0105cy produkt\u00f3w o wysokiej warto\u015bci<\/li>\n\n\n\n<li>U\u017cytkownicy, dla kt\u00f3rych priorytetem s\u0105 trwa\u0142e urz\u0105dzenia<\/li>\n<\/ul>\n\n\n\n<p>W por\u00f3wnaniu do standardowych urz\u0105dze\u0144 z 5 000-15 000 puff, model ten oferuje znacznie wyd\u0142u\u017cony cykl \u017cycia.<\/p>\n\n\n\n<h2 class=\"wp-block-heading\">Potr\u00f3jna cewka siatkowa 0,9\u03a9 - stabilna moc aromatu<\/h2>\n\n\n\n<p>Sercem urz\u0105dzenia jest potr\u00f3jny system cewek siatkowych 0,9\u03a9, zaprojektowany z my\u015bl\u0105 o sta\u0142ej produkcji pary.<\/p>\n\n\n\n<p>Kluczowe zalety obejmuj\u0105:<\/p>\n\n\n\n<ul class=\"wp-block-list\">\n<li>Szybsza reakcja na ogrzewanie<\/li>\n\n\n\n<li>R\u00f3wnomierna waporyzacja e-cieczy<\/li>\n\n\n\n<li>Silniejsze dostarczanie smaku<\/li>\n\n\n\n<li>G\u0142adkie i g\u0119ste chmury<\/li>\n<\/ul>\n\n\n\n<p>Ka\u017cda komora dzia\u0142a niezale\u017cnie, zapewniaj\u0105c, \u017ce prze\u0142\u0105czanie smak\u00f3w nie wp\u0142ywa negatywnie na wydajno\u015b\u0107.<\/p>\n\n\n\n<p>Dowiedz si\u0119 wi\u0119cej o technologii cewek siatkowych:<\/p>\n\n\n\n<ul class=\"wp-block-list\">\n<li>Link zewn\u0119trzny: <a href=\"https:\/\/en.wikipedia.org\/wiki\/Electronic_cigarette\">https:\/\/en.wikipedia.org\/wiki\/Electronic_cigarette<\/a><\/li>\n<\/ul>\n\n\n\n<h2 class=\"wp-block-heading\">System prze\u0142\u0105czania smak\u00f3w 3 w 1<\/h2>\n\n\n\n<p>Urz\u0105dzenie to integruje trzy oddzielne komory smakowe, umo\u017cliwiaj\u0105c u\u017cytkownikom natychmiastowe prze\u0142\u0105czanie si\u0119 mi\u0119dzy smakami.<\/p>\n\n\n\n<p>Korzy\u015bci:<\/p>\n\n\n\n<ul class=\"wp-block-list\">\n<li>Brak konieczno\u015bci noszenia wielu urz\u0105dze\u0144<\/li>\n\n\n\n<li>Zmniejszone zm\u0119czenie smakiem<\/li>\n\n\n\n<li>Dynamiczne wra\u017cenia z waporyzacji przez ca\u0142y dzie\u0144<\/li>\n<\/ul>\n\n\n\n<p>Funkcja ta bezpo\u015brednio odnosi si\u0119 do jednego z najwi\u0119kszych problem\u00f3w w jednorazowym u\u017cytkowaniu vape: monotonii.<\/p>\n\n\n\n<h2 class=\"wp-block-heading\">Inteligentny wy\u015bwietlacz + akumulator<\/h2>\n\n\n\n<p>ZOOY TRIPLE 70000 jest wyposa\u017cony w inteligentny wy\u015bwietlacz LED i akumulator typu C, daj\u0105c u\u017cytkownikom pe\u0142n\u0105 kontrol\u0119 nad u\u017cytkowaniem.<\/p>\n\n\n\n<p>Wy\u015bwietlacz pokazuje:<\/p>\n\n\n\n<ul class=\"wp-block-list\">\n<li>Poziom na\u0142adowania baterii<\/li>\n\n\n\n<li>Poziom e-cieczy (na komor\u0119 smakow\u0105)<\/li>\n<\/ul>\n\n\n\n<p>System akumulator\u00f3w:<\/p>\n\n\n\n<ul class=\"wp-block-list\">\n<li>Szybkie \u0142adowanie typu C<\/li>\n\n\n\n<li>Stabilna moc wyj\u015bciowa<\/li>\n\n\n\n<li>Zaprojektowany do obs\u0142ugi pe\u0142nego cyklu \u017cycia 70 000 puff\u00f3w<\/li>\n<\/ul>\n\n\n\n<h2 class=\"wp-block-heading\">Kombinacje smak\u00f3w (3 w 1)<\/h2>\n\n\n\n<p>Ka\u017cde urz\u0105dzenie zawiera trzy wst\u0119pnie dopasowane smaki zaprojektowane z my\u015bl\u0105 o r\u00f3wnowadze i r\u00f3\u017cnorodno\u015bci:<\/p>\n\n\n\n<ul class=\"wp-block-list\">\n<li>Arbuz \/ Limonka cytrynowa \/ Cherry Cola<\/li>\n\n\n\n<li>Arbuz truskawkowy \/ L\u00f3d jagodowy \/ Mi\u0142o\u015b\u0107 666<\/li>\n\n\n\n<li>Strawberry Kiwi \/ Watermelon Ice \/ Red Bull<\/li>\n\n\n\n<li>Potr\u00f3jny melon \/ arbuz truskawkowy \/ brzoskwinia cytrynowa<\/li>\n\n\n\n<li>Mr. Blue \/ Strawberry Banana \/ Lemon Lime<\/li>\n\n\n\n<li>Mixed Berry \/ Strawberry Vanilla Cola \/ Lemon Cola<\/li>\n\n\n\n<li>Strawberry Ice \/ Lemon Mint \/ Passion Fruit Lemon<\/li>\n\n\n\n<li>Blueberry Bubblegum \/ Love 666 \/ Strawberry Kiwi<\/li>\n\n\n\n<li>R\u00f3\u017cowa Lemoniada \/ Truskawka Malina Wi\u015bnia \/ Jagoda L\u00f3d<\/li>\n\n\n\n<li>Mango Ice \/ Aloe Grape \/ Kiwi Passionfruit<\/li>\n<\/ul>\n\n\n\n<p>Kombinacje te s\u0105 dobrane tak, aby zapewni\u0107 warstwow\u0105 progresj\u0119 smaku, a nie powtarzalny smak.<\/p>\n\n\n\n<h2 class=\"wp-block-heading\">Specyfikacja produktu<\/h2>\n\n\n\n<ul class=\"wp-block-list\">\n<li>Pojemno\u015b\u0107 zaci\u0105gni\u0119cia: 70 000 zaci\u0105gni\u0119\u0107<\/li>\n\n\n\n<li>Cewka: Potr\u00f3jna cewka siatkowa 0,9\u03a9<\/li>\n\n\n\n<li>System aromat\u00f3w: Prze\u0142\u0105czany 3 w 1<\/li>\n\n\n\n<li>Bateria: Akumulator<\/li>\n\n\n\n<li>\u0141adowanie: Typ-C<\/li>\n\n\n\n<li>Wy\u015bwietlacz: Inteligentny ekran LED<\/li>\n\n\n\n<li>Waga: 140g<\/li>\n\n\n\n<li>Rozmiar: 48 \u00d7 48 \u00d7 117 mm<\/li>\n<\/ul>\n\n\n\n<h2 class=\"wp-block-heading\">Dlaczego warto wybra\u0107 ZOOY TRIPLE 70000?<\/h2>\n\n\n\n<p>ZOOY TRIPLE 70000 to nie tylko kolejny jednorazowy waporyzator. To <strong>system o du\u017cej pojemno\u015bci i wielu smakach<\/strong> zaprojektowany z my\u015bl\u0105 o u\u017cytkownikach, kt\u00f3rzy oczekuj\u0105 maksymalnej efektywno\u015bci, wydajno\u015bci i elastyczno\u015bci w jednym urz\u0105dzeniu.<\/p>\n\n\n\n<p>\u0141\u0105czy w sobie:<\/p>\n\n\n\n<ul class=\"wp-block-list\">\n<li>Bardzo du\u017ca liczba zaci\u0105gni\u0119\u0107<\/li>\n\n\n\n<li>Zaawansowana technologia potr\u00f3jnej siatki<\/li>\n\n\n\n<li>Wygoda wielu smak\u00f3w<\/li>\n\n\n\n<li>Monitorowanie u\u017cytkowania w czasie rzeczywistym<\/li>\n\n\n\n<li><\/li>\n<\/ul>","protected":false},"excerpt":{"rendered":"<p>If you&#8217;re looking for a disposable vape that goes beyond standard limits, the ZOOY TRIPLE 70000 delivers a completely different level of performance. Built with a 3-in-1 flavor switching system, triple mesh coil technology, and an ultra-high puff capacity of 70,000 puffs, this device is designed for users who demand longevity, consistency, and variety in [&hellip;]<\/p>\n","protected":false},"featured_media":27635,"comment_status":"open","ping_status":"closed","template":"","meta":[],"product_brand":[170],"product_cat":[138],"product_tag":[],"class_list":{"0":"post-27633","1":"product","2":"type-product","3":"status-publish","4":"has-post-thumbnail","6":"product_brand-zooy","7":"product_cat-70k-puffs","9":"first","10":"instock","11":"sale","12":"shipping-taxable","13":"purchasable","14":"product-type-variable"},"yoast_head":"<!-- This site is optimized with the Yoast SEO plugin v27.4 - https:\/\/yoast.com\/product\/yoast-seo-wordpress\/ -->\n<title>ZOOY TRIPLE 70000 Disposable Vape | 70k Puffs<\/title>\n<meta name=\"description\" content=\"Shop ZOOY TRIPLE 70000 disposable vape with 70,000 puffs, 3-in-1 flavor switching, triple 0.9\u03a9 mesh coil, smart display, and Type-C rechargeable battery.\" \/>\n<meta name=\"robots\" content=\"index, follow, max-snippet:-1, max-image-preview:large, max-video-preview:-1\" \/>\n<link rel=\"canonical\" href=\"https:\/\/vapemaison.com\/pl\/produkt\/zooy-triple-70000-puffs-3-w-1-jednorazowy-vape\/\" \/>\n<meta property=\"og:locale\" content=\"pl_PL\" \/>\n<meta property=\"og:type\" content=\"article\" \/>\n<meta property=\"og:title\" content=\"ZOOY TRIPLE 70000 Disposable Vape | 70k Puffs\" \/>\n<meta property=\"og:description\" content=\"Shop ZOOY TRIPLE 70000 disposable vape with 70,000 puffs, 3-in-1 flavor switching, triple 0.9\u03a9 mesh coil, smart display, and Type-C rechargeable battery.\" \/>\n<meta property=\"og:url\" content=\"https:\/\/vapemaison.com\/pl\/produkt\/zooy-triple-70000-puffs-3-w-1-jednorazowy-vape\/\" \/>\n<meta property=\"og:site_name\" content=\"VapeMaison\" \/>\n<meta property=\"article:modified_time\" content=\"2026-03-20T07:21:16+00:00\" \/>\n<meta property=\"og:image\" content=\"https:\/\/vapemaison.com\/wp-content\/uploads\/2026\/03\/vapemaison-zooy-70000-70k-puffs-3-in-1-flavor-switch-vape.webp\" \/>\n\t<meta property=\"og:image:width\" content=\"2500\" \/>\n\t<meta property=\"og:image:height\" content=\"2500\" \/>\n\t<meta property=\"og:image:type\" content=\"image\/webp\" \/>\n<meta name=\"twitter:card\" content=\"summary_large_image\" \/>\n<meta name=\"twitter:label1\" content=\"Szacowany czas czytania\" \/>\n\t<meta name=\"twitter:data1\" content=\"3 minuty\" \/>\n<!-- \/ Yoast SEO plugin. -->","yoast_head_json":{"title":"ZOOY TRIPLE 70000 Jednorazowy Vape | 70k zaci\u0105gni\u0119\u0107","description":"Jednorazowy waporyzator ZOOY TRIPLE 70000 z 70 000 zaci\u0105gni\u0119\u0107, prze\u0142\u0105czaniem smak\u00f3w 3 w 1, potr\u00f3jn\u0105 cewk\u0105 siatkow\u0105 0,9\u03a9, inteligentnym wy\u015bwietlaczem i akumulatorem Type-C.","robots":{"index":"index","follow":"follow","max-snippet":"max-snippet:-1","max-image-preview":"max-image-preview:large","max-video-preview":"max-video-preview:-1"},"canonical":"https:\/\/vapemaison.com\/pl\/produkt\/zooy-triple-70000-puffs-3-w-1-jednorazowy-vape\/","og_locale":"pl_PL","og_type":"article","og_title":"ZOOY TRIPLE 70000 Disposable Vape | 70k Puffs","og_description":"Shop ZOOY TRIPLE 70000 disposable vape with 70,000 puffs, 3-in-1 flavor switching, triple 0.9\u03a9 mesh coil, smart display, and Type-C rechargeable battery.","og_url":"https:\/\/vapemaison.com\/pl\/produkt\/zooy-triple-70000-puffs-3-w-1-jednorazowy-vape\/","og_site_name":"VapeMaison","article_modified_time":"2026-03-20T07:21:16+00:00","og_image":[{"width":2500,"height":2500,"url":"https:\/\/vapemaison.com\/wp-content\/uploads\/2026\/03\/vapemaison-zooy-70000-70k-puffs-3-in-1-flavor-switch-vape.webp","type":"image\/webp"}],"twitter_card":"summary_large_image","twitter_misc":{"Szacowany czas czytania":"3 minuty"},"schema":{"@context":"https:\/\/schema.org","@graph":[{"@type":"WebPage","@id":"https:\/\/vapemaison.com\/product\/zooy-triple-70000-puffs-3-in-1-disposable-vape\/","url":"https:\/\/vapemaison.com\/product\/zooy-triple-70000-puffs-3-in-1-disposable-vape\/","name":"ZOOY TRIPLE 70000 Jednorazowy Vape | 70k zaci\u0105gni\u0119\u0107","isPartOf":{"@id":"https:\/\/vapemaison.com\/#website"},"primaryImageOfPage":{"@id":"https:\/\/vapemaison.com\/product\/zooy-triple-70000-puffs-3-in-1-disposable-vape\/#primaryimage"},"image":{"@id":"https:\/\/vapemaison.com\/product\/zooy-triple-70000-puffs-3-in-1-disposable-vape\/#primaryimage"},"thumbnailUrl":"https:\/\/vapemaison.com\/wp-content\/uploads\/2026\/03\/vapemaison-zooy-70000-70k-puffs-3-in-1-flavor-switch-vape.webp","datePublished":"2026-03-04T10:04:29+00:00","dateModified":"2026-03-20T07:21:16+00:00","description":"Jednorazowy waporyzator ZOOY TRIPLE 70000 z 70 000 zaci\u0105gni\u0119\u0107, prze\u0142\u0105czaniem smak\u00f3w 3 w 1, potr\u00f3jn\u0105 cewk\u0105 siatkow\u0105 0,9\u03a9, inteligentnym wy\u015bwietlaczem i akumulatorem Type-C.","breadcrumb":{"@id":"https:\/\/vapemaison.com\/product\/zooy-triple-70000-puffs-3-in-1-disposable-vape\/#breadcrumb"},"inLanguage":"pl-PL","potentialAction":[{"@type":"ReadAction","target":["https:\/\/vapemaison.com\/product\/zooy-triple-70000-puffs-3-in-1-disposable-vape\/"]}]},{"@type":"ImageObject","inLanguage":"pl-PL","@id":"https:\/\/vapemaison.com\/product\/zooy-triple-70000-puffs-3-in-1-disposable-vape\/#primaryimage","url":"https:\/\/vapemaison.com\/wp-content\/uploads\/2026\/03\/vapemaison-zooy-70000-70k-puffs-3-in-1-flavor-switch-vape.webp","contentUrl":"https:\/\/vapemaison.com\/wp-content\/uploads\/2026\/03\/vapemaison-zooy-70000-70k-puffs-3-in-1-flavor-switch-vape.webp","width":2500,"height":2500,"caption":"Vapemaison Zooy 70k Puffs 3 In 1 Flavor Switch Vape"},{"@type":"BreadcrumbList","@id":"https:\/\/vapemaison.com\/product\/zooy-triple-70000-puffs-3-in-1-disposable-vape\/#breadcrumb","itemListElement":[{"@type":"ListItem","position":1,"name":"\u9996\u9875","item":"https:\/\/vapemaison.com\/"},{"@type":"ListItem","position":2,"name":"Shop","item":"https:\/\/vapemaison.com\/shop\/"},{"@type":"ListItem","position":3,"name":"Zooy","item":"https:\/\/vapemaison.com\/brand\/zooy\/"},{"@type":"ListItem","position":4,"name":"ZOOY TRIPLE 70000 Puffs\u2013 3-in-1 Disposable Vape"}]},{"@type":"WebSite","@id":"https:\/\/vapemaison.com\/#website","url":"https:\/\/vapemaison.com\/","name":"VapeMaison","description":"Wysokiej jako\u015bci urz\u0105dzenia i akcesoria do waporyzacji","publisher":{"@id":"https:\/\/vapemaison.com\/#organization"},"potentialAction":[{"@type":"SearchAction","target":{"@type":"EntryPoint","urlTemplate":"https:\/\/vapemaison.com\/?s={search_term_string}"},"query-input":{"@type":"PropertyValueSpecification","valueRequired":true,"valueName":"search_term_string"}}],"inLanguage":"pl-PL"},{"@type":"Organization","@id":"https:\/\/vapemaison.com\/#organization","name":"VapeMaison","url":"https:\/\/vapemaison.com\/","logo":{"@type":"ImageObject","inLanguage":"pl-PL","@id":"https:\/\/vapemaison.com\/#\/schema\/logo\/image\/","url":"https:\/\/vapemaison.com\/wp-content\/uploads\/2026\/01\/cropped-vapemaison-logo-g-2026.webp","contentUrl":"https:\/\/vapemaison.com\/wp-content\/uploads\/2026\/01\/cropped-vapemaison-logo-g-2026.webp","width":350,"height":280,"caption":"VapeMaison"},"image":{"@id":"https:\/\/vapemaison.com\/#\/schema\/logo\/image\/"},"sameAs":["https:\/\/www.youtube.com\/@VapeMaison"]}]}},"tiered_pricing_type":"fixed","tiered_pricing_fixed_rules":{"30":"11.63","50":"10.99","100":"9.48","200":"8.99"},"tiered_pricing_product_settings":{"layout":"default","base_unit_name":{"singular":null,"plural":null},"default_variation":null},"tiered_pricing_minimum_quantity":10,"tiered_pricing_roles_data":[],"tiered_pricing_percentage_rules":[],"tiered_pricing_maximum_quantity":null,"tiered_pricing_quantity_step":"10","_links":{"self":[{"href":"https:\/\/vapemaison.com\/pl\/wp-json\/wp\/v2\/product\/27633","targetHints":{"allow":["GET"]}}],"collection":[{"href":"https:\/\/vapemaison.com\/pl\/wp-json\/wp\/v2\/product"}],"about":[{"href":"https:\/\/vapemaison.com\/pl\/wp-json\/wp\/v2\/types\/product"}],"replies":[{"embeddable":true,"href":"https:\/\/vapemaison.com\/pl\/wp-json\/wp\/v2\/comments?post=27633"}],"version-history":[{"count":2,"href":"https:\/\/vapemaison.com\/pl\/wp-json\/wp\/v2\/product\/27633\/revisions"}],"predecessor-version":[{"id":28218,"href":"https:\/\/vapemaison.com\/pl\/wp-json\/wp\/v2\/product\/27633\/revisions\/28218"}],"wp:featuredmedia":[{"embeddable":true,"href":"https:\/\/vapemaison.com\/pl\/wp-json\/wp\/v2\/media\/27635"}],"wp:attachment":[{"href":"https:\/\/vapemaison.com\/pl\/wp-json\/wp\/v2\/media?parent=27633"}],"wp:term":[{"taxonomy":"product_brand","embeddable":true,"href":"https:\/\/vapemaison.com\/pl\/wp-json\/wp\/v2\/product_brand?post=27633"},{"taxonomy":"product_cat","embeddable":true,"href":"https:\/\/vapemaison.com\/pl\/wp-json\/wp\/v2\/product_cat?post=27633"},{"taxonomy":"product_tag","embeddable":true,"href":"https:\/\/vapemaison.com\/pl\/wp-json\/wp\/v2\/product_tag?post=27633"}],"curies":[{"name":"wp","href":"https:\/\/api.w.org\/{rel}","templated":true}]}}