

{"id":27822,"date":"2026-03-10T06:51:09","date_gmt":"2026-03-10T06:51:09","guid":{"rendered":"https:\/\/vapemaison.com\/?post_type=product&#038;p=27822"},"modified":"2026-03-10T06:51:14","modified_gmt":"2026-03-10T06:51:14","slug":"jnr-falcon-bar-48000-jednorazowy-vape-48000-zaciagniec-podwojna-cewka-siatkowa","status":"publish","type":"product","link":"https:\/\/vapemaison.com\/pl\/product\/jnr-falcon-bar-48000-disposable-vape-48000-puffs-dual-mesh-coil\/","title":{"rendered":"JNR Falcon Bar 48000 jednorazowy Vape | 48 000 zaci\u0105gni\u0119\u0107 | podw\u00f3jna cewka siatkowa"},"content":{"rendered":"<p>The <strong>JNR Falcon Bar 48000<\/strong> zosta\u0142 zaprojektowany dla vaper\u00f3w, kt\u00f3rzy oczekuj\u0105 zwi\u0119kszonej wydajno\u015bci, bogatego aromatu i nowoczesnego, przezroczystego designu. Z wydajno\u015bci\u0105 do <strong>48 000 zaci\u0105gni\u0119\u0107<\/strong>, pot\u0119\u017cny <strong>Akumulator o pojemno\u015bci 1000 mAh<\/strong>, oraz <strong>Technologia podw\u00f3jnej cewki siatkowej<\/strong>, Urz\u0105dzenie to zapewnia sp\u00f3jne i satysfakcjonuj\u0105ce wra\u017cenia z waporyzacji od pocz\u0105tku do ko\u0144ca.<\/p>\n\n\n\n<p>Jego <strong>ultra-przezroczysta pow\u0142oka<\/strong> nie tylko tworzy futurystyczn\u0105 estetyk\u0119, ale tak\u017ce pozwala u\u017cytkownikom \u0142atwo monitorowa\u0107 poziom e-cieczy. W po\u0142\u0105czeniu z regulowanym przep\u0142ywem powietrza i aktywacj\u0105 zaci\u0105gania, Falcon 48000 oferuje zar\u00f3wno prostot\u0119, jak i personalizacj\u0119 w jednym pot\u0119\u017cnym urz\u0105dzeniu.<\/p>\n\n\n\n<h3 class=\"wp-block-heading\">Do 48 000 zaci\u0105gni\u0119\u0107<\/h3>\n\n\n\n<p>Zbudowany z my\u015bl\u0105 o d\u0142ugotrwa\u0142ym u\u017cytkowaniu, Falcon 48000 zapewnia wyj\u0105tkow\u0105 wydajno\u015b\u0107 puff z <strong>45 ml e-liquidu<\/strong>, zmniejszaj\u0105c potrzeb\u0119 cz\u0119stej wymiany urz\u0105dzenia.<\/p>\n\n\n\n<h3 class=\"wp-block-heading\">Technologia podw\u00f3jnej cewki siatkowej<\/h3>\n\n\n\n<p>Zaawansowany <strong>System cewek z podw\u00f3jn\u0105 siatk\u0105<\/strong> zapewnia:<\/p>\n\n\n\n<ul class=\"wp-block-list\">\n<li>Szybsza reakcja na ogrzewanie<\/li>\n\n\n\n<li>Zwi\u0119kszona intensywno\u015b\u0107 smaku<\/li>\n\n\n\n<li>P\u0142ynna i g\u0119sta produkcja pary<\/li>\n\n\n\n<li>Sp\u00f3jna wydajno\u015b\u0107 przez ca\u0142y cykl \u017cycia urz\u0105dzenia<\/li>\n<\/ul>\n\n\n\n<p>Zaprojektowany, aby zachowa\u0107 wyrazisto\u015b\u0107 smaku od pierwszego do ostatniego zaci\u0105gni\u0119cia.<\/p>\n\n\n\n<h3 class=\"wp-block-heading\">Ultra-przezroczysta konstrukcja obudowy<\/h3>\n\n\n\n<p>Uderzaj\u0105ca przezroczysta obudowa pozwala u\u017cytkownikom \u0142atwo monitorowa\u0107 poziom e-liquidu, jednocze\u015bnie pokazuj\u0105c wewn\u0119trzn\u0105 struktur\u0119 urz\u0105dzenia.<\/p>\n\n\n\n<ul class=\"wp-block-list\">\n<li>Nowoczesny, estetyczny design<\/li>\n\n\n\n<li>Funkcjonalna widoczno\u015b\u0107<\/li>\n\n\n\n<li>Najwy\u017csza atrakcyjno\u015b\u0107 wizualna<\/li>\n<\/ul>\n\n\n\n<h3 class=\"wp-block-heading\">Regulowana kontrola przep\u0142ywu powietrza<\/h3>\n\n\n\n<p>Dostosuj sw\u00f3j styl wapowania dzi\u0119ki regulowanemu przep\u0142ywowi powietrza:<\/p>\n\n\n\n<ul class=\"wp-block-list\">\n<li>Ciasno <strong>Losowanie MTL<\/strong> do waporyzacji w stylu papierosa<\/li>\n\n\n\n<li>Przewiewny <strong>Losowania DTL<\/strong> dla wi\u0119kszych chmur pary<\/li>\n<\/ul>\n\n\n\n<p>Dostosuj przep\u0142yw powietrza do w\u0142asnych preferencji.<\/p>\n\n\n\n<h3 class=\"wp-block-heading\">Akumulator 1000 mAh<\/h3>\n\n\n\n<p>Pot\u0119\u017cny <strong>Bateria 1000 mAh<\/strong> zapewnia stabiln\u0105 wydajno\u015b\u0107 i d\u0142u\u017csze u\u017cytkowanie.<\/p>\n\n\n\n<p>W po\u0142\u0105czeniu z <strong>Szybkie \u0142adowanie typu C<\/strong>, zapewnia:<\/p>\n\n\n\n<ul class=\"wp-block-list\">\n<li>Kr\u00f3tki czas \u0142adowania<\/li>\n\n\n\n<li>Niezawodna moc wyj\u015bciowa<\/li>\n\n\n\n<li>Kr\u00f3tszy czas przestoju<\/li>\n<\/ul>\n\n\n\n<h3 class=\"wp-block-heading\">Dzia\u0142anie aktywowane rysowaniem<\/h3>\n\n\n\n<p>Falcon 48000 wykorzystuje <strong>System aktywacji bez u\u017cycia przycisk\u00f3w<\/strong>, dzi\u0119ki czemu jest niezwykle \u0142atwy w u\u017cyciu.<\/p>\n\n\n\n<p>Wystarczy wykona\u0107 wdech, aby aktywowa\u0107 urz\u0105dzenie.<\/p>\n\n\n\n<h2 class=\"wp-block-heading\">Specyfikacje<\/h2>\n\n\n\n<ul class=\"wp-block-list\">\n<li>Pojemno\u015b\u0107 dmuchawy: Do 48 000 zaci\u0105gni\u0119\u0107<\/li>\n\n\n\n<li>Pojemno\u015b\u0107 e-cieczy: 45 ml<\/li>\n\n\n\n<li>Akumulator: 1000 mAh wielokrotnego \u0142adowania<\/li>\n\n\n\n<li>Cewka: Podw\u00f3jna cewka siatkowa<\/li>\n\n\n\n<li>Przep\u0142yw powietrza: Regulowany<\/li>\n\n\n\n<li>Port \u0142adowania: Type-C<\/li>\n\n\n\n<li>Aktywacja: Aktywowany losowaniem<\/li>\n\n\n\n<li>Konstrukcja: Ultra-przezroczysta pow\u0142oka<\/li>\n<\/ul>\n\n\n\n<h2 class=\"wp-block-heading\">Kolekcja smak\u00f3w<\/h2>\n\n\n\n<p>Dost\u0119pny w szerokiej gamie popularnych opcji smakowych:<\/p>\n\n\n\n<ul class=\"wp-block-list\">\n<li>Arbuzowy l\u00f3d<\/li>\n\n\n\n<li>Arbuz Mango Brzoskwinia<\/li>\n\n\n\n<li>Truskawkowy l\u00f3d arbuzowy<\/li>\n\n\n\n<li>Truskawkowy Red Bull<\/li>\n\n\n\n<li>L\u00f3d truskawkowo-malinowo-wi\u015bniowy<\/li>\n\n\n\n<li>Truskawka Kiwi<\/li>\n\n\n\n<li>L\u00f3d truskawkowy<\/li>\n\n\n\n<li>Passion Fruit Kiwi<\/li>\n\n\n\n<li>Mixed Berry<\/li>\n\n\n\n<li>Love 66<\/li>\n\n\n\n<li>Kiwi Watermelon Ice<\/li>\n\n\n\n<li>Soczyste brzoskwinie<\/li>\n\n\n\n<li>Musuj\u0105ce paski truskawkowe<\/li>\n\n\n\n<li>Hawaje<\/li>\n\n\n\n<li>Cherry Cola<\/li>\n\n\n\n<li>Cherry Berry<\/li>\n\n\n\n<li>Bor\u00f3wka Malina<\/li>\n\n\n\n<li>Jagoda Kiwi<\/li>\n\n\n\n<li>Blue Razz Cherry<\/li>\n\n\n\n<li>Black Dragon Ice<\/li>\n<\/ul>\n\n\n\n<p>Te profile smakowe \u0142\u0105cz\u0105 w sobie inspiracje owocami, lodem, s\u0142odyczami i napojami, zapewniaj\u0105c zr\u00f3wnowa\u017cone i przyjemne doznania podczas waporyzacji.<\/p>\n\n\n\n<h2 class=\"wp-block-heading\">Dlaczego warto wybra\u0107 JNR Falcon Bar 48000?<\/h2>\n\n\n\n<ul class=\"wp-block-list\">\n<li>Bardzo wysoka wydajno\u015b\u0107 nadmuchu<\/li>\n\n\n\n<li>Przejrzysty, nowoczesny design<\/li>\n\n\n\n<li>Technologia aromatyzacji z podw\u00f3jn\u0105 cewk\u0105 siatkow\u0105<\/li>\n\n\n\n<li>Regulowana kontrola przep\u0142ywu powietrza<\/li>\n\n\n\n<li>Wydajny akumulator<\/li>\n\n\n\n<li>Szeroki wyb\u00f3r smak\u00f3w<\/li>\n<\/ul>\n\n\n\n<p>The <strong>JNR Falcon Bar 48000<\/strong> \u0142\u0105czy wydajno\u015b\u0107, estetyk\u0119 i niezawodno\u015b\u0107 w jednym jednorazowym waporyzatorze o du\u017cej pojemno\u015bci, zaprojektowanym z my\u015bl\u0105 o d\u0142ugotrwa\u0142ej satysfakcji.<\/p>","protected":false},"excerpt":{"rendered":"<p>The JNR Falcon Bar 48000 is designed for vapers who want extended performance, rich flavor delivery, and a modern transparent design. With up to 48,000 puffs, a powerful 1000mAh rechargeable battery, and dual mesh coil technology, this device delivers a consistent and satisfying vaping experience from start to finish. Its ultra-transparent shell not only creates [&hellip;]<\/p>\n","protected":false},"featured_media":27832,"comment_status":"open","ping_status":"closed","template":"","meta":[],"product_brand":[168],"product_cat":[],"product_tag":[],"class_list":{"0":"post-27822","1":"product","2":"type-product","3":"status-publish","4":"has-post-thumbnail","6":"product_brand-jnr","8":"first","9":"instock","10":"sale","11":"shipping-taxable","12":"purchasable","13":"product-type-variable"},"yoast_head":"<!-- This site is optimized with the Yoast SEO plugin v27.4 - https:\/\/yoast.com\/product\/yoast-seo-wordpress\/ -->\n<title>JNR Falcon Bar 48000 Disposable Vape | 48K Puffs<\/title>\n<meta name=\"description\" content=\"Shop JNR Falcon Bar 48000 disposable vape with 48K puffs 45ml e-liquid capacity, adjustable airflow, and 1000mAh rechargeable battery with Type-C charging.\" \/>\n<meta name=\"robots\" content=\"index, follow, max-snippet:-1, max-image-preview:large, max-video-preview:-1\" \/>\n<link rel=\"canonical\" href=\"https:\/\/vapemaison.com\/pl\/produkt\/jnr-falcon-bar-48000-jednorazowy-vape-48000-zaciagniec-podwojna-cewka-siatkowa\/\" \/>\n<meta property=\"og:locale\" content=\"pl_PL\" \/>\n<meta property=\"og:type\" content=\"article\" \/>\n<meta property=\"og:title\" content=\"JNR Falcon Bar 48000 Disposable Vape | 48K Puffs\" \/>\n<meta property=\"og:description\" content=\"Shop JNR Falcon Bar 48000 disposable vape with 48K puffs 45ml e-liquid capacity, adjustable airflow, and 1000mAh rechargeable battery with Type-C charging.\" \/>\n<meta property=\"og:url\" content=\"https:\/\/vapemaison.com\/pl\/produkt\/jnr-falcon-bar-48000-jednorazowy-vape-48000-zaciagniec-podwojna-cewka-siatkowa\/\" \/>\n<meta property=\"og:site_name\" content=\"VapeMaison\" \/>\n<meta property=\"article:modified_time\" content=\"2026-03-10T06:51:14+00:00\" \/>\n<meta property=\"og:image\" content=\"https:\/\/vapemaison.com\/wp-content\/uploads\/2026\/03\/vapemaison-jnr-falcon-bar-48000-puffs-dispasable-vape-flavor-strawberry-watermelon-ice.webp\" \/>\n\t<meta property=\"og:image:width\" content=\"1600\" \/>\n\t<meta property=\"og:image:height\" content=\"1600\" \/>\n\t<meta property=\"og:image:type\" content=\"image\/webp\" \/>\n<meta name=\"twitter:card\" content=\"summary_large_image\" \/>\n<meta name=\"twitter:label1\" content=\"Szacowany czas czytania\" \/>\n\t<meta name=\"twitter:data1\" content=\"3 minuty\" \/>\n<!-- \/ Yoast SEO plugin. -->","yoast_head_json":{"title":"JNR Falcon Bar 48000 Jednorazowy Vape | 48K Puff\u00f3w","description":"Jednorazowy waporyzator JNR Falcon Bar 48000 z 48 tys. zaci\u0105gni\u0119\u0107, pojemno\u015bci\u0105 45 ml e-liquidu, regulowanym przep\u0142ywem powietrza i akumulatorem 1000 mAh z funkcj\u0105 \u0142adowania przez Type-C.","robots":{"index":"index","follow":"follow","max-snippet":"max-snippet:-1","max-image-preview":"max-image-preview:large","max-video-preview":"max-video-preview:-1"},"canonical":"https:\/\/vapemaison.com\/pl\/produkt\/jnr-falcon-bar-48000-jednorazowy-vape-48000-zaciagniec-podwojna-cewka-siatkowa\/","og_locale":"pl_PL","og_type":"article","og_title":"JNR Falcon Bar 48000 Disposable Vape | 48K Puffs","og_description":"Shop JNR Falcon Bar 48000 disposable vape with 48K puffs 45ml e-liquid capacity, adjustable airflow, and 1000mAh rechargeable battery with Type-C charging.","og_url":"https:\/\/vapemaison.com\/pl\/produkt\/jnr-falcon-bar-48000-jednorazowy-vape-48000-zaciagniec-podwojna-cewka-siatkowa\/","og_site_name":"VapeMaison","article_modified_time":"2026-03-10T06:51:14+00:00","og_image":[{"width":1600,"height":1600,"url":"https:\/\/vapemaison.com\/wp-content\/uploads\/2026\/03\/vapemaison-jnr-falcon-bar-48000-puffs-dispasable-vape-flavor-strawberry-watermelon-ice.webp","type":"image\/webp"}],"twitter_card":"summary_large_image","twitter_misc":{"Szacowany czas czytania":"3 minuty"},"schema":{"@context":"https:\/\/schema.org","@graph":[{"@type":"WebPage","@id":"https:\/\/vapemaison.com\/product\/jnr-falcon-bar-48000-disposable-vape-48000-puffs-dual-mesh-coil\/","url":"https:\/\/vapemaison.com\/product\/jnr-falcon-bar-48000-disposable-vape-48000-puffs-dual-mesh-coil\/","name":"JNR Falcon Bar 48000 Jednorazowy Vape | 48K Puff\u00f3w","isPartOf":{"@id":"https:\/\/vapemaison.com\/#website"},"primaryImageOfPage":{"@id":"https:\/\/vapemaison.com\/product\/jnr-falcon-bar-48000-disposable-vape-48000-puffs-dual-mesh-coil\/#primaryimage"},"image":{"@id":"https:\/\/vapemaison.com\/product\/jnr-falcon-bar-48000-disposable-vape-48000-puffs-dual-mesh-coil\/#primaryimage"},"thumbnailUrl":"https:\/\/vapemaison.com\/wp-content\/uploads\/2026\/03\/vapemaison-jnr-falcon-bar-48000-puffs-dispasable-vape-flavor-strawberry-watermelon-ice.webp","datePublished":"2026-03-10T06:51:09+00:00","dateModified":"2026-03-10T06:51:14+00:00","description":"Jednorazowy waporyzator JNR Falcon Bar 48000 z 48 tys. zaci\u0105gni\u0119\u0107, pojemno\u015bci\u0105 45 ml e-liquidu, regulowanym przep\u0142ywem powietrza i akumulatorem 1000 mAh z funkcj\u0105 \u0142adowania przez Type-C.","breadcrumb":{"@id":"https:\/\/vapemaison.com\/product\/jnr-falcon-bar-48000-disposable-vape-48000-puffs-dual-mesh-coil\/#breadcrumb"},"inLanguage":"pl-PL","potentialAction":[{"@type":"ReadAction","target":["https:\/\/vapemaison.com\/product\/jnr-falcon-bar-48000-disposable-vape-48000-puffs-dual-mesh-coil\/"]}]},{"@type":"ImageObject","inLanguage":"pl-PL","@id":"https:\/\/vapemaison.com\/product\/jnr-falcon-bar-48000-disposable-vape-48000-puffs-dual-mesh-coil\/#primaryimage","url":"https:\/\/vapemaison.com\/wp-content\/uploads\/2026\/03\/vapemaison-jnr-falcon-bar-48000-puffs-dispasable-vape-flavor-strawberry-watermelon-ice.webp","contentUrl":"https:\/\/vapemaison.com\/wp-content\/uploads\/2026\/03\/vapemaison-jnr-falcon-bar-48000-puffs-dispasable-vape-flavor-strawberry-watermelon-ice.webp","width":1600,"height":1600,"caption":"Vapemaison Jnr Falcon Bar Puffs Dispasable Vape Flavor Strawberry Watermelon Ice"},{"@type":"BreadcrumbList","@id":"https:\/\/vapemaison.com\/product\/jnr-falcon-bar-48000-disposable-vape-48000-puffs-dual-mesh-coil\/#breadcrumb","itemListElement":[{"@type":"ListItem","position":1,"name":"\u9996\u9875","item":"https:\/\/vapemaison.com\/"},{"@type":"ListItem","position":2,"name":"Shop","item":"https:\/\/vapemaison.com\/shop\/"},{"@type":"ListItem","position":3,"name":"JNR","item":"https:\/\/vapemaison.com\/brand\/jnr\/"},{"@type":"ListItem","position":4,"name":"JNR Falcon Bar 48000 Disposable Vape | 48,000 Puffs | Dual Mesh Coil"}]},{"@type":"WebSite","@id":"https:\/\/vapemaison.com\/#website","url":"https:\/\/vapemaison.com\/","name":"VapeMaison","description":"Wysokiej jako\u015bci urz\u0105dzenia i akcesoria do waporyzacji","publisher":{"@id":"https:\/\/vapemaison.com\/#organization"},"potentialAction":[{"@type":"SearchAction","target":{"@type":"EntryPoint","urlTemplate":"https:\/\/vapemaison.com\/?s={search_term_string}"},"query-input":{"@type":"PropertyValueSpecification","valueRequired":true,"valueName":"search_term_string"}}],"inLanguage":"pl-PL"},{"@type":"Organization","@id":"https:\/\/vapemaison.com\/#organization","name":"VapeMaison","url":"https:\/\/vapemaison.com\/","logo":{"@type":"ImageObject","inLanguage":"pl-PL","@id":"https:\/\/vapemaison.com\/#\/schema\/logo\/image\/","url":"https:\/\/vapemaison.com\/wp-content\/uploads\/2026\/01\/cropped-vapemaison-logo-g-2026.webp","contentUrl":"https:\/\/vapemaison.com\/wp-content\/uploads\/2026\/01\/cropped-vapemaison-logo-g-2026.webp","width":350,"height":280,"caption":"VapeMaison"},"image":{"@id":"https:\/\/vapemaison.com\/#\/schema\/logo\/image\/"},"sameAs":["https:\/\/www.youtube.com\/@VapeMaison"]}]}},"tiered_pricing_type":"fixed","tiered_pricing_fixed_rules":{"30":"11.99","50":"11.36","100":"10.78","200":"9.99"},"tiered_pricing_product_settings":{"layout":"default","base_unit_name":{"singular":null,"plural":null},"default_variation":null},"tiered_pricing_minimum_quantity":10,"tiered_pricing_roles_data":[],"tiered_pricing_percentage_rules":[],"tiered_pricing_maximum_quantity":null,"tiered_pricing_quantity_step":"10","_links":{"self":[{"href":"https:\/\/vapemaison.com\/pl\/wp-json\/wp\/v2\/product\/27822","targetHints":{"allow":["GET"]}}],"collection":[{"href":"https:\/\/vapemaison.com\/pl\/wp-json\/wp\/v2\/product"}],"about":[{"href":"https:\/\/vapemaison.com\/pl\/wp-json\/wp\/v2\/types\/product"}],"replies":[{"embeddable":true,"href":"https:\/\/vapemaison.com\/pl\/wp-json\/wp\/v2\/comments?post=27822"}],"version-history":[{"count":1,"href":"https:\/\/vapemaison.com\/pl\/wp-json\/wp\/v2\/product\/27822\/revisions"}],"predecessor-version":[{"id":27835,"href":"https:\/\/vapemaison.com\/pl\/wp-json\/wp\/v2\/product\/27822\/revisions\/27835"}],"wp:featuredmedia":[{"embeddable":true,"href":"https:\/\/vapemaison.com\/pl\/wp-json\/wp\/v2\/media\/27832"}],"wp:attachment":[{"href":"https:\/\/vapemaison.com\/pl\/wp-json\/wp\/v2\/media?parent=27822"}],"wp:term":[{"taxonomy":"product_brand","embeddable":true,"href":"https:\/\/vapemaison.com\/pl\/wp-json\/wp\/v2\/product_brand?post=27822"},{"taxonomy":"product_cat","embeddable":true,"href":"https:\/\/vapemaison.com\/pl\/wp-json\/wp\/v2\/product_cat?post=27822"},{"taxonomy":"product_tag","embeddable":true,"href":"https:\/\/vapemaison.com\/pl\/wp-json\/wp\/v2\/product_tag?post=27822"}],"curies":[{"name":"wp","href":"https:\/\/api.w.org\/{rel}","templated":true}]}}