

{"id":27868,"date":"2026-03-12T03:34:34","date_gmt":"2026-03-12T03:34:34","guid":{"rendered":"https:\/\/vapemaison.com\/?post_type=product&#038;p=27868"},"modified":"2026-03-12T03:34:39","modified_gmt":"2026-03-12T03:34:39","slug":"fumot-digital-monkey-40000-40k-puff-jednorazowy-vape","status":"publish","type":"product","link":"https:\/\/vapemaison.com\/pl\/product\/fumot-digital-monkey-40000-40k-puffs-disposable-vape\/","title":{"rendered":"Fumot Digital Monkey 40000 40K Puffs jednorazowy Vape"},"content":{"rendered":"<p>The <strong>Fumot Digital Monkey 40000 40K Puffs jednorazowy Vape<\/strong> jest pot\u0119\u017cn\u0105 aktualizacj\u0105 znanego <strong>Fumot 12000<\/strong>. Zaprojektowane z wykorzystaniem zaawansowanej technologii i nowoczesnego wygl\u0105du, urz\u0105dzenie to \u0142\u0105czy w sobie <strong>wydajno\u015b\u0107 podw\u00f3jnej cewki siatkowej, inteligentny wy\u015bwietlacz i prze\u0142\u0105czane tryby waporyzacji<\/strong> aby zapewni\u0107 bardziej interaktywne wra\u017cenia z waporyzacji.<\/p>\n\n\n\n<p>Po pierwsze, urz\u0105dzenie jest wyposa\u017cone w <strong>Stylowa, przeszklona obudowa<\/strong> wraz z kultowym <strong>\u201cGrafika \u201dCyfrowa ma\u0142pa\"<\/strong>, nadaj\u0105c mu charakterystyczny wygl\u0105d klasy premium. Jednocze\u015bnie <strong>du\u017cy inteligentny ekran skierowany do przodu<\/strong> wy\u015bwietla istotne informacje w czasie rzeczywistym, w tym <strong>poziom na\u0142adowania baterii, stan e-cieczy i bie\u017c\u0105cy tryb waporyzacji<\/strong>.<\/p>\n\n\n\n<h2 class=\"wp-block-heading\">Inteligentny wy\u015bwietlacz z informacjami w czasie rzeczywistym<\/h2>\n\n\n\n<p>Jedna z wyr\u00f3\u017cniaj\u0105cych si\u0119 funkcji Digital Monkey <strong>40K Puffs<\/strong> jest jego <strong>zintegrowany inteligentny system wy\u015bwietlania<\/strong>. Ekran nie tylko podkre\u015bla design Digital Monkey, ale tak\u017ce zapewnia <strong>dane operacyjne na \u017cywo<\/strong> dla wygodniejszego wapowania.<\/p>\n\n\n\n<p>Na wy\u015bwietlaczu pojawi si\u0119 :<\/p>\n\n\n\n<ul class=\"wp-block-list\">\n<li>Pozosta\u0142e <strong>poziom na\u0142adowania baterii<\/strong><\/li>\n\n\n\n<li><strong>Poziom e-cieczy<\/strong><\/li>\n\n\n\n<li>Aktualny <strong>tryb waporyzacji<\/strong><\/li>\n\n\n\n<li>Wska\u017aniki stanu urz\u0105dzenia<\/li>\n<\/ul>\n\n\n\n<p>W rezultacie u\u017cytkownicy mog\u0105 \u0142atwo monitorowa\u0107 urz\u0105dzenie i unika\u0107 nieoczekiwanych przerw.<\/p>\n\n\n\n<h2 class=\"wp-block-heading\">Tryby waporyzacji z dwoma silnikami<\/h2>\n\n\n\n<p>Ponadto urz\u0105dzenie oferuje <strong>dwa tryby zasilania do wyboru<\/strong> aby dopasowa\u0107 si\u0119 do r\u00f3\u017cnych styl\u00f3w waporyzacji.<\/p>\n\n\n\n<p><strong>Tryb podw\u00f3jnego silnika (D)<\/strong><br>Wytwarza silniejsz\u0105 par\u0119 i bardziej intensywny smak.<\/p>\n\n\n\n<p><strong>Tryb pojedynczego silnika (S)<\/strong><br>Zapewnia p\u0142ynniejsz\u0105 i bardziej zr\u00f3wnowa\u017con\u0105 codzienn\u0105 waporyzacj\u0119.<\/p>\n\n\n\n<p>Co wi\u0119cej, prze\u0142\u0105czanie mi\u0119dzy tymi trybami jest proste. U\u017cytkownicy musz\u0105 jedynie nacisn\u0105\u0107 przycisk <strong>znajduj\u0105cy si\u0119 w dolnej cz\u0119\u015bci urz\u0105dzenia<\/strong>.<\/p>\n\n\n\n<h2 class=\"wp-block-heading\">Technologia podw\u00f3jnej cewki siatkowej<\/h2>\n\n\n\n<p>Kolejn\u0105 kluczow\u0105 cech\u0105 jest <strong>System cewek z podw\u00f3jn\u0105 siatk\u0105<\/strong>. W por\u00f3wnaniu z tradycyjnymi cewkami, ta konstrukcja wykorzystuje <strong>dwie warstwy siatkowego materia\u0142u grzewczego<\/strong>, co zwi\u0119ksza powierzchni\u0119, kt\u00f3ra wchodzi w kontakt z e-ciecz\u0105.<\/p>\n\n\n\n<p>Ze wzgl\u0119du na t\u0119 struktur\u0119:<\/p>\n\n\n\n<ul class=\"wp-block-list\">\n<li>Dystrybucja ciep\u0142a staje si\u0119 bardziej r\u00f3wnomierna<\/li>\n\n\n\n<li>Produkcja pary staje si\u0119 p\u0142ynniejsza<\/li>\n\n\n\n<li>Intensywno\u015b\u0107 smaku znacznie si\u0119 poprawia<\/li>\n<\/ul>\n\n\n\n<p>Dlatego ka\u017cde zaci\u0105gni\u0119cie dostarcza <strong>bogatszy i bardziej satysfakcjonuj\u0105cy smak<\/strong>.<\/p>\n\n\n\n<h2 class=\"wp-block-heading\">Akumulator dla d\u0142u\u017cszego u\u017cytkowania<\/h2>\n\n\n\n<p>Tymczasem urz\u0105dzenie jest zasilane przez <strong>Akumulator o pojemno\u015bci 850 mAh<\/strong> z <strong>Szybkie \u0142adowanie przez USB-C<\/strong>. Pozwala to u\u017cytkownikom na wielokrotne \u0142adowanie urz\u0105dzenia przez ca\u0142y okres jego u\u017cytkowania.<\/p>\n\n\n\n<p>W zwi\u0105zku z tym bateria nie wyczerpie si\u0119 przed up\u0142ywem okre\u015blonego czasu. <strong>Wst\u0119pnie nape\u0142niony e-liquid<\/strong> jest w pe\u0142ni wykorzystana, zapewniaj\u0105c d\u0142u\u017csze i bardziej niezawodne doznania z waporyzacji.<\/p>\n\n\n\n<h2 class=\"wp-block-heading\">Szybka specyfikacja<\/h2>\n\n\n\n<p>Puffy: <strong>Do 40 000 zaci\u0105gni\u0119\u0107<\/strong><br>Bateria: <strong>Akumulator 850 mAh (USB-C)<\/strong><br>Cewka: <strong>Cewka z podw\u00f3jn\u0105 siatk\u0105<\/strong><br>Wy\u015bwietlacz: <strong>Inteligentny ekran (bateria, poziom e-cieczy, wska\u017anik trybu)<\/strong><br>Pojemno\u015b\u0107 e-liquidu: <strong>Wst\u0119pnie nape\u0142niony 16 ml<\/strong><br>Moc nikotyny: <strong>2% (20 mg) \/ 5% (50 mg)<\/strong><br>Tryby: <strong>Podw\u00f3jny silnik (D) \/ pojedynczy silnik (S)<\/strong><br>Projekt: <strong>Przeszklony wz\u00f3r zewn\u0119trzny + cyfrowa grafika ma\u0142py<\/strong><\/p>\n\n\n\n<h2 class=\"wp-block-heading\">Dost\u0119pne smaki<\/h2>\n\n\n\n<p>L\u00f3d bananowy<br>Arbuz truskawkowy<br>Miami Mint<br>Bor\u00f3wka Malina<br>Czarny l\u00f3d<br>Bia\u0142y \u017celkowy l\u00f3d<br>Arbuzowy l\u00f3d<br>Soczysty brzoskwiniowy l\u00f3d<br>R\u00f3\u017cowa Lemoniada<br>Mango truskawkowe<br>Brzoskwinia Mango Arbuz<br>Grape Lemon<br>Tropical Rainbow Blast<br>Wi\u015bniowa bomba<br>Cukierki truskawkowo-mi\u0119towe<br>Podw\u00f3jne jab\u0142ko<\/p>","protected":false},"excerpt":{"rendered":"<p>Fumot Digital Monkey 40000 \u0142\u0105czy w sobie wydajno\u015b\u0107 podw\u00f3jnej cewki siatkowej, technologi\u0119 inteligentnego ekranu i prze\u0142\u0105czane tryby waporyzacji.<br data-start=\"3810\" data-end=\"3813\" \/>Dzi\u0119ki 40 tysi\u0105com zaci\u0105gni\u0119\u0107 i akumulatorowi o pojemno\u015bci 850 mAh, zapewnia on pot\u0119\u017cne i d\u0142ugotrwa\u0142e doznania podczas waporyzacji.<\/p>","protected":false},"featured_media":27882,"comment_status":"open","ping_status":"closed","template":"","meta":[],"product_brand":[58],"product_cat":[135],"product_tag":[],"class_list":{"0":"post-27868","1":"product","2":"type-product","3":"status-publish","4":"has-post-thumbnail","6":"product_brand-fumot","7":"product_cat-40k-puffs","9":"first","10":"instock","11":"sale","12":"shipping-taxable","13":"purchasable","14":"product-type-variable"},"yoast_head":"<!-- This site is optimized with the Yoast SEO plugin v27.4 - https:\/\/yoast.com\/product\/yoast-seo-wordpress\/ -->\n<title>Fumot Digital Monkey 40000 40K Puffs Disposable Vape<\/title>\n<meta name=\"description\" content=\"Fumot Digital Monkey 40000 disposable vape with dual mesh coil, smart display, dual modes and rechargeable 850mAh battery. Up to 40K puffs.\" \/>\n<meta name=\"robots\" content=\"index, follow, max-snippet:-1, max-image-preview:large, max-video-preview:-1\" \/>\n<link rel=\"canonical\" href=\"https:\/\/vapemaison.com\/pl\/produkt\/fumot-digital-monkey-40000-40k-puff-jednorazowy-vape\/\" \/>\n<meta property=\"og:locale\" content=\"pl_PL\" \/>\n<meta property=\"og:type\" content=\"article\" \/>\n<meta property=\"og:title\" content=\"Fumot Digital Monkey 40000 40K Puffs Disposable Vape\" \/>\n<meta property=\"og:description\" content=\"Fumot Digital Monkey 40000 disposable vape with dual mesh coil, smart display, dual modes and rechargeable 850mAh battery. Up to 40K puffs.\" \/>\n<meta property=\"og:url\" content=\"https:\/\/vapemaison.com\/pl\/produkt\/fumot-digital-monkey-40000-40k-puff-jednorazowy-vape\/\" \/>\n<meta property=\"og:site_name\" content=\"VapeMaison\" \/>\n<meta property=\"article:modified_time\" content=\"2026-03-12T03:34:39+00:00\" \/>\n<meta property=\"og:image\" content=\"https:\/\/vapemaison.com\/wp-content\/uploads\/2026\/03\/vapemaison-fumot-digital-monkey-40000-puffs-strawberry-watermelon.webp\" \/>\n\t<meta property=\"og:image:width\" content=\"1000\" \/>\n\t<meta property=\"og:image:height\" content=\"1000\" \/>\n\t<meta property=\"og:image:type\" content=\"image\/webp\" \/>\n<meta name=\"twitter:card\" content=\"summary_large_image\" \/>\n<meta name=\"twitter:label1\" content=\"Szacowany czas czytania\" \/>\n\t<meta name=\"twitter:data1\" content=\"3 minuty\" \/>\n<!-- \/ Yoast SEO plugin. -->","yoast_head_json":{"title":"Fumot Digital Monkey 40000 40K Puffs jednorazowy Vape","description":"Jednorazowy waporyzator Fumot Digital Monkey 40000 z podw\u00f3jn\u0105 cewk\u0105 siatkow\u0105, inteligentnym wy\u015bwietlaczem, dwoma trybami i akumulatorem 850 mAh. Do 40 tys. zaci\u0105gni\u0119\u0107.","robots":{"index":"index","follow":"follow","max-snippet":"max-snippet:-1","max-image-preview":"max-image-preview:large","max-video-preview":"max-video-preview:-1"},"canonical":"https:\/\/vapemaison.com\/pl\/produkt\/fumot-digital-monkey-40000-40k-puff-jednorazowy-vape\/","og_locale":"pl_PL","og_type":"article","og_title":"Fumot Digital Monkey 40000 40K Puffs Disposable Vape","og_description":"Fumot Digital Monkey 40000 disposable vape with dual mesh coil, smart display, dual modes and rechargeable 850mAh battery. Up to 40K puffs.","og_url":"https:\/\/vapemaison.com\/pl\/produkt\/fumot-digital-monkey-40000-40k-puff-jednorazowy-vape\/","og_site_name":"VapeMaison","article_modified_time":"2026-03-12T03:34:39+00:00","og_image":[{"width":1000,"height":1000,"url":"https:\/\/vapemaison.com\/wp-content\/uploads\/2026\/03\/vapemaison-fumot-digital-monkey-40000-puffs-strawberry-watermelon.webp","type":"image\/webp"}],"twitter_card":"summary_large_image","twitter_misc":{"Szacowany czas czytania":"3 minuty"},"schema":{"@context":"https:\/\/schema.org","@graph":[{"@type":"WebPage","@id":"https:\/\/vapemaison.com\/product\/fumot-digital-monkey-40000-40k-puffs-disposable-vape\/","url":"https:\/\/vapemaison.com\/product\/fumot-digital-monkey-40000-40k-puffs-disposable-vape\/","name":"Fumot Digital Monkey 40000 40K Puffs jednorazowy Vape","isPartOf":{"@id":"https:\/\/vapemaison.com\/#website"},"primaryImageOfPage":{"@id":"https:\/\/vapemaison.com\/product\/fumot-digital-monkey-40000-40k-puffs-disposable-vape\/#primaryimage"},"image":{"@id":"https:\/\/vapemaison.com\/product\/fumot-digital-monkey-40000-40k-puffs-disposable-vape\/#primaryimage"},"thumbnailUrl":"https:\/\/vapemaison.com\/wp-content\/uploads\/2026\/03\/vapemaison-fumot-digital-monkey-40000-puffs-strawberry-watermelon.webp","datePublished":"2026-03-12T03:34:34+00:00","dateModified":"2026-03-12T03:34:39+00:00","description":"Jednorazowy waporyzator Fumot Digital Monkey 40000 z podw\u00f3jn\u0105 cewk\u0105 siatkow\u0105, inteligentnym wy\u015bwietlaczem, dwoma trybami i akumulatorem 850 mAh. Do 40 tys. zaci\u0105gni\u0119\u0107.","breadcrumb":{"@id":"https:\/\/vapemaison.com\/product\/fumot-digital-monkey-40000-40k-puffs-disposable-vape\/#breadcrumb"},"inLanguage":"pl-PL","potentialAction":[{"@type":"ReadAction","target":["https:\/\/vapemaison.com\/product\/fumot-digital-monkey-40000-40k-puffs-disposable-vape\/"]}]},{"@type":"ImageObject","inLanguage":"pl-PL","@id":"https:\/\/vapemaison.com\/product\/fumot-digital-monkey-40000-40k-puffs-disposable-vape\/#primaryimage","url":"https:\/\/vapemaison.com\/wp-content\/uploads\/2026\/03\/vapemaison-fumot-digital-monkey-40000-puffs-strawberry-watermelon.webp","contentUrl":"https:\/\/vapemaison.com\/wp-content\/uploads\/2026\/03\/vapemaison-fumot-digital-monkey-40000-puffs-strawberry-watermelon.webp","width":1000,"height":1000,"caption":"Vapemaison Fumot Digital Monkey Puffs Strawberry Watermelon"},{"@type":"BreadcrumbList","@id":"https:\/\/vapemaison.com\/product\/fumot-digital-monkey-40000-40k-puffs-disposable-vape\/#breadcrumb","itemListElement":[{"@type":"ListItem","position":1,"name":"\u9996\u9875","item":"https:\/\/vapemaison.com\/"},{"@type":"ListItem","position":2,"name":"Shop","item":"https:\/\/vapemaison.com\/shop\/"},{"@type":"ListItem","position":3,"name":"Fumot","item":"https:\/\/vapemaison.com\/brand\/fumot\/"},{"@type":"ListItem","position":4,"name":"Fumot Digital Monkey 40000 40K Puffs Disposable Vape"}]},{"@type":"WebSite","@id":"https:\/\/vapemaison.com\/#website","url":"https:\/\/vapemaison.com\/","name":"VapeMaison","description":"Wysokiej jako\u015bci urz\u0105dzenia i akcesoria do waporyzacji","publisher":{"@id":"https:\/\/vapemaison.com\/#organization"},"potentialAction":[{"@type":"SearchAction","target":{"@type":"EntryPoint","urlTemplate":"https:\/\/vapemaison.com\/?s={search_term_string}"},"query-input":{"@type":"PropertyValueSpecification","valueRequired":true,"valueName":"search_term_string"}}],"inLanguage":"pl-PL"},{"@type":"Organization","@id":"https:\/\/vapemaison.com\/#organization","name":"VapeMaison","url":"https:\/\/vapemaison.com\/","logo":{"@type":"ImageObject","inLanguage":"pl-PL","@id":"https:\/\/vapemaison.com\/#\/schema\/logo\/image\/","url":"https:\/\/vapemaison.com\/wp-content\/uploads\/2026\/01\/cropped-vapemaison-logo-g-2026.webp","contentUrl":"https:\/\/vapemaison.com\/wp-content\/uploads\/2026\/01\/cropped-vapemaison-logo-g-2026.webp","width":350,"height":280,"caption":"VapeMaison"},"image":{"@id":"https:\/\/vapemaison.com\/#\/schema\/logo\/image\/"},"sameAs":["https:\/\/www.youtube.com\/@VapeMaison"]}]}},"tiered_pricing_type":"fixed","tiered_pricing_fixed_rules":{"30":"9.78","50":"8.99","100":"8.45","200":"7.99"},"tiered_pricing_product_settings":{"layout":"default","base_unit_name":{"singular":null,"plural":null},"default_variation":null},"tiered_pricing_minimum_quantity":10,"tiered_pricing_roles_data":[],"tiered_pricing_percentage_rules":[],"tiered_pricing_maximum_quantity":null,"tiered_pricing_quantity_step":"10","_links":{"self":[{"href":"https:\/\/vapemaison.com\/pl\/wp-json\/wp\/v2\/product\/27868","targetHints":{"allow":["GET"]}}],"collection":[{"href":"https:\/\/vapemaison.com\/pl\/wp-json\/wp\/v2\/product"}],"about":[{"href":"https:\/\/vapemaison.com\/pl\/wp-json\/wp\/v2\/types\/product"}],"replies":[{"embeddable":true,"href":"https:\/\/vapemaison.com\/pl\/wp-json\/wp\/v2\/comments?post=27868"}],"version-history":[{"count":4,"href":"https:\/\/vapemaison.com\/pl\/wp-json\/wp\/v2\/product\/27868\/revisions"}],"predecessor-version":[{"id":27921,"href":"https:\/\/vapemaison.com\/pl\/wp-json\/wp\/v2\/product\/27868\/revisions\/27921"}],"wp:featuredmedia":[{"embeddable":true,"href":"https:\/\/vapemaison.com\/pl\/wp-json\/wp\/v2\/media\/27882"}],"wp:attachment":[{"href":"https:\/\/vapemaison.com\/pl\/wp-json\/wp\/v2\/media?parent=27868"}],"wp:term":[{"taxonomy":"product_brand","embeddable":true,"href":"https:\/\/vapemaison.com\/pl\/wp-json\/wp\/v2\/product_brand?post=27868"},{"taxonomy":"product_cat","embeddable":true,"href":"https:\/\/vapemaison.com\/pl\/wp-json\/wp\/v2\/product_cat?post=27868"},{"taxonomy":"product_tag","embeddable":true,"href":"https:\/\/vapemaison.com\/pl\/wp-json\/wp\/v2\/product_tag?post=27868"}],"curies":[{"name":"wp","href":"https:\/\/api.w.org\/{rel}","templated":true}]}}