

{"id":28087,"date":"2026-03-17T09:03:40","date_gmt":"2026-03-17T09:03:40","guid":{"rendered":"https:\/\/vapemaison.com\/?post_type=product&#038;p=28087"},"modified":"2026-03-17T09:03:46","modified_gmt":"2026-03-17T09:03:46","slug":"bang-legend-geek-60000-puffow-jednorazowy-vape","status":"publish","type":"product","link":"https:\/\/vapemaison.com\/pl\/product\/bang-legend-geek-60000-puffs-disposable-vape\/","title":{"rendered":"Vape jednorazowego u\u017cytku Bang Legend Geek 60000 Puffs"},"content":{"rendered":"<p>The <strong>Vape jednorazowego u\u017cytku Bang Legend Geek 60000 Puffs<\/strong> jest przeznaczony dla vaper\u00f3w, kt\u00f3rzy wymagaj\u0105 <strong>Ekstremalna wydajno\u015b\u0107 zaci\u0105gania si\u0119, mo\u017cliwo\u015b\u0107 dostosowania waporyzacji i inteligentne sterowanie<\/strong>. Dostarczanie do <strong>60000 Puff\u00f3w<\/strong>, Urz\u0105dzenie to \u0142\u0105czy w sobie <strong>e-liquid o du\u017cej pojemno\u015bci, zaawansowana technologia cewek siatkowych i akumulator wielokrotnego \u0142adowania<\/strong> zapewnia d\u0142ugotrwa\u0142\u0105 przyjemno\u015b\u0107 i bogaty smak, dzi\u0119ki czemu idealnie nadaje si\u0119 do codziennego u\u017cytku, sprzeda\u017cy hurtowej lub detalicznej.<\/p>\n\n\n\n<h3 class=\"wp-block-heading\">Najwy\u017csza wydajno\u015b\u0107 i wytrzyma\u0142o\u015b\u0107<\/h3>\n\n\n\n<p>Wyposa\u017cony w <strong>Akumulator o pojemno\u015bci 850 mAh<\/strong> oraz <strong>Szybkie \u0142adowanie typu C<\/strong>, Bang Legend Geek 60K zapewnia nieprzerwan\u0105 waporyzacj\u0119. Jego <strong>Cewka o oczkach 1,0\u03a9<\/strong> zapewnia p\u0142ynne zaci\u0105ganie, g\u0119ste chmury i zwi\u0119kszon\u0105 wyrazisto\u015b\u0107 smaku. Model <strong>Pojemno\u015b\u0107 e-liquidu 19 ml<\/strong> pozwala na d\u0142u\u017csze sesje bez konieczno\u015bci cz\u0119stego uzupe\u0142niania, a <strong>przezroczyste okienko e-liquidu<\/strong> pomaga monitorowa\u0107 poziomy, aby unikn\u0105\u0107 suchych uderze\u0144.<\/p>\n\n\n\n<h3 class=\"wp-block-heading\">Konfigurowalne do\u015bwiadczenie waporyzacji<\/h3>\n\n\n\n<p>Urz\u0105dzenie zosta\u0142o zaprojektowane z my\u015bl\u0105 o elastyczno\u015bci u\u017cytkownika:<\/p>\n\n\n\n<ul class=\"wp-block-list\">\n<li><strong>Regulowany przep\u0142yw powietrza<\/strong> - Precyzyjnie dostosuj ka\u017cdy wdech do preferencji MTL lub DTL.<\/li>\n\n\n\n<li><strong>Tryb Turbo<\/strong> - Zwi\u0119ksza moc, zapewniaj\u0105c mocniejsze i bardziej intensywne doznania podczas waporyzacji.<\/li>\n\n\n\n<li>Kompaktowy <strong>48,5\u00d727\u00d7100 mm<\/strong> przeno\u015bny i ergonomiczny korpus do codziennego u\u017cytku.<\/li>\n<\/ul>\n\n\n\n<h3 class=\"wp-block-heading\">Opcje nikotyny i smaku<\/h3>\n\n\n\n<p>Dost\u0119pne w <strong>Nikotyna 2%, 3% i 5%<\/strong>, Bang Legend Geek 60K jest odpowiedni zar\u00f3wno dla lekkich, jak i ci\u0119\u017ckich u\u017cytkownik\u00f3w. Z <strong>12 pysznych smak\u00f3w<\/strong>, mo\u017cna cieszy\u0107 si\u0119 r\u00f3\u017cnorodno\u015bci\u0105 smak\u00f3w:<\/p>\n\n\n\n<ul class=\"wp-block-list\">\n<li>Arbuz truskawkowy<\/li>\n\n\n\n<li>L\u00f3d jagodowy<\/li>\n\n\n\n<li>Bor\u00f3wka Malina<\/li>\n\n\n\n<li>Owoce truskawki i kiwi<\/li>\n\n\n\n<li>Banan truskawkowy<\/li>\n\n\n\n<li>L\u00f3d winogronowy<\/li>\n\n\n\n<li>Mango truskawkowe<\/li>\n\n\n\n<li>Kiwi Passion Fruit Guava<\/li>\n\n\n\n<li>Mamba<\/li>\n\n\n\n<li>Love 66<\/li>\n\n\n\n<li>Jagody mieszane<\/li>\n\n\n\n<li>L\u00f3d brzoskwiniowy<\/li>\n<\/ul>\n\n\n\n<h3 class=\"wp-block-heading\">Specyfikacja produktu<\/h3>\n\n\n\n<figure class=\"wp-block-table\"><table class=\"has-fixed-layout\"><thead><tr><th>Cecha<\/th><th>Szczeg\u00f3\u0142y<\/th><\/tr><\/thead><tbody><tr><td>Puff Count<\/td><td>Do 60 000 zaci\u0105gni\u0119\u0107<\/td><\/tr><tr><td>Opcje nikotyny<\/td><td>2%, 3%, 5%<\/td><\/tr><tr><td>Pojemno\u015b\u0107 e-liquidu<\/td><td>19 ml<\/td><\/tr><tr><td>Cewka<\/td><td>Siatkowa cewka 1,0\u03a9<\/td><\/tr><tr><td>Bateria<\/td><td>Akumulator 850 mAh<\/td><\/tr><tr><td>Port \u0142adowania<\/td><td>Typ-C<\/td><\/tr><tr><td>Przep\u0142yw powietrza<\/td><td>Regulowany<\/td><\/tr><tr><td>Tryb specjalny<\/td><td>Tryb Turbo<\/td><\/tr><tr><td>Okno e-liquidu<\/td><td>Wyra\u017any dla \u0142atwego monitorowania<\/td><\/tr><tr><td>Wymiary<\/td><td>48,5 \u00d7 27 \u00d7 100 mm<\/td><\/tr><tr><td>Smaki<\/td><td>12 opcji premium<\/td><\/tr><tr><td>Opakowanie<\/td><td>10 sztuk\/pude\u0142ko<\/td><\/tr><\/tbody><\/table><\/figure>\n\n\n\n<h3 class=\"wp-block-heading\">Dlaczego warto wybra\u0107 Bang Legend Geek 60K?<\/h3>\n\n\n\n<ol class=\"wp-block-list\">\n<li><strong>Ekstremalna liczba puff\u00f3w<\/strong> - Do 60 000 zaci\u0105gni\u0119\u0107 dla d\u0142ugotrwa\u0142ej przyjemno\u015bci.<\/li>\n\n\n\n<li><strong>Wysoka klarowno\u015b\u0107 smaku<\/strong> - Zaawansowana technologia cewek siatkowych poprawia ka\u017cde zaci\u0105gni\u0119cie.<\/li>\n\n\n\n<li><strong>Konfigurowalny i wydajny<\/strong> - Regulowany przep\u0142yw powietrza i tryb Turbo zaspokajaj\u0105 indywidualne preferencje.<\/li>\n\n\n\n<li><strong>D\u0142ugotrwa\u0142y sok<\/strong> - Pojemno\u015b\u0107 19 ml e-liquidu minimalizuje przerwy w uzupe\u0142nianiu.<\/li>\n\n\n\n<li><strong>Inteligentny i wygodny<\/strong> - Akumulator z interfejsem Type-C i przezroczystym okienkiem na e-liquid zapewnia bezproblemowe u\u017cytkowanie.<\/li>\n\n\n\n<li><strong>R\u00f3\u017cnorodno\u015b\u0107 smak\u00f3w<\/strong> - 12 pysznych opcji smakowych zapewnia co\u015b dla ka\u017cdego.<\/li>\n<\/ol>\n\n\n\n<p>The <strong>Vape jednorazowego u\u017cytku Bang Legend Geek 60000 Puffs<\/strong> kombajny <strong>Wysoka wydajno\u015b\u0107, trwa\u0142o\u015b\u0107 i wygoda<\/strong>, co czyni go doskona\u0142ym wyborem dla vaper\u00f3w, kt\u00f3rzy chc\u0105 <strong>d\u0142ugotrwa\u0142e chmury, bogaty smak i mo\u017cliwo\u015b\u0107 dostosowania do w\u0142asnych potrzeb<\/strong>.<\/p>","protected":false},"excerpt":{"rendered":"<p>Do 60 000 zaci\u0105gni\u0119\u0107 w 12 smakach premium zapewnia d\u0142ugotrwa\u0142\u0105 przyjemno\u015b\u0107.<br data-start=\"629\" data-end=\"632\" \/>Regulowany przep\u0142yw powietrza, tryb Turbo i akumulator typu C zapewniaj\u0105 mocn\u0105, sp\u00f3jn\u0105 waporyzacj\u0119.<\/p>","protected":false},"featured_media":28098,"comment_status":"open","ping_status":"closed","template":"","meta":[],"product_brand":[57],"product_cat":[137],"product_tag":[],"class_list":{"0":"post-28087","1":"product","2":"type-product","3":"status-publish","4":"has-post-thumbnail","6":"product_brand-bang","7":"product_cat-60k-puffs","9":"first","10":"instock","11":"sale","12":"shipping-taxable","13":"purchasable","14":"product-type-variable"},"yoast_head":"<!-- This site is optimized with the Yoast SEO plugin v27.4 - https:\/\/yoast.com\/product\/yoast-seo-wordpress\/ -->\n<title>Bang Legend Geek 60000 Puffs Disposable Vape - VapeMaison<\/title>\n<meta name=\"description\" content=\"Experience the Bang Legend Geek 60000 Puffs Disposable Vape with up to 60,000 puffs, and 12 delicious flavors for long-lasting, flavorful vaping.\" \/>\n<meta name=\"robots\" content=\"index, follow, max-snippet:-1, max-image-preview:large, max-video-preview:-1\" \/>\n<link rel=\"canonical\" href=\"https:\/\/vapemaison.com\/pl\/produkt\/bang-legend-geek-60000-puffow-jednorazowy-vape\/\" \/>\n<meta property=\"og:locale\" content=\"pl_PL\" \/>\n<meta property=\"og:type\" content=\"article\" \/>\n<meta property=\"og:title\" content=\"Bang Legend Geek 60000 Puffs Disposable Vape - VapeMaison\" \/>\n<meta property=\"og:description\" content=\"Experience the Bang Legend Geek 60000 Puffs Disposable Vape with up to 60,000 puffs, and 12 delicious flavors for long-lasting, flavorful vaping.\" \/>\n<meta property=\"og:url\" content=\"https:\/\/vapemaison.com\/pl\/produkt\/bang-legend-geek-60000-puffow-jednorazowy-vape\/\" \/>\n<meta property=\"og:site_name\" content=\"VapeMaison\" \/>\n<meta property=\"article:modified_time\" content=\"2026-03-17T09:03:46+00:00\" \/>\n<meta property=\"og:image\" content=\"https:\/\/vapemaison.com\/wp-content\/uploads\/2026\/03\/vapemaison-bang-legend-geek-60000-60k-puffs-strawberry-kiwi-fruit.webp\" \/>\n\t<meta property=\"og:image:width\" content=\"2000\" \/>\n\t<meta property=\"og:image:height\" content=\"2000\" \/>\n\t<meta property=\"og:image:type\" content=\"image\/webp\" \/>\n<meta name=\"twitter:card\" content=\"summary_large_image\" \/>\n<meta name=\"twitter:label1\" content=\"Szacowany czas czytania\" \/>\n\t<meta name=\"twitter:data1\" content=\"2 minuty\" \/>\n<!-- \/ Yoast SEO plugin. -->","yoast_head_json":{"title":"Bang Legend Geek 60000 Puffs jednorazowe Vape - VapeMaison","description":"Jednorazowy waporyzator Bang Legend Geek 60000 Puffs oferuje do 60 000 zaci\u0105gni\u0119\u0107 i 12 pysznych smak\u00f3w zapewniaj\u0105cych d\u0142ugotrwa\u0142\u0105 i aromatyczn\u0105 waporyzacj\u0119.","robots":{"index":"index","follow":"follow","max-snippet":"max-snippet:-1","max-image-preview":"max-image-preview:large","max-video-preview":"max-video-preview:-1"},"canonical":"https:\/\/vapemaison.com\/pl\/produkt\/bang-legend-geek-60000-puffow-jednorazowy-vape\/","og_locale":"pl_PL","og_type":"article","og_title":"Bang Legend Geek 60000 Puffs Disposable Vape - VapeMaison","og_description":"Experience the Bang Legend Geek 60000 Puffs Disposable Vape with up to 60,000 puffs, and 12 delicious flavors for long-lasting, flavorful vaping.","og_url":"https:\/\/vapemaison.com\/pl\/produkt\/bang-legend-geek-60000-puffow-jednorazowy-vape\/","og_site_name":"VapeMaison","article_modified_time":"2026-03-17T09:03:46+00:00","og_image":[{"width":2000,"height":2000,"url":"https:\/\/vapemaison.com\/wp-content\/uploads\/2026\/03\/vapemaison-bang-legend-geek-60000-60k-puffs-strawberry-kiwi-fruit.webp","type":"image\/webp"}],"twitter_card":"summary_large_image","twitter_misc":{"Szacowany czas czytania":"2 minuty"},"schema":{"@context":"https:\/\/schema.org","@graph":[{"@type":"WebPage","@id":"https:\/\/vapemaison.com\/product\/bang-legend-geek-60000-puffs-disposable-vape\/","url":"https:\/\/vapemaison.com\/product\/bang-legend-geek-60000-puffs-disposable-vape\/","name":"Bang Legend Geek 60000 Puffs jednorazowe Vape - VapeMaison","isPartOf":{"@id":"https:\/\/vapemaison.com\/#website"},"primaryImageOfPage":{"@id":"https:\/\/vapemaison.com\/product\/bang-legend-geek-60000-puffs-disposable-vape\/#primaryimage"},"image":{"@id":"https:\/\/vapemaison.com\/product\/bang-legend-geek-60000-puffs-disposable-vape\/#primaryimage"},"thumbnailUrl":"https:\/\/vapemaison.com\/wp-content\/uploads\/2026\/03\/vapemaison-bang-legend-geek-60000-60k-puffs-strawberry-kiwi-fruit.webp","datePublished":"2026-03-17T09:03:40+00:00","dateModified":"2026-03-17T09:03:46+00:00","description":"Jednorazowy waporyzator Bang Legend Geek 60000 Puffs oferuje do 60 000 zaci\u0105gni\u0119\u0107 i 12 pysznych smak\u00f3w zapewniaj\u0105cych d\u0142ugotrwa\u0142\u0105 i aromatyczn\u0105 waporyzacj\u0119.","breadcrumb":{"@id":"https:\/\/vapemaison.com\/product\/bang-legend-geek-60000-puffs-disposable-vape\/#breadcrumb"},"inLanguage":"pl-PL","potentialAction":[{"@type":"ReadAction","target":["https:\/\/vapemaison.com\/product\/bang-legend-geek-60000-puffs-disposable-vape\/"]}]},{"@type":"ImageObject","inLanguage":"pl-PL","@id":"https:\/\/vapemaison.com\/product\/bang-legend-geek-60000-puffs-disposable-vape\/#primaryimage","url":"https:\/\/vapemaison.com\/wp-content\/uploads\/2026\/03\/vapemaison-bang-legend-geek-60000-60k-puffs-strawberry-kiwi-fruit.webp","contentUrl":"https:\/\/vapemaison.com\/wp-content\/uploads\/2026\/03\/vapemaison-bang-legend-geek-60000-60k-puffs-strawberry-kiwi-fruit.webp","width":2000,"height":2000,"caption":"Vapemaison Bang Legend Geek 60k Puffs Strawberry Kiwi Fruit"},{"@type":"BreadcrumbList","@id":"https:\/\/vapemaison.com\/product\/bang-legend-geek-60000-puffs-disposable-vape\/#breadcrumb","itemListElement":[{"@type":"ListItem","position":1,"name":"\u9996\u9875","item":"https:\/\/vapemaison.com\/"},{"@type":"ListItem","position":2,"name":"Shop","item":"https:\/\/vapemaison.com\/shop\/"},{"@type":"ListItem","position":3,"name":"Bang","item":"https:\/\/vapemaison.com\/brand\/bang\/"},{"@type":"ListItem","position":4,"name":"Bang Legend Geek 60000 Puffs Disposable Vape"}]},{"@type":"WebSite","@id":"https:\/\/vapemaison.com\/#website","url":"https:\/\/vapemaison.com\/","name":"VapeMaison","description":"Wysokiej jako\u015bci urz\u0105dzenia i akcesoria do waporyzacji","publisher":{"@id":"https:\/\/vapemaison.com\/#organization"},"potentialAction":[{"@type":"SearchAction","target":{"@type":"EntryPoint","urlTemplate":"https:\/\/vapemaison.com\/?s={search_term_string}"},"query-input":{"@type":"PropertyValueSpecification","valueRequired":true,"valueName":"search_term_string"}}],"inLanguage":"pl-PL"},{"@type":"Organization","@id":"https:\/\/vapemaison.com\/#organization","name":"VapeMaison","url":"https:\/\/vapemaison.com\/","logo":{"@type":"ImageObject","inLanguage":"pl-PL","@id":"https:\/\/vapemaison.com\/#\/schema\/logo\/image\/","url":"https:\/\/vapemaison.com\/wp-content\/uploads\/2026\/01\/cropped-vapemaison-logo-g-2026.webp","contentUrl":"https:\/\/vapemaison.com\/wp-content\/uploads\/2026\/01\/cropped-vapemaison-logo-g-2026.webp","width":350,"height":280,"caption":"VapeMaison"},"image":{"@id":"https:\/\/vapemaison.com\/#\/schema\/logo\/image\/"},"sameAs":["https:\/\/www.youtube.com\/@VapeMaison"]}]}},"tiered_pricing_type":"fixed","tiered_pricing_fixed_rules":{"30":"9.78","50":"9.24","100":"8.99","200":"8.36"},"tiered_pricing_product_settings":{"layout":"default","base_unit_name":{"singular":null,"plural":null},"default_variation":null},"tiered_pricing_minimum_quantity":10,"tiered_pricing_roles_data":[],"tiered_pricing_percentage_rules":[],"tiered_pricing_maximum_quantity":null,"tiered_pricing_quantity_step":"10","_links":{"self":[{"href":"https:\/\/vapemaison.com\/pl\/wp-json\/wp\/v2\/product\/28087","targetHints":{"allow":["GET"]}}],"collection":[{"href":"https:\/\/vapemaison.com\/pl\/wp-json\/wp\/v2\/product"}],"about":[{"href":"https:\/\/vapemaison.com\/pl\/wp-json\/wp\/v2\/types\/product"}],"replies":[{"embeddable":true,"href":"https:\/\/vapemaison.com\/pl\/wp-json\/wp\/v2\/comments?post=28087"}],"version-history":[{"count":3,"href":"https:\/\/vapemaison.com\/pl\/wp-json\/wp\/v2\/product\/28087\/revisions"}],"predecessor-version":[{"id":28139,"href":"https:\/\/vapemaison.com\/pl\/wp-json\/wp\/v2\/product\/28087\/revisions\/28139"}],"wp:featuredmedia":[{"embeddable":true,"href":"https:\/\/vapemaison.com\/pl\/wp-json\/wp\/v2\/media\/28098"}],"wp:attachment":[{"href":"https:\/\/vapemaison.com\/pl\/wp-json\/wp\/v2\/media?parent=28087"}],"wp:term":[{"taxonomy":"product_brand","embeddable":true,"href":"https:\/\/vapemaison.com\/pl\/wp-json\/wp\/v2\/product_brand?post=28087"},{"taxonomy":"product_cat","embeddable":true,"href":"https:\/\/vapemaison.com\/pl\/wp-json\/wp\/v2\/product_cat?post=28087"},{"taxonomy":"product_tag","embeddable":true,"href":"https:\/\/vapemaison.com\/pl\/wp-json\/wp\/v2\/product_tag?post=28087"}],"curies":[{"name":"wp","href":"https:\/\/api.w.org\/{rel}","templated":true}]}}