

{"id":28237,"date":"2026-03-24T06:29:46","date_gmt":"2026-03-24T06:29:46","guid":{"rendered":"https:\/\/vapemaison.com\/?post_type=product&#038;p=28237"},"modified":"2026-03-24T06:30:59","modified_gmt":"2026-03-24T06:30:59","slug":"elf-bar-lush-king-pro-jednorazowy-vape-3-tryby-40000-zaciagniec","status":"publish","type":"product","link":"https:\/\/vapemaison.com\/pl\/product\/elf-bar-lush-king-pro-disposable-vape-3-modes-40000-puffs\/","title":{"rendered":"Elf Bar Lush King Pro jednorazowy Vape 3 tryby 40000 zaci\u0105gni\u0119\u0107"},"content":{"rendered":"<p>ELF BAR LUSH KING PRO 40000 zapewnia wra\u017cenia z waporyzacji na najwy\u017cszym poziomie dzi\u0119ki innowacyjnej technologii Lush Aroma, umo\u017cliwiaj\u0105cej natychmiastowe zwi\u0119kszenie intensywno\u015bci smaku za naci\u015bni\u0119ciem przycisku. Wbudowany system 3 tryb\u00f3w pozwala prze\u0142\u0105cza\u0107 si\u0119 mi\u0119dzy p\u0142ynnymi i bogatymi profilami, zapewniaj\u0105c pe\u0142n\u0105 kontrol\u0119 nad ka\u017cdym zaci\u0105gni\u0119ciem. Zaprojektowane z my\u015bl\u0105 o wydajno\u015bci i wygodzie, to kompaktowe, ale pot\u0119\u017cne urz\u0105dzenie oferuje do 40 000 zaci\u0105gni\u0119\u0107, przezroczysty zbiornik na e-liquid dla \u0142atwego monitorowania oraz szybko \u0142aduj\u0105c\u0105 si\u0119 bateri\u0119 1000 mAh do d\u0142u\u017cszego u\u017cytkowania bez przerwy.<\/p>\n\n\n\n<style>\n.features-section {\n  display: grid;\n  grid-template-columns: repeat(auto-fit, minmax(220px, 1fr));\n  gap: 20px;\n  margin: 40px 0;\n}\n\n.feature-card {\n  background: #111;\n  color: #fff;\n  padding: 20px;\n  border-radius: 12px;\n  text-align: left;\n  transition: 0.3s;\n  border: 1px solid rgba(255,255,255,0.08);\n}\n\n.feature-card:hover {\n  transform: translateY(-5px);\n  border-color: #00d4ff;\n}\n\n.feature-icon {\n  font-size: 26px;\n  margin-bottom: 10px;\n}\n\n.feature-title {\n  font-size: 16px;\n  font-weight: 600;\n  margin-bottom: 8px;\n}\n\n.feature-desc {\n  font-size: 14px;\n  color: #bbb;\n  line-height: 1.5;\n}\n<\/style>\n\n<div class=\"features-section\">\n\n  <div class=\"feature-card\">\n    <div class=\"feature-icon\">\ud83c\udf2c\ufe0f<\/div>\n    <div class=\"feature-title\">Wzmocnienie smaku jednym naci\u015bni\u0119ciem<\/div>\n    <div class=\"feature-desc\">\n      Natychmiast aktywuj tryb Rush, aby zintensyfikowa\u0107 moc aromatu i podnie\u015b\u0107 poziom wra\u017ce\u0144 z waporyzacji.\n    <\/div>\n  <\/div>\n\n  <div class=\"feature-card\">\n    <div class=\"feature-icon\">\u26a1<\/div>\n    <div class=\"feature-title\">3 regulowane tryby<\/div>\n    <div class=\"feature-desc\">\n      Prze\u0142\u0105czaj mi\u0119dzy r\u00f3\u017cnymi poziomami mocy, aby dostosowa\u0107 produkcj\u0119 pary i si\u0142\u0119 aromatu.\n    <\/div>\n  <\/div>\n\n  <div class=\"feature-card\">\n    <div class=\"feature-icon\">\ud83d\udca7<\/div>\n    <div class=\"feature-title\">Przezroczysty zbiornik<\/div>\n    <div class=\"feature-desc\">\n      \u0141atwe sprawdzanie pozosta\u0142ego e-cieczy na pierwszy rzut oka dzi\u0119ki widocznej, ulepszonej konstrukcji zbiornika.\n    <\/div>\n  <\/div>\n\n  <div class=\"feature-card\">\n    <div class=\"feature-icon\">\ud83d\udd0b<\/div>\n    <div class=\"feature-title\">D\u0142ugotrwa\u0142a bateria<\/div>\n    <div class=\"feature-desc\">\n      Akumulator o pojemno\u015bci 1000 mAh zapewnia d\u0142u\u017csze sesje z mniejsz\u0105 liczb\u0105 przerw.\n    <\/div>\n  <\/div>\n\n  <div class=\"feature-card\">\n    <div class=\"feature-icon\">\ud83d\udce6<\/div>\n    <div class=\"feature-title\">Pojemno\u015b\u0107 40 000 zaci\u0105gni\u0119\u0107<\/div>\n    <div class=\"feature-desc\">\n      Ciesz si\u0119 d\u0142ugotrwa\u0142\u0105 wydajno\u015bci\u0105 w kompaktowej, przyjaznej dla kieszeni konstrukcji.\n    <\/div>\n  <\/div>\n\n<\/div>\n\n\n\n<h3 class=\"wp-block-heading\">Odkryj wi\u0119cej z ELF BAR<\/h3>\n\n\n\n<p>Poznaj wi\u0119cej innowacyjnych urz\u0105dze\u0144 i najlepiej sprzedaj\u0105cych si\u0119 produkt\u00f3w z kolekcji ELF BAR.<\/p>\n\n\n\n<p>Sklep Wszystkie <a href=\"https:\/\/vapemaison.com\/brand\/elfbar\/\">Produkty ELF BAR<\/a><br>Widok <a href=\"https:\/\/vapemaison.com\/shop\/?orderby=date\">Najnowszy jednorazowy Vape<\/a> Kolekcja<\/p>\n\n\n\n<h3 class=\"wp-block-heading\">Dlaczego warto wybra\u0107 LUSH KING PRO 40000?<\/h3>\n\n\n\n<p>Natychmiastowe wzmocnienie smaku za jednym naci\u015bni\u0119ciem<br>W pe\u0142ni konfigurowalne tryby waporyzacji<br>Du\u017ca pojemno\u015b\u0107 dmuchawy do d\u0142ugotrwa\u0142ego u\u017cytkowania<br>Widoczny zbiornik e-liquidu dla lepszej kontroli<br>Kompaktowa konstrukcja o wysokiej wydajno\u015bci<\/p>\n\n\n\n<p><strong>Dost\u0119pne smaki<\/strong><\/p>\n\n\n\n<ul class=\"wp-block-list\">\n<li>Arbuzowy l\u00f3d<\/li>\n\n\n\n<li>Blue Razz Ice<\/li>\n\n\n\n<li>Black Grape Ice<\/li>\n\n\n\n<li>Kwa\u015bny Smoczy Owoc Truskawkowy<\/li>\n\n\n\n<li>Cherry Burst<\/li>\n\n\n\n<li>Tropikalne mango<\/li>\n\n\n\n<li>Kwa\u015bny l\u00f3d ananasowy<\/li>\n\n\n\n<li>Cactus Lime<\/li>\n\n\n\n<li>Ananas z czarn\u0105 porzeczk\u0105<\/li>\n\n\n\n<li>Mleczny Oolong<\/li>\n<\/ul>\n\n\n\n<p><strong>Ostrze\u017cenie:<\/strong> Ten produkt zawiera nikotyn\u0119. Nikotyna jest substancj\u0105 uzale\u017cniaj\u0105c\u0105. Tylko dla os\u00f3b doros\u0142ych powy\u017cej 18 roku \u017cycia.<\/p>","protected":false},"excerpt":{"rendered":"<p>The ELF BAR LUSH KING PRO 40000 delivers a next-level vaping experience with its innovative Lush Aroma technology, allowing you to instantly boost flavor intensity at the press of a button. Switch between smooth and rich profiles using the built-in 3-mode system, giving you full control over every puff. Designed for performance and convenience, this [&hellip;]<\/p>\n","protected":false},"featured_media":28347,"comment_status":"open","ping_status":"closed","template":"","meta":[],"product_brand":[177],"product_cat":[135],"product_tag":[],"class_list":{"0":"post-28237","1":"product","2":"type-product","3":"status-publish","4":"has-post-thumbnail","6":"product_brand-elfbar","7":"product_cat-40k-puffs","9":"first","10":"instock","11":"sale","12":"shipping-taxable","13":"purchasable","14":"product-type-variable"},"yoast_head":"<!-- This site is optimized with the Yoast SEO plugin v27.4 - https:\/\/yoast.com\/product\/yoast-seo-wordpress\/ -->\n<title>ELF BAR LUSH KING PRO Disposable Vape 3 Modes 40K Puffs<\/title>\n<meta name=\"description\" content=\"Discover the ELF BAR LUSH KING PRO 40000 with up to 40,000 puffs. Enjoy powerful flavor, fast charging, and a compact smart design.\" \/>\n<meta name=\"robots\" content=\"index, follow, max-snippet:-1, max-image-preview:large, max-video-preview:-1\" \/>\n<link rel=\"canonical\" href=\"https:\/\/vapemaison.com\/pl\/produkt\/elf-bar-lush-king-pro-jednorazowy-vape-3-tryby-40000-zaciagniec\/\" \/>\n<meta property=\"og:locale\" content=\"pl_PL\" \/>\n<meta property=\"og:type\" content=\"article\" \/>\n<meta property=\"og:title\" content=\"ELF BAR LUSH KING PRO Disposable Vape 3 Modes 40K Puffs\" \/>\n<meta property=\"og:description\" content=\"Discover the ELF BAR LUSH KING PRO 40000 with up to 40,000 puffs. Enjoy powerful flavor, fast charging, and a compact smart design.\" \/>\n<meta property=\"og:url\" content=\"https:\/\/vapemaison.com\/pl\/produkt\/elf-bar-lush-king-pro-jednorazowy-vape-3-tryby-40000-zaciagniec\/\" \/>\n<meta property=\"og:site_name\" content=\"VapeMaison\" \/>\n<meta property=\"article:modified_time\" content=\"2026-03-24T06:30:59+00:00\" \/>\n<meta property=\"og:image\" content=\"https:\/\/vapemaison.com\/wp-content\/uploads\/2026\/03\/vapemaison-elfbar-lush-king-pro-sour-strawberry-ice-1.webp\" \/>\n\t<meta property=\"og:image:width\" content=\"1200\" \/>\n\t<meta property=\"og:image:height\" content=\"1200\" \/>\n\t<meta property=\"og:image:type\" content=\"image\/webp\" \/>\n<meta name=\"twitter:card\" content=\"summary_large_image\" \/>\n<meta name=\"twitter:label1\" content=\"Szacowany czas czytania\" \/>\n\t<meta name=\"twitter:data1\" content=\"2 minuty\" \/>\n<!-- \/ Yoast SEO plugin. -->","yoast_head_json":{"title":"ELF BAR LUSH KING PRO Jednorazowy Vape 3 tryby 40 tys. zaci\u0105gni\u0119\u0107","description":"Odkryj ELF BAR LUSH KING PRO 40000 z nawet 40 000 zaci\u0105gni\u0119\u0107. Ciesz si\u0119 mocnym smakiem, szybkim \u0142adowaniem i kompaktow\u0105, inteligentn\u0105 konstrukcj\u0105.","robots":{"index":"index","follow":"follow","max-snippet":"max-snippet:-1","max-image-preview":"max-image-preview:large","max-video-preview":"max-video-preview:-1"},"canonical":"https:\/\/vapemaison.com\/pl\/produkt\/elf-bar-lush-king-pro-jednorazowy-vape-3-tryby-40000-zaciagniec\/","og_locale":"pl_PL","og_type":"article","og_title":"ELF BAR LUSH KING PRO Disposable Vape 3 Modes 40K Puffs","og_description":"Discover the ELF BAR LUSH KING PRO 40000 with up to 40,000 puffs. Enjoy powerful flavor, fast charging, and a compact smart design.","og_url":"https:\/\/vapemaison.com\/pl\/produkt\/elf-bar-lush-king-pro-jednorazowy-vape-3-tryby-40000-zaciagniec\/","og_site_name":"VapeMaison","article_modified_time":"2026-03-24T06:30:59+00:00","og_image":[{"width":1200,"height":1200,"url":"https:\/\/vapemaison.com\/wp-content\/uploads\/2026\/03\/vapemaison-elfbar-lush-king-pro-sour-strawberry-ice-1.webp","type":"image\/webp"}],"twitter_card":"summary_large_image","twitter_misc":{"Szacowany czas czytania":"2 minuty"},"schema":{"@context":"https:\/\/schema.org","@graph":[{"@type":"WebPage","@id":"https:\/\/vapemaison.com\/product\/elf-bar-lush-king-pro-disposable-vape-3-modes-40000-puffs\/","url":"https:\/\/vapemaison.com\/product\/elf-bar-lush-king-pro-disposable-vape-3-modes-40000-puffs\/","name":"ELF BAR LUSH KING PRO Jednorazowy Vape 3 tryby 40 tys. zaci\u0105gni\u0119\u0107","isPartOf":{"@id":"https:\/\/vapemaison.com\/#website"},"primaryImageOfPage":{"@id":"https:\/\/vapemaison.com\/product\/elf-bar-lush-king-pro-disposable-vape-3-modes-40000-puffs\/#primaryimage"},"image":{"@id":"https:\/\/vapemaison.com\/product\/elf-bar-lush-king-pro-disposable-vape-3-modes-40000-puffs\/#primaryimage"},"thumbnailUrl":"https:\/\/vapemaison.com\/wp-content\/uploads\/2026\/03\/vapemaison-elfbar-lush-king-pro-sour-strawberry-ice-1.webp","datePublished":"2026-03-24T06:29:46+00:00","dateModified":"2026-03-24T06:30:59+00:00","description":"Odkryj ELF BAR LUSH KING PRO 40000 z nawet 40 000 zaci\u0105gni\u0119\u0107. Ciesz si\u0119 mocnym smakiem, szybkim \u0142adowaniem i kompaktow\u0105, inteligentn\u0105 konstrukcj\u0105.","breadcrumb":{"@id":"https:\/\/vapemaison.com\/product\/elf-bar-lush-king-pro-disposable-vape-3-modes-40000-puffs\/#breadcrumb"},"inLanguage":"pl-PL","potentialAction":[{"@type":"ReadAction","target":["https:\/\/vapemaison.com\/product\/elf-bar-lush-king-pro-disposable-vape-3-modes-40000-puffs\/"]}]},{"@type":"ImageObject","inLanguage":"pl-PL","@id":"https:\/\/vapemaison.com\/product\/elf-bar-lush-king-pro-disposable-vape-3-modes-40000-puffs\/#primaryimage","url":"https:\/\/vapemaison.com\/wp-content\/uploads\/2026\/03\/vapemaison-elfbar-lush-king-pro-sour-strawberry-ice-1.webp","contentUrl":"https:\/\/vapemaison.com\/wp-content\/uploads\/2026\/03\/vapemaison-elfbar-lush-king-pro-sour-strawberry-ice-1.webp","width":1200,"height":1200,"caption":"Vapemaison Elfbar Lush King Pro Sour Strawberry Ice"},{"@type":"BreadcrumbList","@id":"https:\/\/vapemaison.com\/product\/elf-bar-lush-king-pro-disposable-vape-3-modes-40000-puffs\/#breadcrumb","itemListElement":[{"@type":"ListItem","position":1,"name":"\u9996\u9875","item":"https:\/\/vapemaison.com\/"},{"@type":"ListItem","position":2,"name":"Shop","item":"https:\/\/vapemaison.com\/shop\/"},{"@type":"ListItem","position":3,"name":"Elfbar","item":"https:\/\/vapemaison.com\/brand\/elfbar\/"},{"@type":"ListItem","position":4,"name":"Elf Bar Lush King Pro Disposable Vape 3 Modes 40000 Puffs"}]},{"@type":"WebSite","@id":"https:\/\/vapemaison.com\/#website","url":"https:\/\/vapemaison.com\/","name":"VapeMaison","description":"Wysokiej jako\u015bci urz\u0105dzenia i akcesoria do waporyzacji","publisher":{"@id":"https:\/\/vapemaison.com\/#organization"},"potentialAction":[{"@type":"SearchAction","target":{"@type":"EntryPoint","urlTemplate":"https:\/\/vapemaison.com\/?s={search_term_string}"},"query-input":{"@type":"PropertyValueSpecification","valueRequired":true,"valueName":"search_term_string"}}],"inLanguage":"pl-PL"},{"@type":"Organization","@id":"https:\/\/vapemaison.com\/#organization","name":"VapeMaison","url":"https:\/\/vapemaison.com\/","logo":{"@type":"ImageObject","inLanguage":"pl-PL","@id":"https:\/\/vapemaison.com\/#\/schema\/logo\/image\/","url":"https:\/\/vapemaison.com\/wp-content\/uploads\/2026\/01\/cropped-vapemaison-logo-g-2026.webp","contentUrl":"https:\/\/vapemaison.com\/wp-content\/uploads\/2026\/01\/cropped-vapemaison-logo-g-2026.webp","width":350,"height":280,"caption":"VapeMaison"},"image":{"@id":"https:\/\/vapemaison.com\/#\/schema\/logo\/image\/"},"sameAs":["https:\/\/www.youtube.com\/@VapeMaison"]}]}},"tiered_pricing_type":"fixed","tiered_pricing_fixed_rules":{"30":"11.99","50":"11.45","100":"10.87","200":"10.56"},"tiered_pricing_product_settings":{"layout":"default","base_unit_name":{"singular":null,"plural":null},"default_variation":null},"tiered_pricing_minimum_quantity":10,"tiered_pricing_roles_data":[],"tiered_pricing_percentage_rules":[],"tiered_pricing_maximum_quantity":null,"tiered_pricing_quantity_step":"10","_links":{"self":[{"href":"https:\/\/vapemaison.com\/pl\/wp-json\/wp\/v2\/product\/28237","targetHints":{"allow":["GET"]}}],"collection":[{"href":"https:\/\/vapemaison.com\/pl\/wp-json\/wp\/v2\/product"}],"about":[{"href":"https:\/\/vapemaison.com\/pl\/wp-json\/wp\/v2\/types\/product"}],"replies":[{"embeddable":true,"href":"https:\/\/vapemaison.com\/pl\/wp-json\/wp\/v2\/comments?post=28237"}],"version-history":[{"count":2,"href":"https:\/\/vapemaison.com\/pl\/wp-json\/wp\/v2\/product\/28237\/revisions"}],"predecessor-version":[{"id":28361,"href":"https:\/\/vapemaison.com\/pl\/wp-json\/wp\/v2\/product\/28237\/revisions\/28361"}],"wp:featuredmedia":[{"embeddable":true,"href":"https:\/\/vapemaison.com\/pl\/wp-json\/wp\/v2\/media\/28347"}],"wp:attachment":[{"href":"https:\/\/vapemaison.com\/pl\/wp-json\/wp\/v2\/media?parent=28237"}],"wp:term":[{"taxonomy":"product_brand","embeddable":true,"href":"https:\/\/vapemaison.com\/pl\/wp-json\/wp\/v2\/product_brand?post=28237"},{"taxonomy":"product_cat","embeddable":true,"href":"https:\/\/vapemaison.com\/pl\/wp-json\/wp\/v2\/product_cat?post=28237"},{"taxonomy":"product_tag","embeddable":true,"href":"https:\/\/vapemaison.com\/pl\/wp-json\/wp\/v2\/product_tag?post=28237"}],"curies":[{"name":"wp","href":"https:\/\/api.w.org\/{rel}","templated":true}]}}