

{"id":28248,"date":"2026-03-24T07:13:04","date_gmt":"2026-03-24T07:13:04","guid":{"rendered":"https:\/\/vapemaison.com\/?post_type=product&#038;p=28248"},"modified":"2026-03-24T07:16:26","modified_gmt":"2026-03-24T07:16:26","slug":"airmez-b20-20k-puff-jednorazowy-vape-20ml-cewka-siatkowa-do-wielokrotnego-ladowania","status":"publish","type":"product","link":"https:\/\/vapemaison.com\/pl\/product\/airmez-b20-20k-puffs-disposable-vape-20ml-rechargeable-mesh-coil\/","title":{"rendered":"Airmez B20 20K Puffs Jednorazowa cewka Vape 20 ml do wielokrotnego \u0142adowania z siatk\u0105"},"content":{"rendered":"<p>Airmez B20 20K Puffs Disposable Vape jest przeznaczony dla u\u017cytkownik\u00f3w wymagaj\u0105cych d\u0142ugotrwa\u0142ej wydajno\u015bci i g\u0142adkiego, sp\u00f3jnego smaku. Dzi\u0119ki imponuj\u0105cej pojemno\u015bci do 20 000 zaci\u0105gni\u0119\u0107 i du\u017cemu, 20-mililitrowemu zbiornikowi e-liquidu, urz\u0105dzenie to znacznie przewy\u017csza standardowe jednoraz\u00f3wki. Zaawansowana podw\u00f3jna cewka siatkowa GEN II zapewnia bogatszy smak i p\u0142ynniejsz\u0105 produkcj\u0119 pary przy ka\u017cdym zaci\u0105gni\u0119ciu, zapewniaj\u0105c najwy\u017cszej jako\u015bci doznania podczas waporyzacji.<\/p>\n\n\n\n<p>Wyposa\u017cony w responsywny system sterowania dotykowego i czytelny wy\u015bwietlacz LED, Airmez B20 pozwala u\u017cytkownikom monitorowa\u0107 liczb\u0119 zaci\u0105gni\u0119\u0107, poziom na\u0142adowania baterii i stan e-cieczy w czasie rzeczywistym. Akumulator o pojemno\u015bci 650 mAh z szybkim \u0142adowaniem przez USB typu C zapewnia minimalne przestoje, dzi\u0119ki czemu jest to niezawodny wyb\u00f3r do codziennego u\u017cytku. Zr\u00f3wnowa\u017cona moc nikotyny 2% zapewnia p\u0142ynniejsze i bardziej kontrolowane doznania odpowiednie do d\u0142u\u017cszych sesji.<\/p>\n\n\n\n<p>Urz\u0105dzenie posiada r\u00f3wnie\u017c responsywny interfejs dotykowy, zapewniaj\u0105cy bardziej interaktywne i nowoczesne wra\u017cenia z waporyzacji. W po\u0142\u0105czeniu z akumulatorem 650 mAh i szybkim \u0142adowaniem typu C, zapewnia niezawodn\u0105 wydajno\u015b\u0107 przy minimalnych przerwach. Zaprojektowany z my\u015bl\u0105 o wygodzie i wydajno\u015bci, Airmez B20 zapewnia zar\u00f3wno moc, jak i prostot\u0119 w kompaktowej formie.<\/p>\n\n\n\n<h2 class=\"wp-block-heading\"><strong>Specyfikacje<\/strong><\/h2>\n\n\n\n<figure class=\"wp-block-table\"><table class=\"has-fixed-layout\"><thead><tr><th>Specyfikacja<\/th><th>Szczeg\u00f3\u0142y<\/th><\/tr><\/thead><tbody><tr><td>Puff Count<\/td><td>Do 20 000 zaci\u0105gni\u0119\u0107<\/td><\/tr><tr><td>Si\u0142a nikotyny<\/td><td>2% (20 mg)<\/td><\/tr><tr><td>Pojemno\u015b\u0107 e-liquidu<\/td><td>Wst\u0119pnie nape\u0142niony 20 ml<\/td><\/tr><tr><td>Bateria<\/td><td>Akumulator 650 mAh<\/td><\/tr><tr><td>Typ cewki<\/td><td>Podw\u00f3jna cewka siatkowa GEN II (1,2\u03a9)<\/td><\/tr><tr><td>Wy\u015bwietlacz<\/td><td>Ekran LED<\/td><\/tr><tr><td>Wska\u017aniki<\/td><td>Liczba zaci\u0105gni\u0119\u0107, bateria, poziom e-liquidu<\/td><\/tr><tr><td>\u0141adowanie<\/td><td>USB typu C<\/td><\/tr><tr><td>Dzia\u0142anie<\/td><td>Sterowanie dotykowe + aktywacja rysowania<\/td><\/tr><\/tbody><\/table><\/figure>\n\n\n\n<h2 class=\"wp-block-heading\"><strong>Dost\u0119pne smaki<\/strong><\/h2>\n\n\n\n<ul class=\"wp-block-list\">\n<li>L\u00f3d winogronowy<\/li>\n\n\n\n<li>L\u00f3d truskawkowy<\/li>\n\n\n\n<li>Jagoda na lodzie<\/li>\n\n\n\n<li>L\u00f3d brzoskwiniowy<\/li>\n\n\n\n<li>Wi\u015bnia<\/li>\n\n\n\n<li>Arbuz truskawkowy<\/li>\n\n\n\n<li>Jagody mieszane<\/li>\n\n\n\n<li>Kiwi Passion Fruit Guava<\/li>\n\n\n\n<li>Dr Blue<\/li>\n\n\n\n<li>Banan truskawkowy<\/li>\n<\/ul>\n\n\n\n<h2 class=\"wp-block-heading\"><strong>Dlaczego warto wybra\u0107 Airmez B20 20K?<\/strong><\/h2>\n\n\n\n<p>Airmez B20 jest przeznaczony dla u\u017cytkownik\u00f3w, kt\u00f3rzy chc\u0105 czego\u015b wi\u0119cej ni\u017c tylko podstawowego jednorazowego waporyzatora. Jego zwi\u0119kszona pojemno\u015b\u0107 i du\u017ca obj\u0119to\u015b\u0107 e-liquidu zmniejszaj\u0105 potrzeb\u0119 cz\u0119stej wymiany, dzi\u0119ki czemu z czasem staje si\u0119 bardziej op\u0142acalny. Technologia podw\u00f3jnej cewki siatkowej poprawia jako\u015b\u0107 smaku, zapewniaj\u0105c jednocze\u015bnie p\u0142ynne dostarczanie pary, tworz\u0105c bardziej satysfakcjonuj\u0105ce doznania.<\/p>\n\n\n\n<p>Dodanie inteligentnego wy\u015bwietlacza LED i dotykowego systemu sterowania zapewnia nowoczesny, przyjazny dla u\u017cytkownika interfejs, kt\u00f3ry umo\u017cliwia lepsz\u0105 kontrol\u0119 i monitorowanie. W po\u0142\u0105czeniu z akumulatorem i mo\u017cliwo\u015bci\u0105 szybkiego \u0142adowania, Airmez B20 oferuje niezawodne i wydajne rozwi\u0105zanie do codziennego wapowania.<\/p>\n\n\n\n<h3 class=\"wp-block-heading\">Poznaj wi\u0119cej opcji<\/h3>\n\n\n\n<p>Sklep Wszystkie <a href=\"https:\/\/vapemaison.com\/shop\/\">Vape jednorazowe<\/a><br>Odkryj wi\u0119cej <a href=\"https:\/\/vapemaison.com\/brand\/airmez\/\">Urz\u0105dzenia Airmez<\/a><br>Widok <a href=\"https:\/\/vapemaison.com\/product-category\/puffs-count\/300k-puffs\/\">High Puff<\/a> Kolekcja Vape<\/p>\n\n\n\n<h2 class=\"wp-block-heading\"><strong>Pakiet zawiera<\/strong><\/h2>\n\n\n\n<ul class=\"wp-block-list\">\n<li>1 \u00d7 Airmez B20 20K Puffs jednorazowy Vape<\/li>\n<\/ul>\n\n\n\n<h2 class=\"wp-block-heading\"><strong>Ostrze\u017cenie<\/strong><\/h2>\n\n\n\n<p>Ten produkt zawiera nikotyn\u0119. Nikotyna jest substancj\u0105 uzale\u017cniaj\u0105c\u0105. Tylko dla os\u00f3b doros\u0142ych powy\u017cej 18 roku \u017cycia.<\/p>","protected":false},"excerpt":{"rendered":"<p>Airmez B20 20K Puffs Disposable Vape is designed for users who demand long-lasting performance and smooth, consistent flavor. With an impressive capacity of up to 20,000 puffs and a large 20ml pre-filled e-liquid reservoir, this device significantly outperforms standard disposables. The advanced GEN II dual mesh coil ensures richer taste and smoother vapor production in [&hellip;]<\/p>\n","protected":false},"featured_media":28378,"comment_status":"open","ping_status":"closed","template":"","meta":[],"product_brand":[314],"product_cat":[133],"product_tag":[],"class_list":{"0":"post-28248","1":"product","2":"type-product","3":"status-publish","4":"has-post-thumbnail","6":"product_brand-airmez","7":"product_cat-20k-puffs","9":"first","10":"instock","11":"sale","12":"shipping-taxable","13":"purchasable","14":"product-type-variable"},"yoast_head":"<!-- This site is optimized with the Yoast SEO plugin v27.4 - https:\/\/yoast.com\/product\/yoast-seo-wordpress\/ -->\n<title>Airmez 20K Puffs Disposable Vape 20ml Rechargeable Mesh Coil<\/title>\n<meta name=\"description\" content=\"Shop Airmez disposable vape with 20,000 puffs, 20ml e-liquid, dual mesh coil, LED display, and Type-C charging. Smooth flavor and long-lasting performance.\" \/>\n<meta name=\"robots\" content=\"index, follow, max-snippet:-1, max-image-preview:large, max-video-preview:-1\" \/>\n<link rel=\"canonical\" href=\"https:\/\/vapemaison.com\/pl\/produkt\/airmez-b20-20k-puff-jednorazowy-vape-20ml-cewka-siatkowa-do-wielokrotnego-ladowania\/\" \/>\n<meta property=\"og:locale\" content=\"pl_PL\" \/>\n<meta property=\"og:type\" content=\"article\" \/>\n<meta property=\"og:title\" content=\"Airmez 20K Puffs Disposable Vape 20ml Rechargeable Mesh Coil\" \/>\n<meta property=\"og:description\" content=\"Shop Airmez disposable vape with 20,000 puffs, 20ml e-liquid, dual mesh coil, LED display, and Type-C charging. Smooth flavor and long-lasting performance.\" \/>\n<meta property=\"og:url\" content=\"https:\/\/vapemaison.com\/pl\/produkt\/airmez-b20-20k-puff-jednorazowy-vape-20ml-cewka-siatkowa-do-wielokrotnego-ladowania\/\" \/>\n<meta property=\"og:site_name\" content=\"VapeMaison\" \/>\n<meta property=\"article:modified_time\" content=\"2026-03-24T07:16:26+00:00\" \/>\n<meta property=\"og:image\" content=\"https:\/\/vapemaison.com\/wp-content\/uploads\/2026\/03\/vapemaison-airmez-20000-puffs-disposable-vape-display.webp\" \/>\n\t<meta property=\"og:image:width\" content=\"1150\" \/>\n\t<meta property=\"og:image:height\" content=\"1150\" \/>\n\t<meta property=\"og:image:type\" content=\"image\/webp\" \/>\n<meta name=\"twitter:card\" content=\"summary_large_image\" \/>\n<meta name=\"twitter:label1\" content=\"Szacowany czas czytania\" \/>\n\t<meta name=\"twitter:data1\" content=\"2 minuty\" \/>\n<!-- \/ Yoast SEO plugin. -->","yoast_head_json":{"title":"Airmez 20K Puffs Jednorazowa cewka Vape 20 ml do wielokrotnego \u0142adowania z siatk\u0105","description":"Jednorazowy waporyzator Airmez z 20 000 zaci\u0105gni\u0119\u0107, 20 ml e-liquidu, podw\u00f3jn\u0105 cewk\u0105 siatkow\u0105, wy\u015bwietlaczem LED i \u0142adowaniem typu C. G\u0142adki smak i d\u0142ugotrwa\u0142a wydajno\u015b\u0107.","robots":{"index":"index","follow":"follow","max-snippet":"max-snippet:-1","max-image-preview":"max-image-preview:large","max-video-preview":"max-video-preview:-1"},"canonical":"https:\/\/vapemaison.com\/pl\/produkt\/airmez-b20-20k-puff-jednorazowy-vape-20ml-cewka-siatkowa-do-wielokrotnego-ladowania\/","og_locale":"pl_PL","og_type":"article","og_title":"Airmez 20K Puffs Disposable Vape 20ml Rechargeable Mesh Coil","og_description":"Shop Airmez disposable vape with 20,000 puffs, 20ml e-liquid, dual mesh coil, LED display, and Type-C charging. Smooth flavor and long-lasting performance.","og_url":"https:\/\/vapemaison.com\/pl\/produkt\/airmez-b20-20k-puff-jednorazowy-vape-20ml-cewka-siatkowa-do-wielokrotnego-ladowania\/","og_site_name":"VapeMaison","article_modified_time":"2026-03-24T07:16:26+00:00","og_image":[{"width":1150,"height":1150,"url":"https:\/\/vapemaison.com\/wp-content\/uploads\/2026\/03\/vapemaison-airmez-20000-puffs-disposable-vape-display.webp","type":"image\/webp"}],"twitter_card":"summary_large_image","twitter_misc":{"Szacowany czas czytania":"2 minuty"},"schema":{"@context":"https:\/\/schema.org","@graph":[{"@type":"WebPage","@id":"https:\/\/vapemaison.com\/product\/airmez-b20-20k-puffs-disposable-vape-20ml-rechargeable-mesh-coil\/","url":"https:\/\/vapemaison.com\/product\/airmez-b20-20k-puffs-disposable-vape-20ml-rechargeable-mesh-coil\/","name":"Airmez 20K Puffs Jednorazowa cewka Vape 20 ml do wielokrotnego \u0142adowania z siatk\u0105","isPartOf":{"@id":"https:\/\/vapemaison.com\/#website"},"primaryImageOfPage":{"@id":"https:\/\/vapemaison.com\/product\/airmez-b20-20k-puffs-disposable-vape-20ml-rechargeable-mesh-coil\/#primaryimage"},"image":{"@id":"https:\/\/vapemaison.com\/product\/airmez-b20-20k-puffs-disposable-vape-20ml-rechargeable-mesh-coil\/#primaryimage"},"thumbnailUrl":"https:\/\/vapemaison.com\/wp-content\/uploads\/2026\/03\/vapemaison-airmez-20000-puffs-disposable-vape-display.webp","datePublished":"2026-03-24T07:13:04+00:00","dateModified":"2026-03-24T07:16:26+00:00","description":"Jednorazowy waporyzator Airmez z 20 000 zaci\u0105gni\u0119\u0107, 20 ml e-liquidu, podw\u00f3jn\u0105 cewk\u0105 siatkow\u0105, wy\u015bwietlaczem LED i \u0142adowaniem typu C. G\u0142adki smak i d\u0142ugotrwa\u0142a wydajno\u015b\u0107.","breadcrumb":{"@id":"https:\/\/vapemaison.com\/product\/airmez-b20-20k-puffs-disposable-vape-20ml-rechargeable-mesh-coil\/#breadcrumb"},"inLanguage":"pl-PL","potentialAction":[{"@type":"ReadAction","target":["https:\/\/vapemaison.com\/product\/airmez-b20-20k-puffs-disposable-vape-20ml-rechargeable-mesh-coil\/"]}]},{"@type":"ImageObject","inLanguage":"pl-PL","@id":"https:\/\/vapemaison.com\/product\/airmez-b20-20k-puffs-disposable-vape-20ml-rechargeable-mesh-coil\/#primaryimage","url":"https:\/\/vapemaison.com\/wp-content\/uploads\/2026\/03\/vapemaison-airmez-20000-puffs-disposable-vape-display.webp","contentUrl":"https:\/\/vapemaison.com\/wp-content\/uploads\/2026\/03\/vapemaison-airmez-20000-puffs-disposable-vape-display.webp","width":1150,"height":1150,"caption":"Vapemaison Airmez Puffs Disposable Vape Display"},{"@type":"BreadcrumbList","@id":"https:\/\/vapemaison.com\/product\/airmez-b20-20k-puffs-disposable-vape-20ml-rechargeable-mesh-coil\/#breadcrumb","itemListElement":[{"@type":"ListItem","position":1,"name":"\u9996\u9875","item":"https:\/\/vapemaison.com\/"},{"@type":"ListItem","position":2,"name":"Shop","item":"https:\/\/vapemaison.com\/shop\/"},{"@type":"ListItem","position":3,"name":"Airmez","item":"https:\/\/vapemaison.com\/brand\/airmez\/"},{"@type":"ListItem","position":4,"name":"Airmez B20 20K Puffs Disposable Vape 20ml Rechargeable Mesh Coil"}]},{"@type":"WebSite","@id":"https:\/\/vapemaison.com\/#website","url":"https:\/\/vapemaison.com\/","name":"VapeMaison","description":"Wysokiej jako\u015bci urz\u0105dzenia i akcesoria do waporyzacji","publisher":{"@id":"https:\/\/vapemaison.com\/#organization"},"potentialAction":[{"@type":"SearchAction","target":{"@type":"EntryPoint","urlTemplate":"https:\/\/vapemaison.com\/?s={search_term_string}"},"query-input":{"@type":"PropertyValueSpecification","valueRequired":true,"valueName":"search_term_string"}}],"inLanguage":"pl-PL"},{"@type":"Organization","@id":"https:\/\/vapemaison.com\/#organization","name":"VapeMaison","url":"https:\/\/vapemaison.com\/","logo":{"@type":"ImageObject","inLanguage":"pl-PL","@id":"https:\/\/vapemaison.com\/#\/schema\/logo\/image\/","url":"https:\/\/vapemaison.com\/wp-content\/uploads\/2026\/01\/cropped-vapemaison-logo-g-2026.webp","contentUrl":"https:\/\/vapemaison.com\/wp-content\/uploads\/2026\/01\/cropped-vapemaison-logo-g-2026.webp","width":350,"height":280,"caption":"VapeMaison"},"image":{"@id":"https:\/\/vapemaison.com\/#\/schema\/logo\/image\/"},"sameAs":["https:\/\/www.youtube.com\/@VapeMaison"]}]}},"tiered_pricing_type":"fixed","tiered_pricing_fixed_rules":{"30":"11.68","50":"11.12","100":"10.56","200":"9.99"},"tiered_pricing_product_settings":{"layout":"default","base_unit_name":{"singular":null,"plural":null},"default_variation":null},"tiered_pricing_minimum_quantity":10,"tiered_pricing_roles_data":[],"tiered_pricing_percentage_rules":[],"tiered_pricing_maximum_quantity":null,"tiered_pricing_quantity_step":"10","_links":{"self":[{"href":"https:\/\/vapemaison.com\/pl\/wp-json\/wp\/v2\/product\/28248","targetHints":{"allow":["GET"]}}],"collection":[{"href":"https:\/\/vapemaison.com\/pl\/wp-json\/wp\/v2\/product"}],"about":[{"href":"https:\/\/vapemaison.com\/pl\/wp-json\/wp\/v2\/types\/product"}],"replies":[{"embeddable":true,"href":"https:\/\/vapemaison.com\/pl\/wp-json\/wp\/v2\/comments?post=28248"}],"version-history":[{"count":2,"href":"https:\/\/vapemaison.com\/pl\/wp-json\/wp\/v2\/product\/28248\/revisions"}],"predecessor-version":[{"id":28393,"href":"https:\/\/vapemaison.com\/pl\/wp-json\/wp\/v2\/product\/28248\/revisions\/28393"}],"wp:featuredmedia":[{"embeddable":true,"href":"https:\/\/vapemaison.com\/pl\/wp-json\/wp\/v2\/media\/28378"}],"wp:attachment":[{"href":"https:\/\/vapemaison.com\/pl\/wp-json\/wp\/v2\/media?parent=28248"}],"wp:term":[{"taxonomy":"product_brand","embeddable":true,"href":"https:\/\/vapemaison.com\/pl\/wp-json\/wp\/v2\/product_brand?post=28248"},{"taxonomy":"product_cat","embeddable":true,"href":"https:\/\/vapemaison.com\/pl\/wp-json\/wp\/v2\/product_cat?post=28248"},{"taxonomy":"product_tag","embeddable":true,"href":"https:\/\/vapemaison.com\/pl\/wp-json\/wp\/v2\/product_tag?post=28248"}],"curies":[{"name":"wp","href":"https:\/\/api.w.org\/{rel}","templated":true}]}}