

{"id":28250,"date":"2026-03-24T06:01:05","date_gmt":"2026-03-24T06:01:05","guid":{"rendered":"https:\/\/vapemaison.com\/?post_type=product&#038;p=28250"},"modified":"2026-04-11T05:57:07","modified_gmt":"2026-04-11T05:57:07","slug":"airmez-matrix-25k-jednorazowy-vape-ekran-dotykowy-25000-zaciagniec-smart-vape","status":"publish","type":"product","link":"https:\/\/vapemaison.com\/pl\/product\/airmez-matrix-25k-disposable-vape-touch-screen-25000-puffs-smart-vape\/","title":{"rendered":"AiRMEZ Matrix 25K Jednorazowy ekran dotykowy Vape 25000 Puffs Smart Vape"},"content":{"rendered":"<p><strong>AiRMEZ Matrix 25K<\/strong> Disposable Vape na nowo definiuje do\u015bwiadczenie wapowania dzi\u0119ki innowacyjnemu 2,1-calowemu ekranowi dotykowemu LED, wprowadzaj\u0105c inteligentn\u0105 interaktywno\u015b\u0107 do urz\u0105dzenia jednorazowego u\u017cytku. Z \u0142atwo\u015bci\u0105 monitoruj \u017cywotno\u015b\u0107 baterii i poziom e-liquidu na pierwszy rzut oka lub zr\u00f3b sobie przerw\u0119 i ciesz si\u0119 wbudowan\u0105 gr\u0105 Lucky Room dla dodatkowej rozrywki. Zasilany akumulatorem 850 mAh, zapewnia do 25 000 zaci\u0105gni\u0119\u0107, zapewniaj\u0105c d\u0142ugotrwa\u0142\u0105 wydajno\u015b\u0107 bez konieczno\u015bci cz\u0119stej wymiany. Dzi\u0119ki regulowanemu przep\u0142ywowi powietrza i mocy wyj\u015bciowej mo\u017cesz dostosowa\u0107 ka\u017cde zaci\u0105gni\u0119cie do swoich preferencji, a zaawansowana podw\u00f3jna cewka siatkowa zapewnia niezmiennie bogaty smak i g\u0142adk\u0105 par\u0119 przy ka\u017cdym zaci\u0105gni\u0119ciu.<\/p>\n\n\n\n<h3 class=\"wp-block-heading\"><strong>Specyfikacja produktu<\/strong><\/h3>\n\n\n\n<figure class=\"wp-block-table\"><table class=\"has-fixed-layout\"><thead><tr><th>Specyfikacja<\/th><th>Szczeg\u00f3\u0142y<\/th><\/tr><\/thead><tbody><tr><td>Puff Count<\/td><td>Tryb zwyk\u0142y: Do 25 000 zaci\u0105gni\u0119\u0107<\/td><\/tr><tr><td>Styl wapowania<\/td><td>MTL (Mouth-to-Lung)<\/td><\/tr><tr><td>Bateria<\/td><td>Akumulator 850 mAh<\/td><\/tr><tr><td>Pojemno\u015b\u0107 e-liquidu<\/td><td>Wst\u0119pnie nape\u0142niony 20 ml<\/td><\/tr><tr><td>Si\u0142a nikotyny<\/td><td>5% (50 mg)<\/td><\/tr><tr><td>Ekran<\/td><td>2,1-calowy ekran dotykowy LED<\/td><\/tr><tr><td>Cewka<\/td><td>Cewka z podw\u00f3jn\u0105 siatk\u0105<\/td><\/tr><tr><td>\u0141adowanie<\/td><td>USB typu C<\/td><\/tr><tr><td>Aktywacja<\/td><td>Aktywowany rysowaniem<\/td><\/tr><\/tbody><\/table><\/figure>\n\n\n\n<h3 class=\"wp-block-heading\">Dost\u0119pne smaki<\/h3>\n\n\n\n<ul class=\"wp-block-list\">\n<li>Banana Berry Fantasy<\/li>\n\n\n\n<li>Blue Chill Breeze<\/li>\n\n\n\n<li>Wi\u015bniowy wulkan<\/li>\n\n\n\n<li>Sk\u00f3rka z wi\u015bni i cytryny<\/li>\n\n\n\n<li>Deser Bloom Delight<\/li>\n\n\n\n<li>Lemoniada z owoc\u00f3w smoka<\/li>\n\n\n\n<li>Midnight Cherry<\/li>\n\n\n\n<li>Mro\u017cony lodowiec winogronowy<\/li>\n\n\n\n<li>Frozen Strawberry Drift<\/li>\n\n\n\n<li>Tripple Berry Blizzard<\/li>\n\n\n\n<li>Mystic Dragon Fusion<\/li>\n\n\n\n<li>Watermelon Berry Wave<\/li>\n<\/ul>\n\n\n\n<h3 class=\"wp-block-heading\">Dlaczego warto wybra\u0107 AiRMEZ Matrix 25K?<\/h3>\n\n\n\n<p>Pierwszy w historii jednorazowy vape z ekranem dotykowym<br>Du\u017ca liczba zaci\u0105gni\u0119\u0107 dzi\u0119ki akumulatorowi<br>Interaktywna rozgrywka<br>W pe\u0142ni konfigurowalne do\u015bwiadczenie waporyzacji<br>Smak premium z podw\u00f3jn\u0105 cewk\u0105 siatkow\u0105<\/p>\n\n\n\n<p>Je\u015bli szukasz wi\u0119cej opcji poza <strong>AiRMEZ Matrix 25K<\/strong>, ale jest jeszcze wiele do odkrycia. Mo\u017cesz przegl\u0105da\u0107 nasze pe\u0142ne <strong><a href=\"https:\/\/vapemaison.com\/shop\/\" type=\"link\" id=\"https:\/\/vapemaison.com\/shop\/\">Kolekcja sklepu<\/a><\/strong> aby znale\u017a\u0107 szerok\u0105 gam\u0119 wysokowydajnych waporyzator\u00f3w jednorazowych o r\u00f3\u017cnych liczbach zaci\u0105gni\u0119\u0107, funkcjach i profilach smakowych dostosowanych do Twoich preferencji.<\/p>\n\n\n\n<p>Je\u015bli podoba Ci si\u0119 design i innowacyjno\u015b\u0107 tego urz\u0105dzenia, zalecamy r\u00f3wnie\u017c sprawdzenie innych produkt\u00f3w z oferty <strong><a href=\"https:\/\/vapemaison.com\/brand\/airmez\/\" type=\"link\" id=\"https:\/\/vapemaison.com\/brand\/airmez\/\">Sk\u0142ad Airmez<\/a><\/strong>, gdzie znajdziesz podobnie zaawansowane modele z unikalnymi funkcjami i najwy\u017csz\u0105 jako\u015bci\u0105 wykonania.<\/p>\n\n\n\n<p>Dla tych, kt\u00f3rzy s\u0105 szczeg\u00f3lnie zainteresowani trwa\u0142ymi urz\u0105dzeniami, nie przegap naszej oferty <strong><a href=\"https:\/\/vapemaison.com\/product-category\/puffs-count\/25k-puffs\/\" type=\"link\" id=\"https:\/\/vapemaison.com\/product-category\/puffs-count\/25k-puffs\/\">25 tys. zaci\u0105gni\u0119\u0107<\/a><\/strong> waporyzatory jednorazowe. Opcje te oferuj\u0105 d\u0142u\u017csze u\u017cytkowanie, bogaty smak i doskona\u0142\u0105 warto\u015b\u0107 dla u\u017cytkownik\u00f3w, kt\u00f3rzy chc\u0105 rzadziej wymienia\u0107 tyto\u0144 bez uszczerbku dla wydajno\u015bci.<\/p>\n\n\n\n<p>Dowiedz si\u0119 wi\u0119cej i znajd\u017a idealny vape, kt\u00f3ry pasuje do Twojego stylu i potrzeb.<\/p>\n\n\n\n<p><\/p>","protected":false},"excerpt":{"rendered":"<p>AiRMEZ Matrix 25K - pierwszy inteligentny vape z ekranem dotykowym 2,1-calowy ekran dotykowy LED - 25 000 zaci\u0105gni\u0119\u0107 - regulacja mocy i przep\u0142ywu powietrza To wi\u0119cej ni\u017c vape - to interaktywne do\u015bwiadczenie.<\/p>","protected":false},"featured_media":28316,"comment_status":"open","ping_status":"closed","template":"","meta":[],"product_brand":[314],"product_cat":[144],"product_tag":[],"class_list":{"0":"post-28250","1":"product","2":"type-product","3":"status-publish","4":"has-post-thumbnail","6":"product_brand-airmez","7":"product_cat-25k-puffs","9":"first","10":"instock","11":"sale","12":"shipping-taxable","13":"purchasable","14":"product-type-variable"},"yoast_head":"<!-- This site is optimized with the Yoast SEO plugin v27.4 - https:\/\/yoast.com\/product\/yoast-seo-wordpress\/ -->\n<title>AiRMEZ Matrix 25K Disposable Vape | 2.1&quot; Touch Screen Vape<\/title>\n<meta name=\"description\" content=\"Experience the AiRMEZ Matrix 25K disposable vape with a 2.1-inch touch screen, adjustable airflow, and up to 25k puffs. Smart vaping with dual mesh coil.\" \/>\n<meta name=\"robots\" content=\"index, follow, max-snippet:-1, max-image-preview:large, max-video-preview:-1\" \/>\n<link rel=\"canonical\" href=\"https:\/\/vapemaison.com\/pl\/produkt\/airmez-matrix-25k-jednorazowy-vape-ekran-dotykowy-25000-zaciagniec-smart-vape\/\" \/>\n<meta property=\"og:locale\" content=\"pl_PL\" \/>\n<meta property=\"og:type\" content=\"article\" \/>\n<meta property=\"og:title\" content=\"AiRMEZ Matrix 25K Disposable Vape | 2.1&quot; Touch Screen Vape\" \/>\n<meta property=\"og:description\" content=\"Experience the AiRMEZ Matrix 25K disposable vape with a 2.1-inch touch screen, adjustable airflow, and up to 25k puffs. Smart vaping with dual mesh coil.\" \/>\n<meta property=\"og:url\" content=\"https:\/\/vapemaison.com\/pl\/produkt\/airmez-matrix-25k-jednorazowy-vape-ekran-dotykowy-25000-zaciagniec-smart-vape\/\" \/>\n<meta property=\"og:site_name\" content=\"VapeMaison\" \/>\n<meta property=\"article:modified_time\" content=\"2026-04-11T05:57:07+00:00\" \/>\n<meta property=\"og:image\" content=\"https:\/\/vapemaison.com\/wp-content\/uploads\/2026\/03\/airmez-tornado-25000-puffs-vape-flavor-sour-apple.webp\" \/>\n\t<meta property=\"og:image:width\" content=\"1080\" \/>\n\t<meta property=\"og:image:height\" content=\"1080\" \/>\n\t<meta property=\"og:image:type\" content=\"image\/webp\" \/>\n<meta name=\"twitter:card\" content=\"summary_large_image\" \/>\n<meta name=\"twitter:label1\" content=\"Szacowany czas czytania\" \/>\n\t<meta name=\"twitter:data1\" content=\"2 minuty\" \/>\n<!-- \/ Yoast SEO plugin. -->","yoast_head_json":{"title":"AiRMEZ Matrix 25K jednorazowy Vape | 2,1-calowy ekran dotykowy Vape","description":"Do\u015bwiadcz jednorazowego waporyzatora AiRMEZ Matrix 25K z 2,1-calowym ekranem dotykowym, regulowanym przep\u0142ywem powietrza i do 25 tys. zaci\u0105gni\u0119\u0107. Inteligentna waporyzacja z podw\u00f3jn\u0105 cewk\u0105 siatkow\u0105.","robots":{"index":"index","follow":"follow","max-snippet":"max-snippet:-1","max-image-preview":"max-image-preview:large","max-video-preview":"max-video-preview:-1"},"canonical":"https:\/\/vapemaison.com\/pl\/produkt\/airmez-matrix-25k-jednorazowy-vape-ekran-dotykowy-25000-zaciagniec-smart-vape\/","og_locale":"pl_PL","og_type":"article","og_title":"AiRMEZ Matrix 25K Disposable Vape | 2.1\" Touch Screen Vape","og_description":"Experience the AiRMEZ Matrix 25K disposable vape with a 2.1-inch touch screen, adjustable airflow, and up to 25k puffs. Smart vaping with dual mesh coil.","og_url":"https:\/\/vapemaison.com\/pl\/produkt\/airmez-matrix-25k-jednorazowy-vape-ekran-dotykowy-25000-zaciagniec-smart-vape\/","og_site_name":"VapeMaison","article_modified_time":"2026-04-11T05:57:07+00:00","og_image":[{"width":1080,"height":1080,"url":"https:\/\/vapemaison.com\/wp-content\/uploads\/2026\/03\/airmez-tornado-25000-puffs-vape-flavor-sour-apple.webp","type":"image\/webp"}],"twitter_card":"summary_large_image","twitter_misc":{"Szacowany czas czytania":"2 minuty"},"schema":{"@context":"https:\/\/schema.org","@graph":[{"@type":"WebPage","@id":"https:\/\/vapemaison.com\/product\/airmez-matrix-25k-disposable-vape-touch-screen-25000-puffs-smart-vape\/","url":"https:\/\/vapemaison.com\/product\/airmez-matrix-25k-disposable-vape-touch-screen-25000-puffs-smart-vape\/","name":"AiRMEZ Matrix 25K jednorazowy Vape | 2,1-calowy ekran dotykowy Vape","isPartOf":{"@id":"https:\/\/vapemaison.com\/#website"},"primaryImageOfPage":{"@id":"https:\/\/vapemaison.com\/product\/airmez-matrix-25k-disposable-vape-touch-screen-25000-puffs-smart-vape\/#primaryimage"},"image":{"@id":"https:\/\/vapemaison.com\/product\/airmez-matrix-25k-disposable-vape-touch-screen-25000-puffs-smart-vape\/#primaryimage"},"thumbnailUrl":"https:\/\/vapemaison.com\/wp-content\/uploads\/2026\/03\/airmez-tornado-25000-puffs-vape-flavor-sour-apple.webp","datePublished":"2026-03-24T06:01:05+00:00","dateModified":"2026-04-11T05:57:07+00:00","description":"Do\u015bwiadcz jednorazowego waporyzatora AiRMEZ Matrix 25K z 2,1-calowym ekranem dotykowym, regulowanym przep\u0142ywem powietrza i do 25 tys. zaci\u0105gni\u0119\u0107. Inteligentna waporyzacja z podw\u00f3jn\u0105 cewk\u0105 siatkow\u0105.","breadcrumb":{"@id":"https:\/\/vapemaison.com\/product\/airmez-matrix-25k-disposable-vape-touch-screen-25000-puffs-smart-vape\/#breadcrumb"},"inLanguage":"pl-PL","potentialAction":[{"@type":"ReadAction","target":["https:\/\/vapemaison.com\/product\/airmez-matrix-25k-disposable-vape-touch-screen-25000-puffs-smart-vape\/"]}]},{"@type":"ImageObject","inLanguage":"pl-PL","@id":"https:\/\/vapemaison.com\/product\/airmez-matrix-25k-disposable-vape-touch-screen-25000-puffs-smart-vape\/#primaryimage","url":"https:\/\/vapemaison.com\/wp-content\/uploads\/2026\/03\/airmez-tornado-25000-puffs-vape-flavor-sour-apple.webp","contentUrl":"https:\/\/vapemaison.com\/wp-content\/uploads\/2026\/03\/airmez-tornado-25000-puffs-vape-flavor-sour-apple.webp","width":1080,"height":1080,"caption":"Airmez Tornado Puffs Vape Flavor Sour Apple"},{"@type":"BreadcrumbList","@id":"https:\/\/vapemaison.com\/product\/airmez-matrix-25k-disposable-vape-touch-screen-25000-puffs-smart-vape\/#breadcrumb","itemListElement":[{"@type":"ListItem","position":1,"name":"\u9996\u9875","item":"https:\/\/vapemaison.com\/"},{"@type":"ListItem","position":2,"name":"Shop","item":"https:\/\/vapemaison.com\/shop\/"},{"@type":"ListItem","position":3,"name":"Airmez","item":"https:\/\/vapemaison.com\/brand\/airmez\/"},{"@type":"ListItem","position":4,"name":"AiRMEZ Matrix 25K Disposable Vape Touch Screen 25000 Puffs Smart Vape"}]},{"@type":"WebSite","@id":"https:\/\/vapemaison.com\/#website","url":"https:\/\/vapemaison.com\/","name":"VapeMaison","description":"Wysokiej jako\u015bci urz\u0105dzenia i akcesoria do waporyzacji","publisher":{"@id":"https:\/\/vapemaison.com\/#organization"},"potentialAction":[{"@type":"SearchAction","target":{"@type":"EntryPoint","urlTemplate":"https:\/\/vapemaison.com\/?s={search_term_string}"},"query-input":{"@type":"PropertyValueSpecification","valueRequired":true,"valueName":"search_term_string"}}],"inLanguage":"pl-PL"},{"@type":"Organization","@id":"https:\/\/vapemaison.com\/#organization","name":"VapeMaison","url":"https:\/\/vapemaison.com\/","logo":{"@type":"ImageObject","inLanguage":"pl-PL","@id":"https:\/\/vapemaison.com\/#\/schema\/logo\/image\/","url":"https:\/\/vapemaison.com\/wp-content\/uploads\/2026\/01\/cropped-vapemaison-logo-g-2026.webp","contentUrl":"https:\/\/vapemaison.com\/wp-content\/uploads\/2026\/01\/cropped-vapemaison-logo-g-2026.webp","width":350,"height":280,"caption":"VapeMaison"},"image":{"@id":"https:\/\/vapemaison.com\/#\/schema\/logo\/image\/"},"sameAs":["https:\/\/www.youtube.com\/@VapeMaison"]}]}},"tiered_pricing_type":"fixed","tiered_pricing_fixed_rules":{"30":"11.68","50":"11.12","100":"10.56","200":"9.99"},"tiered_pricing_product_settings":{"layout":"default","base_unit_name":{"singular":null,"plural":null},"default_variation":null},"tiered_pricing_minimum_quantity":10,"tiered_pricing_roles_data":[],"tiered_pricing_percentage_rules":[],"tiered_pricing_maximum_quantity":null,"tiered_pricing_quantity_step":"10","_links":{"self":[{"href":"https:\/\/vapemaison.com\/pl\/wp-json\/wp\/v2\/product\/28250","targetHints":{"allow":["GET"]}}],"collection":[{"href":"https:\/\/vapemaison.com\/pl\/wp-json\/wp\/v2\/product"}],"about":[{"href":"https:\/\/vapemaison.com\/pl\/wp-json\/wp\/v2\/types\/product"}],"replies":[{"embeddable":true,"href":"https:\/\/vapemaison.com\/pl\/wp-json\/wp\/v2\/comments?post=28250"}],"version-history":[{"count":7,"href":"https:\/\/vapemaison.com\/pl\/wp-json\/wp\/v2\/product\/28250\/revisions"}],"predecessor-version":[{"id":29269,"href":"https:\/\/vapemaison.com\/pl\/wp-json\/wp\/v2\/product\/28250\/revisions\/29269"}],"wp:featuredmedia":[{"embeddable":true,"href":"https:\/\/vapemaison.com\/pl\/wp-json\/wp\/v2\/media\/28316"}],"wp:attachment":[{"href":"https:\/\/vapemaison.com\/pl\/wp-json\/wp\/v2\/media?parent=28250"}],"wp:term":[{"taxonomy":"product_brand","embeddable":true,"href":"https:\/\/vapemaison.com\/pl\/wp-json\/wp\/v2\/product_brand?post=28250"},{"taxonomy":"product_cat","embeddable":true,"href":"https:\/\/vapemaison.com\/pl\/wp-json\/wp\/v2\/product_cat?post=28250"},{"taxonomy":"product_tag","embeddable":true,"href":"https:\/\/vapemaison.com\/pl\/wp-json\/wp\/v2\/product_tag?post=28250"}],"curies":[{"name":"wp","href":"https:\/\/api.w.org\/{rel}","templated":true}]}}