

{"id":28649,"date":"2026-04-01T08:53:24","date_gmt":"2026-04-01T08:53:24","guid":{"rendered":"https:\/\/vapemaison.com\/?post_type=product&#038;p=28649"},"modified":"2026-04-01T09:48:07","modified_gmt":"2026-04-01T09:48:07","slug":"jednorazowy-vape-wasbar-60000-puffow-z-podwojna-cewka-siatkowa","status":"publish","type":"product","link":"https:\/\/vapemaison.com\/pl\/product\/wasbar-60000-puffs-rechargeable-disposable-vape-with-dual-mesh-coil\/","title":{"rendered":"Wasbar 60000 Puffs - jednorazowy akumulator Vape z podw\u00f3jn\u0105 cewk\u0105 siatkow\u0105"},"content":{"rendered":"<p>The <strong>Wasbar 60000 Puffs jednorazowe Vape<\/strong> zosta\u0142 zaprojektowany z my\u015bl\u0105 o u\u017cytkownikach poszukuj\u0105cych r\u00f3wnowagi mi\u0119dzy wydajno\u015bci\u0105, sp\u00f3jno\u015bci\u0105 smaku i wygod\u0105. Z maksymalnie <strong>60 000 zaci\u0105gni\u0119\u0107<\/strong>, W por\u00f3wnaniu ze standardowymi urz\u0105dzeniami jednorazowymi, oferuje d\u0142u\u017csze u\u017cytkowanie, dzi\u0119ki czemu nadaje si\u0119 do codziennej waporyzacji.<\/p>\n\n\n\n<p>Wyposa\u017cony w <strong>akumulator<\/strong> oraz <strong>\u0141adowanie typu C<\/strong>, Urz\u0105dzenie zapewnia niezawodne zasilanie i \u0142atwe \u0142adowanie. Niezale\u017cnie od tego, czy jest u\u017cywane przez ca\u0142y dzie\u0144, czy podczas podr\u00f3\u017cy, utrzymuje stabiln\u0105 wydajno\u015b\u0107 bez konieczno\u015bci cz\u0119stej wymiany.<\/p>\n\n\n\n<h3 class=\"wp-block-heading\">Wydajno\u015b\u0107 i wygl\u0105d<\/h3>\n\n\n\n<p>The <strong>System cewek z podw\u00f3jn\u0105 siatk\u0105<\/strong> poprawia og\u00f3ln\u0105 jako\u015b\u0107 waporyzacji poprzez dostarczanie:<\/p>\n\n\n\n<ul class=\"wp-block-list\">\n<li>P\u0142ynna i sp\u00f3jna para<\/li>\n\n\n\n<li>Lepsza wyrazisto\u015b\u0107 smaku<\/li>\n\n\n\n<li>R\u00f3wnomierne podgrzewanie e-cieczy dla lepszej wydajno\u015bci<\/li>\n<\/ul>\n\n\n\n<p>Jego op\u0142ywowy, nowoczesny design \u0142\u0105czy praktyczno\u015b\u0107 z czyst\u0105 estetyk\u0105, zapewniaj\u0105c wygodn\u0105 obs\u0142ug\u0119 i \u0142atwo\u015b\u0107 u\u017cytkowania.<\/p>\n\n\n\n<h3 class=\"wp-block-heading\">Specyfikacje<\/h3>\n\n\n\n<figure class=\"wp-block-table\"><table class=\"has-fixed-layout\"><thead><tr><th>Specyfikacja<\/th><th>Szczeg\u00f3\u0142y<\/th><\/tr><\/thead><tbody><tr><td>Puff Count<\/td><td>Do 60 000 zaci\u0105gni\u0119\u0107<\/td><\/tr><tr><td>Si\u0142a nikotyny<\/td><td>2% \/ 5%<\/td><\/tr><tr><td>Typ cewki<\/td><td>Cewka z podw\u00f3jn\u0105 siatk\u0105<\/td><\/tr><tr><td>Bateria<\/td><td>Akumulator<\/td><\/tr><tr><td>Port \u0142adowania<\/td><td>Typ-C<\/td><\/tr><tr><td>Opcje smakowe<\/td><td>10 smak\u00f3w<\/td><\/tr><tr><td>Waga<\/td><td>0,12 kg<\/td><\/tr><\/tbody><\/table><\/figure>\n\n\n\n<h3 class=\"wp-block-heading\">Dost\u0119pne smaki<\/h3>\n\n\n\n<ul class=\"wp-block-list\">\n<li>Arbuzowy l\u00f3d<\/li>\n\n\n\n<li>L\u00f3d truskawkowy<\/li>\n\n\n\n<li>Truskawkowy l\u00f3d arbuzowy<\/li>\n\n\n\n<li>Blue Razz Ice<\/li>\n\n\n\n<li>Bor\u00f3wka Malina<\/li>\n\n\n\n<li>L\u00f3d winogronowy<\/li>\n\n\n\n<li>Jagody mieszane<\/li>\n\n\n\n<li>Miami Mint<\/li>\n\n\n\n<li>Truskawka Kiwi<\/li>\n\n\n\n<li>Cherry Cola<\/li>\n\n\n\n<li>Losowe smaki (opcja szybkiej dostawy)<\/li>\n<\/ul>\n\n\n\n<p>Ka\u017cdy smak jest starannie opracowany, aby zapewni\u0107 zr\u00f3wnowa\u017cony profil <strong>s\u0142odycz, \u015bwie\u017co\u015b\u0107 i uczucie ch\u0142odzenia<\/strong>, zaspokajaj\u0105c zar\u00f3wno entuzjast\u00f3w owoc\u00f3w, jak i mentoli.<\/p>\n\n\n\n<h3 class=\"wp-block-heading\">Dlaczego warto wybra\u0107 Wasbar 60000?<\/h3>\n\n\n\n<ul class=\"wp-block-list\">\n<li><strong>Rozszerzone u\u017cycie<\/strong> - Jedno urz\u0105dzenie dzia\u0142a znacznie d\u0142u\u017cej ni\u017c typowe urz\u0105dzenia jednorazowe<\/li>\n\n\n\n<li><strong>Wygoda \u0142adowania<\/strong> - Brak odpad\u00f3w z niedoko\u0144czonego e-cieczy<\/li>\n\n\n\n<li><strong>Dostarczanie smaku premium<\/strong> - Podw\u00f3jna cewka siatkowa zapewnia sp\u00f3jny smak<\/li>\n\n\n\n<li><strong>Konstrukcja przyjazna dla u\u017cytkownika<\/strong> - Nie wymaga konserwacji ani uzupe\u0142niania<\/li>\n\n\n\n<li><strong>Op\u0142acalno\u015b\u0107<\/strong> - Du\u017ca liczba dmuchaw zmniejsza cz\u0119stotliwo\u015b\u0107 wymiany<\/li>\n<\/ul>","protected":false},"excerpt":{"rendered":"<p>Do 60 000 zaci\u0105gni\u0119\u0107 dzi\u0119ki podw\u00f3jnej cewce siatkowej, akumulatorowi i 10 smakom premium. Zbudowany z my\u015bl\u0105 o d\u0142ugotrwa\u0142ej wydajno\u015bci i p\u0142ynnej, sp\u00f3jnej waporyzacji.<\/p>","protected":false},"featured_media":28657,"comment_status":"open","ping_status":"closed","template":"","meta":[],"product_brand":[],"product_cat":[137],"product_tag":[],"class_list":{"0":"post-28649","1":"product","2":"type-product","3":"status-publish","4":"has-post-thumbnail","6":"product_cat-60k-puffs","8":"first","9":"instock","10":"sale","11":"shipping-taxable","12":"purchasable","13":"product-type-variable"},"yoast_head":"<!-- This site is optimized with the Yoast SEO plugin v27.4 - https:\/\/yoast.com\/product\/yoast-seo-wordpress\/ -->\n<title>Wasbar 60000 60K Puffs \u2013 Rechargeable Vape<\/title>\n<meta name=\"description\" content=\"Discover the Wasbar 60000 Puffs Disposable Vape with up to 60K puffs, dual mesh coil, rechargeable battery, and Type-C charging.\" \/>\n<meta name=\"robots\" content=\"index, follow, max-snippet:-1, max-image-preview:large, max-video-preview:-1\" \/>\n<link rel=\"canonical\" href=\"https:\/\/vapemaison.com\/pl\/produkt\/jednorazowy-vape-wasbar-60000-puffow-z-podwojna-cewka-siatkowa\/\" \/>\n<meta property=\"og:locale\" content=\"pl_PL\" \/>\n<meta property=\"og:type\" content=\"article\" \/>\n<meta property=\"og:title\" content=\"Wasbar 60000 60K Puffs \u2013 Rechargeable Vape\" \/>\n<meta property=\"og:description\" content=\"Discover the Wasbar 60000 Puffs Disposable Vape with up to 60K puffs, dual mesh coil, rechargeable battery, and Type-C charging.\" \/>\n<meta property=\"og:url\" content=\"https:\/\/vapemaison.com\/pl\/produkt\/jednorazowy-vape-wasbar-60000-puffow-z-podwojna-cewka-siatkowa\/\" \/>\n<meta property=\"og:site_name\" content=\"VapeMaison\" \/>\n<meta property=\"article:modified_time\" content=\"2026-04-01T09:48:07+00:00\" \/>\n<meta property=\"og:image\" content=\"https:\/\/vapemaison.com\/wp-content\/uploads\/2026\/04\/wasbar-60000-puffs-disposable-vape-flavor-strawberry-kiwi.webp\" \/>\n\t<meta property=\"og:image:width\" content=\"2000\" \/>\n\t<meta property=\"og:image:height\" content=\"2000\" \/>\n\t<meta property=\"og:image:type\" content=\"image\/webp\" \/>\n<meta name=\"twitter:card\" content=\"summary_large_image\" \/>\n<meta name=\"twitter:label1\" content=\"Szacowany czas czytania\" \/>\n\t<meta name=\"twitter:data1\" content=\"2 minuty\" \/>\n<!-- \/ Yoast SEO plugin. -->","yoast_head_json":{"title":"Wasbar 60000 60K Puffs - Vape z mo\u017cliwo\u015bci\u0105 \u0142adowania","description":"Odkryj jednorazowy waporyzator Wasbar 60000 Puffs z maksymalnie 60 tysi\u0105cami zaci\u0105gni\u0119\u0107, podw\u00f3jn\u0105 cewk\u0105 siatkow\u0105, akumulatorem i \u0142adowaniem Type-C.","robots":{"index":"index","follow":"follow","max-snippet":"max-snippet:-1","max-image-preview":"max-image-preview:large","max-video-preview":"max-video-preview:-1"},"canonical":"https:\/\/vapemaison.com\/pl\/produkt\/jednorazowy-vape-wasbar-60000-puffow-z-podwojna-cewka-siatkowa\/","og_locale":"pl_PL","og_type":"article","og_title":"Wasbar 60000 60K Puffs \u2013 Rechargeable Vape","og_description":"Discover the Wasbar 60000 Puffs Disposable Vape with up to 60K puffs, dual mesh coil, rechargeable battery, and Type-C charging.","og_url":"https:\/\/vapemaison.com\/pl\/produkt\/jednorazowy-vape-wasbar-60000-puffow-z-podwojna-cewka-siatkowa\/","og_site_name":"VapeMaison","article_modified_time":"2026-04-01T09:48:07+00:00","og_image":[{"width":2000,"height":2000,"url":"https:\/\/vapemaison.com\/wp-content\/uploads\/2026\/04\/wasbar-60000-puffs-disposable-vape-flavor-strawberry-kiwi.webp","type":"image\/webp"}],"twitter_card":"summary_large_image","twitter_misc":{"Szacowany czas czytania":"2 minuty"},"schema":{"@context":"https:\/\/schema.org","@graph":[{"@type":"WebPage","@id":"https:\/\/vapemaison.com\/product\/wasbar-60000-puffs-rechargeable-disposable-vape-with-dual-mesh-coil\/","url":"https:\/\/vapemaison.com\/product\/wasbar-60000-puffs-rechargeable-disposable-vape-with-dual-mesh-coil\/","name":"Wasbar 60000 60K Puffs - Vape z mo\u017cliwo\u015bci\u0105 \u0142adowania","isPartOf":{"@id":"https:\/\/vapemaison.com\/#website"},"primaryImageOfPage":{"@id":"https:\/\/vapemaison.com\/product\/wasbar-60000-puffs-rechargeable-disposable-vape-with-dual-mesh-coil\/#primaryimage"},"image":{"@id":"https:\/\/vapemaison.com\/product\/wasbar-60000-puffs-rechargeable-disposable-vape-with-dual-mesh-coil\/#primaryimage"},"thumbnailUrl":"https:\/\/vapemaison.com\/wp-content\/uploads\/2026\/04\/wasbar-60000-puffs-disposable-vape-flavor-strawberry-kiwi.webp","datePublished":"2026-04-01T08:53:24+00:00","dateModified":"2026-04-01T09:48:07+00:00","description":"Odkryj jednorazowy waporyzator Wasbar 60000 Puffs z maksymalnie 60 tysi\u0105cami zaci\u0105gni\u0119\u0107, podw\u00f3jn\u0105 cewk\u0105 siatkow\u0105, akumulatorem i \u0142adowaniem Type-C.","breadcrumb":{"@id":"https:\/\/vapemaison.com\/product\/wasbar-60000-puffs-rechargeable-disposable-vape-with-dual-mesh-coil\/#breadcrumb"},"inLanguage":"pl-PL","potentialAction":[{"@type":"ReadAction","target":["https:\/\/vapemaison.com\/product\/wasbar-60000-puffs-rechargeable-disposable-vape-with-dual-mesh-coil\/"]}]},{"@type":"ImageObject","inLanguage":"pl-PL","@id":"https:\/\/vapemaison.com\/product\/wasbar-60000-puffs-rechargeable-disposable-vape-with-dual-mesh-coil\/#primaryimage","url":"https:\/\/vapemaison.com\/wp-content\/uploads\/2026\/04\/wasbar-60000-puffs-disposable-vape-flavor-strawberry-kiwi.webp","contentUrl":"https:\/\/vapemaison.com\/wp-content\/uploads\/2026\/04\/wasbar-60000-puffs-disposable-vape-flavor-strawberry-kiwi.webp","width":2000,"height":2000,"caption":"Wasbar Puffs Disposable Vape Flavor Strawberry Kiwi"},{"@type":"BreadcrumbList","@id":"https:\/\/vapemaison.com\/product\/wasbar-60000-puffs-rechargeable-disposable-vape-with-dual-mesh-coil\/#breadcrumb","itemListElement":[{"@type":"ListItem","position":1,"name":"\u9996\u9875","item":"https:\/\/vapemaison.com\/"},{"@type":"ListItem","position":2,"name":"Shop","item":"https:\/\/vapemaison.com\/shop\/"},{"@type":"ListItem","position":3,"name":"Wasbar 60000 Puffs \u2013 Rechargeable Disposable Vape with Dual Mesh Coil"}]},{"@type":"WebSite","@id":"https:\/\/vapemaison.com\/#website","url":"https:\/\/vapemaison.com\/","name":"VapeMaison","description":"Wysokiej jako\u015bci urz\u0105dzenia i akcesoria do waporyzacji","publisher":{"@id":"https:\/\/vapemaison.com\/#organization"},"potentialAction":[{"@type":"SearchAction","target":{"@type":"EntryPoint","urlTemplate":"https:\/\/vapemaison.com\/?s={search_term_string}"},"query-input":{"@type":"PropertyValueSpecification","valueRequired":true,"valueName":"search_term_string"}}],"inLanguage":"pl-PL"},{"@type":"Organization","@id":"https:\/\/vapemaison.com\/#organization","name":"VapeMaison","url":"https:\/\/vapemaison.com\/","logo":{"@type":"ImageObject","inLanguage":"pl-PL","@id":"https:\/\/vapemaison.com\/#\/schema\/logo\/image\/","url":"https:\/\/vapemaison.com\/wp-content\/uploads\/2026\/01\/cropped-vapemaison-logo-g-2026.webp","contentUrl":"https:\/\/vapemaison.com\/wp-content\/uploads\/2026\/01\/cropped-vapemaison-logo-g-2026.webp","width":350,"height":280,"caption":"VapeMaison"},"image":{"@id":"https:\/\/vapemaison.com\/#\/schema\/logo\/image\/"},"sameAs":["https:\/\/www.youtube.com\/@VapeMaison"]}]}},"tiered_pricing_type":"fixed","tiered_pricing_fixed_rules":{"30":"11.99","50":"11.45","100":"10.78","200":"10.21"},"tiered_pricing_product_settings":{"layout":"default","base_unit_name":{"singular":null,"plural":null},"default_variation":null},"tiered_pricing_minimum_quantity":10,"tiered_pricing_roles_data":[],"tiered_pricing_percentage_rules":[],"tiered_pricing_maximum_quantity":null,"tiered_pricing_quantity_step":"10","_links":{"self":[{"href":"https:\/\/vapemaison.com\/pl\/wp-json\/wp\/v2\/product\/28649","targetHints":{"allow":["GET"]}}],"collection":[{"href":"https:\/\/vapemaison.com\/pl\/wp-json\/wp\/v2\/product"}],"about":[{"href":"https:\/\/vapemaison.com\/pl\/wp-json\/wp\/v2\/types\/product"}],"replies":[{"embeddable":true,"href":"https:\/\/vapemaison.com\/pl\/wp-json\/wp\/v2\/comments?post=28649"}],"version-history":[{"count":4,"href":"https:\/\/vapemaison.com\/pl\/wp-json\/wp\/v2\/product\/28649\/revisions"}],"predecessor-version":[{"id":28673,"href":"https:\/\/vapemaison.com\/pl\/wp-json\/wp\/v2\/product\/28649\/revisions\/28673"}],"wp:featuredmedia":[{"embeddable":true,"href":"https:\/\/vapemaison.com\/pl\/wp-json\/wp\/v2\/media\/28657"}],"wp:attachment":[{"href":"https:\/\/vapemaison.com\/pl\/wp-json\/wp\/v2\/media?parent=28649"}],"wp:term":[{"taxonomy":"product_brand","embeddable":true,"href":"https:\/\/vapemaison.com\/pl\/wp-json\/wp\/v2\/product_brand?post=28649"},{"taxonomy":"product_cat","embeddable":true,"href":"https:\/\/vapemaison.com\/pl\/wp-json\/wp\/v2\/product_cat?post=28649"},{"taxonomy":"product_tag","embeddable":true,"href":"https:\/\/vapemaison.com\/pl\/wp-json\/wp\/v2\/product_tag?post=28649"}],"curies":[{"name":"wp","href":"https:\/\/api.w.org\/{rel}","templated":true}]}}