

{"id":28758,"date":"2026-04-02T07:06:09","date_gmt":"2026-04-02T07:06:09","guid":{"rendered":"https:\/\/vapemaison.com\/?post_type=product&#038;p=28758"},"modified":"2026-04-03T08:42:21","modified_gmt":"2026-04-03T08:42:21","slug":"stag-bar-4-w-1-80000-akumulator-jednorazowy-vape","status":"publish","type":"product","link":"https:\/\/vapemaison.com\/pl\/product\/stag-bar-4-in-1-80000-rechargeable-disposable-vape\/","title":{"rendered":"Stag Bar 4 w 1 80000 - jednorazowy akumulator Vape"},"content":{"rendered":"<p>The <strong><a href=\"https:\/\/vapemaison.com\/brand\/stag-bar\/\" type=\"link\" id=\"https:\/\/vapemaison.com\/brand\/stag-bar\/\">Stag Bar<\/a> 4-w-1 80000 (<a href=\"https:\/\/vapemaison.com\/product-category\/puffs-count\/80k-puffs\/\" type=\"link\" id=\"https:\/\/vapemaison.com\/product-category\/puffs-count\/80k-puffs\/\">80K Puffs<\/a>)<\/strong> zosta\u0142 zaprojektowany z my\u015bl\u0105 o u\u017cytkownikach, dla kt\u00f3rych priorytetem jest wydajno\u015b\u0107, wszechstronno\u015b\u0107 i kontrola nad urz\u0105dzeniami. Wyposa\u017cony w <strong>System prze\u0142\u0105czania smak\u00f3w 4 w 1<\/strong>, Pozwala to na uzyskanie wielu dozna\u0144 smakowych w ramach jednego urz\u0105dzenia, zmniejszaj\u0105c potrzeb\u0119 noszenia lub prze\u0142\u0105czania si\u0119 mi\u0119dzy wieloma waporyzatorami. <strong><a href=\"https:\/\/vapemaison.com\/shop\/\" type=\"link\" id=\"https:\/\/vapemaison.com\/shop\/\">sklep<\/a><\/strong> aby zobaczy\u0107 wi\u0119cej produkt\u00f3w.<\/p>\n\n\n\n<p>Z maksymalnie <strong>80 000 zaci\u0105gni\u0119\u0107<\/strong> i \u0142\u0105cznie <strong>Pojemno\u015b\u0107 48 ml e-liquidu (4 \u00d7 12 ml)<\/strong>, Urz\u0105dzenie pozwala na d\u0142u\u017csze u\u017cytkowanie przy zachowaniu sta\u0142ej wydajno\u015bci.<\/p>\n\n\n\n<p>Zasilany przez <strong>Akumulator o pojemno\u015bci 1000 mAh<\/strong> z <strong>\u0141adowanie typu C<\/strong>, Zapewnia to niezawodne dzia\u0142anie i wygodne \u0142adowanie. Zintegrowany <strong>Wy\u015bwietlacz LCD<\/strong> zapewnia widoczno\u015b\u0107 w czasie rzeczywistym zar\u00f3wno <strong>poziom na\u0142adowania baterii i stan e-cieczy<\/strong>, poprawiaj\u0105c og\u00f3ln\u0105 u\u017cyteczno\u015b\u0107 i kontrol\u0119.<\/p>\n\n\n\n<h3 class=\"wp-block-heading\">System wielu aromat\u00f3w i wydajno\u015b\u0107<\/h3>\n\n\n\n<p>Wyposa\u017cony w <strong>Siatka 1,1\u03a9<\/strong> oraz <strong>regulowany przep\u0142yw powietrza<\/strong>, Urz\u0105dzenie zapewnia:<\/p>\n\n\n\n<ul class=\"wp-block-list\">\n<li>P\u0142ynny i kontrolowany przep\u0142yw powietrza<\/li>\n\n\n\n<li>Zr\u00f3wnowa\u017cona produkcja pary<\/li>\n\n\n\n<li>Sp\u00f3jny smak we wszystkich zbiornikach<\/li>\n<\/ul>\n\n\n\n<p>The <strong>Struktura 4 w 1<\/strong> umo\u017cliwia p\u0142ynne prze\u0142\u0105czanie mi\u0119dzy smakami, oferuj\u0105c elastyczno\u015b\u0107 dla r\u00f3\u017cnych preferencji w ci\u0105gu dnia.<\/p>\n\n\n\n<h3 class=\"wp-block-heading\">Specyfikacje<\/h3>\n\n\n\n<figure class=\"wp-block-table\"><table class=\"has-fixed-layout\"><thead><tr><th>Specyfikacja<\/th><th>Szczeg\u00f3\u0142y<\/th><\/tr><\/thead><tbody><tr><td>Puff Count<\/td><td>Do 80 000 zaci\u0105gni\u0119\u0107<\/td><\/tr><tr><td>Si\u0142a nikotyny<\/td><td>2%<\/td><\/tr><tr><td>Pojemno\u015b\u0107 E-Liquid<\/td><td>4 \u00d7 12 ml (\u0142\u0105cznie 48 ml)<\/td><\/tr><tr><td>Typ cewki<\/td><td>Siatkowa cewka 1,1\u03a9<\/td><\/tr><tr><td>Bateria<\/td><td>Akumulator 1000 mAh<\/td><\/tr><tr><td>Wy\u015bwietlacz<\/td><td>Wy\u015bwietlacz LCD (poziom na\u0142adowania baterii i poziom p\u0142ynu E-Liquid)<\/td><\/tr><tr><td>Przep\u0142yw powietrza<\/td><td>Regulowany<\/td><\/tr><tr><td>Port \u0142adowania<\/td><td>Typ-C<\/td><\/tr><tr><td>System aromat\u00f3w<\/td><td>4 w 1<\/td><\/tr><tr><td>Opcje smakowe<\/td><td>Ponad 10 wariant\u00f3w<\/td><\/tr><tr><td>Opakowanie<\/td><td>10 sztuk \/ pude\u0142ko<\/td><\/tr><\/tbody><\/table><\/figure>\n\n\n\n<h3 class=\"wp-block-heading\">Dost\u0119pne kombinacje smak\u00f3w<\/h3>\n\n\n\n<p>Ka\u017cde urz\u0105dzenie zawiera <strong>cztery zintegrowane smaki<\/strong>, zapewniaj\u0105c bardziej elastyczne i zr\u00f3\u017cnicowane do\u015bwiadczenie:<\/p>\n\n\n\n<ul class=\"wp-block-list\">\n<li>Blueberry Ice \/ Mixed Berries \/ Blue Razz Ice \/ Blueberry Raspberry Ice<\/li>\n\n\n\n<li>Watermelon Ice \/ Strawberry Watermelon \/ Watermelon Bubble Gum \/ Watermelon Raspberry Ice<\/li>\n\n\n\n<li>Strawberry Ice \/ Strawberry Kiwi \/ Strawberry Grape \/ Strawberry Raspberry Cherry Ice<\/li>\n\n\n\n<li>Cherry Ice \/ Blue Razz Cherry \/ Cherry Peach Lemonade \/ Cherry Cola<\/li>\n\n\n\n<li>L\u00f3d jagodowy \/ L\u00f3d truskawkowy \/ L\u00f3d arbuzowy \/ L\u00f3d wi\u015bniowy<\/li>\n\n\n\n<li>Strawberry Raspberry Cherry Ice \/ Triple Melon \/ Pineapple Banana Strawberry \/ Kiwi Passion Fruit Guava<\/li>\n\n\n\n<li>Blue Razz Fusion \/ Pineapple Coconut Ice \/ Pink Lemonade \/ Strawberry Watermelon Fusion<\/li>\n\n\n\n<li>Peach Mango Pineapple \/ Juicy Peach \/ Lemon Lime \/ Triple Mango<\/li>\n\n\n\n<li>Mr Blue \/ Blueberry Raspberry Ice \/ Strawberry Kiwi \/ Blueberry Cherry Cranberry<\/li>\n\n\n\n<li>Banana Strawberry \/ Strawberry Grape \/ Red Bull \/ Double Apple<\/li>\n\n\n\n<li>Lemon Lime \/ Strawberry Kiwi \/ Mint Ice \/ Dragon Fruit Banana Cherry<\/li>\n\n\n\n<li>Coco Loco \/ Pineapple Banana Melon \/ Cherry Chupachups \/ Cherry Banana<\/li>\n\n\n\n<li>Sex on the Beach \/ Coco Loco \/ Dragon Fruit Banana Cherry \/ Lemon Lime<\/li>\n\n\n\n<li>Love 66 \/ Cherry Chupachups \/ Watermelon Raspberry Ice \/ Strawberry Kiwi<\/li>\n\n\n\n<li>Cola Ice \/ Red Bull \/ Sex on the Beach \/ Pineapple Banana Melon<\/li>\n<\/ul>\n\n\n\n<p>Kombinacje te zosta\u0142y zaprojektowane tak, aby zapewni\u0107 r\u00f3wnowag\u0119 <strong>owocowa s\u0142odycz, ch\u0142odz\u0105ce nuty i zmienno\u015b\u0107 smaku<\/strong> w r\u00f3\u017cnych scenariuszach u\u017cytkowania.<\/p>\n\n\n\n<h3 class=\"wp-block-heading\">Dlaczego warto wybra\u0107 Stag Bar 4-w-1 80000?<\/h3>\n\n\n\n<ul class=\"wp-block-list\">\n<li><strong>System aromat\u00f3w 4 w 1<\/strong> - Wiele smak\u00f3w w jednym urz\u0105dzeniu<\/li>\n\n\n\n<li><strong>Konstrukcja o wysokiej wydajno\u015bci<\/strong> - 48 ml e-liquidu dla d\u0142u\u017cszego u\u017cytkowania<\/li>\n\n\n\n<li><strong>Zwi\u0119kszona widoczno\u015b\u0107<\/strong> - Ekran LCD do monitorowania stanu baterii i e-cieczy<\/li>\n\n\n\n<li><strong>Niestandardowy przep\u0142yw powietrza<\/strong> - Regulowane przyci\u0105ganie dla r\u00f3\u017cnych preferencji<\/li>\n\n\n\n<li><strong>Stabilne wyj\u015bcie<\/strong> - Siatkowa cewka zapewnia sta\u0142\u0105 wydajno\u015b\u0107<\/li>\n\n\n\n<li><strong>Wygoda \u0142adowania<\/strong> - Obs\u0142uga \u0142adowania typu C<\/li>\n\n\n\n<li><strong>Gotowo\u015b\u0107 do sprzeda\u017cy detalicznej i hurtowej<\/strong> - Standardowo 10 sztuk w opakowaniu<\/li>\n<\/ul>","protected":false},"excerpt":{"rendered":"<p>Jednorazowy waporyzator o pojemno\u015bci 80 000 zaci\u0105gni\u0119\u0107 z systemem aromat\u00f3w 4 w 1, 48 ml e-liquidu, wy\u015bwietlaczem LCD i akumulatorem zapewniaj\u0105cym elastyczne i sp\u00f3jne waporyzowanie.<\/p>","protected":false},"featured_media":28775,"comment_status":"open","ping_status":"closed","template":"","meta":[],"product_brand":[320],"product_cat":[149],"product_tag":[],"class_list":{"0":"post-28758","1":"product","2":"type-product","3":"status-publish","4":"has-post-thumbnail","6":"product_brand-stag-bar","7":"product_cat-80k-puffs","9":"first","10":"instock","11":"sale","12":"shipping-taxable","13":"purchasable","14":"product-type-variable"},"yoast_head":"<!-- This site is optimized with the Yoast SEO plugin v27.4 - https:\/\/yoast.com\/product\/yoast-seo-wordpress\/ -->\n<title>Stag Bar 4-in-1 80000 Disposable Vape \u2013 80K Puffs<\/title>\n<meta name=\"description\" content=\"Buy Stag Bar 4-in-1 80000 disposable vape with up to 80,000 puffs, 48mL e-liquid, LCD display, adjustable airflow, and rechargeable battery.\" \/>\n<meta name=\"robots\" content=\"index, follow, max-snippet:-1, max-image-preview:large, max-video-preview:-1\" \/>\n<link rel=\"canonical\" href=\"https:\/\/vapemaison.com\/pl\/produkt\/stag-bar-4-w-1-80000-akumulator-jednorazowy-vape\/\" \/>\n<meta property=\"og:locale\" content=\"pl_PL\" \/>\n<meta property=\"og:type\" content=\"article\" \/>\n<meta property=\"og:title\" content=\"Stag Bar 4-in-1 80000 Disposable Vape \u2013 80K Puffs\" \/>\n<meta property=\"og:description\" content=\"Buy Stag Bar 4-in-1 80000 disposable vape with up to 80,000 puffs, 48mL e-liquid, LCD display, adjustable airflow, and rechargeable battery.\" \/>\n<meta property=\"og:url\" content=\"https:\/\/vapemaison.com\/pl\/produkt\/stag-bar-4-w-1-80000-akumulator-jednorazowy-vape\/\" \/>\n<meta property=\"og:site_name\" content=\"VapeMaison\" \/>\n<meta property=\"article:modified_time\" content=\"2026-04-03T08:42:21+00:00\" \/>\n<meta property=\"og:image\" content=\"https:\/\/vapemaison.com\/wp-content\/uploads\/2026\/04\/vapemaison-stag-bar-4in1-80000-80k-puffs-main-picture.webp\" \/>\n\t<meta property=\"og:image:width\" content=\"2000\" \/>\n\t<meta property=\"og:image:height\" content=\"2000\" \/>\n\t<meta property=\"og:image:type\" content=\"image\/webp\" \/>\n<meta name=\"twitter:card\" content=\"summary_large_image\" \/>\n<meta name=\"twitter:label1\" content=\"Szacowany czas czytania\" \/>\n\t<meta name=\"twitter:data1\" content=\"3 minuty\" \/>\n<!-- \/ Yoast SEO plugin. -->","yoast_head_json":{"title":"Vape jednorazowe Stag Bar 4 w 1 80000 - 80 tys. zaci\u0105gni\u0119\u0107","description":"Kup jednorazowy waporyzator Stag Bar 4-in-1 80000 z 80 000 zaci\u0105gni\u0119\u0107, 48 ml e-liquidu, wy\u015bwietlaczem LCD, regulowanym przep\u0142ywem powietrza i akumulatorem.","robots":{"index":"index","follow":"follow","max-snippet":"max-snippet:-1","max-image-preview":"max-image-preview:large","max-video-preview":"max-video-preview:-1"},"canonical":"https:\/\/vapemaison.com\/pl\/produkt\/stag-bar-4-w-1-80000-akumulator-jednorazowy-vape\/","og_locale":"pl_PL","og_type":"article","og_title":"Stag Bar 4-in-1 80000 Disposable Vape \u2013 80K Puffs","og_description":"Buy Stag Bar 4-in-1 80000 disposable vape with up to 80,000 puffs, 48mL e-liquid, LCD display, adjustable airflow, and rechargeable battery.","og_url":"https:\/\/vapemaison.com\/pl\/produkt\/stag-bar-4-w-1-80000-akumulator-jednorazowy-vape\/","og_site_name":"VapeMaison","article_modified_time":"2026-04-03T08:42:21+00:00","og_image":[{"width":2000,"height":2000,"url":"https:\/\/vapemaison.com\/wp-content\/uploads\/2026\/04\/vapemaison-stag-bar-4in1-80000-80k-puffs-main-picture.webp","type":"image\/webp"}],"twitter_card":"summary_large_image","twitter_misc":{"Szacowany czas czytania":"3 minuty"},"schema":{"@context":"https:\/\/schema.org","@graph":[{"@type":"WebPage","@id":"https:\/\/vapemaison.com\/product\/stag-bar-4-in-1-80000-rechargeable-disposable-vape\/","url":"https:\/\/vapemaison.com\/product\/stag-bar-4-in-1-80000-rechargeable-disposable-vape\/","name":"Vape jednorazowe Stag Bar 4 w 1 80000 - 80 tys. zaci\u0105gni\u0119\u0107","isPartOf":{"@id":"https:\/\/vapemaison.com\/#website"},"primaryImageOfPage":{"@id":"https:\/\/vapemaison.com\/product\/stag-bar-4-in-1-80000-rechargeable-disposable-vape\/#primaryimage"},"image":{"@id":"https:\/\/vapemaison.com\/product\/stag-bar-4-in-1-80000-rechargeable-disposable-vape\/#primaryimage"},"thumbnailUrl":"https:\/\/vapemaison.com\/wp-content\/uploads\/2026\/04\/vapemaison-stag-bar-4in1-80000-80k-puffs-main-picture.webp","datePublished":"2026-04-02T07:06:09+00:00","dateModified":"2026-04-03T08:42:21+00:00","description":"Kup jednorazowy waporyzator Stag Bar 4-in-1 80000 z 80 000 zaci\u0105gni\u0119\u0107, 48 ml e-liquidu, wy\u015bwietlaczem LCD, regulowanym przep\u0142ywem powietrza i akumulatorem.","breadcrumb":{"@id":"https:\/\/vapemaison.com\/product\/stag-bar-4-in-1-80000-rechargeable-disposable-vape\/#breadcrumb"},"inLanguage":"pl-PL","potentialAction":[{"@type":"ReadAction","target":["https:\/\/vapemaison.com\/product\/stag-bar-4-in-1-80000-rechargeable-disposable-vape\/"]}]},{"@type":"ImageObject","inLanguage":"pl-PL","@id":"https:\/\/vapemaison.com\/product\/stag-bar-4-in-1-80000-rechargeable-disposable-vape\/#primaryimage","url":"https:\/\/vapemaison.com\/wp-content\/uploads\/2026\/04\/vapemaison-stag-bar-4in1-80000-80k-puffs-main-picture.webp","contentUrl":"https:\/\/vapemaison.com\/wp-content\/uploads\/2026\/04\/vapemaison-stag-bar-4in1-80000-80k-puffs-main-picture.webp","width":2000,"height":2000,"caption":"Vapemaison Stag Bar 4in1 80k Puffs Main Picture"},{"@type":"BreadcrumbList","@id":"https:\/\/vapemaison.com\/product\/stag-bar-4-in-1-80000-rechargeable-disposable-vape\/#breadcrumb","itemListElement":[{"@type":"ListItem","position":1,"name":"\u9996\u9875","item":"https:\/\/vapemaison.com\/"},{"@type":"ListItem","position":2,"name":"Shop","item":"https:\/\/vapemaison.com\/shop\/"},{"@type":"ListItem","position":3,"name":"Stag Bar","item":"https:\/\/vapemaison.com\/brand\/stag-bar\/"},{"@type":"ListItem","position":4,"name":"Stag Bar 4-in-1 80000 \u2013 Rechargeable Disposable Vape"}]},{"@type":"WebSite","@id":"https:\/\/vapemaison.com\/#website","url":"https:\/\/vapemaison.com\/","name":"VapeMaison","description":"Wysokiej jako\u015bci urz\u0105dzenia i akcesoria do waporyzacji","publisher":{"@id":"https:\/\/vapemaison.com\/#organization"},"potentialAction":[{"@type":"SearchAction","target":{"@type":"EntryPoint","urlTemplate":"https:\/\/vapemaison.com\/?s={search_term_string}"},"query-input":{"@type":"PropertyValueSpecification","valueRequired":true,"valueName":"search_term_string"}}],"inLanguage":"pl-PL"},{"@type":"Organization","@id":"https:\/\/vapemaison.com\/#organization","name":"VapeMaison","url":"https:\/\/vapemaison.com\/","logo":{"@type":"ImageObject","inLanguage":"pl-PL","@id":"https:\/\/vapemaison.com\/#\/schema\/logo\/image\/","url":"https:\/\/vapemaison.com\/wp-content\/uploads\/2026\/01\/cropped-vapemaison-logo-g-2026.webp","contentUrl":"https:\/\/vapemaison.com\/wp-content\/uploads\/2026\/01\/cropped-vapemaison-logo-g-2026.webp","width":350,"height":280,"caption":"VapeMaison"},"image":{"@id":"https:\/\/vapemaison.com\/#\/schema\/logo\/image\/"},"sameAs":["https:\/\/www.youtube.com\/@VapeMaison"]}]}},"tiered_pricing_type":"fixed","tiered_pricing_fixed_rules":{"30":"14.66","50":"13.99","100":"13.54","200":"11.99"},"tiered_pricing_product_settings":{"layout":"default","base_unit_name":{"singular":null,"plural":null},"default_variation":null},"tiered_pricing_minimum_quantity":10,"tiered_pricing_roles_data":[],"tiered_pricing_percentage_rules":[],"tiered_pricing_maximum_quantity":null,"tiered_pricing_quantity_step":"10","_links":{"self":[{"href":"https:\/\/vapemaison.com\/pl\/wp-json\/wp\/v2\/product\/28758","targetHints":{"allow":["GET"]}}],"collection":[{"href":"https:\/\/vapemaison.com\/pl\/wp-json\/wp\/v2\/product"}],"about":[{"href":"https:\/\/vapemaison.com\/pl\/wp-json\/wp\/v2\/types\/product"}],"replies":[{"embeddable":true,"href":"https:\/\/vapemaison.com\/pl\/wp-json\/wp\/v2\/comments?post=28758"}],"version-history":[{"count":4,"href":"https:\/\/vapemaison.com\/pl\/wp-json\/wp\/v2\/product\/28758\/revisions"}],"predecessor-version":[{"id":28899,"href":"https:\/\/vapemaison.com\/pl\/wp-json\/wp\/v2\/product\/28758\/revisions\/28899"}],"wp:featuredmedia":[{"embeddable":true,"href":"https:\/\/vapemaison.com\/pl\/wp-json\/wp\/v2\/media\/28775"}],"wp:attachment":[{"href":"https:\/\/vapemaison.com\/pl\/wp-json\/wp\/v2\/media?parent=28758"}],"wp:term":[{"taxonomy":"product_brand","embeddable":true,"href":"https:\/\/vapemaison.com\/pl\/wp-json\/wp\/v2\/product_brand?post=28758"},{"taxonomy":"product_cat","embeddable":true,"href":"https:\/\/vapemaison.com\/pl\/wp-json\/wp\/v2\/product_cat?post=28758"},{"taxonomy":"product_tag","embeddable":true,"href":"https:\/\/vapemaison.com\/pl\/wp-json\/wp\/v2\/product_tag?post=28758"}],"curies":[{"name":"wp","href":"https:\/\/api.w.org\/{rel}","templated":true}]}}