{"id":28944,"date":"2026-04-07T08:18:46","date_gmt":"2026-04-07T08:18:46","guid":{"rendered":"https:\/\/vapemaison.com\/?post_type=product&#038;p=28944"},"modified":"2026-04-07T08:18:52","modified_gmt":"2026-04-07T08:18:52","slug":"bang-de-300k-puffs5-w-1-jednorazowy-vape","status":"publish","type":"product","link":"https:\/\/vapemaison.com\/pl\/product\/bang-de-300k-puffs5-in-1-disposable-vape\/","title":{"rendered":"Bang DE 300k puff5-w-1 jednorazowy Vape"},"content":{"rendered":"<p>Po\u017cegnaj si\u0119 z uzupe\u0142nianiem i prze\u0142\u0105czaniem urz\u0105dze\u0144 i wejd\u017a na nowy poziom wygody waporyzacji dzi\u0119ki <strong>Vape jednorazowe Bang DE 300K 5 w 1<\/strong>. Zbudowane z my\u015bl\u0105 o wydajno\u015bci i wszechstronno\u015bci, to urz\u0105dzenie o du\u017cej pojemno\u015bci zapewnia niewiarygodne <strong>do 300 tys. zaci\u0105gni\u0119\u0107<\/strong>, dzi\u0119ki czemu jest to jeden z najtrwalszych jednorazowych produkt\u00f3w na rynku.<\/p>\n\n\n\n<p>To, co naprawd\u0119 go wyr\u00f3\u017cnia, to <strong>Innowacyjny system aromat\u00f3w 5 w 1<\/strong>, umo\u017cliwiaj\u0105c prze\u0142\u0105czanie si\u0119 mi\u0119dzy wieloma smakami w jednym urz\u0105dzeniu - nie trzeba ju\u017c nosi\u0107 ze sob\u0105 kilku waporyzator\u00f3w. Niezale\u017cnie od tego, czy preferujesz owocowe, lodowe czy s\u0142odkie profile, to urz\u0105dzenie natychmiast dostosowuje si\u0119 do Twojego gustu.<\/p>\n\n\n\n<p>Zasilany przez <strong>Akumulator o pojemno\u015bci 650 mAh<\/strong> z <strong>Szybkie \u0142adowanie typu C<\/strong>, i wyposa\u017cony w <strong>Inteligentny wy\u015bwietlacz LED<\/strong> do monitorowania poziomu na\u0142adowania baterii, zapewnia p\u0142ynne i nieprzerwane doznania od pocz\u0105tku do ko\u0144ca. Dzi\u0119ki wielu opcjom mocy nikotyny od <strong>0% do 5%<\/strong>, Jest przeznaczony zar\u00f3wno dla zwyk\u0142ych u\u017cytkownik\u00f3w, jak i ci\u0119\u017ckich waper\u00f3w.<\/p>\n\n\n\n<p>Idealny zar\u00f3wno do u\u017cytku osobistego, jak i dystrybucji hurtowej, jest to prawdziwe rozwi\u0105zanie do waporyzacji typu \"wszystko w jednym\".<\/p>\n\n\n\n<h2 class=\"wp-block-heading\">Specyfikacje<\/h2>\n\n\n\n<figure class=\"wp-block-table\"><table class=\"has-fixed-layout\"><thead><tr><th>Specyfikacja<\/th><th>Szczeg\u00f3\u0142y<\/th><\/tr><\/thead><tbody><tr><td>Puff Count<\/td><td>Do 300 tys. zaci\u0105gni\u0119\u0107<\/td><\/tr><tr><td>E-liquid<\/td><td>Wst\u0119pnie wype\u0142niony<\/td><\/tr><tr><td>Si\u0142a nikotyny<\/td><td>0% \/ 2% \/ 3% \/ 5%<\/td><\/tr><tr><td>Pojemno\u015b\u0107 akumulatora<\/td><td>650 mAh<\/td><\/tr><tr><td>Port \u0142adowania<\/td><td>Typ-C<\/td><\/tr><tr><td>System aromat\u00f3w<\/td><td>5 w 1 Multi-Flavor<\/td><\/tr><tr><td>Wy\u015bwietlacz<\/td><td>Inteligentny ekran LED<\/td><\/tr><tr><td>Typ urz\u0105dzenia<\/td><td>Jednorazowego u\u017cytku (akumulator)<\/td><\/tr><\/tbody><\/table><\/figure>\n\n\n\n<h2 class=\"wp-block-heading\">Kluczowe cechy<\/h2>\n\n\n\n<p><strong>Bardzo wysoka pojemno\u015b\u0107 dmuchania<\/strong> - Do 300 tys. zaci\u0105gni\u0119\u0107 przy d\u0142u\u017cszym u\u017cytkowaniu<\/p>\n\n\n\n<p><strong>Prze\u0142\u0105czanie smak\u00f3w 5 w 1<\/strong> - Wiele smak\u00f3w w jednym urz\u0105dzeniu<\/p>\n\n\n\n<p><strong>Akumulator<\/strong> - 650 mAh z szybkim \u0142adowaniem typu C<\/p>\n\n\n\n<p><strong>Inteligentny wy\u015bwietlacz LED<\/strong> - \u0141atwe monitorowanie poziomu na\u0142adowania baterii<\/p>\n\n\n\n<p><strong>Wiele opcji nikotyny<\/strong> - 0% do 5% dla r\u00f3\u017cnych preferencji<\/p>\n\n\n\n<p><strong>Gotowo\u015b\u0107 do sprzeda\u017cy detalicznej i hurtowej<\/strong> - Produkt o wysokim popycie i wysokiej mar\u017cy<\/p>\n\n\n\n<h2 class=\"wp-block-heading\">Opcje smakowe<\/h2>\n\n\n\n<p>Ka\u017cde urz\u0105dzenie oferuje unikaln\u0105 kombinacj\u0119 smak\u00f3w:<\/p>\n\n\n\n<ol class=\"wp-block-list\">\n<li>Watermelon Ice &amp; Mixed Berries &amp; Apple Pear &amp; Blueberry Mint &amp; Summer Time &amp; Peach<\/li>\n\n\n\n<li>Energy Drink &amp; Peach Ice &amp; Mango Ice &amp; Goji Berry &amp; Blackcurrant &amp; Mamba<\/li>\n\n\n\n<li>Cherry Cola &amp; Blueberry Raspberry &amp; Black Dragon Ice &amp; Rainbow Candy &amp; Fuji Ice &amp; Watermelon Sour Peach<\/li>\n\n\n\n<li>Red Bull &amp; Truskawka Kiwi &amp; Truskawka Banan &amp; Liczi Ice &amp; Arbuz Berry &amp; Mango Passion Fruit<\/li>\n\n\n\n<li>Red Bull Cola Ice &amp; Truskawka Raspberry Cherry &amp; Je\u017cyna Dragon Fruit &amp; Cytryna Lime &amp; Malina Pomp &amp; Arbuz Kiwi<\/li>\n\n\n\n<li>Truskawka Banan &amp; Podw\u00f3jne Jab\u0142ko &amp; Malina Arbuz &amp; Kwa\u015bne Mango Ananas &amp; Owoce Tropikalne &amp; Cytryna Brzoskwinia<\/li>\n\n\n\n<li>Ananas Kokos &amp; Blue Razz &amp; Mixed Berries &amp; Mango Brzoskwinia &amp; Jagoda Malina &amp; Truskawka Vanilla Cola<\/li>\n\n\n\n<li>Peach Berry &amp; Triple Melon &amp; Grape Ice &amp; Black Dragon Ice &amp; Fizzy Cherry Ice &amp; Gummy Bear<\/li>\n\n\n\n<li>Rainbow Candy &amp; Cherry Cola Ice &amp; Love 666 &amp; Mango Ice &amp; Blueberry Cotton Candy &amp; Peach Ice<\/li>\n\n\n\n<li>Aloe Lychee Ice &amp; Pink Lemon &amp; Glacier Ice &amp; Pine Needle Mint &amp; Blackcurrant Ice &amp; Watermelon Lemon<\/li>\n<\/ol>","protected":false},"excerpt":{"rendered":"<p>Say goodbye to refills and device switching, and step into a new level of vaping convenience with the Bang DE 300K 5-in-1 Disposable Vape. Built for performance and versatility, this high-capacity device delivers an incredible up to 300k puffs, making it one of the longest-lasting disposables on the market. What truly sets it apart is [&hellip;]<\/p>\n","protected":false},"featured_media":28953,"comment_status":"open","ping_status":"closed","template":"","meta":{"googlesitekit_rrm_CAow8MHCDA:productID":""},"product_brand":[57],"product_cat":[311,294],"product_tag":[],"class_list":{"0":"post-28944","1":"product","2":"type-product","3":"status-publish","4":"has-post-thumbnail","6":"product_brand-bang","7":"product_cat-300k-puffs","8":"product_cat-no-nicotine-vape","10":"first","11":"instock","12":"sale","13":"shipping-taxable","14":"purchasable","15":"product-type-variable"},"yoast_head":"<!-- This site is optimized with the Yoast SEO plugin v27.3 - https:\/\/yoast.com\/product\/yoast-seo-wordpress\/ -->\n<title>Bang DE 300K Puffs | 300k Vape with Multi-Flavors<\/title>\n<meta name=\"description\" content=\"Experience the Bang DE 300K 5-in-1 disposable vape with up to 300k puffs, rechargeable 650mAh battery, Type-C charging, and multiple flavor options.\" \/>\n<meta name=\"robots\" content=\"index, follow, max-snippet:-1, max-image-preview:large, max-video-preview:-1\" \/>\n<link rel=\"canonical\" href=\"https:\/\/vapemaison.com\/pl\/produkt\/bang-de-300k-puffs5-w-1-jednorazowy-vape\/\" \/>\n<meta property=\"og:locale\" content=\"pl_PL\" \/>\n<meta property=\"og:type\" content=\"article\" \/>\n<meta property=\"og:title\" content=\"Bang DE 300K Puffs | 300k Vape with Multi-Flavors\" \/>\n<meta property=\"og:description\" content=\"Experience the Bang DE 300K 5-in-1 disposable vape with up to 300k puffs, rechargeable 650mAh battery, Type-C charging, and multiple flavor options.\" \/>\n<meta property=\"og:url\" content=\"https:\/\/vapemaison.com\/pl\/produkt\/bang-de-300k-puffs5-w-1-jednorazowy-vape\/\" \/>\n<meta property=\"og:site_name\" content=\"VapeMaison\" \/>\n<meta property=\"article:modified_time\" content=\"2026-04-07T08:18:52+00:00\" \/>\n<meta property=\"og:image\" content=\"https:\/\/vapemaison.com\/wp-content\/uploads\/2026\/04\/bangde-300000-puffs-vape-5in1-flavor-blue-ranch-peach-mango-watermelon-cherry-cola-grape-blackberry-ice-mango-peach-appicot.webp\" \/>\n\t<meta property=\"og:image:width\" content=\"1000\" \/>\n\t<meta property=\"og:image:height\" content=\"1000\" \/>\n\t<meta property=\"og:image:type\" content=\"image\/webp\" \/>\n<meta name=\"twitter:card\" content=\"summary_large_image\" \/>\n<meta name=\"twitter:label1\" content=\"Szacowany czas czytania\" \/>\n\t<meta name=\"twitter:data1\" content=\"2 minuty\" \/>\n<!-- \/ Yoast SEO plugin. -->","yoast_head_json":{"title":"Bang DE 300K Puffs | 300k Vape z wieloma smakami","description":"Do\u015bwiadcz jednorazowego waporyzatora Bang DE 300K 5 w 1 z nawet 300 tysi\u0105cami zaci\u0105gni\u0119\u0107, akumulatorem 650 mAh, \u0142adowaniem Type-C i wieloma opcjami smakowymi.","robots":{"index":"index","follow":"follow","max-snippet":"max-snippet:-1","max-image-preview":"max-image-preview:large","max-video-preview":"max-video-preview:-1"},"canonical":"https:\/\/vapemaison.com\/pl\/produkt\/bang-de-300k-puffs5-w-1-jednorazowy-vape\/","og_locale":"pl_PL","og_type":"article","og_title":"Bang DE 300K Puffs | 300k Vape with Multi-Flavors","og_description":"Experience the Bang DE 300K 5-in-1 disposable vape with up to 300k puffs, rechargeable 650mAh battery, Type-C charging, and multiple flavor options.","og_url":"https:\/\/vapemaison.com\/pl\/produkt\/bang-de-300k-puffs5-w-1-jednorazowy-vape\/","og_site_name":"VapeMaison","article_modified_time":"2026-04-07T08:18:52+00:00","og_image":[{"width":1000,"height":1000,"url":"https:\/\/vapemaison.com\/wp-content\/uploads\/2026\/04\/bangde-300000-puffs-vape-5in1-flavor-blue-ranch-peach-mango-watermelon-cherry-cola-grape-blackberry-ice-mango-peach-appicot.webp","type":"image\/webp"}],"twitter_card":"summary_large_image","twitter_misc":{"Szacowany czas czytania":"2 minuty"},"schema":{"@context":"https:\/\/schema.org","@graph":[{"@type":"WebPage","@id":"https:\/\/vapemaison.com\/product\/bang-de-300k-puffs5-in-1-disposable-vape\/","url":"https:\/\/vapemaison.com\/product\/bang-de-300k-puffs5-in-1-disposable-vape\/","name":"Bang DE 300K Puffs | 300k Vape z wieloma smakami","isPartOf":{"@id":"https:\/\/vapemaison.com\/#website"},"primaryImageOfPage":{"@id":"https:\/\/vapemaison.com\/product\/bang-de-300k-puffs5-in-1-disposable-vape\/#primaryimage"},"image":{"@id":"https:\/\/vapemaison.com\/product\/bang-de-300k-puffs5-in-1-disposable-vape\/#primaryimage"},"thumbnailUrl":"https:\/\/vapemaison.com\/wp-content\/uploads\/2026\/04\/bangde-300000-puffs-vape-5in1-flavor-blue-ranch-peach-mango-watermelon-cherry-cola-grape-blackberry-ice-mango-peach-appicot.webp","datePublished":"2026-04-07T08:18:46+00:00","dateModified":"2026-04-07T08:18:52+00:00","description":"Do\u015bwiadcz jednorazowego waporyzatora Bang DE 300K 5 w 1 z nawet 300 tysi\u0105cami zaci\u0105gni\u0119\u0107, akumulatorem 650 mAh, \u0142adowaniem Type-C i wieloma opcjami smakowymi.","breadcrumb":{"@id":"https:\/\/vapemaison.com\/product\/bang-de-300k-puffs5-in-1-disposable-vape\/#breadcrumb"},"inLanguage":"pl-PL","potentialAction":[{"@type":"ReadAction","target":["https:\/\/vapemaison.com\/product\/bang-de-300k-puffs5-in-1-disposable-vape\/"]}]},{"@type":"ImageObject","inLanguage":"pl-PL","@id":"https:\/\/vapemaison.com\/product\/bang-de-300k-puffs5-in-1-disposable-vape\/#primaryimage","url":"https:\/\/vapemaison.com\/wp-content\/uploads\/2026\/04\/bangde-300000-puffs-vape-5in1-flavor-blue-ranch-peach-mango-watermelon-cherry-cola-grape-blackberry-ice-mango-peach-appicot.webp","contentUrl":"https:\/\/vapemaison.com\/wp-content\/uploads\/2026\/04\/bangde-300000-puffs-vape-5in1-flavor-blue-ranch-peach-mango-watermelon-cherry-cola-grape-blackberry-ice-mango-peach-appicot.webp","width":1000,"height":1000,"caption":"bangde-300000-puffs-vape-5in1-flavor-blue-ranch-peach-mango-watermelon-cherry-cola-grape-blackberry-ice-mango-peach-appicot"},{"@type":"BreadcrumbList","@id":"https:\/\/vapemaison.com\/product\/bang-de-300k-puffs5-in-1-disposable-vape\/#breadcrumb","itemListElement":[{"@type":"ListItem","position":1,"name":"\u9996\u9875","item":"https:\/\/vapemaison.com\/"},{"@type":"ListItem","position":2,"name":"Shop","item":"https:\/\/vapemaison.com\/shop\/"},{"@type":"ListItem","position":3,"name":"Bang","item":"https:\/\/vapemaison.com\/brand\/bang\/"},{"@type":"ListItem","position":4,"name":"Bang DE 300k puffs5-in-1 Disposable Vape"}]},{"@type":"WebSite","@id":"https:\/\/vapemaison.com\/#website","url":"https:\/\/vapemaison.com\/","name":"VapeMaison","description":"Wysokiej jako\u015bci urz\u0105dzenia i akcesoria do waporyzacji","publisher":{"@id":"https:\/\/vapemaison.com\/#organization"},"potentialAction":[{"@type":"SearchAction","target":{"@type":"EntryPoint","urlTemplate":"https:\/\/vapemaison.com\/?s={search_term_string}"},"query-input":{"@type":"PropertyValueSpecification","valueRequired":true,"valueName":"search_term_string"}}],"inLanguage":"pl-PL"},{"@type":"Organization","@id":"https:\/\/vapemaison.com\/#organization","name":"VapeMaison","url":"https:\/\/vapemaison.com\/","logo":{"@type":"ImageObject","inLanguage":"pl-PL","@id":"https:\/\/vapemaison.com\/#\/schema\/logo\/image\/","url":"https:\/\/vapemaison.com\/wp-content\/uploads\/2026\/01\/cropped-vapemaison-logo-g-2026.webp","contentUrl":"https:\/\/vapemaison.com\/wp-content\/uploads\/2026\/01\/cropped-vapemaison-logo-g-2026.webp","width":350,"height":280,"caption":"VapeMaison"},"image":{"@id":"https:\/\/vapemaison.com\/#\/schema\/logo\/image\/"},"sameAs":["https:\/\/www.youtube.com\/@VapeMaison"]}]}},"tiered_pricing_type":"fixed","tiered_pricing_fixed_rules":{"30":"12.12","50":"11.56","100":"10.99","200":"10.34"},"tiered_pricing_product_settings":{"layout":"default","base_unit_name":{"singular":null,"plural":null},"default_variation":null},"tiered_pricing_minimum_quantity":10,"tiered_pricing_roles_data":[],"tiered_pricing_percentage_rules":[],"tiered_pricing_maximum_quantity":null,"tiered_pricing_quantity_step":"10","_links":{"self":[{"href":"https:\/\/vapemaison.com\/pl\/wp-json\/wp\/v2\/product\/28944","targetHints":{"allow":["GET"]}}],"collection":[{"href":"https:\/\/vapemaison.com\/pl\/wp-json\/wp\/v2\/product"}],"about":[{"href":"https:\/\/vapemaison.com\/pl\/wp-json\/wp\/v2\/types\/product"}],"replies":[{"embeddable":true,"href":"https:\/\/vapemaison.com\/pl\/wp-json\/wp\/v2\/comments?post=28944"}],"version-history":[{"count":1,"href":"https:\/\/vapemaison.com\/pl\/wp-json\/wp\/v2\/product\/28944\/revisions"}],"predecessor-version":[{"id":28956,"href":"https:\/\/vapemaison.com\/pl\/wp-json\/wp\/v2\/product\/28944\/revisions\/28956"}],"wp:featuredmedia":[{"embeddable":true,"href":"https:\/\/vapemaison.com\/pl\/wp-json\/wp\/v2\/media\/28953"}],"wp:attachment":[{"href":"https:\/\/vapemaison.com\/pl\/wp-json\/wp\/v2\/media?parent=28944"}],"wp:term":[{"taxonomy":"product_brand","embeddable":true,"href":"https:\/\/vapemaison.com\/pl\/wp-json\/wp\/v2\/product_brand?post=28944"},{"taxonomy":"product_cat","embeddable":true,"href":"https:\/\/vapemaison.com\/pl\/wp-json\/wp\/v2\/product_cat?post=28944"},{"taxonomy":"product_tag","embeddable":true,"href":"https:\/\/vapemaison.com\/pl\/wp-json\/wp\/v2\/product_tag?post=28944"}],"curies":[{"name":"wp","href":"https:\/\/api.w.org\/{rel}","templated":true}]}}