

{"id":29047,"date":"2026-04-07T09:58:49","date_gmt":"2026-04-07T09:58:49","guid":{"rendered":"https:\/\/vapemaison.com\/?post_type=product&#038;p=29047"},"modified":"2026-04-08T03:21:28","modified_gmt":"2026-04-08T03:21:28","slug":"waspe-bar-60k-vape-60k-puffow-36ml-vape-do-wielokrotnego-ladowania-z-wyswietlaczem-led","status":"publish","type":"product","link":"https:\/\/vapemaison.com\/pl\/product\/waspe-bar-60k-vape-60k-puffs-36ml-rechargeable-vape-with-led-display\/","title":{"rendered":"Waspe Bar 60K Vape | 60k Puffs 36ml Vape wielokrotnego \u0142adowania z wy\u015bwietlaczem LED"},"content":{"rendered":"<figure class=\"wp-block-image size-large has-custom-border wp-duotone-unset-1\"><a href=\"https:\/\/vapemaison.com\/wp-content\/uploads\/2026\/04\/waspe-bar-60000-puffs-new-vape-banner-scaled.webp\"><img fetchpriority=\"high\" decoding=\"async\" width=\"1024\" height=\"576\" src=\"https:\/\/vapemaison.com\/wp-content\/uploads\/2026\/04\/waspe-bar-60000-puffs-new-vape-banner-1024x576.webp\" alt=\"waspe-bar-60000-puffs-new-vape-banner\" class=\"wp-image-29048\" style=\"border-top-left-radius:10px;border-top-right-radius:10px;border-bottom-left-radius:10px;border-bottom-right-radius:10px\" srcset=\"https:\/\/vapemaison.com\/wp-content\/uploads\/2026\/04\/waspe-bar-60000-puffs-new-vape-banner-1024x576.webp 1024w, https:\/\/vapemaison.com\/wp-content\/uploads\/2026\/04\/waspe-bar-60000-puffs-new-vape-banner-300x169.webp 300w, https:\/\/vapemaison.com\/wp-content\/uploads\/2026\/04\/waspe-bar-60000-puffs-new-vape-banner-768x432.webp 768w, https:\/\/vapemaison.com\/wp-content\/uploads\/2026\/04\/waspe-bar-60000-puffs-new-vape-banner-1536x864.webp 1536w, https:\/\/vapemaison.com\/wp-content\/uploads\/2026\/04\/waspe-bar-60000-puffs-new-vape-banner-2048x1152.webp 2048w, https:\/\/vapemaison.com\/wp-content\/uploads\/2026\/04\/waspe-bar-60000-puffs-new-vape-banner-18x10.webp 18w, https:\/\/vapemaison.com\/wp-content\/uploads\/2026\/04\/waspe-bar-60000-puffs-new-vape-banner-990x557.webp 990w, https:\/\/vapemaison.com\/wp-content\/uploads\/2026\/04\/waspe-bar-60000-puffs-new-vape-banner-441x248.webp 441w, https:\/\/vapemaison.com\/wp-content\/uploads\/2026\/04\/waspe-bar-60000-puffs-new-vape-banner-800x450.webp 800w, https:\/\/vapemaison.com\/wp-content\/uploads\/2026\/04\/waspe-bar-60000-puffs-new-vape-banner-150x84.webp 150w\" sizes=\"(max-width: 1024px) 100vw, 1024px\" \/><\/a><\/figure>\n\n\n\n<p>The <strong>Vape jednorazowego u\u017cytku Waspe Bar 60K<\/strong> zosta\u0142 zaprojektowany z my\u015bl\u0105 o u\u017cytkownikach, kt\u00f3rzy wymagaj\u0105 zar\u00f3wno d\u0142ugiej \u017cywotno\u015bci, jak i sta\u0142ej wydajno\u015bci. Dostarcza do <strong>60 000 zaci\u0105gni\u0119\u0107<\/strong> i wyposa\u017cony w du\u017cy <strong>Pojemno\u015b\u0107 nape\u0142nionego e-liquidu 36 ml<\/strong>, To urz\u0105dzenie zosta\u0142o skonstruowane tak, aby zapewni\u0107 d\u0142u\u017csze i nieprzerwane doznania z waporyzacji.<\/p>\n\n\n\n<p>Zaprojektowany z my\u015bl\u0105 o wszechstronno\u015bci, oferuje wiele <strong>opcje mocy nikotyny (0%, 2% i 5%)<\/strong>, dzi\u0119ki czemu nadaje si\u0119 dla szerokiego grona u\u017cytkownik\u00f3w - od zwyk\u0142ych vaper\u00f3w po tych, kt\u00f3rzy szukaj\u0105 mocniejszego uderzenia. Zintegrowany <strong>Akumulator o pojemno\u015bci 650 mAh<\/strong> w po\u0142\u0105czeniu z <strong>Port \u0142adowania typu C<\/strong> zapewnia stabiln\u0105 moc wyj\u015bciow\u0105 i szybkie, wygodne \u0142adowanie.<\/p>\n\n\n\n<p>Wyr\u00f3\u017cniaj\u0105c\u0105 si\u0119 funkcj\u0105 jest <strong>Inteligentny wy\u015bwietlacz LED<\/strong>, umo\u017cliwiaj\u0105c u\u017cytkownikom \u0142atwe monitorowanie stanu baterii i zachowanie pe\u0142nej kontroli nad urz\u0105dzeniem. W po\u0142\u0105czeniu z r\u00f3\u017cnorodnym wyborem <strong>smaki owocowe, lodowe i inspirowane napojami<\/strong>, Waspe Bar 60K zapewnia g\u0142adki, sp\u00f3jny smak z ka\u017cdym zaci\u0105gni\u0119ciem.<\/p>\n\n\n\n<p>Zbudowany dla obu <strong>atrakcyjno\u015b\u0107 detaliczna i wydajno\u015b\u0107 hurtowa<\/strong>, Ka\u017cdy smak jest dost\u0119pny w <strong>10-cz\u0119\u015bciowe pude\u0142ko ekspozycyjne<\/strong>, co czyni go doskona\u0142ym wyborem dla dystrybutor\u00f3w i sklep\u00f3w vape.<\/p>\n\n\n\n<h2 class=\"wp-block-heading\">Kluczowe cechy<\/h2>\n\n\n\n<ul class=\"wp-block-list\">\n<li><strong>Do 60 000 zaci\u0105gni\u0119\u0107<\/strong> - D\u0142ugotrwa\u0142a wydajno\u015b\u0107<\/li>\n\n\n\n<li><strong>E-liquid nape\u0142niony 36 ml<\/strong> - D\u0142u\u017csze u\u017cytkowanie bez konieczno\u015bci uzupe\u0142niania<\/li>\n\n\n\n<li><strong>Akumulator 650 mAh<\/strong> - Stabilne i niezawodne zasilanie<\/li>\n\n\n\n<li><strong>\u0141adowanie typu C<\/strong> - Szybkie i wygodne \u0142adowanie<\/li>\n\n\n\n<li><strong>Inteligentny wy\u015bwietlacz LED<\/strong> - \u0141atwe monitorowanie baterii<\/li>\n\n\n\n<li><strong>Wiele opcji nikotyny<\/strong> - 0%, 2%, 5%<\/li>\n\n\n\n<li><strong>Opakowania gotowe do sprzeda\u017cy detalicznej<\/strong> - 10 sztuk w pude\u0142ku ekspozycyjnym<\/li>\n<\/ul>\n\n\n\n<h2 class=\"wp-block-heading\">Specyfikacje<\/h2>\n\n\n\n<figure class=\"wp-block-table\"><table class=\"has-fixed-layout\"><thead><tr><th>Specyfikacja<\/th><th>Szczeg\u00f3\u0142y<\/th><\/tr><\/thead><tbody><tr><td>Puff Count<\/td><td>Do 60 000 zaci\u0105gni\u0119\u0107<\/td><\/tr><tr><td>Pojemno\u015b\u0107 e-liquidu<\/td><td>36 ml<\/td><\/tr><tr><td>Si\u0142a nikotyny<\/td><td>0% \/ 2% \/ 5%<\/td><\/tr><tr><td>Pojemno\u015b\u0107 akumulatora<\/td><td>650 mAh<\/td><\/tr><tr><td>Port \u0142adowania<\/td><td>Typ-C<\/td><\/tr><tr><td>Wy\u015bwietlacz<\/td><td>Inteligentny ekran LED<\/td><\/tr><tr><td>Typ urz\u0105dzenia<\/td><td>Jednorazowego u\u017cytku (akumulator)<\/td><\/tr><tr><td>Opakowanie<\/td><td>10 sztuk \/ pude\u0142ko smakowe<\/td><\/tr><\/tbody><\/table><\/figure>\n\n\n\n<h2 class=\"wp-block-heading\">Smak<\/h2>\n\n\n\n<div class=\"wp-block-buttons is-layout-flex wp-block-buttons-is-layout-flex\">\n<div class=\"wp-block-button\"><a class=\"wp-block-button__link wp-element-button\">1. l\u00f3d arbuzowy<\/a><\/div>\n\n\n\n<div class=\"wp-block-button\"><a class=\"wp-block-button__link wp-element-button\">2. l\u00f3d jagodowy<\/a><\/div>\n\n\n\n<div class=\"wp-block-button\"><a class=\"wp-block-button__link wp-element-button\">3. l\u00f3d winogronowy<\/a><\/div>\n\n\n\n<div class=\"wp-block-button\"><a class=\"wp-block-button__link wp-element-button\">4.Lemon Lime<\/a><\/div>\n\n\n\n<div class=\"wp-block-button\"><a class=\"wp-block-button__link wp-element-button\">5.banan truskawkowy<\/a><\/div>\n\n\n\n<div class=\"wp-block-button\"><a class=\"wp-block-button__link wp-element-button\">6. mieszane jagody<\/a><\/div>\n\n\n\n<div class=\"wp-block-button\"><a class=\"wp-block-button__link wp-element-button\">7.Red Bull Ice<\/a><\/div>\n\n\n\n<div class=\"wp-block-button\"><a class=\"wp-block-button__link wp-element-button\">8.arbuz truskawkowy<\/a><\/div>\n\n\n\n<div class=\"wp-block-button\"><a class=\"wp-block-button__link wp-element-button\">9.jagoda malina wi\u015bnia<\/a><\/div>\n\n\n\n<div class=\"wp-block-button\"><a class=\"wp-block-button__link wp-element-button\">10.Truskawka Kiwi<\/a><\/div>\n\n\n\n<div class=\"wp-block-button\"><a class=\"wp-block-button__link wp-element-button\">11.brzoskwinia mango ananas<\/a><\/div>\n\n\n\n<div class=\"wp-block-button\"><a class=\"wp-block-button__link wp-element-button\">12.Kiwi Arbuz<\/a><\/div>\n\n\n\n<div class=\"wp-block-button\"><a class=\"wp-block-button__link wp-element-button\">13.je\u017cyna czarna porzeczka<\/a><\/div>\n\n\n\n<div class=\"wp-block-button\"><a class=\"wp-block-button__link wp-element-button\">14.Strawberry Black Dragon Ice<\/a><\/div>\n\n\n\n<div class=\"wp-block-button\"><a class=\"wp-block-button__link wp-element-button\">15.Blue Cherry Cola<\/a><\/div>\n\n\n\n<div class=\"wp-block-button\"><a class=\"wp-block-button__link wp-element-button\">16.Kiwi Melon Ice<\/a><\/div>\n<\/div>\n\n\n\n<figure class=\"wp-block-image size-large\"><a href=\"https:\/\/vapemaison.com\/wp-content\/uploads\/2026\/04\/waspe-bar-60000-puffs-new-vape-flavor-list-scaled.webp\"><img decoding=\"async\" width=\"876\" height=\"1024\" src=\"https:\/\/vapemaison.com\/wp-content\/uploads\/2026\/04\/waspe-bar-60000-puffs-new-vape-flavor-list-876x1024.webp\" alt=\"waspe-bar-60000-puffs-new-vape-flavor-list\" class=\"wp-image-29057\" srcset=\"https:\/\/vapemaison.com\/wp-content\/uploads\/2026\/04\/waspe-bar-60000-puffs-new-vape-flavor-list-876x1024.webp 876w, https:\/\/vapemaison.com\/wp-content\/uploads\/2026\/04\/waspe-bar-60000-puffs-new-vape-flavor-list-257x300.webp 257w, https:\/\/vapemaison.com\/wp-content\/uploads\/2026\/04\/waspe-bar-60000-puffs-new-vape-flavor-list-768x898.webp 768w, https:\/\/vapemaison.com\/wp-content\/uploads\/2026\/04\/waspe-bar-60000-puffs-new-vape-flavor-list-1314x1536.webp 1314w, https:\/\/vapemaison.com\/wp-content\/uploads\/2026\/04\/waspe-bar-60000-puffs-new-vape-flavor-list-1752x2048.webp 1752w, https:\/\/vapemaison.com\/wp-content\/uploads\/2026\/04\/waspe-bar-60000-puffs-new-vape-flavor-list-10x12.webp 10w, https:\/\/vapemaison.com\/wp-content\/uploads\/2026\/04\/waspe-bar-60000-puffs-new-vape-flavor-list-990x1157.webp 990w, https:\/\/vapemaison.com\/wp-content\/uploads\/2026\/04\/waspe-bar-60000-puffs-new-vape-flavor-list-441x515.webp 441w, https:\/\/vapemaison.com\/wp-content\/uploads\/2026\/04\/waspe-bar-60000-puffs-new-vape-flavor-list-800x935.webp 800w, https:\/\/vapemaison.com\/wp-content\/uploads\/2026\/04\/waspe-bar-60000-puffs-new-vape-flavor-list-150x175.webp 150w\" sizes=\"(max-width: 876px) 100vw, 876px\" \/><\/a><\/figure>","protected":false},"excerpt":{"rendered":"<p>The Waspe Bar 60K Disposable Vape is engineered for users who demand both longevity and consistent performance. Delivering up to 60,000 puffs and featuring a large 36ml pre-filled e-liquid capacity, this device is built to provide an extended and uninterrupted vaping experience. Designed with versatility in mind, it offers multiple nicotine strength options (0%, 2%, [&hellip;]<\/p>\n","protected":false},"featured_media":29053,"comment_status":"open","ping_status":"closed","template":"","meta":[],"product_brand":[59],"product_cat":[137],"product_tag":[],"class_list":{"0":"post-29047","1":"product","2":"type-product","3":"status-publish","4":"has-post-thumbnail","6":"product_brand-waspe","7":"product_cat-60k-puffs","9":"first","10":"instock","11":"sale","12":"shipping-taxable","13":"purchasable","14":"product-type-variable"},"yoast_head":"<!-- This site is optimized with the Yoast SEO plugin v27.4 - https:\/\/yoast.com\/product\/yoast-seo-wordpress\/ -->\n<title>Waspe Bar 60K Vape | 60k Puffs with LED Display<\/title>\n<meta name=\"description\" content=\"Buy Waspe Bar 60K disposable vape with up to 60k puffs, 36ml e-liquid, rechargeable 650mAh battery, and smart LED display.\" \/>\n<meta name=\"robots\" content=\"index, follow, max-snippet:-1, max-image-preview:large, max-video-preview:-1\" \/>\n<link rel=\"canonical\" href=\"https:\/\/vapemaison.com\/pl\/produkt\/waspe-bar-60k-vape-60k-puffow-36ml-vape-do-wielokrotnego-ladowania-z-wyswietlaczem-led\/\" \/>\n<meta property=\"og:locale\" content=\"pl_PL\" \/>\n<meta property=\"og:type\" content=\"article\" \/>\n<meta property=\"og:title\" content=\"Waspe Bar 60K Vape | 60k Puffs with LED Display\" \/>\n<meta property=\"og:description\" content=\"Buy Waspe Bar 60K disposable vape with up to 60k puffs, 36ml e-liquid, rechargeable 650mAh battery, and smart LED display.\" \/>\n<meta property=\"og:url\" content=\"https:\/\/vapemaison.com\/pl\/produkt\/waspe-bar-60k-vape-60k-puffow-36ml-vape-do-wielokrotnego-ladowania-z-wyswietlaczem-led\/\" \/>\n<meta property=\"og:site_name\" content=\"VapeMaison\" \/>\n<meta property=\"article:modified_time\" content=\"2026-04-08T03:21:28+00:00\" \/>\n<meta property=\"og:image\" content=\"https:\/\/vapemaison.com\/wp-content\/uploads\/2026\/04\/waspe-bar-60000-puffs-new-vape-flavor-grape-ice.webp\" \/>\n\t<meta property=\"og:image:width\" content=\"1200\" \/>\n\t<meta property=\"og:image:height\" content=\"1200\" \/>\n\t<meta property=\"og:image:type\" content=\"image\/webp\" \/>\n<meta name=\"twitter:card\" content=\"summary_large_image\" \/>\n<meta name=\"twitter:label1\" content=\"Szacowany czas czytania\" \/>\n\t<meta name=\"twitter:data1\" content=\"2 minuty\" \/>\n<!-- \/ Yoast SEO plugin. -->","yoast_head_json":{"title":"Waspe Bar 60K Vape | 60k Puffs z wy\u015bwietlaczem LED","description":"Kup jednorazowy waporyzator Waspe Bar 60K z maksymalnie 60 tysi\u0105cami zaci\u0105gni\u0119\u0107, 36 ml e-liquidu, akumulatorem 650 mAh i inteligentnym wy\u015bwietlaczem LED.","robots":{"index":"index","follow":"follow","max-snippet":"max-snippet:-1","max-image-preview":"max-image-preview:large","max-video-preview":"max-video-preview:-1"},"canonical":"https:\/\/vapemaison.com\/pl\/produkt\/waspe-bar-60k-vape-60k-puffow-36ml-vape-do-wielokrotnego-ladowania-z-wyswietlaczem-led\/","og_locale":"pl_PL","og_type":"article","og_title":"Waspe Bar 60K Vape | 60k Puffs with LED Display","og_description":"Buy Waspe Bar 60K disposable vape with up to 60k puffs, 36ml e-liquid, rechargeable 650mAh battery, and smart LED display.","og_url":"https:\/\/vapemaison.com\/pl\/produkt\/waspe-bar-60k-vape-60k-puffow-36ml-vape-do-wielokrotnego-ladowania-z-wyswietlaczem-led\/","og_site_name":"VapeMaison","article_modified_time":"2026-04-08T03:21:28+00:00","og_image":[{"width":1200,"height":1200,"url":"https:\/\/vapemaison.com\/wp-content\/uploads\/2026\/04\/waspe-bar-60000-puffs-new-vape-flavor-grape-ice.webp","type":"image\/webp"}],"twitter_card":"summary_large_image","twitter_misc":{"Szacowany czas czytania":"2 minuty"},"schema":{"@context":"https:\/\/schema.org","@graph":[{"@type":"WebPage","@id":"https:\/\/vapemaison.com\/product\/waspe-bar-60k-vape-60k-puffs-36ml-rechargeable-vape-with-led-display\/","url":"https:\/\/vapemaison.com\/product\/waspe-bar-60k-vape-60k-puffs-36ml-rechargeable-vape-with-led-display\/","name":"Waspe Bar 60K Vape | 60k Puffs z wy\u015bwietlaczem LED","isPartOf":{"@id":"https:\/\/vapemaison.com\/#website"},"primaryImageOfPage":{"@id":"https:\/\/vapemaison.com\/product\/waspe-bar-60k-vape-60k-puffs-36ml-rechargeable-vape-with-led-display\/#primaryimage"},"image":{"@id":"https:\/\/vapemaison.com\/product\/waspe-bar-60k-vape-60k-puffs-36ml-rechargeable-vape-with-led-display\/#primaryimage"},"thumbnailUrl":"https:\/\/vapemaison.com\/wp-content\/uploads\/2026\/04\/waspe-bar-60000-puffs-new-vape-flavor-grape-ice.webp","datePublished":"2026-04-07T09:58:49+00:00","dateModified":"2026-04-08T03:21:28+00:00","description":"Kup jednorazowy waporyzator Waspe Bar 60K z maksymalnie 60 tysi\u0105cami zaci\u0105gni\u0119\u0107, 36 ml e-liquidu, akumulatorem 650 mAh i inteligentnym wy\u015bwietlaczem LED.","breadcrumb":{"@id":"https:\/\/vapemaison.com\/product\/waspe-bar-60k-vape-60k-puffs-36ml-rechargeable-vape-with-led-display\/#breadcrumb"},"inLanguage":"pl-PL","potentialAction":[{"@type":"ReadAction","target":["https:\/\/vapemaison.com\/product\/waspe-bar-60k-vape-60k-puffs-36ml-rechargeable-vape-with-led-display\/"]}]},{"@type":"ImageObject","inLanguage":"pl-PL","@id":"https:\/\/vapemaison.com\/product\/waspe-bar-60k-vape-60k-puffs-36ml-rechargeable-vape-with-led-display\/#primaryimage","url":"https:\/\/vapemaison.com\/wp-content\/uploads\/2026\/04\/waspe-bar-60000-puffs-new-vape-flavor-grape-ice.webp","contentUrl":"https:\/\/vapemaison.com\/wp-content\/uploads\/2026\/04\/waspe-bar-60000-puffs-new-vape-flavor-grape-ice.webp","width":1200,"height":1200,"caption":"waspe-bar-60000-puffs-new-vape-flavor-grape-ice"},{"@type":"BreadcrumbList","@id":"https:\/\/vapemaison.com\/product\/waspe-bar-60k-vape-60k-puffs-36ml-rechargeable-vape-with-led-display\/#breadcrumb","itemListElement":[{"@type":"ListItem","position":1,"name":"\u9996\u9875","item":"https:\/\/vapemaison.com\/"},{"@type":"ListItem","position":2,"name":"Shop","item":"https:\/\/vapemaison.com\/shop\/"},{"@type":"ListItem","position":3,"name":"Waspe","item":"https:\/\/vapemaison.com\/brand\/waspe\/"},{"@type":"ListItem","position":4,"name":"Waspe Bar 60K Vape | 60k Puffs 36ml Rechargeable Vape with LED Display"}]},{"@type":"WebSite","@id":"https:\/\/vapemaison.com\/#website","url":"https:\/\/vapemaison.com\/","name":"VapeMaison","description":"Wysokiej jako\u015bci urz\u0105dzenia i akcesoria do waporyzacji","publisher":{"@id":"https:\/\/vapemaison.com\/#organization"},"potentialAction":[{"@type":"SearchAction","target":{"@type":"EntryPoint","urlTemplate":"https:\/\/vapemaison.com\/?s={search_term_string}"},"query-input":{"@type":"PropertyValueSpecification","valueRequired":true,"valueName":"search_term_string"}}],"inLanguage":"pl-PL"},{"@type":"Organization","@id":"https:\/\/vapemaison.com\/#organization","name":"VapeMaison","url":"https:\/\/vapemaison.com\/","logo":{"@type":"ImageObject","inLanguage":"pl-PL","@id":"https:\/\/vapemaison.com\/#\/schema\/logo\/image\/","url":"https:\/\/vapemaison.com\/wp-content\/uploads\/2026\/01\/cropped-vapemaison-logo-g-2026.webp","contentUrl":"https:\/\/vapemaison.com\/wp-content\/uploads\/2026\/01\/cropped-vapemaison-logo-g-2026.webp","width":350,"height":280,"caption":"VapeMaison"},"image":{"@id":"https:\/\/vapemaison.com\/#\/schema\/logo\/image\/"},"sameAs":["https:\/\/www.youtube.com\/@VapeMaison"]}]}},"tiered_pricing_type":"fixed","tiered_pricing_fixed_rules":{"100":"8.34","200":"7.99"},"tiered_pricing_product_settings":{"layout":"default","base_unit_name":{"singular":null,"plural":null},"default_variation":null},"tiered_pricing_minimum_quantity":50,"tiered_pricing_roles_data":[],"tiered_pricing_percentage_rules":[],"tiered_pricing_maximum_quantity":null,"tiered_pricing_quantity_step":null,"_links":{"self":[{"href":"https:\/\/vapemaison.com\/pl\/wp-json\/wp\/v2\/product\/29047","targetHints":{"allow":["GET"]}}],"collection":[{"href":"https:\/\/vapemaison.com\/pl\/wp-json\/wp\/v2\/product"}],"about":[{"href":"https:\/\/vapemaison.com\/pl\/wp-json\/wp\/v2\/types\/product"}],"replies":[{"embeddable":true,"href":"https:\/\/vapemaison.com\/pl\/wp-json\/wp\/v2\/comments?post=29047"}],"version-history":[{"count":1,"href":"https:\/\/vapemaison.com\/pl\/wp-json\/wp\/v2\/product\/29047\/revisions"}],"predecessor-version":[{"id":29114,"href":"https:\/\/vapemaison.com\/pl\/wp-json\/wp\/v2\/product\/29047\/revisions\/29114"}],"wp:featuredmedia":[{"embeddable":true,"href":"https:\/\/vapemaison.com\/pl\/wp-json\/wp\/v2\/media\/29053"}],"wp:attachment":[{"href":"https:\/\/vapemaison.com\/pl\/wp-json\/wp\/v2\/media?parent=29047"}],"wp:term":[{"taxonomy":"product_brand","embeddable":true,"href":"https:\/\/vapemaison.com\/pl\/wp-json\/wp\/v2\/product_brand?post=29047"},{"taxonomy":"product_cat","embeddable":true,"href":"https:\/\/vapemaison.com\/pl\/wp-json\/wp\/v2\/product_cat?post=29047"},{"taxonomy":"product_tag","embeddable":true,"href":"https:\/\/vapemaison.com\/pl\/wp-json\/wp\/v2\/product_tag?post=29047"}],"curies":[{"name":"wp","href":"https:\/\/api.w.org\/{rel}","templated":true}]}}