{"id":29184,"date":"2026-04-10T08:33:34","date_gmt":"2026-04-10T08:33:34","guid":{"rendered":"https:\/\/vapemaison.com\/?post_type=product&#038;p=29184"},"modified":"2026-04-11T09:09:03","modified_gmt":"2026-04-11T09:09:03","slug":"al-fakher-nic-salt-e-liquid-10ml-20mg-2-dostepne-rozne-smaki","status":"publish","type":"product","link":"https:\/\/vapemaison.com\/pl\/product\/al-fakher-nic-salt-e-liquid-10ml-20mg-2-multiple-flavours-available\/","title":{"rendered":"Al Fakher Nic Salt E-Liquid 10ml 20mg (2%) - Dost\u0119pnych wiele smak\u00f3w"},"content":{"rendered":"<p>Poznaj gam\u0119 produkt\u00f3w premium <strong><strong>Al Fakher Liquid<\/strong> E-p\u0142yny Nic Salt<\/strong>. Te soki vape zosta\u0142y stworzone z my\u015bl\u0105 o p\u0142ynnej satysfakcji. Ponadto zapewniaj\u0105 bogaty i autentyczny smak w ka\u017cdym zaci\u0105gni\u0119ciu.<\/p>\n\n\n\n<p>Kolekcja ta obejmuje wiele r\u00f3\u017cnych profili smakowych. Na przyk\u0142ad mo\u017cesz cieszy\u0107 si\u0119 <strong>orze\u017awiaj\u0105ca mi\u0119ta, lodowate owoce i s\u0142odka mieszanka<\/strong>s. Dlatego zawsze mo\u017cna znale\u017a\u0107 smak, kt\u00f3ry odpowiada preferencjom.<\/p>\n\n\n\n<p>Ka\u017cdy <strong>e-liquid<\/strong> wykorzystuje zr\u00f3wnowa\u017cony stosunek 50VG\/50PG. W rezultacie otrzymujesz zar\u00f3wno mocny smak, jak i g\u0142adk\u0105 par\u0119. Co wi\u0119cej, formu\u0142a zapewnia sta\u0142\u0105 wydajno\u015b\u0107.<\/p>\n\n\n\n<p>The <strong>moc nikotyny wynosi 20 mg (2%)<\/strong> s\u00f3l nikotynowa. Dzi\u0119ki temu wch\u0142anianie nikotyny jest szybkie i satysfakcjonuj\u0105ce. Ponadto nadaje si\u0119 do system\u00f3w pod i urz\u0105dze\u0144 MTL.<\/p>\n\n\n\n<p>Niezale\u017cnie od tego, czy wolisz owocowe, lodowe czy klasyczne profile, ta gama oferuje r\u00f3\u017cnorodno\u015b\u0107. Mo\u017cesz wi\u0119c \u0142atwo prze\u0142\u0105cza\u0107 si\u0119 mi\u0119dzy smakami w dowolnym momencie.<\/p>\n\n\n\n<h3 class=\"wp-block-heading\">Kluczowe cechy<\/h3>\n\n\n\n<ul class=\"wp-block-list\">\n<li>Szeroki wyb\u00f3r popularnych smak\u00f3w<\/li>\n\n\n\n<li>Rozmiar butelki 10 ml<\/li>\n\n\n\n<li>S\u00f3l nikotynowa 20 mg (2%)<\/li>\n\n\n\n<li>P\u0142ynne i szybkie dostarczanie nikotyny<\/li>\n\n\n\n<li>Stosunek 50VG\/50PG dla zr\u00f3wnowa\u017conej wydajno\u015bci<\/li>\n\n\n\n<li>Zaprojektowany dla system\u00f3w pod i urz\u0105dze\u0144 MTL<\/li>\n\n\n\n<li>Autentyczne smaki inspirowane szisz\u0105 Al Fakher<\/li>\n<\/ul>\n\n\n\n<h3 class=\"wp-block-heading\">Dost\u0119pne smaki<\/h3>\n\n\n\n<p>Kolekcja ta obejmuje zr\u00f3\u017cnicowany wyb\u00f3r smak\u00f3w, takich jak:<\/p>\n\n\n\n<p class=\"has-pale-pink-color has-text-color has-link-color wp-elements-8a05a1628708385c7669c7d98216b092\"><strong>Owocowy i s\u0142odki:<br>GUMA MI\u0118TOWA, L\u00d3D JAGODOWY, L\u00d3D Z CZARNEJ PORZECZKI, LEMONIADA BLUE RAZZ, GUMA JAGODOWA, FIESTA WI\u015aNIOWA, PONCZ TRUSKAWKOWY, MIESZANKA JAG\u00d3D, JAGODA NIEBIESKA<\/strong><\/p>\n\n\n\n<p class=\"has-vivid-green-cyan-color has-text-color has-link-color wp-elements-253015ea3756f77bdf6c12a41af5d5f4\"><strong>\u015awie\u017cy i mi\u0119towy:<br>MI\u0118TA WINOGRONOWA, MI\u0118TA CYTRYNOWA, MI\u0118TA Z CZARNEJ PORZECZKI, MI\u0118TA POMARA\u0143CZOWA, MI\u0118TA ZIELONA, MENTOL<\/strong><\/p>\n\n\n\n<p class=\"has-vivid-cyan-blue-color has-text-color has-link-color wp-elements-bebf0fafe554d32a22f7a47e8f071895\"><strong>Icy &amp; Cooling:<br>BUJNY L\u00d3D, BRZOSKWINIOWY L\u00d3D, ANANASOWY L\u00d3D, WI\u015aNIOWY L\u00d3D<\/strong><\/p>\n\n\n\n<p class=\"has-luminous-vivid-orange-color has-text-color has-link-color wp-elements-e5f777c7e4d8d63384bb659078b67d0c\"><strong>Egzotyczne i mieszanki:<br>MAGIC LOVE, SPACE DREAM, HUBBA, TWO APPLE, COOL MANGO, MANGO PINEAPPLE, WATERMELON LIME, WATERMELON PINEAPPLE, BLUEBERRY RASPBERRY, BLUEBERRY SOUR RASPBERRY, LEMON LIME, CHERRY FIZZ<\/strong><\/p>\n\n\n\n<h3 class=\"wp-block-heading\">Informacje o p\u0142ynach Al Fakher Nic Salt E-Liquids<\/h3>\n\n\n\n<p>E-p\u0142yny Al Fakher Nic Salt s\u0105 inspirowane znanym na ca\u0142ym \u015bwiecie dziedzictwem marki shisha, wprowadzaj\u0105c bogate bliskowschodnie profile smakowe do nowoczesnej waporyzacji. Znane ze swojej g\u0142\u0119bi, g\u0142adko\u015bci i konsystencji, soki te zosta\u0142y stworzone z my\u015bl\u0105 o u\u017cytkownikach, kt\u00f3rzy ceni\u0105 sobie zar\u00f3wno jako\u015b\u0107 smaku, jak i wydajno\u015b\u0107.<\/p>\n\n\n\n<p>Idealny do codziennego wapowania, <strong><strong>Al Fakher Liquid<\/strong><\/strong> Sole nic zapewniaj\u0105 niezawodne i przyjemne doznania przy ka\u017cdym u\u017cyciu.<\/p>\n\n\n\n<p>Je\u015bli szukasz wygodniejszej alternatywy, nasz sklep oferuje r\u00f3wnie\u017c szeroki wyb\u00f3r <strong><a href=\"https:\/\/vapemaison.com\/shop\/\" type=\"link\" id=\"https:\/\/vapemaison.com\/shop\/\">vape jednorazowe<\/a><\/strong>. Urz\u0105dzenia te s\u0105 wst\u0119pnie nape\u0142nione i gotowe do u\u017cycia, bez konieczno\u015bci uzupe\u0142niania lub konserwacji - idealne dla u\u017cytkownik\u00f3w, kt\u00f3rzy preferuj\u0105 bezproblemow\u0105 waporyzacj\u0119.<\/p>\n\n\n\n<p>Je\u015bli podoba Ci si\u0119 jako\u015b\u0107 smaku tej serii, mo\u017cesz r\u00f3wnie\u017c odkry\u0107 wi\u0119cej produkt\u00f3w z serii <strong><a href=\"https:\/\/vapemaison.com\/brand\/al-fakher\/\" type=\"link\" id=\"https:\/\/vapemaison.com\/brand\/al-fakher\/\">Al Fakher<\/a><\/strong> w tym opcje jednorazowe, kt\u00f3re zapewniaj\u0105 ten sam bogaty, inspirowany shish\u0105 smak w wygodniejszym formacie.<\/p>\n\n\n\n<p>Dla tych, kt\u00f3rzy oczekuj\u0105 d\u0142u\u017cszego dzia\u0142ania, oferujemy r\u00f3wnie\u017c r\u00f3\u017cnorodne jednorazowe waporyzatory o du\u017cej liczbie puff\u00f3w, zapewniaj\u0105ce wi\u0119kszy wyb\u00f3r przy d\u0142u\u017cszym u\u017cytkowaniu i sta\u0142ym dostarczaniu smaku.<\/p>\n\n\n\n<p>Przejrzyj wi\u0119cej i znajd\u017a styl waporyzacji, kt\u00f3ry odpowiada Twoim potrzebom.<\/p>","protected":false},"excerpt":{"rendered":"<p>Experience the premium range of Al Fakher Liquid Nic Salt E-Liquids. These vape juices are crafted for smooth satisfaction. In addition, they deliver rich and authentic flavor in every puff. This collection includes many different flavor profiles. For example, you can enjoy refreshing mint, icy fruits, and sweet blends. Therefore, there is always a flavor [&hellip;]<\/p>\n","protected":false},"featured_media":29220,"comment_status":"open","ping_status":"closed","template":"","meta":{"googlesitekit_rrm_CAow8MHCDA:productID":""},"product_brand":[179],"product_cat":[324],"product_tag":[],"class_list":{"0":"post-29184","1":"product","2":"type-product","3":"status-publish","4":"has-post-thumbnail","6":"product_brand-al-fakher","7":"product_cat-vape-liquid","9":"first","10":"instock","11":"shipping-taxable","12":"purchasable","13":"product-type-variable","14":"has-default-attributes"},"yoast_head":"<!-- This site is optimized with the Yoast SEO plugin v27.3 - https:\/\/yoast.com\/product\/yoast-seo-wordpress\/ -->\n<title>Al Fakher Nic Salt E-Liquid 10ml 20mg (2%) | Vape Juice Flavours<\/title>\n<meta name=\"description\" content=\"Shop Al Fakher Nic Salt E-Liquid 10ml 20mg (2%). Enjoy smooth vape juice with a wide range of flavours including mint, fruit, and icy blends.\" \/>\n<meta name=\"robots\" content=\"index, follow, max-snippet:-1, max-image-preview:large, max-video-preview:-1\" \/>\n<link rel=\"canonical\" href=\"https:\/\/vapemaison.com\/pl\/produkt\/al-fakher-nic-salt-e-liquid-10ml-20mg-2-dostepne-rozne-smaki\/\" \/>\n<meta property=\"og:locale\" content=\"pl_PL\" \/>\n<meta property=\"og:type\" content=\"article\" \/>\n<meta property=\"og:title\" content=\"Al Fakher Nic Salt E-Liquid 10ml 20mg (2%) | Vape Juice Flavours\" \/>\n<meta property=\"og:description\" content=\"Shop Al Fakher Nic Salt E-Liquid 10ml 20mg (2%). Enjoy smooth vape juice with a wide range of flavours including mint, fruit, and icy blends.\" \/>\n<meta property=\"og:url\" content=\"https:\/\/vapemaison.com\/pl\/produkt\/al-fakher-nic-salt-e-liquid-10ml-20mg-2-dostepne-rozne-smaki\/\" \/>\n<meta property=\"og:site_name\" content=\"VapeMaison\" \/>\n<meta property=\"article:modified_time\" content=\"2026-04-11T09:09:03+00:00\" \/>\n<meta property=\"og:image\" content=\"https:\/\/vapemaison.com\/wp-content\/uploads\/2026\/04\/vapemaison-al-fakher-peach-ice-10ml-nic-salt-e-liquid.webp\" \/>\n\t<meta property=\"og:image:width\" content=\"900\" \/>\n\t<meta property=\"og:image:height\" content=\"900\" \/>\n\t<meta property=\"og:image:type\" content=\"image\/webp\" \/>\n<meta name=\"twitter:card\" content=\"summary_large_image\" \/>\n<meta name=\"twitter:label1\" content=\"Szacowany czas czytania\" \/>\n\t<meta name=\"twitter:data1\" content=\"3 minuty\" \/>\n<!-- \/ Yoast SEO plugin. -->","yoast_head_json":{"title":"Al Fakher Nic Salt E-Liquid 10ml 20mg (2%) | Smaki sok\u00f3w Vape","description":"Sklep Al Fakher Nic Salt E-Liquid 10ml 20mg (2%). Ciesz si\u0119 g\u0142adkim sokiem vape o szerokiej gamie smak\u00f3w, w tym mi\u0119ty, owoc\u00f3w i lodowych mieszanek.","robots":{"index":"index","follow":"follow","max-snippet":"max-snippet:-1","max-image-preview":"max-image-preview:large","max-video-preview":"max-video-preview:-1"},"canonical":"https:\/\/vapemaison.com\/pl\/produkt\/al-fakher-nic-salt-e-liquid-10ml-20mg-2-dostepne-rozne-smaki\/","og_locale":"pl_PL","og_type":"article","og_title":"Al Fakher Nic Salt E-Liquid 10ml 20mg (2%) | Vape Juice Flavours","og_description":"Shop Al Fakher Nic Salt E-Liquid 10ml 20mg (2%). Enjoy smooth vape juice with a wide range of flavours including mint, fruit, and icy blends.","og_url":"https:\/\/vapemaison.com\/pl\/produkt\/al-fakher-nic-salt-e-liquid-10ml-20mg-2-dostepne-rozne-smaki\/","og_site_name":"VapeMaison","article_modified_time":"2026-04-11T09:09:03+00:00","og_image":[{"width":900,"height":900,"url":"https:\/\/vapemaison.com\/wp-content\/uploads\/2026\/04\/vapemaison-al-fakher-peach-ice-10ml-nic-salt-e-liquid.webp","type":"image\/webp"}],"twitter_card":"summary_large_image","twitter_misc":{"Szacowany czas czytania":"3 minuty"},"schema":{"@context":"https:\/\/schema.org","@graph":[{"@type":"WebPage","@id":"https:\/\/vapemaison.com\/product\/al-fakher-nic-salt-e-liquid-10ml-20mg-2-multiple-flavours-available\/","url":"https:\/\/vapemaison.com\/product\/al-fakher-nic-salt-e-liquid-10ml-20mg-2-multiple-flavours-available\/","name":"Al Fakher Nic Salt E-Liquid 10ml 20mg (2%) | Smaki sok\u00f3w Vape","isPartOf":{"@id":"https:\/\/vapemaison.com\/#website"},"primaryImageOfPage":{"@id":"https:\/\/vapemaison.com\/product\/al-fakher-nic-salt-e-liquid-10ml-20mg-2-multiple-flavours-available\/#primaryimage"},"image":{"@id":"https:\/\/vapemaison.com\/product\/al-fakher-nic-salt-e-liquid-10ml-20mg-2-multiple-flavours-available\/#primaryimage"},"thumbnailUrl":"https:\/\/vapemaison.com\/wp-content\/uploads\/2026\/04\/vapemaison-al-fakher-peach-ice-10ml-nic-salt-e-liquid.webp","datePublished":"2026-04-10T08:33:34+00:00","dateModified":"2026-04-11T09:09:03+00:00","description":"Sklep Al Fakher Nic Salt E-Liquid 10ml 20mg (2%). Ciesz si\u0119 g\u0142adkim sokiem vape o szerokiej gamie smak\u00f3w, w tym mi\u0119ty, owoc\u00f3w i lodowych mieszanek.","breadcrumb":{"@id":"https:\/\/vapemaison.com\/product\/al-fakher-nic-salt-e-liquid-10ml-20mg-2-multiple-flavours-available\/#breadcrumb"},"inLanguage":"pl-PL","potentialAction":[{"@type":"ReadAction","target":["https:\/\/vapemaison.com\/product\/al-fakher-nic-salt-e-liquid-10ml-20mg-2-multiple-flavours-available\/"]}]},{"@type":"ImageObject","inLanguage":"pl-PL","@id":"https:\/\/vapemaison.com\/product\/al-fakher-nic-salt-e-liquid-10ml-20mg-2-multiple-flavours-available\/#primaryimage","url":"https:\/\/vapemaison.com\/wp-content\/uploads\/2026\/04\/vapemaison-al-fakher-peach-ice-10ml-nic-salt-e-liquid.webp","contentUrl":"https:\/\/vapemaison.com\/wp-content\/uploads\/2026\/04\/vapemaison-al-fakher-peach-ice-10ml-nic-salt-e-liquid.webp","width":900,"height":900,"caption":"vapemaison-al-fakher-peach-ice-10ml-nic-salt-e-liquid"},{"@type":"BreadcrumbList","@id":"https:\/\/vapemaison.com\/product\/al-fakher-nic-salt-e-liquid-10ml-20mg-2-multiple-flavours-available\/#breadcrumb","itemListElement":[{"@type":"ListItem","position":1,"name":"\u9996\u9875","item":"https:\/\/vapemaison.com\/"},{"@type":"ListItem","position":2,"name":"Shop","item":"https:\/\/vapemaison.com\/shop\/"},{"@type":"ListItem","position":3,"name":"Al Fakher","item":"https:\/\/vapemaison.com\/brand\/al-fakher\/"},{"@type":"ListItem","position":4,"name":"Al Fakher Nic Salt E-Liquid 10ml 20mg (2%) \u2013 Multiple Flavours Available"}]},{"@type":"WebSite","@id":"https:\/\/vapemaison.com\/#website","url":"https:\/\/vapemaison.com\/","name":"VapeMaison","description":"Wysokiej jako\u015bci urz\u0105dzenia i akcesoria do waporyzacji","publisher":{"@id":"https:\/\/vapemaison.com\/#organization"},"potentialAction":[{"@type":"SearchAction","target":{"@type":"EntryPoint","urlTemplate":"https:\/\/vapemaison.com\/?s={search_term_string}"},"query-input":{"@type":"PropertyValueSpecification","valueRequired":true,"valueName":"search_term_string"}}],"inLanguage":"pl-PL"},{"@type":"Organization","@id":"https:\/\/vapemaison.com\/#organization","name":"VapeMaison","url":"https:\/\/vapemaison.com\/","logo":{"@type":"ImageObject","inLanguage":"pl-PL","@id":"https:\/\/vapemaison.com\/#\/schema\/logo\/image\/","url":"https:\/\/vapemaison.com\/wp-content\/uploads\/2026\/01\/cropped-vapemaison-logo-g-2026.webp","contentUrl":"https:\/\/vapemaison.com\/wp-content\/uploads\/2026\/01\/cropped-vapemaison-logo-g-2026.webp","width":350,"height":280,"caption":"VapeMaison"},"image":{"@id":"https:\/\/vapemaison.com\/#\/schema\/logo\/image\/"},"sameAs":["https:\/\/www.youtube.com\/@VapeMaison"]}]}},"tiered_pricing_type":"fixed","tiered_pricing_fixed_rules":{"30":"1.99","100":"1.79"},"tiered_pricing_product_settings":{"layout":"default","base_unit_name":{"singular":null,"plural":null},"default_variation":null},"tiered_pricing_minimum_quantity":10,"tiered_pricing_roles_data":[],"tiered_pricing_percentage_rules":[],"tiered_pricing_maximum_quantity":null,"tiered_pricing_quantity_step":"10","_links":{"self":[{"href":"https:\/\/vapemaison.com\/pl\/wp-json\/wp\/v2\/product\/29184","targetHints":{"allow":["GET"]}}],"collection":[{"href":"https:\/\/vapemaison.com\/pl\/wp-json\/wp\/v2\/product"}],"about":[{"href":"https:\/\/vapemaison.com\/pl\/wp-json\/wp\/v2\/types\/product"}],"replies":[{"embeddable":true,"href":"https:\/\/vapemaison.com\/pl\/wp-json\/wp\/v2\/comments?post=29184"}],"version-history":[{"count":2,"href":"https:\/\/vapemaison.com\/pl\/wp-json\/wp\/v2\/product\/29184\/revisions"}],"predecessor-version":[{"id":29288,"href":"https:\/\/vapemaison.com\/pl\/wp-json\/wp\/v2\/product\/29184\/revisions\/29288"}],"wp:featuredmedia":[{"embeddable":true,"href":"https:\/\/vapemaison.com\/pl\/wp-json\/wp\/v2\/media\/29220"}],"wp:attachment":[{"href":"https:\/\/vapemaison.com\/pl\/wp-json\/wp\/v2\/media?parent=29184"}],"wp:term":[{"taxonomy":"product_brand","embeddable":true,"href":"https:\/\/vapemaison.com\/pl\/wp-json\/wp\/v2\/product_brand?post=29184"},{"taxonomy":"product_cat","embeddable":true,"href":"https:\/\/vapemaison.com\/pl\/wp-json\/wp\/v2\/product_cat?post=29184"},{"taxonomy":"product_tag","embeddable":true,"href":"https:\/\/vapemaison.com\/pl\/wp-json\/wp\/v2\/product_tag?post=29184"}],"curies":[{"name":"wp","href":"https:\/\/api.w.org\/{rel}","templated":true}]}}