

{"id":29305,"date":"2026-04-14T03:41:57","date_gmt":"2026-04-14T03:41:57","guid":{"rendered":"https:\/\/vapemaison.com\/?post_type=product&#038;p=29305"},"modified":"2026-04-24T06:00:02","modified_gmt":"2026-04-24T06:00:02","slug":"al-fakher-mega-max-40k-jednorazowy-wyswietlacz-led-vape-0-6","status":"publish","type":"product","link":"https:\/\/vapemaison.com\/pl\/product\/al-fakher-mega-max-40k-disposable-vape-led-display-0-6\/","title":{"rendered":"Al Fakher Mega Max 40K Jednorazowy wy\u015bwietlacz LED Vape 0.6%"},"content":{"rendered":"<p>The <strong>Al Fakher Crown Bar Mega Max 40K jednorazowy Vape<\/strong> zosta\u0142 zaprojektowany z my\u015bl\u0105 o u\u017cytkownikach, dla kt\u00f3rych priorytetem jest sp\u00f3jne dostarczanie smaku, d\u0142u\u017csze u\u017cytkowanie i niezawodna wydajno\u015b\u0107 urz\u0105dzenia. Z <strong>do 40 000 zaci\u0105gni\u0119\u0107<\/strong> oraz <strong>Pojemno\u015b\u0107 wst\u0119pnie nape\u0142nionego e-liquidu 20 ml<\/strong>, Pozwala to na d\u0142ugie sesje przy zachowaniu stabilnej produkcji pary.<\/p>\n\n\n\n<p>Wyposa\u017cony w <strong>Podw\u00f3jna cewka siatkowa<\/strong>, Urz\u0105dzenie zapewnia r\u00f3wnomierne podgrzewanie i lepsz\u0105 wyrazisto\u015b\u0107 smaku przez ca\u0142y okres u\u017cytkowania. W zestawie <strong>Akumulator o pojemno\u015bci 850 mAh<\/strong>, w po\u0142\u0105czeniu z <strong>\u0141adowanie przez USB typu C<\/strong>, Zapewnia niezawodne zasilanie i wydajne \u0142adowanie w razie potrzeby.<\/p>\n\n\n\n<p>Wbudowany <strong>Wy\u015bwietlacz LED<\/strong> pozwala u\u017cytkownikom monitorowa\u0107 zar\u00f3wno poziom na\u0142adowania baterii, jak i stan e-liquidu w czasie rzeczywistym, wspieraj\u0105c bardziej kontrolowane u\u017cytkowanie. Bateria <strong>regulowany system przep\u0142ywu powietrza<\/strong> Umo\u017cliwia dostosowanie losowania, dzi\u0119ki czemu mo\u017cna je dostosowa\u0107 do r\u00f3\u017cnych preferencji.<\/p>\n\n\n\n<p>Zbudowany z <strong>Wysokiej jako\u015bci aluminiowy korpus<\/strong>, Urz\u0105dzenie oferuje trwa\u0142\u0105 i ergonomiczn\u0105 obudow\u0119. Dzi\u0119ki <strong>Moc nikotyny 2%<\/strong> i aktywacj\u0119 zaci\u0105gania, jest odpowiedni zar\u00f3wno dla nowych, jak i do\u015bwiadczonych u\u017cytkownik\u00f3w poszukuj\u0105cych prostych i sp\u00f3jnych wra\u017ce\u0144 z waporyzacji.<\/p>\n\n\n\n<h2 class=\"wp-block-heading\">Kluczowe cechy<\/h2>\n\n\n\n<ul class=\"wp-block-list\">\n<li><strong>Do 40 000 zaci\u0105gni\u0119\u0107<\/strong> - Rozszerzona pojemno\u015b\u0107 u\u017cytkowa<\/li>\n\n\n\n<li><strong>Wst\u0119pnie nape\u0142niony E-liquid 20 ml<\/strong> - Stabilne dostarczanie smaku<\/li>\n\n\n\n<li><strong>Cewka z podw\u00f3jn\u0105 siatk\u0105<\/strong> - Sta\u0142e ogrzewanie i wydajno\u015b\u0107 pary<\/li>\n\n\n\n<li><strong>Akumulator 850 mAh<\/strong> - Niezawodna wydajno\u015b\u0107<\/li>\n\n\n\n<li><strong>\u0141adowanie przez USB typu C<\/strong> - Wydajne \u0142adowanie<\/li>\n\n\n\n<li><strong>Wy\u015bwietlacz LED<\/strong> - Monitorowanie baterii i e-cieczy<\/li>\n\n\n\n<li><strong>Regulowany przep\u0142yw powietrza<\/strong> - Kontrolowany wdech<\/li>\n\n\n\n<li><strong>Aluminiowy korpus<\/strong> - Trwa\u0142a i ergonomiczna konstrukcja<\/li>\n\n\n\n<li><strong>Aktywowany rysowaniem<\/strong> - Prosta obs\u0142uga bez przycisk\u00f3w<\/li>\n<\/ul>\n\n\n\n<h2 class=\"wp-block-heading\">Specyfikacje<\/h2>\n\n\n\n<figure class=\"wp-block-table\"><table class=\"has-fixed-layout\"><thead><tr><th>Specyfikacja<\/th><th>Szczeg\u00f3\u0142y<\/th><\/tr><\/thead><tbody><tr><td>Puff Count<\/td><td>Do 40 000 zaci\u0105gni\u0119\u0107<\/td><\/tr><tr><td>Pojemno\u015b\u0107 e-liquidu<\/td><td>Wst\u0119pnie nape\u0142niony 20 ml<\/td><\/tr><tr><td>Si\u0142a nikotyny<\/td><td>2% (20 mg)<\/td><\/tr><tr><td>Pojemno\u015b\u0107 akumulatora<\/td><td>Akumulator 850 mAh<\/td><\/tr><tr><td>Port \u0142adowania<\/td><td>USB typu C<\/td><\/tr><tr><td>Typ cewki<\/td><td>Cewka z podw\u00f3jn\u0105 siatk\u0105<\/td><\/tr><tr><td>Wy\u015bwietlacz<\/td><td>Ekran LED (bateria i e-ciecz)<\/td><\/tr><tr><td>Przep\u0142yw powietrza<\/td><td>Regulowany<\/td><\/tr><tr><td>Aktywacja<\/td><td>Aktywowany rysowaniem<\/td><\/tr><tr><td>Materia\u0142<\/td><td>Aluminiowy korpus<\/td><\/tr><\/tbody><\/table><\/figure>\n\n\n\n<h2 class=\"wp-block-heading\">Instrukcje u\u017cytkowania<\/h2>\n\n\n\n<ol class=\"wp-block-list\">\n<li>Usu\u0144 wszystkie zewn\u0119trzne opakowania i plomby ochronne.<\/li>\n\n\n\n<li>W razie potrzeby \u0142aduj urz\u0105dzenie przez z\u0142\u0105cze Type-C.<\/li>\n\n\n\n<li>Wykonaj wdech przez ustnik, aby aktywowa\u0107 urz\u0105dzenie.<\/li>\n\n\n\n<li>Monitoruj poziom baterii i e-cieczy za pomoc\u0105 wy\u015bwietlacza LED.<\/li>\n\n\n\n<li>Na\u0142aduj w razie potrzeby i kontynuuj u\u017cytkowanie a\u017c do wyczerpania e-cieczy.<\/li>\n<\/ol>\n\n\n\n<h2 class=\"wp-block-heading\">Zalety<\/h2>\n\n\n\n<ul class=\"wp-block-list\">\n<li>Du\u017ca pojemno\u015b\u0107 puszki dla d\u0142u\u017cszego u\u017cytkowania<\/li>\n\n\n\n<li>Stabilna moc aromatu dzi\u0119ki podw\u00f3jnej cewce siatkowej<\/li>\n\n\n\n<li>Mo\u017cliwo\u015b\u0107 \u0142adowania zwi\u0119ksza u\u017cyteczno\u015b\u0107<\/li>\n\n\n\n<li>Wy\u015bwietlacz w czasie rzeczywistym zwi\u0119ksza kontrol\u0119<\/li>\n\n\n\n<li>Regulowany przep\u0142yw powietrza obs\u0142uguje r\u00f3\u017cne preferencje<\/li>\n<\/ul>\n\n\n\n<h2 class=\"wp-block-heading\">Rozwa\u017cania<\/h2>\n\n\n\n<ul class=\"wp-block-list\">\n<li>Wi\u0119ksze ni\u017c standardowe urz\u0105dzenia jednorazowe<\/li>\n\n\n\n<li>Wymaga okresowego \u0142adowania<\/li>\n\n\n\n<li>Brak mo\u017cliwo\u015bci ponownego nape\u0142nienia po wyczerpaniu e-cieczy<\/li>\n\n\n\n<li>Opcja pojedynczej mocy nikotyny<\/li>\n<\/ul>\n\n\n\n<p>Odkryj najnowsze produkty do waporyzacji klasy premium na stronie\u00a0<a href=\"https:\/\/vapemaison.com\/\">VapeMaison<\/a>, gdzie spotykaj\u0105 si\u0119 jako\u015b\u0107 i innowacja. Przegl\u0105daj nasz\u0105 pe\u0142n\u0105 ofert\u0119 na\u00a0<a href=\"https:\/\/vapemaison.com\/shop\/\">Sklep<\/a>\u00a0lub odkryj najlepsze produkty na stronie\u00a0<a href=\"https:\/\/vapemaison.com\/brand\/al-fakher\/\">Al Fakher<\/a>,\u00a0<a href=\"https:\/\/vapemaison.com\/brand\/humocase\/\">Airmez<\/a>, oraz\u00a0<a href=\"https:\/\/vapemaison.com\/brand\/razz-bar\/\">Bar Razz<\/a>\u00a0kolekcje. Ka\u017cda marka oferuje unikalne wzory, smaki i wydajno\u015b\u0107 - znajd\u017a sw\u00f3j idealny vape i ciesz si\u0119 p\u0142ynnym do\u015bwiadczeniem ju\u017c dzi\u015b.<\/p>","protected":false},"excerpt":{"rendered":"<p>The Al Fakher Crown Bar Mega Max 40K Disposable Vape is designed for users who prioritize consistent flavor delivery, extended usage, and reliable device performance. With up to 40,000 puffs and a 20mL prefilled e-liquid capacity, it supports long sessions while maintaining stable vapor output. Equipped with a dual mesh coil, the device ensures even [&hellip;]<\/p>\n","protected":false},"featured_media":29315,"comment_status":"open","ping_status":"closed","template":"","meta":[],"product_brand":[179],"product_cat":[135],"product_tag":[],"class_list":{"0":"post-29305","1":"product","2":"type-product","3":"status-publish","4":"has-post-thumbnail","6":"product_brand-al-fakher","7":"product_cat-40k-puffs","9":"first","10":"instock","11":"sale","12":"shipping-taxable","13":"purchasable","14":"product-type-variable"},"yoast_head":"<!-- This site is optimized with the Yoast SEO plugin v27.4 - https:\/\/yoast.com\/product\/yoast-seo-wordpress\/ -->\n<title>Al Fakher Mega Max 40K Disposable Vape | LED Display<\/title>\n<meta name=\"description\" content=\"Al Fakher Crown Bar Mega Max 40K disposable vape with 40,000 puffs, dual mesh coil, 20ml e-liquid, adjustable airflow, and LED display.\" \/>\n<meta name=\"robots\" content=\"index, follow, max-snippet:-1, max-image-preview:large, max-video-preview:-1\" \/>\n<link rel=\"canonical\" href=\"https:\/\/vapemaison.com\/pl\/produkt\/al-fakher-mega-max-40k-jednorazowy-wyswietlacz-led-vape-0-6\/\" \/>\n<meta property=\"og:locale\" content=\"pl_PL\" \/>\n<meta property=\"og:type\" content=\"article\" \/>\n<meta property=\"og:title\" content=\"Al Fakher Mega Max 40K Disposable Vape | LED Display\" \/>\n<meta property=\"og:description\" content=\"Al Fakher Crown Bar Mega Max 40K disposable vape with 40,000 puffs, dual mesh coil, 20ml e-liquid, adjustable airflow, and LED display.\" \/>\n<meta property=\"og:url\" content=\"https:\/\/vapemaison.com\/pl\/produkt\/al-fakher-mega-max-40k-jednorazowy-wyswietlacz-led-vape-0-6\/\" \/>\n<meta property=\"og:site_name\" content=\"VapeMaison\" \/>\n<meta property=\"article:modified_time\" content=\"2026-04-24T06:00:02+00:00\" \/>\n<meta property=\"og:image\" content=\"https:\/\/vapemaison.com\/wp-content\/uploads\/2026\/04\/vapemaison-al-fakher-mega-max-40000.webp\" \/>\n\t<meta property=\"og:image:width\" content=\"800\" \/>\n\t<meta property=\"og:image:height\" content=\"800\" \/>\n\t<meta property=\"og:image:type\" content=\"image\/webp\" \/>\n<meta name=\"twitter:card\" content=\"summary_large_image\" \/>\n<meta name=\"twitter:label1\" content=\"Szacowany czas czytania\" \/>\n\t<meta name=\"twitter:data1\" content=\"2 minuty\" \/>\n<!-- \/ Yoast SEO plugin. -->","yoast_head_json":{"title":"Al Fakher Mega Max 40K Jednorazowy Vape | Wy\u015bwietlacz LED","description":"Jednorazowy waporyzator Al Fakher Crown Bar Mega Max 40K z 40 000 zaci\u0105gni\u0119\u0107, podw\u00f3jn\u0105 cewk\u0105 siatkow\u0105, 20 ml e-liquidu, regulowanym przep\u0142ywem powietrza i wy\u015bwietlaczem LED.","robots":{"index":"index","follow":"follow","max-snippet":"max-snippet:-1","max-image-preview":"max-image-preview:large","max-video-preview":"max-video-preview:-1"},"canonical":"https:\/\/vapemaison.com\/pl\/produkt\/al-fakher-mega-max-40k-jednorazowy-wyswietlacz-led-vape-0-6\/","og_locale":"pl_PL","og_type":"article","og_title":"Al Fakher Mega Max 40K Disposable Vape | LED Display","og_description":"Al Fakher Crown Bar Mega Max 40K disposable vape with 40,000 puffs, dual mesh coil, 20ml e-liquid, adjustable airflow, and LED display.","og_url":"https:\/\/vapemaison.com\/pl\/produkt\/al-fakher-mega-max-40k-jednorazowy-wyswietlacz-led-vape-0-6\/","og_site_name":"VapeMaison","article_modified_time":"2026-04-24T06:00:02+00:00","og_image":[{"width":800,"height":800,"url":"https:\/\/vapemaison.com\/wp-content\/uploads\/2026\/04\/vapemaison-al-fakher-mega-max-40000.webp","type":"image\/webp"}],"twitter_card":"summary_large_image","twitter_misc":{"Szacowany czas czytania":"2 minuty"},"schema":{"@context":"https:\/\/schema.org","@graph":[{"@type":"WebPage","@id":"https:\/\/vapemaison.com\/product\/al-fakher-mega-max-40k-disposable-vape-led-display-0-6\/","url":"https:\/\/vapemaison.com\/product\/al-fakher-mega-max-40k-disposable-vape-led-display-0-6\/","name":"Al Fakher Mega Max 40K Jednorazowy Vape | Wy\u015bwietlacz LED","isPartOf":{"@id":"https:\/\/vapemaison.com\/#website"},"primaryImageOfPage":{"@id":"https:\/\/vapemaison.com\/product\/al-fakher-mega-max-40k-disposable-vape-led-display-0-6\/#primaryimage"},"image":{"@id":"https:\/\/vapemaison.com\/product\/al-fakher-mega-max-40k-disposable-vape-led-display-0-6\/#primaryimage"},"thumbnailUrl":"https:\/\/vapemaison.com\/wp-content\/uploads\/2026\/04\/vapemaison-al-fakher-mega-max-40000.webp","datePublished":"2026-04-14T03:41:57+00:00","dateModified":"2026-04-24T06:00:02+00:00","description":"Jednorazowy waporyzator Al Fakher Crown Bar Mega Max 40K z 40 000 zaci\u0105gni\u0119\u0107, podw\u00f3jn\u0105 cewk\u0105 siatkow\u0105, 20 ml e-liquidu, regulowanym przep\u0142ywem powietrza i wy\u015bwietlaczem LED.","breadcrumb":{"@id":"https:\/\/vapemaison.com\/product\/al-fakher-mega-max-40k-disposable-vape-led-display-0-6\/#breadcrumb"},"inLanguage":"pl-PL","potentialAction":[{"@type":"ReadAction","target":["https:\/\/vapemaison.com\/product\/al-fakher-mega-max-40k-disposable-vape-led-display-0-6\/"]}]},{"@type":"ImageObject","inLanguage":"pl-PL","@id":"https:\/\/vapemaison.com\/product\/al-fakher-mega-max-40k-disposable-vape-led-display-0-6\/#primaryimage","url":"https:\/\/vapemaison.com\/wp-content\/uploads\/2026\/04\/vapemaison-al-fakher-mega-max-40000.webp","contentUrl":"https:\/\/vapemaison.com\/wp-content\/uploads\/2026\/04\/vapemaison-al-fakher-mega-max-40000.webp","width":800,"height":800,"caption":"Vapemaison Al Fakher Mega Max"},{"@type":"BreadcrumbList","@id":"https:\/\/vapemaison.com\/product\/al-fakher-mega-max-40k-disposable-vape-led-display-0-6\/#breadcrumb","itemListElement":[{"@type":"ListItem","position":1,"name":"\u9996\u9875","item":"https:\/\/vapemaison.com\/"},{"@type":"ListItem","position":2,"name":"Shop","item":"https:\/\/vapemaison.com\/shop\/"},{"@type":"ListItem","position":3,"name":"Al Fakher","item":"https:\/\/vapemaison.com\/brand\/al-fakher\/"},{"@type":"ListItem","position":4,"name":"Al Fakher Mega Max 40K Disposable Vape LED Display 0.6%"}]},{"@type":"WebSite","@id":"https:\/\/vapemaison.com\/#website","url":"https:\/\/vapemaison.com\/","name":"VapeMaison","description":"Wysokiej jako\u015bci urz\u0105dzenia i akcesoria do waporyzacji","publisher":{"@id":"https:\/\/vapemaison.com\/#organization"},"potentialAction":[{"@type":"SearchAction","target":{"@type":"EntryPoint","urlTemplate":"https:\/\/vapemaison.com\/?s={search_term_string}"},"query-input":{"@type":"PropertyValueSpecification","valueRequired":true,"valueName":"search_term_string"}}],"inLanguage":"pl-PL"},{"@type":"Organization","@id":"https:\/\/vapemaison.com\/#organization","name":"VapeMaison","url":"https:\/\/vapemaison.com\/","logo":{"@type":"ImageObject","inLanguage":"pl-PL","@id":"https:\/\/vapemaison.com\/#\/schema\/logo\/image\/","url":"https:\/\/vapemaison.com\/wp-content\/uploads\/2026\/01\/cropped-vapemaison-logo-g-2026.webp","contentUrl":"https:\/\/vapemaison.com\/wp-content\/uploads\/2026\/01\/cropped-vapemaison-logo-g-2026.webp","width":350,"height":280,"caption":"VapeMaison"},"image":{"@id":"https:\/\/vapemaison.com\/#\/schema\/logo\/image\/"},"sameAs":["https:\/\/www.youtube.com\/@VapeMaison"]}]}},"tiered_pricing_type":"fixed","tiered_pricing_fixed_rules":{"50":"12.99","100":"12.45","200":"11.99"},"tiered_pricing_product_settings":{"layout":"default","base_unit_name":{"singular":null,"plural":null},"default_variation":null},"tiered_pricing_minimum_quantity":10,"tiered_pricing_roles_data":[],"tiered_pricing_percentage_rules":[],"tiered_pricing_maximum_quantity":null,"tiered_pricing_quantity_step":"10","_links":{"self":[{"href":"https:\/\/vapemaison.com\/pl\/wp-json\/wp\/v2\/product\/29305","targetHints":{"allow":["GET"]}}],"collection":[{"href":"https:\/\/vapemaison.com\/pl\/wp-json\/wp\/v2\/product"}],"about":[{"href":"https:\/\/vapemaison.com\/pl\/wp-json\/wp\/v2\/types\/product"}],"replies":[{"embeddable":true,"href":"https:\/\/vapemaison.com\/pl\/wp-json\/wp\/v2\/comments?post=29305"}],"version-history":[{"count":4,"href":"https:\/\/vapemaison.com\/pl\/wp-json\/wp\/v2\/product\/29305\/revisions"}],"predecessor-version":[{"id":29386,"href":"https:\/\/vapemaison.com\/pl\/wp-json\/wp\/v2\/product\/29305\/revisions\/29386"}],"wp:featuredmedia":[{"embeddable":true,"href":"https:\/\/vapemaison.com\/pl\/wp-json\/wp\/v2\/media\/29315"}],"wp:attachment":[{"href":"https:\/\/vapemaison.com\/pl\/wp-json\/wp\/v2\/media?parent=29305"}],"wp:term":[{"taxonomy":"product_brand","embeddable":true,"href":"https:\/\/vapemaison.com\/pl\/wp-json\/wp\/v2\/product_brand?post=29305"},{"taxonomy":"product_cat","embeddable":true,"href":"https:\/\/vapemaison.com\/pl\/wp-json\/wp\/v2\/product_cat?post=29305"},{"taxonomy":"product_tag","embeddable":true,"href":"https:\/\/vapemaison.com\/pl\/wp-json\/wp\/v2\/product_tag?post=29305"}],"curies":[{"name":"wp","href":"https:\/\/api.w.org\/{rel}","templated":true}]}}