

{"id":7232,"date":"2025-10-15T08:02:36","date_gmt":"2025-10-15T08:02:36","guid":{"rendered":"https:\/\/vapemaison.com\/?post_type=product&#038;p=7232"},"modified":"2026-02-27T09:44:55","modified_gmt":"2026-02-27T09:44:55","slug":"randm-digital-box-12k-fumot-puffs","status":"publish","type":"product","link":"https:\/\/vapemaison.com\/pl\/product\/randm-digital-box-12k-fumot-puffs\/","title":{"rendered":"Fumot Digital Box 12000 Puffs | 12k Fumot"},"content":{"rendered":"<p>Do\u015bwiadcz p\u0142ynnej, sp\u00f3jnej i d\u0142ugotrwa\u0142ej waporyzacji dzi\u0119ki <strong>Fumot RandM Digital Box 12000<\/strong> - to najnowocze\u015bniejszy jednorazowy waporyzator wielokrotnego \u0142adowania, kt\u00f3ry \u0142\u0105czy w sobie technologi\u0119, styl i doskona\u0142\u0105 wydajno\u015b\u0107. Idealnie zaprojektowane zar\u00f3wno dla pocz\u0105tkuj\u0105cych, jak i do\u015bwiadczonych vaper\u00f3w, urz\u0105dzenie to zapewnia pot\u0119\u017cne zaci\u0105gni\u0119cia przy ka\u017cdym wdechu, zapewniaj\u0105c wyj\u0105tkowe wra\u017cenia z waporyzacji.<\/p>\n\n\n\n<h2 class=\"wp-block-heading\"><strong>Bateria cyfrowa i wy\u015bwietlacz ciek\u0142y<\/strong><\/h2>\n\n\n\n<p>Pe\u0142na kontrola nad urz\u0105dzeniem dzi\u0119ki <strong>wbudowany wy\u015bwietlacz cyfrowy<\/strong>, co wyra\u017anie pokazuje:<\/p>\n\n\n\n<ul class=\"wp-block-list\">\n<li><strong>Poziom na\u0142adowania baterii<\/strong> - dok\u0142adnie wiedzie\u0107, kiedy na\u0142adowa\u0107 akumulatory<\/li>\n\n\n\n<li><strong>Poziom e-cieczy<\/strong> - Szybki podgl\u0105d pozosta\u0142ej kwoty<\/li>\n<\/ul>\n\n\n\n<p>Ten intuicyjny wy\u015bwietlacz zapewnia, \u017ce nigdy nie zabraknie ci mocy lub p\u0142ynu, zapewniaj\u0105c bezstresowe i wygodne do\u015bwiadczenie waporyzacji.<\/p>\n\n\n\n<h2 class=\"wp-block-heading\"><strong>Du\u017cy zbiornik o pojemno\u015bci 20 ml zapewnia d\u0142ugotrwa\u0142\u0105 przyjemno\u015b\u0107 z u\u017cytkowania<\/strong><\/h2>\n\n\n\n<p>The <strong>Wst\u0119pnie nape\u0142niony zbiornik 20 ml<\/strong> zapewnia do <strong>12 000 zaci\u0105gni\u0119\u0107<\/strong> na jednym \u0142adowaniu, co pozwala na tygodnie ci\u0105g\u0142ego wapowania bez konieczno\u015bci cz\u0119stego uzupe\u0142niania. Do wyboru <strong>S\u00f3l nikotynowa 2% lub 5%<\/strong> opcje zapewniaj\u0105ce spersonalizowane wra\u017cenia, kt\u00f3re odpowiadaj\u0105 Twoim preferencjom.<\/p>\n\n\n\n<ul class=\"wp-block-list\">\n<li>D\u0142ugotrwa\u0142e u\u017cytkowanie bez przerw<\/li>\n\n\n\n<li>Idealny na d\u0142ugie podr\u00f3\u017ce, przerwy w pracy lub do u\u017cytku domowego<\/li>\n\n\n\n<li>G\u0142adki i sp\u00f3jny smak od pierwszego do ostatniego zaci\u0105gni\u0119cia.<\/li>\n<\/ul>\n\n\n\n<h2 class=\"wp-block-heading\"><strong>Bogaty wyb\u00f3r smak\u00f3w<\/strong><\/h2>\n\n\n\n<p>Z <strong>16 ekskluzywnych smak\u00f3w<\/strong>, Dzi\u0119ki starannemu wykonaniu przez RandM Vapes, ka\u017cde zaci\u0105gni\u0119cie si\u0119 zapewnia wyj\u0105tkowe i satysfakcjonuj\u0105ce doznania smakowe:<\/p>\n\n\n\n<ul class=\"wp-block-list\">\n<li>Owocowe mieszanki, kremowe desery i orze\u017awiaj\u0105ce miksy<\/li>\n\n\n\n<li><strong>Cewka o oczkach 0,9\u03a9<\/strong> zapewnia r\u00f3wnomierne podgrzewanie i maksymalny smak<\/li>\n\n\n\n<li>Idealny zar\u00f3wno dla nowych vaper\u00f3w, jak i do\u015bwiadczonych entuzjast\u00f3w.<\/li>\n<\/ul>\n\n\n\n<p>Odkryj sw\u00f3j ulubiony smak lub wypr\u00f3buj wszystkie, aby codziennie do\u015bwiadcza\u0107 nowych dozna\u0144 smakowych.<\/p>\n\n\n\n<h2 class=\"wp-block-heading\"><strong>Zaawansowane \u0142adowanie typu C<\/strong><\/h2>\n\n\n\n<p>Wyposa\u017cony w <strong>Szybkie \u0142adowanie typu C<\/strong>, RandM Digital Box 12000 osi\u0105ga pe\u0142n\u0105 moc szybko i wydajnie:<\/p>\n\n\n\n<ul class=\"wp-block-list\">\n<li>Akumulator <strong>Akumulator 850 mAh<\/strong> zapewnia d\u0142ugotrwa\u0142\u0105 wydajno\u015b\u0107<\/li>\n\n\n\n<li>Wygodny dolny port \u0142adowania zapewnia pe\u0142ne zasilanie urz\u0105dzenia<\/li>\n\n\n\n<li>Minimalny czas przestoju - gotowo\u015b\u0107 do waporyzacji w ci\u0105gu kilku minut<\/li>\n<\/ul>\n\n\n\n<h2 class=\"wp-block-heading\"><strong>Elegancka i przeno\u015bna konstrukcja<\/strong><\/h2>\n\n\n\n<p>Zaprojektowany dla nowoczesnych vaper\u00f3w <strong>ergonomiczne i stylowe urz\u0105dzenie<\/strong> Idealnie mie\u015bci si\u0119 w d\u0142oni lub kieszeni:<\/p>\n\n\n\n<ul class=\"wp-block-list\">\n<li>Kompaktowy i lekki - idealny do podr\u00f3\u017cy lub dojazd\u00f3w do pracy<\/li>\n\n\n\n<li>Elegancka konstrukcja z wyko\u0144czeniem klasy premium<\/li>\n\n\n\n<li>Mo\u017cliwo\u015b\u0107 \u0142adowania i wielokrotnego u\u017cytku zmniejsza ilo\u015b\u0107 odpad\u00f3w w por\u00f3wnaniu z konwencjonalnymi waporyzatorami jednorazowego u\u017cytku.<\/li>\n<\/ul>\n\n\n\n<h2 class=\"wp-block-heading\"><strong>Dlaczego warto wybra\u0107 Fumot RandM Digital Box 12000?<\/strong><\/h2>\n\n\n\n<ul class=\"wp-block-list\">\n<li><strong>Wydajno\u015b\u0107 klasy premium<\/strong> - 12 000 zaci\u0105gni\u0119\u0107, bogaty smak i g\u0142adka para<\/li>\n\n\n\n<li><strong>Pe\u0142na kontrola<\/strong> - cyfrowy wy\u015bwietlacz poziomu baterii i cieczy<\/li>\n\n\n\n<li><strong>Mo\u017cliwo\u015b\u0107 dostosowania do\u015bwiadczenia<\/strong> - wiele opcji nikotyny<\/li>\n\n\n\n<li><strong>Wygodny i stylowy<\/strong> - \u0141adowanie typu C, elegancka konstrukcja, gotowy do u\u017cycia<\/li>\n<\/ul>\n\n\n\n<p>Niezale\u017cnie od tego, czy jeste\u015b w domu, w biurze, czy w podr\u00f3\u017cy. <strong><a href=\"https:\/\/vapemaison.com\/product-category\/hot-series\/fumot-12k\/\">Fumot RandM Digital Box 12000<\/a><\/strong> wyznacza nowy standard dla jednorazowych waporyzator\u00f3w wielokrotnego \u0142adowania, zapewniaj\u0105c styl, wygod\u0119 i niezr\u00f3wnane doznania smakowe.<\/p>\n\n\n\n<p><\/p>","protected":false},"excerpt":{"rendered":"<p>Fumot RandM Digital Box 12000 Puffs<\/p>","protected":false},"featured_media":7840,"comment_status":"open","ping_status":"closed","template":"","meta":[],"product_brand":[58],"product_cat":[154,294],"product_tag":[],"class_list":{"0":"post-7232","1":"product","2":"type-product","3":"status-publish","4":"has-post-thumbnail","6":"product_brand-fumot","7":"product_cat-12k-puffs","8":"product_cat-no-nicotine-vape","10":"first","11":"instock","12":"sale","13":"shipping-taxable","14":"purchasable","15":"product-type-simple"},"yoast_head":"<!-- This site is optimized with the Yoast SEO plugin v27.4 - https:\/\/yoast.com\/product\/yoast-seo-wordpress\/ -->\n<title>Fumot RandM Digital Box 12000\u00a0Puffs-Rechargeable<\/title>\n<meta name=\"description\" content=\"RandM Digital Box 12k Fumot Puffs \u2014 a rechargeable disposable vape with rich flavor, and smooth performance for every vaping lover.\" \/>\n<meta name=\"robots\" content=\"index, follow, max-snippet:-1, max-image-preview:large, max-video-preview:-1\" \/>\n<link rel=\"canonical\" href=\"https:\/\/vapemaison.com\/pl\/produkt\/randm-digital-box-12k-fumot-puffs\/\" \/>\n<meta property=\"og:locale\" content=\"pl_PL\" \/>\n<meta property=\"og:type\" content=\"article\" \/>\n<meta property=\"og:title\" content=\"Fumot RandM Digital Box 12000\u00a0Puffs-Rechargeable\" \/>\n<meta property=\"og:description\" content=\"RandM Digital Box 12k Fumot Puffs \u2014 a rechargeable disposable vape with rich flavor, and smooth performance for every vaping lover.\" \/>\n<meta property=\"og:url\" content=\"https:\/\/vapemaison.com\/pl\/produkt\/randm-digital-box-12k-fumot-puffs\/\" \/>\n<meta property=\"og:site_name\" content=\"VapeMaison\" \/>\n<meta property=\"article:modified_time\" content=\"2026-02-27T09:44:55+00:00\" \/>\n<meta property=\"og:image\" content=\"https:\/\/vapemaison.com\/wp-content\/uploads\/2025\/10\/Fumot-Digital-Box-12k-Disposable-Vape-1.jpg\" \/>\n\t<meta property=\"og:image:width\" content=\"1500\" \/>\n\t<meta property=\"og:image:height\" content=\"1500\" \/>\n\t<meta property=\"og:image:type\" content=\"image\/jpeg\" \/>\n<meta name=\"twitter:card\" content=\"summary_large_image\" \/>\n<meta name=\"twitter:label1\" content=\"Szacowany czas czytania\" \/>\n\t<meta name=\"twitter:data1\" content=\"2 minuty\" \/>\n<!-- \/ Yoast SEO plugin. -->","yoast_head_json":{"title":"Fumot RandM Digital Box 12000 puf\u00f3w z mo\u017cliwo\u015bci\u0105 \u0142adowania","description":"RandM Digital Box 12k Fumot Puffs - jednorazowy waporyzator wielokrotnego \u0142adowania o bogatym smaku i p\u0142ynnej wydajno\u015bci dla ka\u017cdego mi\u0142o\u015bnika waporyzacji.","robots":{"index":"index","follow":"follow","max-snippet":"max-snippet:-1","max-image-preview":"max-image-preview:large","max-video-preview":"max-video-preview:-1"},"canonical":"https:\/\/vapemaison.com\/pl\/produkt\/randm-digital-box-12k-fumot-puffs\/","og_locale":"pl_PL","og_type":"article","og_title":"Fumot RandM Digital Box 12000\u00a0Puffs-Rechargeable","og_description":"RandM Digital Box 12k Fumot Puffs \u2014 a rechargeable disposable vape with rich flavor, and smooth performance for every vaping lover.","og_url":"https:\/\/vapemaison.com\/pl\/produkt\/randm-digital-box-12k-fumot-puffs\/","og_site_name":"VapeMaison","article_modified_time":"2026-02-27T09:44:55+00:00","og_image":[{"width":1500,"height":1500,"url":"https:\/\/vapemaison.com\/wp-content\/uploads\/2025\/10\/Fumot-Digital-Box-12k-Disposable-Vape-1.jpg","type":"image\/jpeg"}],"twitter_card":"summary_large_image","twitter_misc":{"Szacowany czas czytania":"2 minuty"},"schema":{"@context":"https:\/\/schema.org","@graph":[{"@type":"WebPage","@id":"https:\/\/vapemaison.com\/product\/randm-digital-box-12k-fumot-puffs\/","url":"https:\/\/vapemaison.com\/product\/randm-digital-box-12k-fumot-puffs\/","name":"Fumot RandM Digital Box 12000 puf\u00f3w z mo\u017cliwo\u015bci\u0105 \u0142adowania","isPartOf":{"@id":"https:\/\/vapemaison.com\/#website"},"primaryImageOfPage":{"@id":"https:\/\/vapemaison.com\/product\/randm-digital-box-12k-fumot-puffs\/#primaryimage"},"image":{"@id":"https:\/\/vapemaison.com\/product\/randm-digital-box-12k-fumot-puffs\/#primaryimage"},"thumbnailUrl":"https:\/\/vapemaison.com\/wp-content\/uploads\/2025\/10\/Fumot-Digital-Box-12k-Disposable-Vape-1.jpg","datePublished":"2025-10-15T08:02:36+00:00","dateModified":"2026-02-27T09:44:55+00:00","description":"RandM Digital Box 12k Fumot Puffs - jednorazowy waporyzator wielokrotnego \u0142adowania o bogatym smaku i p\u0142ynnej wydajno\u015bci dla ka\u017cdego mi\u0142o\u015bnika waporyzacji.","breadcrumb":{"@id":"https:\/\/vapemaison.com\/product\/randm-digital-box-12k-fumot-puffs\/#breadcrumb"},"inLanguage":"pl-PL","potentialAction":[{"@type":"ReadAction","target":["https:\/\/vapemaison.com\/product\/randm-digital-box-12k-fumot-puffs\/"]}]},{"@type":"ImageObject","inLanguage":"pl-PL","@id":"https:\/\/vapemaison.com\/product\/randm-digital-box-12k-fumot-puffs\/#primaryimage","url":"https:\/\/vapemaison.com\/wp-content\/uploads\/2025\/10\/Fumot-Digital-Box-12k-Disposable-Vape-1.jpg","contentUrl":"https:\/\/vapemaison.com\/wp-content\/uploads\/2025\/10\/Fumot-Digital-Box-12k-Disposable-Vape-1.jpg","width":1500,"height":1500,"caption":"Fumot Digital Box 12k Disposable Vape"},{"@type":"BreadcrumbList","@id":"https:\/\/vapemaison.com\/product\/randm-digital-box-12k-fumot-puffs\/#breadcrumb","itemListElement":[{"@type":"ListItem","position":1,"name":"\u9996\u9875","item":"https:\/\/vapemaison.com\/"},{"@type":"ListItem","position":2,"name":"Shop","item":"https:\/\/vapemaison.com\/shop\/"},{"@type":"ListItem","position":3,"name":"Fumot","item":"https:\/\/vapemaison.com\/brand\/fumot\/"},{"@type":"ListItem","position":4,"name":"Fumot Digital Box 12000\u00a0Puffs | 12k Fumot"}]},{"@type":"WebSite","@id":"https:\/\/vapemaison.com\/#website","url":"https:\/\/vapemaison.com\/","name":"VapeMaison","description":"Wysokiej jako\u015bci urz\u0105dzenia i akcesoria do waporyzacji","publisher":{"@id":"https:\/\/vapemaison.com\/#organization"},"potentialAction":[{"@type":"SearchAction","target":{"@type":"EntryPoint","urlTemplate":"https:\/\/vapemaison.com\/?s={search_term_string}"},"query-input":{"@type":"PropertyValueSpecification","valueRequired":true,"valueName":"search_term_string"}}],"inLanguage":"pl-PL"},{"@type":"Organization","@id":"https:\/\/vapemaison.com\/#organization","name":"VapeMaison","url":"https:\/\/vapemaison.com\/","logo":{"@type":"ImageObject","inLanguage":"pl-PL","@id":"https:\/\/vapemaison.com\/#\/schema\/logo\/image\/","url":"https:\/\/vapemaison.com\/wp-content\/uploads\/2026\/01\/cropped-vapemaison-logo-g-2026.webp","contentUrl":"https:\/\/vapemaison.com\/wp-content\/uploads\/2026\/01\/cropped-vapemaison-logo-g-2026.webp","width":350,"height":280,"caption":"VapeMaison"},"image":{"@id":"https:\/\/vapemaison.com\/#\/schema\/logo\/image\/"},"sameAs":["https:\/\/www.youtube.com\/@VapeMaison"]}]}},"tiered_pricing_type":"fixed","tiered_pricing_fixed_rules":{"30":"12.56","50":"10.78","100":"8.55","200":"7.98"},"tiered_pricing_product_settings":{"layout":"default","base_unit_name":{"singular":null,"plural":null},"default_variation":null},"tiered_pricing_minimum_quantity":10,"tiered_pricing_roles_data":[],"tiered_pricing_percentage_rules":[],"tiered_pricing_maximum_quantity":null,"tiered_pricing_quantity_step":"10","_links":{"self":[{"href":"https:\/\/vapemaison.com\/pl\/wp-json\/wp\/v2\/product\/7232","targetHints":{"allow":["GET"]}}],"collection":[{"href":"https:\/\/vapemaison.com\/pl\/wp-json\/wp\/v2\/product"}],"about":[{"href":"https:\/\/vapemaison.com\/pl\/wp-json\/wp\/v2\/types\/product"}],"replies":[{"embeddable":true,"href":"https:\/\/vapemaison.com\/pl\/wp-json\/wp\/v2\/comments?post=7232"}],"version-history":[{"count":1,"href":"https:\/\/vapemaison.com\/pl\/wp-json\/wp\/v2\/product\/7232\/revisions"}],"predecessor-version":[{"id":26646,"href":"https:\/\/vapemaison.com\/pl\/wp-json\/wp\/v2\/product\/7232\/revisions\/26646"}],"wp:featuredmedia":[{"embeddable":true,"href":"https:\/\/vapemaison.com\/pl\/wp-json\/wp\/v2\/media\/7840"}],"wp:attachment":[{"href":"https:\/\/vapemaison.com\/pl\/wp-json\/wp\/v2\/media?parent=7232"}],"wp:term":[{"taxonomy":"product_brand","embeddable":true,"href":"https:\/\/vapemaison.com\/pl\/wp-json\/wp\/v2\/product_brand?post=7232"},{"taxonomy":"product_cat","embeddable":true,"href":"https:\/\/vapemaison.com\/pl\/wp-json\/wp\/v2\/product_cat?post=7232"},{"taxonomy":"product_tag","embeddable":true,"href":"https:\/\/vapemaison.com\/pl\/wp-json\/wp\/v2\/product_tag?post=7232"}],"curies":[{"name":"wp","href":"https:\/\/api.w.org\/{rel}","templated":true}]}}