

{"id":7296,"date":"2025-10-16T06:47:28","date_gmt":"2025-10-16T06:47:28","guid":{"rendered":"https:\/\/vapemaison.com\/?post_type=product&#038;p=7296"},"modified":"2026-05-15T06:18:39","modified_gmt":"2026-05-15T06:18:39","slug":"jednorazowy-vape-waspe-aiviou-60000-puffow-3w1","status":"publish","type":"product","link":"https:\/\/vapemaison.com\/pl\/product\/waspe-aiviou-60000-puffs-3in1-disposable-vape\/","title":{"rendered":"WASPE 60k Puffs | Akumulatorowy ekran LED Vape"},"content":{"rendered":"<h3 class=\"wp-block-heading\"><strong>WASPE AIVIOU 60k Puffs Jednorazowe Vape | 3 smaki w jednym<\/strong><\/h3>\n\n\n\n<p>The <strong>WASPE<\/strong> AIVIOU 60000 Puffs zapewnia najwy\u017csz\u0105 wygod\u0119 wapowania.<br>Ka\u017cde urz\u0105dzenie zawiera trzy pyszne smaki, ogromn\u0105 pojemno\u015b\u0107 54 ml e-liquidu oraz wy\u015bwietlacz LED pokazuj\u0105cy zar\u00f3wno poziom na\u0142adowania baterii, jak i poziom p\u0142ynu. Dzi\u0119ki akumulatorowi typu C i potr\u00f3jnemu systemowi cewek siatkowych b\u0119dziesz cieszy\u0107 si\u0119 g\u0142adk\u0105 par\u0105, bogatym smakiem i d\u0142ugotrwa\u0142\u0105 satysfakcj\u0105.<\/p>\n\n\n\n<h3 class=\"wp-block-heading\"><strong>Kluczowe cechy<\/strong><\/h3>\n\n\n\n<ul class=\"wp-block-list\">\n<li><strong>Do 60 000 zaci\u0105gni\u0119\u0107:<\/strong> D\u0142uga \u017cywotno\u015b\u0107 dla intensywnych u\u017cytkownik\u00f3w.<\/li>\n\n\n\n<li><strong>3 smaki w 1 urz\u0105dzeniu:<\/strong> \u0141atwe prze\u0142\u0105czanie mi\u0119dzy smakami zapewnia \u015bwie\u017ce doznania.<\/li>\n\n\n\n<li><strong>Wy\u015bwietlacz LED:<\/strong> Monitorowanie poziomu baterii i e-cieczy w czasie rzeczywistym.<\/li>\n\n\n\n<li><strong>Akumulator:<\/strong> Szybkie \u0142adowanie typu C zapewnia ci\u0105g\u0142o\u015b\u0107 u\u017cytkowania.<\/li>\n\n\n\n<li><strong>Cewki z potr\u00f3jn\u0105 siatk\u0105:<\/strong> Zapewnia g\u0119st\u0105 par\u0119 i intensywny smak.<\/li>\n\n\n\n<li><strong>Kompaktowy i lekki:<\/strong> (47 mm \u00d7 47 mm \u00d7 116 mm) dla \u0142atwej obs\u0142ugi.<\/li>\n\n\n\n<li><strong>Opcje nikotyny:<\/strong> 0%, 2% lub 5%.<\/li>\n<\/ul>\n\n\n\n<h3 class=\"wp-block-heading\"><strong>Dost\u0119pne kombinacje smak\u00f3w<\/strong><\/h3>\n\n\n\n<ol class=\"wp-block-list\">\n<li>Watermelon Ice - Strawberry Kiwi - Lemon Lime<\/li>\n\n\n\n<li>Arbuz truskawkowy - Cukierki truskawkowo-malinowe - L\u00f3d winogronowy<\/li>\n\n\n\n<li>Blueberry Ice - Black Dragon Ice - Fizzy Cherry Ice<\/li>\n\n\n\n<li>Strawberry Raspberry Cherry - Love 666 - Cherry Candy Ice<\/li>\n\n\n\n<li>Peach Ice - Ananas Mango Brzoskwinia - \u017burawina Cytryna<\/li>\n\n\n\n<li>Red Bull Ice - Strawberry Mango - Strawberry Watermelon Bubblegum<\/li>\n\n\n\n<li>Mieszane jagody - \u017celki - mieszane owoce<\/li>\n\n\n\n<li>Triple Melon Ice - Rainbow Candy - Blueberry Candy<\/li>\n\n\n\n<li>Grape Ice - Strawberry Candy - Strawberry Raspberry Cherry<\/li>\n\n\n\n<li>Truskawka z bananem - Ananas z kokosem - Mango z lodem<\/li>\n\n\n\n<li>Cherry Cola Ice - Strawberry Cola - Cola Ice<\/li>\n\n\n\n<li>Blueberry Raspberry - Blueberry Cotton Candy - Double Apple Ice<\/li>\n<\/ol>\n\n\n\n<p>Odkryj waporyzacj\u0119 premium na <a href=\"https:\/\/vapemaison.com\/\">VapeMaison<\/a>, to miejsce, w kt\u00f3rym stawiasz na jako\u015b\u0107 i innowacyjno\u015b\u0107. Zapoznaj si\u0119 z nasz\u0105 pe\u0142n\u0105 ofert\u0105 na stronie <a href=\"https:\/\/vapemaison.com\/shop\/\">Sklep<\/a> lub sprawd\u017a popularn\u0105 stron\u0119 <a href=\"https:\/\/vapemaison.com\/brand\/bang\/\">Bang<\/a> oraz <a href=\"https:\/\/vapemaison.com\/brand\/waspe\/\">WASPE<\/a> produkty, uwielbiane przez vaper\u00f3w na ca\u0142ym \u015bwiecie. Szukasz wi\u0119cej opcji? Przejrzyj wszystkie nasze <a href=\"https:\/\/vapemaison.com\/product-category\/puffs-count\/\">Puffy<\/a> urz\u0105dze\u0144, aby znale\u017a\u0107 idealny vape dla swojego stylu i gustu.<\/p>","protected":false},"excerpt":{"rendered":"<p>Do\u015bwiadcz d\u0142ugotrwa\u0142ej waporyzacji dzi\u0119ki <strong data-start=\"1068\" data-end=\"1112\">WASPE AIVIOU 60000 puff\u00f3w jednorazowych Vape<\/strong>. Zaprojektowane z my\u015bl\u0105 o europejskich hurtownikach i mi\u0142o\u015bnikach waporyzacji, to urz\u0105dzenie 3 w 1 \u0142\u0105czy w sobie wygod\u0119, r\u00f3\u017cnorodno\u015b\u0107 i wydajno\u015b\u0107. Pozwala ono cieszy\u0107 si\u0119 nawet 60 000 zaci\u0105gni\u0119\u0107 dzi\u0119ki ekranowi LED, 54 ml e-liquidu i akumulatorowi typu C.<\/p>","protected":false},"featured_media":7985,"comment_status":"open","ping_status":"closed","template":"","meta":[],"product_brand":[59],"product_cat":[137],"product_tag":[],"class_list":{"0":"post-7296","1":"product","2":"type-product","3":"status-publish","4":"has-post-thumbnail","6":"product_brand-waspe","7":"product_cat-60k-puffs","9":"first","10":"instock","11":"sale","12":"featured","13":"shipping-taxable","14":"purchasable","15":"product-type-variable"},"yoast_head":"<!-- This site is optimized with the Yoast SEO plugin v27.4 - https:\/\/yoast.com\/product\/yoast-seo-wordpress\/ -->\n<title>WASPE AIVIOU 60k Puffs | 3 in 1 Flavors Disposable Vape<\/title>\n<meta name=\"description\" content=\"Discover the WASPE AIVIOU 60k Puffs Disposable Vape.featuring 3 flavors in one device. Perfect for wholesalers and vape retailers across Europe.\" \/>\n<meta name=\"robots\" content=\"index, follow, max-snippet:-1, max-image-preview:large, max-video-preview:-1\" \/>\n<link rel=\"canonical\" href=\"https:\/\/vapemaison.com\/pl\/produkt\/jednorazowy-vape-waspe-aiviou-60000-puffow-3w1\/\" \/>\n<meta property=\"og:locale\" content=\"pl_PL\" \/>\n<meta property=\"og:type\" content=\"article\" \/>\n<meta property=\"og:title\" content=\"WASPE AIVIOU 60k Puffs | 3 in 1 Flavors Disposable Vape\" \/>\n<meta property=\"og:description\" content=\"Discover the WASPE AIVIOU 60k Puffs Disposable Vape.featuring 3 flavors in one device. Perfect for wholesalers and vape retailers across Europe.\" \/>\n<meta property=\"og:url\" content=\"https:\/\/vapemaison.com\/pl\/produkt\/jednorazowy-vape-waspe-aiviou-60000-puffow-3w1\/\" \/>\n<meta property=\"og:site_name\" content=\"VapeMaison\" \/>\n<meta property=\"article:modified_time\" content=\"2026-05-15T06:18:39+00:00\" \/>\n<meta property=\"og:image\" content=\"https:\/\/vapemaison.com\/wp-content\/uploads\/2025\/10\/waspe-3in1-60k-0.jpg\" \/>\n\t<meta property=\"og:image:width\" content=\"1200\" \/>\n\t<meta property=\"og:image:height\" content=\"1200\" \/>\n\t<meta property=\"og:image:type\" content=\"image\/jpeg\" \/>\n<meta name=\"twitter:card\" content=\"summary_large_image\" \/>\n<meta name=\"twitter:label1\" content=\"Szacowany czas czytania\" \/>\n\t<meta name=\"twitter:data1\" content=\"2 minuty\" \/>\n<!-- \/ Yoast SEO plugin. -->","yoast_head_json":{"title":"WASPE AIVIOU 60k Puffs | 3 w 1 Smaki Jednorazowe Vape","description":"Odkryj WASPE AIVIOU 60k Puffs Disposable Vape.featuring 3 smaki w jednym urz\u0105dzeniu. Idealny dla hurtownik\u00f3w i sprzedawc\u00f3w vape w ca\u0142ej Europie.","robots":{"index":"index","follow":"follow","max-snippet":"max-snippet:-1","max-image-preview":"max-image-preview:large","max-video-preview":"max-video-preview:-1"},"canonical":"https:\/\/vapemaison.com\/pl\/produkt\/jednorazowy-vape-waspe-aiviou-60000-puffow-3w1\/","og_locale":"pl_PL","og_type":"article","og_title":"WASPE AIVIOU 60k Puffs | 3 in 1 Flavors Disposable Vape","og_description":"Discover the WASPE AIVIOU 60k Puffs Disposable Vape.featuring 3 flavors in one device. Perfect for wholesalers and vape retailers across Europe.","og_url":"https:\/\/vapemaison.com\/pl\/produkt\/jednorazowy-vape-waspe-aiviou-60000-puffow-3w1\/","og_site_name":"VapeMaison","article_modified_time":"2026-05-15T06:18:39+00:00","og_image":[{"width":1200,"height":1200,"url":"https:\/\/vapemaison.com\/wp-content\/uploads\/2025\/10\/waspe-3in1-60k-0.jpg","type":"image\/jpeg"}],"twitter_card":"summary_large_image","twitter_misc":{"Szacowany czas czytania":"2 minuty"},"schema":{"@context":"https:\/\/schema.org","@graph":[{"@type":"WebPage","@id":"https:\/\/vapemaison.com\/product\/waspe-aiviou-60000-puffs-3in1-disposable-vape\/","url":"https:\/\/vapemaison.com\/product\/waspe-aiviou-60000-puffs-3in1-disposable-vape\/","name":"WASPE AIVIOU 60k Puffs | 3 w 1 Smaki Jednorazowe Vape","isPartOf":{"@id":"https:\/\/vapemaison.com\/#website"},"primaryImageOfPage":{"@id":"https:\/\/vapemaison.com\/product\/waspe-aiviou-60000-puffs-3in1-disposable-vape\/#primaryimage"},"image":{"@id":"https:\/\/vapemaison.com\/product\/waspe-aiviou-60000-puffs-3in1-disposable-vape\/#primaryimage"},"thumbnailUrl":"https:\/\/vapemaison.com\/wp-content\/uploads\/2025\/10\/waspe-3in1-60k-0.jpg","datePublished":"2025-10-16T06:47:28+00:00","dateModified":"2026-05-15T06:18:39+00:00","description":"Odkryj WASPE AIVIOU 60k Puffs Disposable Vape.featuring 3 smaki w jednym urz\u0105dzeniu. Idealny dla hurtownik\u00f3w i sprzedawc\u00f3w vape w ca\u0142ej Europie.","breadcrumb":{"@id":"https:\/\/vapemaison.com\/product\/waspe-aiviou-60000-puffs-3in1-disposable-vape\/#breadcrumb"},"inLanguage":"pl-PL","potentialAction":[{"@type":"ReadAction","target":["https:\/\/vapemaison.com\/product\/waspe-aiviou-60000-puffs-3in1-disposable-vape\/"]}]},{"@type":"ImageObject","inLanguage":"pl-PL","@id":"https:\/\/vapemaison.com\/product\/waspe-aiviou-60000-puffs-3in1-disposable-vape\/#primaryimage","url":"https:\/\/vapemaison.com\/wp-content\/uploads\/2025\/10\/waspe-3in1-60k-0.jpg","contentUrl":"https:\/\/vapemaison.com\/wp-content\/uploads\/2025\/10\/waspe-3in1-60k-0.jpg","width":1200,"height":1200,"caption":"Waspe 3in1 60k Disposable Vape Device detail"},{"@type":"BreadcrumbList","@id":"https:\/\/vapemaison.com\/product\/waspe-aiviou-60000-puffs-3in1-disposable-vape\/#breadcrumb","itemListElement":[{"@type":"ListItem","position":1,"name":"\u9996\u9875","item":"https:\/\/vapemaison.com\/"},{"@type":"ListItem","position":2,"name":"Shop","item":"https:\/\/vapemaison.com\/shop\/"},{"@type":"ListItem","position":3,"name":"Waspe","item":"https:\/\/vapemaison.com\/brand\/waspe\/"},{"@type":"ListItem","position":4,"name":"WASPE 60k Puffs | Rechargeable Vape LED Screen"}]},{"@type":"WebSite","@id":"https:\/\/vapemaison.com\/#website","url":"https:\/\/vapemaison.com\/","name":"VapeMaison","description":"Wysokiej jako\u015bci urz\u0105dzenia i akcesoria do waporyzacji","publisher":{"@id":"https:\/\/vapemaison.com\/#organization"},"potentialAction":[{"@type":"SearchAction","target":{"@type":"EntryPoint","urlTemplate":"https:\/\/vapemaison.com\/?s={search_term_string}"},"query-input":{"@type":"PropertyValueSpecification","valueRequired":true,"valueName":"search_term_string"}}],"inLanguage":"pl-PL"},{"@type":"Organization","@id":"https:\/\/vapemaison.com\/#organization","name":"VapeMaison","url":"https:\/\/vapemaison.com\/","logo":{"@type":"ImageObject","inLanguage":"pl-PL","@id":"https:\/\/vapemaison.com\/#\/schema\/logo\/image\/","url":"https:\/\/vapemaison.com\/wp-content\/uploads\/2026\/01\/cropped-vapemaison-logo-g-2026.webp","contentUrl":"https:\/\/vapemaison.com\/wp-content\/uploads\/2026\/01\/cropped-vapemaison-logo-g-2026.webp","width":350,"height":280,"caption":"VapeMaison"},"image":{"@id":"https:\/\/vapemaison.com\/#\/schema\/logo\/image\/"},"sameAs":["https:\/\/www.youtube.com\/@VapeMaison"]}]}},"tiered_pricing_type":"fixed","tiered_pricing_fixed_rules":{"30":"11.99","50":"10.99","100":"9.98","200":"8.88"},"tiered_pricing_product_settings":{"layout":"default","base_unit_name":{"singular":null,"plural":null},"default_variation":null},"tiered_pricing_minimum_quantity":10,"tiered_pricing_roles_data":[],"tiered_pricing_percentage_rules":[],"tiered_pricing_maximum_quantity":null,"tiered_pricing_quantity_step":"10","_links":{"self":[{"href":"https:\/\/vapemaison.com\/pl\/wp-json\/wp\/v2\/product\/7296","targetHints":{"allow":["GET"]}}],"collection":[{"href":"https:\/\/vapemaison.com\/pl\/wp-json\/wp\/v2\/product"}],"about":[{"href":"https:\/\/vapemaison.com\/pl\/wp-json\/wp\/v2\/types\/product"}],"replies":[{"embeddable":true,"href":"https:\/\/vapemaison.com\/pl\/wp-json\/wp\/v2\/comments?post=7296"}],"version-history":[{"count":0,"href":"https:\/\/vapemaison.com\/pl\/wp-json\/wp\/v2\/product\/7296\/revisions"}],"wp:featuredmedia":[{"embeddable":true,"href":"https:\/\/vapemaison.com\/pl\/wp-json\/wp\/v2\/media\/7985"}],"wp:attachment":[{"href":"https:\/\/vapemaison.com\/pl\/wp-json\/wp\/v2\/media?parent=7296"}],"wp:term":[{"taxonomy":"product_brand","embeddable":true,"href":"https:\/\/vapemaison.com\/pl\/wp-json\/wp\/v2\/product_brand?post=7296"},{"taxonomy":"product_cat","embeddable":true,"href":"https:\/\/vapemaison.com\/pl\/wp-json\/wp\/v2\/product_cat?post=7296"},{"taxonomy":"product_tag","embeddable":true,"href":"https:\/\/vapemaison.com\/pl\/wp-json\/wp\/v2\/product_tag?post=7296"}],"curies":[{"name":"wp","href":"https:\/\/api.w.org\/{rel}","templated":true}]}}