

{"id":7303,"date":"2025-10-16T06:50:02","date_gmt":"2025-10-16T06:50:02","guid":{"rendered":"https:\/\/vapemaison.com\/?post_type=product&#038;p=7303"},"modified":"2026-02-10T06:54:44","modified_gmt":"2026-02-10T06:54:44","slug":"jednorazowy-vape-waspe-crystal-40k","status":"publish","type":"product","link":"https:\/\/vapemaison.com\/pl\/product\/waspe-crystal-40k-disposable-vape\/","title":{"rendered":"Waspe Crystal 40000 40k Puffs Vape"},"content":{"rendered":"<p>WASPE Crystal 40000 to jednorazowy waporyzator o du\u017cej pojemno\u015bci opracowany z my\u015bl\u0105 o u\u017cytkownikach, dla kt\u00f3rych priorytetem jest d\u0142ugotrwa\u0142e u\u017cytkowanie, stabilna moc i elastyczno\u015b\u0107 smaku. Dzi\u0119ki systemowi dw\u00f3ch smak\u00f3w, du\u017cej pojemno\u015bci e-liquidu i konstrukcji akumulatora, nadaje si\u0119 do d\u0142ugotrwa\u0142ego codziennego u\u017cytkowania bez konieczno\u015bci cz\u0119stej wymiany.<\/p>\n\n\n\n<p>Urz\u0105dzenie to posiada podw\u00f3jn\u0105 konfiguracj\u0119 cewek 0,9\u03a9, kt\u00f3ra zapewnia sta\u0142\u0105 produkcj\u0119 pary i zr\u00f3wnowa\u017cone dostarczanie aromatu przez ca\u0142y okres u\u017cytkowania. Wbudowany inteligentny wy\u015bwietlacz LCD zapewnia widoczno\u015b\u0107 w czasie rzeczywistym stanu baterii i pozosta\u0142ej ilo\u015bci e-cieczy, umo\u017cliwiaj\u0105c u\u017cytkownikom bardziej efektywne zarz\u0105dzanie u\u017cytkowaniem.<\/p>\n\n\n\n<p>Zaprojektowany z my\u015bl\u0105 o praktyczno\u015bci, WASPE Crystal 40000 \u0142\u0105czy w sobie du\u017c\u0105 pojemno\u015b\u0107, szybkie \u0142adowanie typu C i wiele kombinacji smakowych w jednym jednorazowym formacie.<\/p>\n\n\n\n<h2 class=\"wp-block-heading\">Specyfikacja techniczna<\/h2>\n\n\n\n<figure class=\"wp-block-table is-style-stripes\"><table class=\"has-fixed-layout\"><thead><tr><th>Pozycja<\/th><th>Specyfikacja<\/th><\/tr><\/thead><tbody><tr><td>Typ produktu<\/td><td>Vape jednorazowego u\u017cytku<\/td><\/tr><tr><td>Pojemno\u015b\u0107 dmuchawy<\/td><td>Do 40 000 zaci\u0105gni\u0119\u0107<\/td><\/tr><tr><td>Pojemno\u015b\u0107 e-liquidu<\/td><td>32 ml (wst\u0119pnie nape\u0142niony)<\/td><\/tr><tr><td>Si\u0142a nikotyny<\/td><td>2% \/ 5%<\/td><\/tr><tr><td>System cewek<\/td><td>Podw\u00f3jne cewki siatkowe 0,9\u03a9<\/td><\/tr><tr><td>Pojemno\u015b\u0107 akumulatora<\/td><td>850 mAh (akumulator)<\/td><\/tr><tr><td>Interfejs \u0142adowania<\/td><td>Typ-C<\/td><\/tr><tr><td>Wy\u015bwietlacz<\/td><td>Inteligentny wy\u015bwietlacz LCD (poziom baterii i e-cieczy)<\/td><\/tr><tr><td>System aromat\u00f3w<\/td><td>Podw\u00f3jny smak (prze\u0142\u0105czany)<\/td><\/tr><tr><td>Opcje smakowe<\/td><td>12 kombinacji<\/td><\/tr><\/tbody><\/table><\/figure>\n\n\n\n<h2 class=\"wp-block-heading\">Kluczowe cechy<\/h2>\n\n\n\n<h3 class=\"wp-block-heading\">Zwi\u0119kszona pojemno\u015b\u0107 dmuchawy<\/h3>\n\n\n\n<p>Do 40 000 zaci\u0105gni\u0119\u0107 w po\u0142\u0105czeniu z 32 ml zbiornikiem e-liquidu zapewnia d\u0142u\u017csze u\u017cytkowanie i zmniejsza cz\u0119stotliwo\u015b\u0107 wymiany.<\/p>\n\n\n\n<h3 class=\"wp-block-heading\">Konstrukcja cewki z podw\u00f3jn\u0105 siatk\u0105<\/h3>\n\n\n\n<p>Podw\u00f3jny system cewek siatkowych 0,9\u03a9 pomaga utrzyma\u0107 sta\u0142\u0105 moc pary i stabilny smak od pierwszego do ostatniego zaci\u0105gni\u0119cia.<\/p>\n\n\n\n<h3 class=\"wp-block-heading\">System podw\u00f3jnego smaku<\/h3>\n\n\n\n<p>Dwa smaki s\u0105 zintegrowane w jednym urz\u0105dzeniu, umo\u017cliwiaj\u0105c u\u017cytkownikom prze\u0142\u0105czanie si\u0119 mi\u0119dzy smakami w celu uzyskania bardziej elastycznych i zr\u00f3\u017cnicowanych wra\u017ce\u0144 z waporyzacji.<\/p>\n\n\n\n<h3 class=\"wp-block-heading\">Inteligentny wy\u015bwietlacz LCD<\/h3>\n\n\n\n<p>Zintegrowany ekran LCD wyra\u017anie wy\u015bwietla stan baterii i poziom e-cieczy, zwi\u0119kszaj\u0105c \u015bwiadomo\u015b\u0107 u\u017cytkowania i ograniczaj\u0105c nieoczekiwane przerwy.<\/p>\n\n\n\n<h3 class=\"wp-block-heading\">Akumulator z funkcj\u0105 \u0142adowania typu C<\/h3>\n\n\n\n<p>Akumulator o pojemno\u015bci 850 mAh obs\u0142uguje szybkie \u0142adowanie typu C, zapewniaj\u0105c wydajne uzupe\u0142nianie energii i d\u0142ugotrwa\u0142\u0105 u\u017cyteczno\u015b\u0107.<\/p>\n\n\n\n<h3 class=\"wp-block-heading\">Wiele kombinacji smakowych<\/h3>\n\n\n\n<p>Dwana\u015bcie starannie dobranych kombinacji smakowych zaspokaja szeroki zakres preferencji smakowych, od mieszanek owocowych po profile inspirowane napojami.<\/p>\n\n\n\n<h2 class=\"wp-block-heading\">Dost\u0119pne kombinacje smak\u00f3w (12 opcji)<\/h2>\n\n\n\n<ol class=\"wp-block-list\">\n<li>L\u00f3d arbuzowy i limonka cytrynowa<\/li>\n\n\n\n<li>Red Bull Ice &amp; Strawberry Mango<\/li>\n\n\n\n<li>Strawberry Red Bull &amp; Blueberry Cherry<\/li>\n\n\n\n<li>Cukierki jagodowe i arbuz truskawkowy<\/li>\n\n\n\n<li>Truskawka z kiwi i truskawka z wi\u015bni\u0105<\/li>\n\n\n\n<li>L\u00f3d jagodowo-malinowy i brzoskwiniowo-jagodowy<\/li>\n\n\n\n<li>Strawberry Raspberry Cherry &amp; Love 666<\/li>\n\n\n\n<li>Peach Ice &amp; Watermelon Mango Peach<\/li>\n\n\n\n<li>L\u00f3d truskawkowo-bananowo-ananasowo-kokosowy<\/li>\n\n\n\n<li>Grape Ice i Black Dragon Ice<\/li>\n\n\n\n<li>Mieszane jagody i lemoniada malinowa<\/li>\n\n\n\n<li>L\u00f3d jagodowy i l\u00f3d wi\u015bniowy<\/li>\n<\/ol>\n\n\n\n<h2 class=\"wp-block-heading\">Odpowiedni dla<\/h2>\n\n\n\n<ul class=\"wp-block-list\">\n<li>U\u017cytkownicy szukaj\u0105cy <strong>Urz\u0105dzenia jednorazowe o du\u017cej liczbie zaci\u0105gni\u0119\u0107<\/strong><\/li>\n\n\n\n<li>Vaperzy, kt\u00f3rzy wol\u0105 <strong>R\u00f3\u017cnorodno\u015b\u0107 smak\u00f3w w ramach jednego urz\u0105dzenia<\/strong><\/li>\n\n\n\n<li>Klienci szukaj\u0105cy <strong>Jednoraz\u00f3wki z wy\u015bwietlaczem i mo\u017cliwo\u015bci\u0105 \u0142adowania<\/strong><\/li>\n\n\n\n<li>Sprzedawcy detaliczni oferuj\u0105cy <strong>Najwy\u017cszej jako\u015bci jednorazowe opcje vape<\/strong><\/li>\n<\/ul>\n\n\n\n<h2 class=\"wp-block-heading\">Powi\u0105zane produkty<\/h2>\n\n\n\n<p>Mo\u017cesz tak\u017ce zapozna\u0107 si\u0119 z innymi jednorazowymi modelami WASPE lub podobnymi modelami vape o du\u017cej pojemno\u015bci z r\u00f3\u017cn\u0105 liczb\u0105 zaci\u0105gni\u0119\u0107, konfiguracjami cewek i systemami aromat\u00f3w w naszej kolekcji jednorazowych vape, aby znale\u017a\u0107 najbardziej odpowiedni\u0105 opcj\u0119 dla swoich potrzeb.<\/p>\n\n\n\n<p>Odkryj waporyzacj\u0119 premium na <a href=\"https:\/\/vapemaison.com\/\">VapeMaison<\/a>, to miejsce, w kt\u00f3rym stawiasz na jako\u015b\u0107 i innowacyjno\u015b\u0107. Zapoznaj si\u0119 z nasz\u0105 pe\u0142n\u0105 ofert\u0105 na stronie <a href=\"https:\/\/vapemaison.com\/shop\/\">Sklep<\/a> lub sprawd\u017a popularn\u0105 stron\u0119 <a href=\"https:\/\/vapemaison.com\/brand\/bang\/\">Bang<\/a> oraz <a href=\"https:\/\/vapemaison.com\/brand\/waspe\/\">WASPE<\/a> produkty, uwielbiane przez vaper\u00f3w na ca\u0142ym \u015bwiecie. Szukasz wi\u0119cej opcji? Przejrzyj wszystkie nasze <a href=\"https:\/\/vapemaison.com\/product-category\/puffs-count\/\">Puffy<\/a> urz\u0105dze\u0144, aby znale\u017a\u0107 idealny vape dla swojego stylu i gustu.<\/p>\n\n\n\n<p><\/p>","protected":false},"excerpt":{"rendered":"<p>The WASPE Crystal 40000 is a high-capacity disposable vape developed for users who prioritize extended usage, stable output, and flavor flexibility. With a dual-flavor system, large e-liquid capacity, and rechargeable battery design, it is suitable for long-term daily use without frequent replacement. This device integrates a dual 0.9\u03a9 mesh coil configuration to support consistent vapor [&hellip;]<\/p>\n","protected":false},"featured_media":7304,"comment_status":"open","ping_status":"closed","template":"","meta":[],"product_brand":[59],"product_cat":[135],"product_tag":[],"class_list":{"0":"post-7303","1":"product","2":"type-product","3":"status-publish","4":"has-post-thumbnail","6":"product_brand-waspe","7":"product_cat-40k-puffs","9":"first","10":"instock","11":"sale","12":"shipping-taxable","13":"purchasable","14":"product-type-variable"},"yoast_head":"<!-- This site is optimized with the Yoast SEO plugin v27.4 - https:\/\/yoast.com\/product\/yoast-seo-wordpress\/ -->\n<title>Waspe 40000 | Waspe Crystal 40k Vape<\/title>\n<meta name=\"description\" content=\"Discover the Waspe 40000 Disposable Vape with 40k puffs, dual flavors, and Type-C rechargeable design. Perfect for long-lasting satisfaction.\" \/>\n<meta name=\"robots\" content=\"index, follow, max-snippet:-1, max-image-preview:large, max-video-preview:-1\" \/>\n<link rel=\"canonical\" href=\"https:\/\/vapemaison.com\/pl\/produkt\/jednorazowy-vape-waspe-crystal-40k\/\" \/>\n<meta property=\"og:locale\" content=\"pl_PL\" \/>\n<meta property=\"og:type\" content=\"article\" \/>\n<meta property=\"og:title\" content=\"Waspe 40000 | Waspe Crystal 40k Vape\" \/>\n<meta property=\"og:description\" content=\"Discover the Waspe 40000 Disposable Vape with 40k puffs, dual flavors, and Type-C rechargeable design. Perfect for long-lasting satisfaction.\" \/>\n<meta property=\"og:url\" content=\"https:\/\/vapemaison.com\/pl\/produkt\/jednorazowy-vape-waspe-crystal-40k\/\" \/>\n<meta property=\"og:site_name\" content=\"VapeMaison\" \/>\n<meta property=\"article:modified_time\" content=\"2026-02-10T06:54:44+00:00\" \/>\n<meta property=\"og:image\" content=\"https:\/\/vapemaison.com\/wp-content\/uploads\/2025\/10\/40000.jpg\" \/>\n\t<meta property=\"og:image:width\" content=\"1600\" \/>\n\t<meta property=\"og:image:height\" content=\"1600\" \/>\n\t<meta property=\"og:image:type\" content=\"image\/jpeg\" \/>\n<meta name=\"twitter:card\" content=\"summary_large_image\" \/>\n<meta name=\"twitter:label1\" content=\"Szacowany czas czytania\" \/>\n\t<meta name=\"twitter:data1\" content=\"3 minuty\" \/>\n<!-- \/ Yoast SEO plugin. -->","yoast_head_json":{"title":"Waspe 40000 | Waspe Crystal 40k Vape","description":"Odkryj jednorazowy waporyzator Waspe 40000 z 40 tysi\u0105cami zaci\u0105gni\u0119\u0107, dwoma smakami i mo\u017cliwo\u015bci\u0105 \u0142adowania za pomoc\u0105 akumulatora typu C. Idealny dla d\u0142ugotrwa\u0142ej satysfakcji.","robots":{"index":"index","follow":"follow","max-snippet":"max-snippet:-1","max-image-preview":"max-image-preview:large","max-video-preview":"max-video-preview:-1"},"canonical":"https:\/\/vapemaison.com\/pl\/produkt\/jednorazowy-vape-waspe-crystal-40k\/","og_locale":"pl_PL","og_type":"article","og_title":"Waspe 40000 | Waspe Crystal 40k Vape","og_description":"Discover the Waspe 40000 Disposable Vape with 40k puffs, dual flavors, and Type-C rechargeable design. Perfect for long-lasting satisfaction.","og_url":"https:\/\/vapemaison.com\/pl\/produkt\/jednorazowy-vape-waspe-crystal-40k\/","og_site_name":"VapeMaison","article_modified_time":"2026-02-10T06:54:44+00:00","og_image":[{"width":1600,"height":1600,"url":"https:\/\/vapemaison.com\/wp-content\/uploads\/2025\/10\/40000.jpg","type":"image\/jpeg"}],"twitter_card":"summary_large_image","twitter_misc":{"Szacowany czas czytania":"3 minuty"},"schema":{"@context":"https:\/\/schema.org","@graph":[{"@type":"WebPage","@id":"https:\/\/vapemaison.com\/product\/waspe-crystal-40k-disposable-vape\/","url":"https:\/\/vapemaison.com\/product\/waspe-crystal-40k-disposable-vape\/","name":"Waspe 40000 | Waspe Crystal 40k Vape","isPartOf":{"@id":"https:\/\/vapemaison.com\/#website"},"primaryImageOfPage":{"@id":"https:\/\/vapemaison.com\/product\/waspe-crystal-40k-disposable-vape\/#primaryimage"},"image":{"@id":"https:\/\/vapemaison.com\/product\/waspe-crystal-40k-disposable-vape\/#primaryimage"},"thumbnailUrl":"https:\/\/vapemaison.com\/wp-content\/uploads\/2025\/10\/40000.jpg","datePublished":"2025-10-16T06:50:02+00:00","dateModified":"2026-02-10T06:54:44+00:00","description":"Odkryj jednorazowy waporyzator Waspe 40000 z 40 tysi\u0105cami zaci\u0105gni\u0119\u0107, dwoma smakami i mo\u017cliwo\u015bci\u0105 \u0142adowania za pomoc\u0105 akumulatora typu C. Idealny dla d\u0142ugotrwa\u0142ej satysfakcji.","breadcrumb":{"@id":"https:\/\/vapemaison.com\/product\/waspe-crystal-40k-disposable-vape\/#breadcrumb"},"inLanguage":"pl-PL","potentialAction":[{"@type":"ReadAction","target":["https:\/\/vapemaison.com\/product\/waspe-crystal-40k-disposable-vape\/"]}]},{"@type":"ImageObject","inLanguage":"pl-PL","@id":"https:\/\/vapemaison.com\/product\/waspe-crystal-40k-disposable-vape\/#primaryimage","url":"https:\/\/vapemaison.com\/wp-content\/uploads\/2025\/10\/40000.jpg","contentUrl":"https:\/\/vapemaison.com\/wp-content\/uploads\/2025\/10\/40000.jpg","width":1600,"height":1600},{"@type":"BreadcrumbList","@id":"https:\/\/vapemaison.com\/product\/waspe-crystal-40k-disposable-vape\/#breadcrumb","itemListElement":[{"@type":"ListItem","position":1,"name":"\u9996\u9875","item":"https:\/\/vapemaison.com\/"},{"@type":"ListItem","position":2,"name":"Shop","item":"https:\/\/vapemaison.com\/shop\/"},{"@type":"ListItem","position":3,"name":"Waspe","item":"https:\/\/vapemaison.com\/brand\/waspe\/"},{"@type":"ListItem","position":4,"name":"Waspe Crystal 40000 40k Puffs Vape"}]},{"@type":"WebSite","@id":"https:\/\/vapemaison.com\/#website","url":"https:\/\/vapemaison.com\/","name":"VapeMaison","description":"Wysokiej jako\u015bci urz\u0105dzenia i akcesoria do waporyzacji","publisher":{"@id":"https:\/\/vapemaison.com\/#organization"},"potentialAction":[{"@type":"SearchAction","target":{"@type":"EntryPoint","urlTemplate":"https:\/\/vapemaison.com\/?s={search_term_string}"},"query-input":{"@type":"PropertyValueSpecification","valueRequired":true,"valueName":"search_term_string"}}],"inLanguage":"pl-PL"},{"@type":"Organization","@id":"https:\/\/vapemaison.com\/#organization","name":"VapeMaison","url":"https:\/\/vapemaison.com\/","logo":{"@type":"ImageObject","inLanguage":"pl-PL","@id":"https:\/\/vapemaison.com\/#\/schema\/logo\/image\/","url":"https:\/\/vapemaison.com\/wp-content\/uploads\/2026\/01\/cropped-vapemaison-logo-g-2026.webp","contentUrl":"https:\/\/vapemaison.com\/wp-content\/uploads\/2026\/01\/cropped-vapemaison-logo-g-2026.webp","width":350,"height":280,"caption":"VapeMaison"},"image":{"@id":"https:\/\/vapemaison.com\/#\/schema\/logo\/image\/"},"sameAs":["https:\/\/www.youtube.com\/@VapeMaison"]}]}},"tiered_pricing_type":"fixed","tiered_pricing_fixed_rules":{"30":"11.99","50":"11.29","100":"10.56","200":"9.98"},"tiered_pricing_product_settings":{"layout":"default","base_unit_name":{"singular":null,"plural":null},"default_variation":null},"tiered_pricing_minimum_quantity":10,"tiered_pricing_roles_data":[],"tiered_pricing_percentage_rules":[],"tiered_pricing_maximum_quantity":null,"tiered_pricing_quantity_step":"10","_links":{"self":[{"href":"https:\/\/vapemaison.com\/pl\/wp-json\/wp\/v2\/product\/7303","targetHints":{"allow":["GET"]}}],"collection":[{"href":"https:\/\/vapemaison.com\/pl\/wp-json\/wp\/v2\/product"}],"about":[{"href":"https:\/\/vapemaison.com\/pl\/wp-json\/wp\/v2\/types\/product"}],"replies":[{"embeddable":true,"href":"https:\/\/vapemaison.com\/pl\/wp-json\/wp\/v2\/comments?post=7303"}],"version-history":[{"count":1,"href":"https:\/\/vapemaison.com\/pl\/wp-json\/wp\/v2\/product\/7303\/revisions"}],"predecessor-version":[{"id":26173,"href":"https:\/\/vapemaison.com\/pl\/wp-json\/wp\/v2\/product\/7303\/revisions\/26173"}],"wp:featuredmedia":[{"embeddable":true,"href":"https:\/\/vapemaison.com\/pl\/wp-json\/wp\/v2\/media\/7304"}],"wp:attachment":[{"href":"https:\/\/vapemaison.com\/pl\/wp-json\/wp\/v2\/media?parent=7303"}],"wp:term":[{"taxonomy":"product_brand","embeddable":true,"href":"https:\/\/vapemaison.com\/pl\/wp-json\/wp\/v2\/product_brand?post=7303"},{"taxonomy":"product_cat","embeddable":true,"href":"https:\/\/vapemaison.com\/pl\/wp-json\/wp\/v2\/product_cat?post=7303"},{"taxonomy":"product_tag","embeddable":true,"href":"https:\/\/vapemaison.com\/pl\/wp-json\/wp\/v2\/product_tag?post=7303"}],"curies":[{"name":"wp","href":"https:\/\/api.w.org\/{rel}","templated":true}]}}