

{"id":8068,"date":"2025-10-22T07:08:18","date_gmt":"2025-10-22T07:08:18","guid":{"rendered":"https:\/\/vapemaison.com\/?post_type=product&#038;p=8068"},"modified":"2026-05-13T11:13:37","modified_gmt":"2026-05-13T11:13:37","slug":"urzadzenie-jednorazowego-uzytku-bang-leader-45000-puffs","status":"publish","type":"product","link":"https:\/\/vapemaison.com\/pl\/product\/bang-leader-45000-puffs-disposable-device\/","title":{"rendered":"Jednorazowe urz\u0105dzenie Bang Leader 45000 Puffs z podw\u00f3jn\u0105 komor\u0105 - akumulator typu C"},"content":{"rendered":"<h3 class=\"wp-block-heading\"><strong>Ekstremalna trwa\u0142o\u015b\u0107 - do 45000 zaci\u0105gni\u0119\u0107<\/strong><\/h3>\n\n\n\n<p>The <strong>Urz\u0105dzenie jednorazowego u\u017cytku Bang Leader 45000 Puffs<\/strong> zosta\u0142 stworzony z my\u015bl\u0105 o wydajno\u015bci, mocy i wytrzyma\u0142o\u015bci. Zaprojektowany dla u\u017cytkownik\u00f3w, kt\u00f3rzy wymagaj\u0105 d\u0142ugotrwa\u0142ej satysfakcji, zapewnia do <strong>45 000 zaci\u0105gni\u0119\u0107<\/strong> sp\u00f3jnej, bogatej pary.<\/p>\n\n\n\n<p>Zasilany przez <strong>Akumulator o pojemno\u015bci 650 mAh<\/strong> z <strong>Szybkie \u0142adowanie typu C<\/strong>, Pozwala to na nieprzerwan\u0105 prac\u0119 przez wiele dni. The <strong>Podw\u00f3jne 30 ml kapsu\u0142ki e-liquidu<\/strong> Zapewniaj\u0105 d\u0142u\u017csze u\u017cytkowanie i \u0142atwe prze\u0142\u0105czanie mi\u0119dzy smakami, oferuj\u0105c zar\u00f3wno r\u00f3\u017cnorodno\u015b\u0107, jak i wygod\u0119.<\/p>\n\n\n\n<p>Z <strong>Cewka o oczkach 1,0\u03a9<\/strong>, Ka\u017cde zaci\u0105gni\u0119cie zapewnia g\u0119st\u0105 par\u0119 i p\u0142ynne zaci\u0105ganie. Do wyboru <strong>Moc nikotyny 0%, 2%, 3% lub 5%<\/strong>, i zbada\u0107 <strong>12 pysznych opcji smakowych<\/strong> - od owocowych mieszanek po lodowate, ch\u0142odne doznania. The <strong>Bang Leader 45000<\/strong> \u0142\u0105czy w sobie ogromn\u0105 pojemno\u015b\u0107, konfigurowalny smak i najnowocze\u015bniejsz\u0105 konstrukcj\u0119 w jednym eleganckim, przeno\u015bnym urz\u0105dzeniu.<\/p>\n\n\n\n<h3 class=\"wp-block-heading\"><strong>Kluczowe cechy:<\/strong><\/h3>\n\n\n\n<ul class=\"wp-block-list\">\n<li>Do\u00a0<strong>45000 zaci\u0105gni\u0119\u0107<\/strong>\u00a0na urz\u0105dzenie<\/li>\n\n\n\n<li><strong>30 ml + 30 ml wst\u0119pnie nape\u0142nionego e-soku<\/strong><\/li>\n\n\n\n<li><strong>Akumulator o pojemno\u015bci 650 mAh<\/strong><\/li>\n\n\n\n<li><strong>Szybkie \u0142adowanie typu C<\/strong><\/li>\n\n\n\n<li><strong>Cewka o oczkach 1,0\u03a9<\/strong>&nbsp;dla g\u0142adkiej pary<\/li>\n\n\n\n<li><strong>Moc nikotyny<\/strong>: 0%, 2%, 3%, 5%<\/li>\n\n\n\n<li><strong>12 opcji smakowych<\/strong>&nbsp;cieszy\u0107 si\u0119<\/li>\n<\/ul>\n\n\n\n<h3 class=\"wp-block-heading\"><strong>Smaki\uff1a<\/strong><\/h3>\n\n\n\n<div class=\"wp-block-group has-global-padding is-layout-constrained wp-block-group-is-layout-constrained\">\n<div class=\"wp-block-group has-global-padding is-layout-constrained wp-block-group-is-layout-constrained\">\n<ul class=\"wp-block-list\">\n<li>L\u00f3d arbuzowy, truskawka i mango<\/li>\n\n\n\n<li>Truskawka i arbuz &amp; Kiwi Passion Fruit Guava<\/li>\n\n\n\n<li>L\u00f3d truskawkowy, arbuzowy i winogronowy<\/li>\n\n\n\n<li>Jagoda Malina &amp; Brzoskwinia Mango Arbuz<\/li>\n\n\n\n<li>Arbuz jagodowy i mango truskawkowe<\/li>\n\n\n\n<li>Blueberry Ice i Black Dragon Ice<\/li>\n\n\n\n<li>L\u00f3d jagodowy i truskawkowo-bananowy<\/li>\n\n\n\n<li>Red Bull i arbuz jagodowy<\/li>\n\n\n\n<li>Red Bull i arbuzowe cukierki b\u0105belkowe<\/li>\n\n\n\n<li>L\u00f3d truskawkowo-kiwiowo-brzoskwiniowy<\/li>\n\n\n\n<li>Cola Ice &amp; Cherry Cranberry<\/li>\n\n\n\n<li>L\u00f3d ananasowy i potr\u00f3jne mango<\/li>\n\n\n\n<li>Lody truskawkowe i r\u00f3\u017cowy l\u00f3d cytrynowy<\/li>\n\n\n\n<li>Wi\u015bniowa cola i arbuzowe lody b\u0105belkowe<\/li>\n\n\n\n<li>Cherry Ice &amp; Strawberry Cranberry Cherry Ice<\/li>\n\n\n\n<li>Lemon and Lime &amp; Blue Razzle<\/li>\n\n\n\n<li>Raspberry Mojito Peach Ice &amp; Apple Pear<\/li>\n\n\n\n<li>L\u00f3d liczi i d\u017cem melonowy<\/li>\n<\/ul>\n<\/div>\n\n\n\n<p>Wi\u0119cej informacji <a href=\"https:\/\/vapemaison.com\/brand\/bang\/\">Bang<\/a> !<\/p>\n<\/div>","protected":false},"excerpt":{"rendered":"<p>Jednorazowe urz\u0105dzenie Bang Leader 45000 Puffs zosta\u0142o stworzone z my\u015bl\u0105 o wydajno\u015bci, mocy i wytrzyma\u0142o\u015bci. Zaprojektowany dla u\u017cytkownik\u00f3w wymagaj\u0105cych d\u0142ugotrwa\u0142ej satysfakcji, zapewnia do 45 000 zaci\u0105gni\u0119\u0107 sp\u00f3jnej, bogatej pary.<\/p>","protected":false},"featured_media":8119,"comment_status":"open","ping_status":"closed","template":"","meta":[],"product_brand":[57],"product_cat":[156,142],"product_tag":[],"class_list":{"0":"post-8068","1":"product","2":"type-product","3":"status-publish","4":"has-post-thumbnail","6":"product_brand-bang","7":"product_cat-45k-puffs","8":"product_cat-eu-stock","10":"first","11":"instock","12":"sale","13":"shipping-taxable","14":"purchasable","15":"product-type-variable"},"yoast_head":"<!-- This site is optimized with the Yoast SEO plugin v27.4 - https:\/\/yoast.com\/product\/yoast-seo-wordpress\/ -->\n<title>Bang Leader 45000 Puffs Disposable Device Dual E-liquid Pods<\/title>\n<meta name=\"description\" content=\"Explore the Bang Leader 45000 Puffs Disposable Device. Enjoy 12 unique flavors, and multiple nicotine options for a smooth and lasting experience.\" \/>\n<meta name=\"robots\" content=\"index, follow, max-snippet:-1, max-image-preview:large, max-video-preview:-1\" \/>\n<link rel=\"canonical\" href=\"https:\/\/vapemaison.com\/pl\/produkt\/urzadzenie-jednorazowego-uzytku-bang-leader-45000-puffs\/\" \/>\n<meta property=\"og:locale\" content=\"pl_PL\" \/>\n<meta property=\"og:type\" content=\"article\" \/>\n<meta property=\"og:title\" content=\"Bang Leader 45000 Puffs Disposable Device Dual E-liquid Pods\" \/>\n<meta property=\"og:description\" content=\"Explore the Bang Leader 45000 Puffs Disposable Device. Enjoy 12 unique flavors, and multiple nicotine options for a smooth and lasting experience.\" \/>\n<meta property=\"og:url\" content=\"https:\/\/vapemaison.com\/pl\/produkt\/urzadzenie-jednorazowego-uzytku-bang-leader-45000-puffs\/\" \/>\n<meta property=\"og:site_name\" content=\"VapeMaison\" \/>\n<meta property=\"article:modified_time\" content=\"2026-05-13T11:13:37+00:00\" \/>\n<meta property=\"og:image\" content=\"https:\/\/vapemaison.com\/wp-content\/uploads\/2025\/10\/vape-bang-leader-45000-45k-puffs-pineapple-ice-triple-mango.jpg\" \/>\n\t<meta property=\"og:image:width\" content=\"800\" \/>\n\t<meta property=\"og:image:height\" content=\"800\" \/>\n\t<meta property=\"og:image:type\" content=\"image\/jpeg\" \/>\n<meta name=\"twitter:card\" content=\"summary_large_image\" \/>\n<meta name=\"twitter:label1\" content=\"Szacowany czas czytania\" \/>\n\t<meta name=\"twitter:data1\" content=\"2 minuty\" \/>\n<!-- \/ Yoast SEO plugin. -->","yoast_head_json":{"title":"Bang Leader 45000 Puffs Urz\u0105dzenie jednorazowego u\u017cytku Podw\u00f3jne kapsu\u0142ki e-liquidu","description":"Poznaj jednorazowe urz\u0105dzenie Bang Leader 45000 Puffs. Ciesz si\u0119 12 unikalnymi smakami i wieloma opcjami nikotyny, aby uzyska\u0107 p\u0142ynne i d\u0142ugotrwa\u0142e doznania.","robots":{"index":"index","follow":"follow","max-snippet":"max-snippet:-1","max-image-preview":"max-image-preview:large","max-video-preview":"max-video-preview:-1"},"canonical":"https:\/\/vapemaison.com\/pl\/produkt\/urzadzenie-jednorazowego-uzytku-bang-leader-45000-puffs\/","og_locale":"pl_PL","og_type":"article","og_title":"Bang Leader 45000 Puffs Disposable Device Dual E-liquid Pods","og_description":"Explore the Bang Leader 45000 Puffs Disposable Device. Enjoy 12 unique flavors, and multiple nicotine options for a smooth and lasting experience.","og_url":"https:\/\/vapemaison.com\/pl\/produkt\/urzadzenie-jednorazowego-uzytku-bang-leader-45000-puffs\/","og_site_name":"VapeMaison","article_modified_time":"2026-05-13T11:13:37+00:00","og_image":[{"width":800,"height":800,"url":"https:\/\/vapemaison.com\/wp-content\/uploads\/2025\/10\/vape-bang-leader-45000-45k-puffs-pineapple-ice-triple-mango.jpg","type":"image\/jpeg"}],"twitter_card":"summary_large_image","twitter_misc":{"Szacowany czas czytania":"2 minuty"},"schema":{"@context":"https:\/\/schema.org","@graph":[{"@type":"WebPage","@id":"https:\/\/vapemaison.com\/product\/bang-leader-45000-puffs-disposable-device\/","url":"https:\/\/vapemaison.com\/product\/bang-leader-45000-puffs-disposable-device\/","name":"Bang Leader 45000 Puffs Urz\u0105dzenie jednorazowego u\u017cytku Podw\u00f3jne kapsu\u0142ki e-liquidu","isPartOf":{"@id":"https:\/\/vapemaison.com\/#website"},"primaryImageOfPage":{"@id":"https:\/\/vapemaison.com\/product\/bang-leader-45000-puffs-disposable-device\/#primaryimage"},"image":{"@id":"https:\/\/vapemaison.com\/product\/bang-leader-45000-puffs-disposable-device\/#primaryimage"},"thumbnailUrl":"https:\/\/vapemaison.com\/wp-content\/uploads\/2025\/10\/vape-bang-leader-45000-45k-puffs-pineapple-ice-triple-mango.jpg","datePublished":"2025-10-22T07:08:18+00:00","dateModified":"2026-05-13T11:13:37+00:00","description":"Poznaj jednorazowe urz\u0105dzenie Bang Leader 45000 Puffs. Ciesz si\u0119 12 unikalnymi smakami i wieloma opcjami nikotyny, aby uzyska\u0107 p\u0142ynne i d\u0142ugotrwa\u0142e doznania.","breadcrumb":{"@id":"https:\/\/vapemaison.com\/product\/bang-leader-45000-puffs-disposable-device\/#breadcrumb"},"inLanguage":"pl-PL","potentialAction":[{"@type":"ReadAction","target":["https:\/\/vapemaison.com\/product\/bang-leader-45000-puffs-disposable-device\/"]}]},{"@type":"ImageObject","inLanguage":"pl-PL","@id":"https:\/\/vapemaison.com\/product\/bang-leader-45000-puffs-disposable-device\/#primaryimage","url":"https:\/\/vapemaison.com\/wp-content\/uploads\/2025\/10\/vape-bang-leader-45000-45k-puffs-pineapple-ice-triple-mango.jpg","contentUrl":"https:\/\/vapemaison.com\/wp-content\/uploads\/2025\/10\/vape-bang-leader-45000-45k-puffs-pineapple-ice-triple-mango.jpg","width":800,"height":800,"caption":"Vape Bang Leader 45k Puffs Pineapple Ice Triple Mango"},{"@type":"BreadcrumbList","@id":"https:\/\/vapemaison.com\/product\/bang-leader-45000-puffs-disposable-device\/#breadcrumb","itemListElement":[{"@type":"ListItem","position":1,"name":"\u9996\u9875","item":"https:\/\/vapemaison.com\/"},{"@type":"ListItem","position":2,"name":"Shop","item":"https:\/\/vapemaison.com\/shop\/"},{"@type":"ListItem","position":3,"name":"Bang","item":"https:\/\/vapemaison.com\/brand\/bang\/"},{"@type":"ListItem","position":4,"name":"Bang Leader 45000 Puffs Dual-Chamber Disposable Device \u2013 Type-C Rechargeable"}]},{"@type":"WebSite","@id":"https:\/\/vapemaison.com\/#website","url":"https:\/\/vapemaison.com\/","name":"VapeMaison","description":"Wysokiej jako\u015bci urz\u0105dzenia i akcesoria do waporyzacji","publisher":{"@id":"https:\/\/vapemaison.com\/#organization"},"potentialAction":[{"@type":"SearchAction","target":{"@type":"EntryPoint","urlTemplate":"https:\/\/vapemaison.com\/?s={search_term_string}"},"query-input":{"@type":"PropertyValueSpecification","valueRequired":true,"valueName":"search_term_string"}}],"inLanguage":"pl-PL"},{"@type":"Organization","@id":"https:\/\/vapemaison.com\/#organization","name":"VapeMaison","url":"https:\/\/vapemaison.com\/","logo":{"@type":"ImageObject","inLanguage":"pl-PL","@id":"https:\/\/vapemaison.com\/#\/schema\/logo\/image\/","url":"https:\/\/vapemaison.com\/wp-content\/uploads\/2026\/01\/cropped-vapemaison-logo-g-2026.webp","contentUrl":"https:\/\/vapemaison.com\/wp-content\/uploads\/2026\/01\/cropped-vapemaison-logo-g-2026.webp","width":350,"height":280,"caption":"VapeMaison"},"image":{"@id":"https:\/\/vapemaison.com\/#\/schema\/logo\/image\/"},"sameAs":["https:\/\/www.youtube.com\/@VapeMaison"]}]}},"tiered_pricing_type":"fixed","tiered_pricing_fixed_rules":{"30":"8.68","50":"8.21","100":"7.99","200":"7.68"},"tiered_pricing_product_settings":{"layout":"default","base_unit_name":{"singular":null,"plural":null},"default_variation":null},"tiered_pricing_minimum_quantity":10,"tiered_pricing_roles_data":[],"tiered_pricing_percentage_rules":[],"tiered_pricing_maximum_quantity":null,"tiered_pricing_quantity_step":"10","_links":{"self":[{"href":"https:\/\/vapemaison.com\/pl\/wp-json\/wp\/v2\/product\/8068","targetHints":{"allow":["GET"]}}],"collection":[{"href":"https:\/\/vapemaison.com\/pl\/wp-json\/wp\/v2\/product"}],"about":[{"href":"https:\/\/vapemaison.com\/pl\/wp-json\/wp\/v2\/types\/product"}],"replies":[{"embeddable":true,"href":"https:\/\/vapemaison.com\/pl\/wp-json\/wp\/v2\/comments?post=8068"}],"version-history":[{"count":0,"href":"https:\/\/vapemaison.com\/pl\/wp-json\/wp\/v2\/product\/8068\/revisions"}],"wp:featuredmedia":[{"embeddable":true,"href":"https:\/\/vapemaison.com\/pl\/wp-json\/wp\/v2\/media\/8119"}],"wp:attachment":[{"href":"https:\/\/vapemaison.com\/pl\/wp-json\/wp\/v2\/media?parent=8068"}],"wp:term":[{"taxonomy":"product_brand","embeddable":true,"href":"https:\/\/vapemaison.com\/pl\/wp-json\/wp\/v2\/product_brand?post=8068"},{"taxonomy":"product_cat","embeddable":true,"href":"https:\/\/vapemaison.com\/pl\/wp-json\/wp\/v2\/product_cat?post=8068"},{"taxonomy":"product_tag","embeddable":true,"href":"https:\/\/vapemaison.com\/pl\/wp-json\/wp\/v2\/product_tag?post=8068"}],"curies":[{"name":"wp","href":"https:\/\/api.w.org\/{rel}","templated":true}]}}