

{"id":8070,"date":"2025-10-22T07:08:47","date_gmt":"2025-10-22T07:08:47","guid":{"rendered":"https:\/\/vapemaison.com\/?post_type=product&#038;p=8070"},"modified":"2026-01-31T10:04:28","modified_gmt":"2026-01-31T10:04:28","slug":"bang-leader-50000","status":"publish","type":"product","link":"https:\/\/vapemaison.com\/pl\/product\/bang-leader-50000\/","title":{"rendered":"Bang Leader 50000 Puffs Vape | 50k Puffs"},"content":{"rendered":"<p>The <strong>Lider Bang 50,000<\/strong> reprezentuje szczyt jednorazowej technologii waporyzacji. Zaprojektowali\u015bmy to urz\u0105dzenie specjalnie dla u\u017cytkownik\u00f3w wymagaj\u0105cych maksymalnej wydajno\u015bci i ogromnej pojemno\u015bci e-liquidu. <strong>Ponadto<\/strong>, Integruj\u0105c rewolucyjny system podw\u00f3jnych kapsu\u0142ek, na nowo zdefiniowali\u015bmy standardy d\u0142ugowieczno\u015bci i wygody w bran\u017cy waporyzacji.<\/p>\n\n\n\n<h2 class=\"wp-block-heading\">Dlaczego Bang Leader 50,000 dominuje na rynku<\/h2>\n\n\n\n<h3 class=\"wp-block-heading\">1. Masywny zbiornik Dual-Pod<\/h3>\n\n\n\n<p>To urz\u0105dzenie jest wyposa\u017cone w dwie niezale\u017cne kapsu\u0142ki o pojemno\u015bci 20 ml, zapewniaj\u0105ce <strong>osza\u0142amiaj\u0105ce 40 ml najwy\u017cszej jako\u015bci e-liquidu<\/strong>. <strong>W konsekwencji<\/strong>, Dzi\u0119ki temu mo\u017cesz cieszy\u0107 si\u0119 dwukrotnie wi\u0119ksz\u0105 pojemno\u015bci\u0105 ni\u017c w przypadku standardowych jednoraz\u00f3wek. <strong>Ponadto<\/strong>, Taka konstrukcja zapewnia, \u017ce smak pozostaje \u015bwie\u017cy od pierwszego do 50 000 zaci\u0105gni\u0119cia.<\/p>\n\n\n\n<h3 class=\"wp-block-heading\">2. Precyzyjne zarz\u0105dzanie energi\u0105<\/h3>\n\n\n\n<p>Wyposa\u017cyli\u015bmy Bang Leader w urz\u0105dzenie o wysokiej g\u0119sto\u015bci <strong>Akumulator o pojemno\u015bci 650 mAh<\/strong>. <strong>Ponadto<\/strong>, Port szybkiego \u0142adowania typu C zapewnia, \u017ce sp\u0119dzasz wi\u0119cej czasu na wapowaniu, a mniej na czekaniu. Ten aktywny system zarz\u0105dzania energi\u0105 zapewnia sta\u0142e napi\u0119cie, kt\u00f3re utrzymuje g\u0119sto\u015b\u0107 pary niezale\u017cnie od poziomu na\u0142adowania baterii.<\/p>\n\n\n\n<h3 class=\"wp-block-heading\">3. Dostosowana elastyczno\u015b\u0107 nikotyny<\/h3>\n\n\n\n<p>Niezale\u017cnie od tego, czy chcesz zmniejszy\u0107 spo\u017cycie, czy pragniesz mocnego uderzenia, oferujemy cztery precyzyjne moce nikotyny (0%, 2%, 3%, 5%). <strong>W rezultacie<\/strong>, Ka\u017cdy vaper mo\u017ce znale\u017a\u0107 idealn\u0105 r\u00f3wnowag\u0119 bez kompromis\u00f3w w zakresie uderzenia w gard\u0142o lub produkcji chmury.<\/p>\n\n\n\n<h2 class=\"wp-block-heading\">Specyfikacja techniczna<\/h2>\n\n\n\n<figure class=\"wp-block-table is-style-stripes\"><table class=\"has-fixed-layout\"><thead><tr><td><strong>Cecha<\/strong><\/td><td><strong>Szczeg\u00f3\u0142owa specyfikacja<\/strong><\/td><\/tr><\/thead><tbody><tr><td><strong>Maximum Puffs<\/strong><\/td><td>50,000 Puffs (High-Endurance)<\/td><\/tr><tr><td><strong>Pojemno\u015b\u0107 E-Liquid<\/strong><\/td><td>\u0141\u0105cznie 40 ml (podw\u00f3jne 20 ml + 20 ml kapsu\u0142ki)<\/td><\/tr><tr><td><strong>Typ akumulatora<\/strong><\/td><td>Akumulator kobaltowy 650 mAh<\/td><\/tr><tr><td><strong>Port \u0142adowania<\/strong><\/td><td>Szybkie \u0142adowanie typu C<\/td><\/tr><tr><td><strong>Poziom nikotyny<\/strong><\/td><td>0%, 2%, 3%, 5% (regulowane)<\/td><\/tr><tr><td><strong>Wsp\u00f3\u0142czynnik projektowy<\/strong><\/td><td>Kompaktowa, kieszonkowa obudowa<\/td><\/tr><tr><td><strong>Dzia\u0142anie<\/strong><\/td><td>Aktywowany rysowaniem (bez przycisk\u00f3w)<\/td><\/tr><\/tbody><\/table><\/figure>\n\n\n\n<h2 class=\"wp-block-heading\">Najwy\u017cszej jako\u015bci kombinacje smak\u00f3w<\/h2>\n\n\n\n<p>Bang Leader oferuje wyrafinowane menu 12 profesjonalnie po\u0142\u0105czonych profili smakowych. <strong>Zamiast tego<\/strong> Zamiast zadowala\u0107 si\u0119 podstawowymi smakami, poznaj nasze wielowarstwowe mieszanki owocowe i mentolowe:<\/p>\n\n\n\n<ol start=\"1\" class=\"wp-block-list\">\n<li>Truskawka Malina Wi\u015bnia L\u00f3d i Wi\u015bnia<\/li>\n\n\n\n<li>Arbuzowy truskawkowy i arbuzowy Redbull<\/li>\n\n\n\n<li>Czarne winogrono i zielone winogrono<\/li>\n\n\n\n<li>Apple Pear &amp; Kiwi Passionfruit Guava<\/li>\n\n\n\n<li>Kwa\u015bna Lemoniada Ananasowa i Limonka Cytrynowa<\/li>\n\n\n\n<li>L\u00f3d bananowy i mango<\/li>\n\n\n\n<li>Blueberry Sour Raspberry &amp; Blueberry<\/li>\n\n\n\n<li>Wi\u015bniowa cola i r\u00f3\u017cowa lemoniada<\/li>\n\n\n\n<li>Lemoniada jagodowo-malinowa i l\u00f3d truskawkowo-malinowo-wi\u015bniowy<\/li>\n\n\n\n<li>Strawberry Kiwi &amp; Strawberry Ice<\/li>\n\n\n\n<li>Pineapple Passionfruit &amp; Pineapple Ice<\/li>\n\n\n\n<li>Raspberry Mojito &amp; Cherry Raspberry Lime<\/li>\n<\/ol>\n\n\n\n<h2 class=\"wp-block-heading\">Najlepszy wyb\u00f3r dla sprzeda\u017cy hurtowej i detalicznej<\/h2>\n\n\n\n<p><strong>Podsumowuj\u0105c<\/strong>, Bang Leader 50,000 przetrwa prawie ka\u017cdego konkurenta na p\u00f3\u0142ce sklepowej. <strong>Ponadto<\/strong>, Nasze najwy\u017cszej jako\u015bci wykonanie gwarantuje szczelno\u015b\u0107 i sta\u0142\u0105 jako\u015b\u0107 pary. <strong>Dlatego<\/strong>, Wybieraj\u0105c ten model, zapewniasz swoim klientom najbardziej niezawodne i op\u0142acalne rozwi\u0105zanie do d\u0142ugotrwa\u0142ej waporyzacji.<\/p>\n\n\n\n<p>Je\u015bli chcesz pozna\u0107 wi\u0119cej urz\u0105dze\u0144 tej samej marki, zapoznaj si\u0119 z nasz\u0105 pe\u0142n\u0105 ofert\u0105\u00a0<strong><a href=\"https:\/\/vapemaison.com\/\">Kolekcja jednorazowych vape Bang<\/a><\/strong>\u00a0aby por\u00f3wna\u0107 r\u00f3\u017cne modele i liczb\u0119 zaci\u0105gni\u0119\u0107. Dla u\u017cytkownik\u00f3w poszukuj\u0105cych wi\u0119kszej wydajno\u015bci waporyzacji, urz\u0105dzenie to jest r\u00f3wnie\u017c cz\u0119\u015bci\u0105 naszej oferty\u00a0<strong><a href=\"https:\/\/vapemaison.com\/product-category\/puffs-count\/40k-puffs\/\">60 tysi\u0119cy jednorazowych zaci\u0105gni\u0119\u0107<\/a><\/strong>\u00a0charakteryzuj\u0105ce si\u0119 d\u0142ugim czasem u\u017cytkowania i du\u017c\u0105 pojemno\u015bci\u0105. Je\u015bli por\u00f3wnujesz podobne opcje o wysokiej wydajno\u015bci, to\u00a0<strong><a href=\"https:\/\/vapemaison.com\/product\/bang-leader-stoll-300k-puffs-disposable-vape\/\">Bang 300k Puffs Vape jednorazowego u\u017cytku<\/a><\/strong>\u00a0i <strong><a href=\"https:\/\/vapemaison.com\/product-category\/puffs-count\/50k-puffs\/\">puff 50k<\/a><\/strong> to popularne alternatywy o por\u00f3wnywalnej pojemno\u015bci i wydajno\u015bci.<\/p>\n\n\n\n<h2 class=\"wp-block-heading\">FAQ<\/h2>\n\n\n\n<h3 class=\"wp-block-heading\"><strong>W jaki spos\u00f3b podw\u00f3jne kapsu\u0142ki o pojemno\u015bci 20 ml poprawiaj\u0105 moje wra\u017cenia z waporyzacji?<\/strong> <\/h3>\n\n\n\n<p> Zaprojektowali\u015bmy system podw\u00f3jnych kapsu\u0142ek, aby pomie\u015bci\u0107 \u0142\u0105cznie 40 ml e-liquidu, co skutecznie podwaja \u017cywotno\u015b\u0107 urz\u0105dzenia. <strong>Ponadto<\/strong>, Separacja ta zapewnia \u015bwie\u017co\u015b\u0107 e-cieczy w ka\u017cdym zbiorniku. <strong>W konsekwencji<\/strong>, Dzi\u0119ki temu mo\u017cesz cieszy\u0107 si\u0119 wyrazistym, sp\u00f3jnym smakiem od pierwszego zaci\u0105gni\u0119cia a\u017c do 50 000.<\/p>\n\n\n\n<h3 class=\"wp-block-heading\"><strong>Sk\u0105d b\u0119d\u0119 wiedzie\u0107, kiedy bateria wymaga na\u0142adowania?<\/strong> <\/h3>\n\n\n\n<p>Bang Leader posiada inteligentny system wska\u017anik\u00f3w, kt\u00f3ry monitoruje poziom mocy. <strong>Ponadto<\/strong>, Urz\u0105dzenie utrzymuje sta\u0142\u0105 moc wyj\u015bciow\u0105, nawet gdy \u017cywotno\u015b\u0107 baterii spada. <strong>Dlatego<\/strong>, Gdy zauwa\u017cysz niewielk\u0105 zmian\u0119 w produkcji pary, po prostu pod\u0142\u0105cz kabel typu C, aby szybko przywr\u00f3ci\u0107 pe\u0142n\u0105 moc.<\/p>\n\n\n\n<h3 class=\"wp-block-heading\"><strong>Czy Bang Leader 50,000 jest wystarczaj\u0105co przeno\u015bny do podr\u00f3\u017cy?<\/strong><\/h3>\n\n\n\n<p>Absolutnie. Pomimo ogromnej pojemno\u015bci, zastosowali\u015bmy kompaktowy uk\u0142ad wewn\u0119trzny, aby obudowa by\u0142a elegancka i przyjazna dla kieszeni. <strong>Ponadto<\/strong>, Szczelna konstrukcja kapsu\u0142ki zapobiega rozlaniu napoju w torbie lub kieszeni. <strong>W rezultacie<\/strong>, S\u0142u\u017cy jako idealny towarzysz podczas d\u0142ugodystansowych podr\u00f3\u017cy i codziennych dojazd\u00f3w do pracy.<\/p>\n\n\n\n<h3 class=\"wp-block-heading\"><strong>Jak szybko przetwarzacie i wysy\u0142acie zam\u00f3wienia hurtowe?<\/strong> <\/h3>\n\n\n\n<p>Priorytetowo traktujemy wydajno\u015b\u0107, realizuj\u0105c wi\u0119kszo\u015b\u0107 zam\u00f3wie\u0144 w ci\u0105gu 24 do 48 godzin. <strong>Raz<\/strong> Gdy przesy\u0142ka opu\u015bci nasz magazyn, dostarczymy ci numer \u015bledzenia w czasie rzeczywistym. <strong>W konsekwencji<\/strong>, Dzi\u0119ki temu mo\u017cna monitorowa\u0107 post\u0119py w dostawie towaru na ka\u017cdym etapie, a\u017c do momentu, gdy dotrze on do drzwi klienta.<\/p>\n\n\n\n<h3 class=\"wp-block-heading\"><strong>Jakie s\u0105 typowe terminy i metody dostawy?<\/strong><\/h3>\n\n\n\n<p>Wsp\u00f3\u0142pracujemy z wiod\u0105cymi mi\u0119dzynarodowymi firmami kurierskimi, aby zapewni\u0107 szybk\u0105 i bezpieczn\u0105 dostaw\u0119. <strong>Og\u00f3lnie<\/strong>, Fracht lotniczy trwa oko\u0142o 7-12 dni roboczych w zale\u017cno\u015bci od lokalizacji. <strong>Ponadto<\/strong>, Zajmujemy si\u0119 niezb\u0119dn\u0105 dokumentacj\u0105 eksportow\u0105, aby zapewni\u0107 sprawny proces odprawy celnej przesy\u0142ki masowej. Oczywi\u015bcie ten produkt jest przechowywany w magazynie w Niemczech. Je\u015bli jest w magazynie, dostawa na terenie Niemiec mo\u017ce zosta\u0107 zrealizowana w ci\u0105gu 3-5 dni.<\/p>","protected":false},"excerpt":{"rendered":"<p data-start=\"136\" data-end=\"516\">Bang Leader 50000 Puffs Disposable Vape to prze\u0142om w \u015bwiecie jednorazowego wapowania. Wyposa\u017cony w podw\u00f3jne kapsu\u0142ki (20 ml + 20 ml), akumulator 650 mAh i opcje nikotyny od 0% do 5%, to urz\u0105dzenie zapewnia do 50 000 zaci\u0105gni\u0119\u0107 g\u0142adkiej, aromatycznej pary. Idealny dla vaper\u00f3w, kt\u00f3rzy wymagaj\u0105 d\u0142ugotrwa\u0142ej wydajno\u015bci, wygody i wszechstronno\u015bci.<\/p>","protected":false},"featured_media":8487,"comment_status":"open","ping_status":"closed","template":"","meta":[],"product_brand":[57],"product_cat":[136,142],"product_tag":[],"class_list":{"0":"post-8070","1":"product","2":"type-product","3":"status-publish","4":"has-post-thumbnail","6":"product_brand-bang","7":"product_cat-50k-puffs","8":"product_cat-eu-stock","10":"first","11":"instock","12":"sale","13":"shipping-taxable","14":"purchasable","15":"product-type-variable"},"yoast_head":"<!-- This site is optimized with the Yoast SEO plugin v27.4 - https:\/\/yoast.com\/product\/yoast-seo-wordpress\/ -->\n<title>Bang Leader 50000 Puffs Dual-Pod Disposable Device<\/title>\n<meta name=\"description\" content=\"Experience the Bang Leader 50000 puffs dual-pod disposable device with 40mL capacity, powerful 650mAh battery, and adjustable nicotine levels.\" \/>\n<meta name=\"robots\" content=\"index, follow, max-snippet:-1, max-image-preview:large, max-video-preview:-1\" \/>\n<link rel=\"canonical\" href=\"https:\/\/vapemaison.com\/pl\/produkt\/bang-leader-50000\/\" \/>\n<meta property=\"og:locale\" content=\"pl_PL\" \/>\n<meta property=\"og:type\" content=\"article\" \/>\n<meta property=\"og:title\" content=\"Bang Leader 50000 Puffs Dual-Pod Disposable Device\" \/>\n<meta property=\"og:description\" content=\"Experience the Bang Leader 50000 puffs dual-pod disposable device with 40mL capacity, powerful 650mAh battery, and adjustable nicotine levels.\" \/>\n<meta property=\"og:url\" content=\"https:\/\/vapemaison.com\/pl\/produkt\/bang-leader-50000\/\" \/>\n<meta property=\"og:site_name\" content=\"VapeMaison\" \/>\n<meta property=\"article:modified_time\" content=\"2026-01-31T10:04:28+00:00\" \/>\n<meta property=\"og:image\" content=\"https:\/\/vapemaison.com\/wp-content\/uploads\/2025\/10\/bang-leader-50000-puffs-banana-ice-mango-flavor-picture.jpg\" \/>\n\t<meta property=\"og:image:width\" content=\"800\" \/>\n\t<meta property=\"og:image:height\" content=\"800\" \/>\n\t<meta property=\"og:image:type\" content=\"image\/jpeg\" \/>\n<meta name=\"twitter:card\" content=\"summary_large_image\" \/>\n<meta name=\"twitter:label1\" content=\"Szacowany czas czytania\" \/>\n\t<meta name=\"twitter:data1\" content=\"4 minuty\" \/>\n<!-- \/ Yoast SEO plugin. -->","yoast_head_json":{"title":"Urz\u0105dzenie jednorazowe Bang Leader 50000 Puffs Dual-Pod","description":"Do\u015bwiadcz jednorazowego urz\u0105dzenia Bang Leader 50000 puff\u00f3w z podw\u00f3jn\u0105 kapsu\u0142k\u0105 o pojemno\u015bci 40 ml, mocn\u0105 bateri\u0105 650 mAh i regulowanymi poziomami nikotyny.","robots":{"index":"index","follow":"follow","max-snippet":"max-snippet:-1","max-image-preview":"max-image-preview:large","max-video-preview":"max-video-preview:-1"},"canonical":"https:\/\/vapemaison.com\/pl\/produkt\/bang-leader-50000\/","og_locale":"pl_PL","og_type":"article","og_title":"Bang Leader 50000 Puffs Dual-Pod Disposable Device","og_description":"Experience the Bang Leader 50000 puffs dual-pod disposable device with 40mL capacity, powerful 650mAh battery, and adjustable nicotine levels.","og_url":"https:\/\/vapemaison.com\/pl\/produkt\/bang-leader-50000\/","og_site_name":"VapeMaison","article_modified_time":"2026-01-31T10:04:28+00:00","og_image":[{"width":800,"height":800,"url":"https:\/\/vapemaison.com\/wp-content\/uploads\/2025\/10\/bang-leader-50000-puffs-banana-ice-mango-flavor-picture.jpg","type":"image\/jpeg"}],"twitter_card":"summary_large_image","twitter_misc":{"Szacowany czas czytania":"4 minuty"},"schema":{"@context":"https:\/\/schema.org","@graph":[{"@type":"WebPage","@id":"https:\/\/vapemaison.com\/product\/bang-leader-50000\/","url":"https:\/\/vapemaison.com\/product\/bang-leader-50000\/","name":"Urz\u0105dzenie jednorazowe Bang Leader 50000 Puffs Dual-Pod","isPartOf":{"@id":"https:\/\/vapemaison.com\/#website"},"primaryImageOfPage":{"@id":"https:\/\/vapemaison.com\/product\/bang-leader-50000\/#primaryimage"},"image":{"@id":"https:\/\/vapemaison.com\/product\/bang-leader-50000\/#primaryimage"},"thumbnailUrl":"https:\/\/vapemaison.com\/wp-content\/uploads\/2025\/10\/bang-leader-50000-puffs-banana-ice-mango-flavor-picture.jpg","datePublished":"2025-10-22T07:08:47+00:00","dateModified":"2026-01-31T10:04:28+00:00","description":"Do\u015bwiadcz jednorazowego urz\u0105dzenia Bang Leader 50000 puff\u00f3w z podw\u00f3jn\u0105 kapsu\u0142k\u0105 o pojemno\u015bci 40 ml, mocn\u0105 bateri\u0105 650 mAh i regulowanymi poziomami nikotyny.","breadcrumb":{"@id":"https:\/\/vapemaison.com\/product\/bang-leader-50000\/#breadcrumb"},"inLanguage":"pl-PL","potentialAction":[{"@type":"ReadAction","target":["https:\/\/vapemaison.com\/product\/bang-leader-50000\/"]}]},{"@type":"ImageObject","inLanguage":"pl-PL","@id":"https:\/\/vapemaison.com\/product\/bang-leader-50000\/#primaryimage","url":"https:\/\/vapemaison.com\/wp-content\/uploads\/2025\/10\/bang-leader-50000-puffs-banana-ice-mango-flavor-picture.jpg","contentUrl":"https:\/\/vapemaison.com\/wp-content\/uploads\/2025\/10\/bang-leader-50000-puffs-banana-ice-mango-flavor-picture.jpg","width":800,"height":800,"caption":"Bang Leader Puffs Banana Ice Mango Flavor Picture Disposable Vape Device"},{"@type":"BreadcrumbList","@id":"https:\/\/vapemaison.com\/product\/bang-leader-50000\/#breadcrumb","itemListElement":[{"@type":"ListItem","position":1,"name":"\u9996\u9875","item":"https:\/\/vapemaison.com\/"},{"@type":"ListItem","position":2,"name":"Shop","item":"https:\/\/vapemaison.com\/shop\/"},{"@type":"ListItem","position":3,"name":"Bang","item":"https:\/\/vapemaison.com\/brand\/bang\/"},{"@type":"ListItem","position":4,"name":"Bang Leader 50000 Puffs Vape | 50k Puffs"}]},{"@type":"WebSite","@id":"https:\/\/vapemaison.com\/#website","url":"https:\/\/vapemaison.com\/","name":"VapeMaison","description":"Wysokiej jako\u015bci urz\u0105dzenia i akcesoria do waporyzacji","publisher":{"@id":"https:\/\/vapemaison.com\/#organization"},"potentialAction":[{"@type":"SearchAction","target":{"@type":"EntryPoint","urlTemplate":"https:\/\/vapemaison.com\/?s={search_term_string}"},"query-input":{"@type":"PropertyValueSpecification","valueRequired":true,"valueName":"search_term_string"}}],"inLanguage":"pl-PL"},{"@type":"Organization","@id":"https:\/\/vapemaison.com\/#organization","name":"VapeMaison","url":"https:\/\/vapemaison.com\/","logo":{"@type":"ImageObject","inLanguage":"pl-PL","@id":"https:\/\/vapemaison.com\/#\/schema\/logo\/image\/","url":"https:\/\/vapemaison.com\/wp-content\/uploads\/2026\/01\/cropped-vapemaison-logo-g-2026.webp","contentUrl":"https:\/\/vapemaison.com\/wp-content\/uploads\/2026\/01\/cropped-vapemaison-logo-g-2026.webp","width":350,"height":280,"caption":"VapeMaison"},"image":{"@id":"https:\/\/vapemaison.com\/#\/schema\/logo\/image\/"},"sameAs":["https:\/\/www.youtube.com\/@VapeMaison"]}]}},"tiered_pricing_type":"fixed","tiered_pricing_fixed_rules":{"30":"9.69","50":"9.24","100":"8.99","200":"8.59"},"tiered_pricing_product_settings":{"layout":"default","base_unit_name":{"singular":null,"plural":null},"default_variation":null},"tiered_pricing_minimum_quantity":10,"tiered_pricing_roles_data":[],"tiered_pricing_percentage_rules":[],"tiered_pricing_maximum_quantity":null,"tiered_pricing_quantity_step":"10","_links":{"self":[{"href":"https:\/\/vapemaison.com\/pl\/wp-json\/wp\/v2\/product\/8070","targetHints":{"allow":["GET"]}}],"collection":[{"href":"https:\/\/vapemaison.com\/pl\/wp-json\/wp\/v2\/product"}],"about":[{"href":"https:\/\/vapemaison.com\/pl\/wp-json\/wp\/v2\/types\/product"}],"replies":[{"embeddable":true,"href":"https:\/\/vapemaison.com\/pl\/wp-json\/wp\/v2\/comments?post=8070"}],"version-history":[{"count":4,"href":"https:\/\/vapemaison.com\/pl\/wp-json\/wp\/v2\/product\/8070\/revisions"}],"predecessor-version":[{"id":26507,"href":"https:\/\/vapemaison.com\/pl\/wp-json\/wp\/v2\/product\/8070\/revisions\/26507"}],"wp:featuredmedia":[{"embeddable":true,"href":"https:\/\/vapemaison.com\/pl\/wp-json\/wp\/v2\/media\/8487"}],"wp:attachment":[{"href":"https:\/\/vapemaison.com\/pl\/wp-json\/wp\/v2\/media?parent=8070"}],"wp:term":[{"taxonomy":"product_brand","embeddable":true,"href":"https:\/\/vapemaison.com\/pl\/wp-json\/wp\/v2\/product_brand?post=8070"},{"taxonomy":"product_cat","embeddable":true,"href":"https:\/\/vapemaison.com\/pl\/wp-json\/wp\/v2\/product_cat?post=8070"},{"taxonomy":"product_tag","embeddable":true,"href":"https:\/\/vapemaison.com\/pl\/wp-json\/wp\/v2\/product_tag?post=8070"}],"curies":[{"name":"wp","href":"https:\/\/api.w.org\/{rel}","templated":true}]}}