

{"id":8078,"date":"2025-10-22T07:10:33","date_gmt":"2025-10-22T07:10:33","guid":{"rendered":"https:\/\/vapemaison.com\/?post_type=product&#038;p=8078"},"modified":"2026-05-06T12:50:01","modified_gmt":"2026-05-06T12:50:01","slug":"waspe-fihp-40000","status":"publish","type":"product","link":"https:\/\/vapemaison.com\/pl\/product\/waspe-fihp-40000\/","title":{"rendered":"Waspe FIHP 40000 Puffs Jednorazowe Vape Sprzeda\u017c hurtowa"},"content":{"rendered":"<p>The <strong>WASPE FIHP 40000 puff\u00f3w jednorazowych Vape<\/strong> zosta\u0142 zaprojektowany dla vaper\u00f3w, kt\u00f3rzy wymagaj\u0105 d\u0142ugotrwa\u0142ej wydajno\u015bci, wygody i innowacji w jednym urz\u0105dzeniu. Z maksymalnie <strong>40 000 zaci\u0105gni\u0119\u0107<\/strong>, Podw\u00f3jne kapsu\u0142ki smakowe i inteligentny wy\u015bwietlacz LED sprawiaj\u0105, \u017ce waporyzator ten na nowo definiuje waporyzacj\u0119 przeno\u015bn\u0105.<\/p>\n\n\n\n<p>Prze\u0142\u0105czanie mi\u0119dzy <strong>Dwa smaki w jednym urz\u0105dzeniu<\/strong> bez wysi\u0142ku - wystarczy obr\u00f3ci\u0107 dysz\u0119, aby cieszy\u0107 si\u0119 g\u0142adk\u0105, aromatyczn\u0105 par\u0105 z ka\u017cdej kapsu\u0142ki. Zasilany przez <strong>Podw\u00f3jne cewki siatkowe 0,9\u03a9<\/strong>, FIHP 40000 zapewnia g\u0119ste chmury i sp\u00f3jny smak przy ka\u017cdym zaci\u0105gni\u0119ciu, zapewniaj\u0105c satysfakcjonuj\u0105ce wra\u017cenia od pocz\u0105tku do ko\u0144ca.<\/p>\n\n\n\n<p>Wyposa\u017cony w <strong>36 ml najwy\u017cszej jako\u015bci e-liquidu<\/strong> i <strong>Akumulator o pojemno\u015bci 850 mAh<\/strong>, WASPE FIHP 40000 obs\u0142uguje przed\u0142u\u017cone sesje bez przerw. W przypadku <strong>Szybkie \u0142adowanie typu C<\/strong> zapewnia zasilanie, podczas gdy <strong>Ekran LED<\/strong> Wy\u015bwietla poziom baterii i e-cieczy w czasie rzeczywistym, zapewniaj\u0105c \u0142atw\u0105 kontrol\u0119.<\/p>\n\n\n\n<p>Dost\u0119pne w <strong>Moc nikotyny 0%, 2% i 5%<\/strong> oraz <strong>16 r\u00f3\u017cnych kombinacji smakowych<\/strong>, To urz\u0105dzenie pozwala dostosowa\u0107 doznania podczas waporyzacji - od owocowych i g\u0142adkich po lodowate i orze\u017awiaj\u0105ce. Kompaktowy, elegancki i gotowy na ka\u017cdy styl \u017cycia, WASPE FIHP 40000 jest idealny zar\u00f3wno dla pocz\u0105tkuj\u0105cych, jak i do\u015bwiadczonych vaper\u00f3w.<\/p>\n\n\n\n<h3 class=\"wp-block-heading\">Szybkie funkcje<\/h3>\n\n\n\n<ul class=\"wp-block-list\">\n<li><strong>Podw\u00f3jne kapsu\u0142ki, podw\u00f3jne smaki<\/strong> - Natychmiastowe prze\u0142\u0105czanie mi\u0119dzy dwoma wst\u0119pnie za\u0142adowanymi smakami.<\/li>\n\n\n\n<li><strong>Do 40 000 zaci\u0105gni\u0119\u0107<\/strong> - D\u0142ugotrwa\u0142e dzia\u0142anie przy d\u0142u\u017cszym u\u017cytkowaniu.<\/li>\n\n\n\n<li><strong>Pojemno\u015b\u0107 36 ml e-p\u0142ynu<\/strong> - Du\u017ca ilo\u015b\u0107 soku zapewnia nieprzerwan\u0105 waporyzacj\u0119.<\/li>\n\n\n\n<li><strong>Podw\u00f3jne cewki siatkowe 0,9\u03a9<\/strong> - G\u0142adki, bogaty smak i g\u0119sta para.<\/li>\n\n\n\n<li><strong>Akumulator 850 mAh<\/strong> - D\u0142ugotrwa\u0142e zasilanie dzi\u0119ki szybkiemu \u0142adowaniu typu C.<\/li>\n\n\n\n<li><strong>Inteligentny wy\u015bwietlacz LED<\/strong> - Pokazuje \u017cywotno\u015b\u0107 baterii i poziom e-liquidu.<\/li>\n\n\n\n<li><strong>Opcje nikotyny<\/strong> - 0%, 2% lub 5%, aby dopasowa\u0107 si\u0119 do ka\u017cdych preferencji.<\/li>\n\n\n\n<li><strong>16 kombinacji smakowych<\/strong> - Od owocowych po lodowe, stworzone z my\u015bl\u0105 o wszystkich gustach.<\/li>\n\n\n\n<li><strong>Kompaktowy i przeno\u015bny<\/strong> - Idealny do codziennego u\u017cytku, podr\u00f3\u017cy lub ekspozycji detalicznych.<\/li>\n<\/ul>\n\n\n\n<h3 class=\"wp-block-heading\">Dost\u0119pne smaki<\/h3>\n\n\n\n<ul class=\"wp-block-list\">\n<li>L\u00f3d arbuzowy i limonka cytrynowa<\/li>\n\n\n\n<li>Fizzy Cherry Ice i jagodowa wata cukrowa<\/li>\n\n\n\n<li>Arbuz truskawkowy i malina z jagodami<\/li>\n\n\n\n<li>Red Bull Ice &amp; Strawberry Mango<\/li>\n\n\n\n<li>Peach Ice &amp; Pineapple Mango Peach<\/li>\n\n\n\n<li>Grape Ice &amp; Strawberry Kiwi<\/li>\n\n\n\n<li>Truskawka, arbuz, guma balonowa i mieszane owoce<\/li>\n\n\n\n<li>Potr\u00f3jny l\u00f3d melonowy i arbuz malinowy<\/li>\n<\/ul>\n\n\n\n<h3 class=\"wp-block-heading\">Pakowanie i wysy\u0142ka<\/h3>\n\n\n\n<ul class=\"wp-block-list\">\n<li>Waga produktu: 120 g na urz\u0105dzenie<\/li>\n\n\n\n<li>Rozmiar: 61 \u00d7 31 \u00d7 115 mm<\/li>\n\n\n\n<li>1 szt. w pojedynczym pude\u0142ku \/ 10 szt. w pude\u0142ku ekspozycyjnym<\/li>\n\n\n\n<li>160 sztuk w kartonie<\/li>\n\n\n\n<li>Waga brutto: 20 kg<\/li>\n<\/ul>\n\n\n\n<p>Odkryj waporyzacj\u0119 premium na <a href=\"https:\/\/vapemaison.com\/\">VapeMaison<\/a>, to miejsce, w kt\u00f3rym stawiasz na jako\u015b\u0107 i innowacyjno\u015b\u0107. Zapoznaj si\u0119 z nasz\u0105 pe\u0142n\u0105 ofert\u0105 na stronie <a href=\"https:\/\/vapemaison.com\/shop\/\">Sklep<\/a> lub sprawd\u017a popularn\u0105 stron\u0119 <a href=\"https:\/\/vapemaison.com\/brand\/bang\/\">Bang<\/a> oraz <a href=\"https:\/\/vapemaison.com\/brand\/waspe\/\">WASPE<\/a> produkty, uwielbiane przez vaper\u00f3w na ca\u0142ym \u015bwiecie. Szukasz wi\u0119cej opcji? Przejrzyj wszystkie nasze <a href=\"https:\/\/vapemaison.com\/product-category\/puffs-count\/\">Puffy<\/a> urz\u0105dze\u0144, aby znale\u017a\u0107 idealny vape dla swojego stylu i gustu.<\/p>","protected":false},"excerpt":{"rendered":"<p>WASPE FIHP 40000 Puffs Vape \u0142\u0105czy w sobie podw\u00f3jne smaki, podw\u00f3jne cewki siatkowe i inteligentny wy\u015bwietlacz LED, zapewniaj\u0105c najwy\u017cszy poziom wra\u017ce\u0144 z waporyzacji. 36 ml e-liquidu, akumulator 850 mAh typu C i do 40 000 zaci\u0105gni\u0119\u0107 zapewnia g\u0142adki, bogaty smak - zawsze i wsz\u0119dzie.<\/p>","protected":false},"featured_media":8216,"comment_status":"open","ping_status":"closed","template":"","meta":[],"product_brand":[59],"product_cat":[135,142],"product_tag":[],"class_list":{"0":"post-8078","1":"product","2":"type-product","3":"status-publish","4":"has-post-thumbnail","6":"product_brand-waspe","7":"product_cat-40k-puffs","8":"product_cat-eu-stock","10":"first","11":"instock","12":"sale","13":"shipping-taxable","14":"purchasable","15":"product-type-variable"},"yoast_head":"<!-- This site is optimized with the Yoast SEO plugin v27.4 - https:\/\/yoast.com\/product\/yoast-seo-wordpress\/ -->\n<title>WASPE FIHP 40000 Puffs Disposable Vape Dual-Flavor<\/title>\n<meta name=\"description\" content=\"Experience the WASPE FIHP 40000 Puffs Disposable Vape featuring dual flavors, LED display, and Type-C. Enjoy long-lasting performance\" \/>\n<meta name=\"robots\" content=\"index, follow, max-snippet:-1, max-image-preview:large, max-video-preview:-1\" \/>\n<link rel=\"canonical\" href=\"https:\/\/vapemaison.com\/pl\/produkt\/waspe-fihp-40000\/\" \/>\n<meta property=\"og:locale\" content=\"pl_PL\" \/>\n<meta property=\"og:type\" content=\"article\" \/>\n<meta property=\"og:title\" content=\"WASPE FIHP 40000 Puffs Disposable Vape Dual-Flavor\" \/>\n<meta property=\"og:description\" content=\"Experience the WASPE FIHP 40000 Puffs Disposable Vape featuring dual flavors, LED display, and Type-C. Enjoy long-lasting performance\" \/>\n<meta property=\"og:url\" content=\"https:\/\/vapemaison.com\/pl\/produkt\/waspe-fihp-40000\/\" \/>\n<meta property=\"og:site_name\" content=\"VapeMaison\" \/>\n<meta property=\"article:modified_time\" content=\"2026-05-06T12:50:01+00:00\" \/>\n<meta property=\"og:image\" content=\"https:\/\/vapemaison.com\/wp-content\/uploads\/2025\/10\/Waspe-FIHP-40000-Puffs-40K-Disposable-Vape-Wholesale-Blue-Razz-Lemonade-Watermelon-Bubblegum.png\" \/>\n\t<meta property=\"og:image:width\" content=\"800\" \/>\n\t<meta property=\"og:image:height\" content=\"800\" \/>\n\t<meta property=\"og:image:type\" content=\"image\/png\" \/>\n<meta name=\"twitter:card\" content=\"summary_large_image\" \/>\n<meta name=\"twitter:label1\" content=\"Szacowany czas czytania\" \/>\n\t<meta name=\"twitter:data1\" content=\"2 minuty\" \/>\n<!-- \/ Yoast SEO plugin. -->","yoast_head_json":{"title":"WASPE FIHP 40000 Puffs Jednorazowy Vape Podw\u00f3jny Smak","description":"Poznaj WASPE FIHP 40000 Puffs Disposable Vape z dwoma smakami, wy\u015bwietlaczem LED i Type-C. Ciesz si\u0119 d\u0142ugotrwa\u0142\u0105 wydajno\u015bci\u0105","robots":{"index":"index","follow":"follow","max-snippet":"max-snippet:-1","max-image-preview":"max-image-preview:large","max-video-preview":"max-video-preview:-1"},"canonical":"https:\/\/vapemaison.com\/pl\/produkt\/waspe-fihp-40000\/","og_locale":"pl_PL","og_type":"article","og_title":"WASPE FIHP 40000 Puffs Disposable Vape Dual-Flavor","og_description":"Experience the WASPE FIHP 40000 Puffs Disposable Vape featuring dual flavors, LED display, and Type-C. Enjoy long-lasting performance","og_url":"https:\/\/vapemaison.com\/pl\/produkt\/waspe-fihp-40000\/","og_site_name":"VapeMaison","article_modified_time":"2026-05-06T12:50:01+00:00","og_image":[{"width":800,"height":800,"url":"https:\/\/vapemaison.com\/wp-content\/uploads\/2025\/10\/Waspe-FIHP-40000-Puffs-40K-Disposable-Vape-Wholesale-Blue-Razz-Lemonade-Watermelon-Bubblegum.png","type":"image\/png"}],"twitter_card":"summary_large_image","twitter_misc":{"Szacowany czas czytania":"2 minuty"},"schema":{"@context":"https:\/\/schema.org","@graph":[{"@type":"WebPage","@id":"https:\/\/vapemaison.com\/product\/waspe-fihp-40000\/","url":"https:\/\/vapemaison.com\/product\/waspe-fihp-40000\/","name":"WASPE FIHP 40000 Puffs Jednorazowy Vape Podw\u00f3jny Smak","isPartOf":{"@id":"https:\/\/vapemaison.com\/#website"},"primaryImageOfPage":{"@id":"https:\/\/vapemaison.com\/product\/waspe-fihp-40000\/#primaryimage"},"image":{"@id":"https:\/\/vapemaison.com\/product\/waspe-fihp-40000\/#primaryimage"},"thumbnailUrl":"https:\/\/vapemaison.com\/wp-content\/uploads\/2025\/10\/Waspe-FIHP-40000-Puffs-40K-Disposable-Vape-Wholesale-Blue-Razz-Lemonade-Watermelon-Bubblegum.png","datePublished":"2025-10-22T07:10:33+00:00","dateModified":"2026-05-06T12:50:01+00:00","description":"Poznaj WASPE FIHP 40000 Puffs Disposable Vape z dwoma smakami, wy\u015bwietlaczem LED i Type-C. Ciesz si\u0119 d\u0142ugotrwa\u0142\u0105 wydajno\u015bci\u0105","breadcrumb":{"@id":"https:\/\/vapemaison.com\/product\/waspe-fihp-40000\/#breadcrumb"},"inLanguage":"pl-PL","potentialAction":[{"@type":"ReadAction","target":["https:\/\/vapemaison.com\/product\/waspe-fihp-40000\/"]}]},{"@type":"ImageObject","inLanguage":"pl-PL","@id":"https:\/\/vapemaison.com\/product\/waspe-fihp-40000\/#primaryimage","url":"https:\/\/vapemaison.com\/wp-content\/uploads\/2025\/10\/Waspe-FIHP-40000-Puffs-40K-Disposable-Vape-Wholesale-Blue-Razz-Lemonade-Watermelon-Bubblegum.png","contentUrl":"https:\/\/vapemaison.com\/wp-content\/uploads\/2025\/10\/Waspe-FIHP-40000-Puffs-40K-Disposable-Vape-Wholesale-Blue-Razz-Lemonade-Watermelon-Bubblegum.png","width":800,"height":800,"caption":"Waspe Fihp Puffs 40k Disposable Vape Wholesale Blue Razz Lemonade Watermelon Bubblegum"},{"@type":"BreadcrumbList","@id":"https:\/\/vapemaison.com\/product\/waspe-fihp-40000\/#breadcrumb","itemListElement":[{"@type":"ListItem","position":1,"name":"\u9996\u9875","item":"https:\/\/vapemaison.com\/"},{"@type":"ListItem","position":2,"name":"Shop","item":"https:\/\/vapemaison.com\/shop\/"},{"@type":"ListItem","position":3,"name":"Waspe","item":"https:\/\/vapemaison.com\/brand\/waspe\/"},{"@type":"ListItem","position":4,"name":"Waspe FIHP 40000 Puffs Disposable Vape Wholesale"}]},{"@type":"WebSite","@id":"https:\/\/vapemaison.com\/#website","url":"https:\/\/vapemaison.com\/","name":"VapeMaison","description":"Wysokiej jako\u015bci urz\u0105dzenia i akcesoria do waporyzacji","publisher":{"@id":"https:\/\/vapemaison.com\/#organization"},"potentialAction":[{"@type":"SearchAction","target":{"@type":"EntryPoint","urlTemplate":"https:\/\/vapemaison.com\/?s={search_term_string}"},"query-input":{"@type":"PropertyValueSpecification","valueRequired":true,"valueName":"search_term_string"}}],"inLanguage":"pl-PL"},{"@type":"Organization","@id":"https:\/\/vapemaison.com\/#organization","name":"VapeMaison","url":"https:\/\/vapemaison.com\/","logo":{"@type":"ImageObject","inLanguage":"pl-PL","@id":"https:\/\/vapemaison.com\/#\/schema\/logo\/image\/","url":"https:\/\/vapemaison.com\/wp-content\/uploads\/2026\/01\/cropped-vapemaison-logo-g-2026.webp","contentUrl":"https:\/\/vapemaison.com\/wp-content\/uploads\/2026\/01\/cropped-vapemaison-logo-g-2026.webp","width":350,"height":280,"caption":"VapeMaison"},"image":{"@id":"https:\/\/vapemaison.com\/#\/schema\/logo\/image\/"},"sameAs":["https:\/\/www.youtube.com\/@VapeMaison"]}]}},"tiered_pricing_type":"fixed","tiered_pricing_fixed_rules":{"30":"11.63","50":"10.99","100":"10.69","200":"9.99"},"tiered_pricing_product_settings":{"layout":"default","base_unit_name":{"singular":null,"plural":null},"default_variation":null},"tiered_pricing_minimum_quantity":10,"tiered_pricing_roles_data":[],"tiered_pricing_percentage_rules":[],"tiered_pricing_maximum_quantity":null,"tiered_pricing_quantity_step":"10","_links":{"self":[{"href":"https:\/\/vapemaison.com\/pl\/wp-json\/wp\/v2\/product\/8078","targetHints":{"allow":["GET"]}}],"collection":[{"href":"https:\/\/vapemaison.com\/pl\/wp-json\/wp\/v2\/product"}],"about":[{"href":"https:\/\/vapemaison.com\/pl\/wp-json\/wp\/v2\/types\/product"}],"replies":[{"embeddable":true,"href":"https:\/\/vapemaison.com\/pl\/wp-json\/wp\/v2\/comments?post=8078"}],"version-history":[{"count":1,"href":"https:\/\/vapemaison.com\/pl\/wp-json\/wp\/v2\/product\/8078\/revisions"}],"predecessor-version":[{"id":27199,"href":"https:\/\/vapemaison.com\/pl\/wp-json\/wp\/v2\/product\/8078\/revisions\/27199"}],"wp:featuredmedia":[{"embeddable":true,"href":"https:\/\/vapemaison.com\/pl\/wp-json\/wp\/v2\/media\/8216"}],"wp:attachment":[{"href":"https:\/\/vapemaison.com\/pl\/wp-json\/wp\/v2\/media?parent=8078"}],"wp:term":[{"taxonomy":"product_brand","embeddable":true,"href":"https:\/\/vapemaison.com\/pl\/wp-json\/wp\/v2\/product_brand?post=8078"},{"taxonomy":"product_cat","embeddable":true,"href":"https:\/\/vapemaison.com\/pl\/wp-json\/wp\/v2\/product_cat?post=8078"},{"taxonomy":"product_tag","embeddable":true,"href":"https:\/\/vapemaison.com\/pl\/wp-json\/wp\/v2\/product_tag?post=8078"}],"curies":[{"name":"wp","href":"https:\/\/api.w.org\/{rel}","templated":true}]}}