

{"id":8126,"date":"2025-10-22T09:24:24","date_gmt":"2025-10-22T09:24:24","guid":{"rendered":"https:\/\/vapemaison.com\/?post_type=product&#038;p=8126"},"modified":"2026-05-08T16:38:01","modified_gmt":"2026-05-08T16:38:01","slug":"bang-king-triple-85000-3w1-vape","status":"publish","type":"product","link":"https:\/\/vapemaison.com\/pl\/product\/bang-king-triple-85000-3in1-vape\/","title":{"rendered":"Bang King Triple 85K 3-w-1 Jednorazowe Vape | 85 000 Puff\u00f3w | Potr\u00f3jne kapsu\u0142ki smakowe"},"content":{"rendered":"<p>The <strong>Vape jednorazowe Bang King Triple 85K<\/strong> zosta\u0142 zaprojektowany z my\u015bl\u0105 o u\u017cytkownikach, kt\u00f3rzy ceni\u0105 sobie r\u00f3\u017cnorodno\u015b\u0107 smak\u00f3w, du\u017c\u0105 pojemno\u015b\u0107 i sta\u0142\u0105 wydajno\u015b\u0107 urz\u0105dzenia. Wyposa\u017cony w <strong>System aromat\u00f3w 3 w 1<\/strong> z <strong>trzy komory na e-liquid o pojemno\u015bci 15 ml (\u0142\u0105cznie 45 ml)<\/strong>, umo\u017cliwia p\u0142ynne prze\u0142\u0105czanie lub mieszanie smak\u00f3w w ramach jednego urz\u0105dzenia. Z obs\u0142ug\u0105 do <strong>85 000 zaci\u0105gni\u0119\u0107<\/strong>, a <strong>Akumulator o pojemno\u015bci 650 mAh z funkcj\u0105 \u0142adowania typu C<\/strong>, oraz <strong>Cewka o oczkach 1,0\u03a9<\/strong>, Urz\u0105dzenie zapewnia p\u0142ynn\u0105 par\u0119, stabiln\u0105 moc wyj\u015bciow\u0105 i niezawodn\u0105 konsystencj\u0119 smaku przez ca\u0142y cykl u\u017cytkowania. Wsparcie <strong>r\u00f3\u017cne st\u0119\u017cenia nikotyny (0%-5%)<\/strong> oraz <strong>16 potr\u00f3jnych kombinacji smakowych<\/strong>, Zapewnia elastyczno\u015b\u0107 dla r\u00f3\u017cnych preferencji u\u017cytkownika przy jednoczesnym zachowaniu wygody i wydajno\u015bci.<\/p>\n\n\n\n<h3 class=\"wp-block-heading\">Specyfikacje<\/h3>\n\n\n\n<figure class=\"wp-block-table\"><table class=\"has-fixed-layout\"><thead><tr><th>Specyfikacja<\/th><th>Szczeg\u00f3\u0142y<\/th><\/tr><\/thead><tbody><tr><td>Puff Count<\/td><td>Do 85 000 zaci\u0105gni\u0119\u0107<\/td><\/tr><tr><td>Pojemno\u015b\u0107 E-Liquid<\/td><td>45 ml (3 \u00d7 15 ml)<\/td><\/tr><tr><td>System aromat\u00f3w<\/td><td>3 w 1 (potr\u00f3jny smak)<\/td><\/tr><tr><td>Typ cewki<\/td><td>Siatkowa cewka 1,0\u03a9<\/td><\/tr><tr><td>Bateria<\/td><td>Akumulator 650 mAh<\/td><\/tr><tr><td>Port \u0142adowania<\/td><td>Typ-C<\/td><\/tr><tr><td>Si\u0142a nikotyny<\/td><td>0% \/ 2% \/ 3% \/ 5%<\/td><\/tr><tr><td>Opcje smakowe<\/td><td>16 potr\u00f3jnych kombinacji smakowych<\/td><\/tr><tr><td>Typ u\u017cytkowania<\/td><td>Jednorazowego u\u017cytku (akumulator)<\/td><\/tr><\/tbody><\/table><\/figure>\n\n\n\n<h3 class=\"wp-block-heading\">Smak<\/h3>\n\n\n\n<ol class=\"wp-block-list\">\n<li>Arbuz &amp; Red Bull &amp; Truskawka Kiwi<\/li>\n\n\n\n<li>Lemon Lime &amp; Strawberry Watermelon &amp; Blueberry Ice<\/li>\n\n\n\n<li>Truskawka Banan &amp; Malina Arbuz &amp; R\u00f3\u017cowa Lemoniada<\/li>\n\n\n\n<li>Blue Razz Cherry &amp; Cool Mint &amp; Peach Mango<\/li>\n\n\n\n<li>Owoce tropikalne i truskawka Arbuz i cytryna Brzoskwinia<\/li>\n\n\n\n<li>Ananasowo-kokosowy &amp; Truskawkowo-bananowy &amp; Blue Razz<\/li>\n\n\n\n<li>Arbuz truskawkowy i potr\u00f3jny melon oraz l\u00f3d truskawkowy<\/li>\n\n\n\n<li>Mieszane owoce i mango L\u00f3d brzoskwiniowy i winogronowy<\/li>\n\n\n\n<li>Truskawkowo-waniliowa cola &amp; brzoskwiniowy l\u00f3d &amp; czarny smok lodowy<\/li>\n\n\n\n<li>Lush Ice &amp; Kiwi Passion Fruit Guava &amp; Straw Mango<\/li>\n\n\n\n<li>Arbuz truskawkowy &amp; Arbuz &amp; L\u00f3d Blue Razz<\/li>\n\n\n\n<li>Berry Lemonade &amp; Strawberry Red Bull &amp; Strawberry Pomp<\/li>\n\n\n\n<li>Double Apple &amp; Fruity Fusion &amp; Pineapple Ice<\/li>\n\n\n\n<li>Cola Ice &amp; Mr Blue &amp; Cherry Cola<\/li>\n\n\n\n<li>P\u0105czek truskawkowy i l\u00f3d bananowy &amp; Love66<\/li>\n\n\n\n<li>Ice Tea Lemon Ice &amp; Mango On Ice &amp; Lychee Ice<\/li>\n<\/ol>\n\n\n\n<h3 class=\"wp-block-heading\">Dlaczego warto wybra\u0107 Bang King Triple 85K?<\/h3>\n\n\n\n<p><strong>Efektywne wykorzystanie<\/strong> - Zmniejsza cz\u0119stotliwo\u015b\u0107 wymiany urz\u0105dze\u0144<\/p>\n\n\n\n<p><strong>Integracja wielu smak\u00f3w<\/strong> - Trzy smaki w jednym kompaktowym urz\u0105dzeniu<\/p>\n\n\n\n<p><strong>Konstrukcja o wysokiej wydajno\u015bci<\/strong> - 45 ml e-liquidu dla d\u0142u\u017cszego u\u017cytkowania<\/p>\n\n\n\n<p><strong>Sp\u00f3jna wydajno\u015b\u0107<\/strong> - Siatkowa cewka zapewnia g\u0142adk\u0105 par\u0119 i stabilny smak<\/p>\n\n\n\n<p><strong>Elastyczne opcje nikotyny<\/strong> - Odpowiedni dla r\u00f3\u017cnych potrzeb u\u017cytkownik\u00f3w<\/p>\n\n\n\n<p><strong>Wygoda \u0142adowania<\/strong> - \u0141adowanie typu C dla \u0142atwego dost\u0119pu do zasilania<\/p>\n\n\n\n<p>The <strong>Bang King Triple 85K Vape<\/strong> kombajny <strong>R\u00f3\u017cnorodno\u015b\u0107, moc i przeno\u015bno\u015b\u0107<\/strong> jak \u017caden inny.<br>Prze\u0142\u0105czaj si\u0119 mi\u0119dzy smakami w kilka sekund, ciesz si\u0119 ogromn\u0105 pojemno\u015bci\u0105 i do\u015bwiadczaj czystej, sp\u00f3jnej pary, gdziekolwiek jeste\u015b.<\/p>\n\n\n\n<p><strong>Odkryj swoj\u0105 idealn\u0105 mieszank\u0119 - potr\u00f3jny smak, potr\u00f3jna satysfakcja.<\/strong><\/p>\n\n\n\n<p>Odkryj wi\u0119cej jednorazowych waporyzator\u00f3w o du\u017cej pojemno\u015bci w naszej ofercie <a href=\"https:\/\/vapemaison.com\/shop\/\" type=\"link\" id=\"https:\/\/vapemaison.com\/shop\/\"><strong>Sklep<\/strong><\/a> aby znale\u017a\u0107 najnowsze urz\u0105dzenia z zaawansowanymi funkcjami i r\u00f3\u017cnorodnymi opcjami smakowymi. Mo\u017cesz r\u00f3wnie\u017c przegl\u0105da\u0107 pe\u0142n\u0105 <strong><a href=\"https:\/\/vapemaison.com\/brand\/bang\/\" type=\"link\" id=\"https:\/\/vapemaison.com\/brand\/bang\/\">Bang vape<\/a><\/strong> aby odkry\u0107 wi\u0119cej innowacyjnych waporyzator\u00f3w o wielu smakach, zaprojektowanych z my\u015bl\u0105 o wydajno\u015bci, r\u00f3\u017cnorodno\u015bci i codziennej wygodzie.<\/p>\n\n\n\n<p><\/p>","protected":false},"excerpt":{"rendered":"<p>Poznaj Bang King Triple 85000 Puffs 3 w 1 Vape z 45 ml zbiornikami o potr\u00f3jnym smaku Ciesz si\u0119 bogatym smakiem 16 unikalnych kombinacji smakowych w jednym urz\u0105dzeniu.<\/p>","protected":false},"featured_media":8131,"comment_status":"open","ping_status":"closed","template":"","meta":[],"product_brand":[57],"product_cat":[155,142,294],"product_tag":[],"class_list":{"0":"post-8126","1":"product","2":"type-product","3":"status-publish","4":"has-post-thumbnail","6":"product_brand-bang","7":"product_cat-85k-puffs","8":"product_cat-eu-stock","9":"product_cat-no-nicotine-vape","11":"first","12":"instock","13":"sale","14":"shipping-taxable","15":"purchasable","16":"product-type-variable"},"yoast_head":"<!-- This site is optimized with the Yoast SEO plugin v27.4 - https:\/\/yoast.com\/product\/yoast-seo-wordpress\/ -->\n<title>Bang King Triple 85000 Puffs 3-in-1 Vape | 45ML Triple Flavor<\/title>\n<meta name=\"description\" content=\"Experience the Bang King Triple 85000 Puffs 3-in-1 Vape featuring 45ML triple-flavor tanks Enjoy rich taste 16 unique flavor combinations in one device.\" \/>\n<meta name=\"robots\" content=\"index, follow, max-snippet:-1, max-image-preview:large, max-video-preview:-1\" \/>\n<link rel=\"canonical\" href=\"https:\/\/vapemaison.com\/pl\/produkt\/bang-king-triple-85000-3w1-vape\/\" \/>\n<meta property=\"og:locale\" content=\"pl_PL\" \/>\n<meta property=\"og:type\" content=\"article\" \/>\n<meta property=\"og:title\" content=\"Bang King Triple 85000 Puffs 3-in-1 Vape | 45ML Triple Flavor\" \/>\n<meta property=\"og:description\" content=\"Experience the Bang King Triple 85000 Puffs 3-in-1 Vape featuring 45ML triple-flavor tanks Enjoy rich taste 16 unique flavor combinations in one device.\" \/>\n<meta property=\"og:url\" content=\"https:\/\/vapemaison.com\/pl\/produkt\/bang-king-triple-85000-3w1-vape\/\" \/>\n<meta property=\"og:site_name\" content=\"VapeMaison\" \/>\n<meta property=\"article:modified_time\" content=\"2026-05-08T16:38:01+00:00\" \/>\n<meta property=\"og:image\" content=\"https:\/\/vapemaison.com\/wp-content\/uploads\/2025\/10\/bang-king-85000-triple-3in1-vape-pen-pink.jpg\" \/>\n\t<meta property=\"og:image:width\" content=\"1000\" \/>\n\t<meta property=\"og:image:height\" content=\"1000\" \/>\n\t<meta property=\"og:image:type\" content=\"image\/jpeg\" \/>\n<meta name=\"twitter:card\" content=\"summary_large_image\" \/>\n<meta name=\"twitter:label1\" content=\"Szacowany czas czytania\" \/>\n\t<meta name=\"twitter:data1\" content=\"2 minuty\" \/>\n<!-- \/ Yoast SEO plugin. -->","yoast_head_json":{"title":"Bang King Triple 85000 Puffs 3 w 1 Vape | 45ML Potr\u00f3jny smak","description":"Poznaj Bang King Triple 85000 Puffs 3 w 1 Vape z 45 ml zbiornikami o potr\u00f3jnym smaku Ciesz si\u0119 bogatym smakiem 16 unikalnych kombinacji smakowych w jednym urz\u0105dzeniu.","robots":{"index":"index","follow":"follow","max-snippet":"max-snippet:-1","max-image-preview":"max-image-preview:large","max-video-preview":"max-video-preview:-1"},"canonical":"https:\/\/vapemaison.com\/pl\/produkt\/bang-king-triple-85000-3w1-vape\/","og_locale":"pl_PL","og_type":"article","og_title":"Bang King Triple 85000 Puffs 3-in-1 Vape | 45ML Triple Flavor","og_description":"Experience the Bang King Triple 85000 Puffs 3-in-1 Vape featuring 45ML triple-flavor tanks Enjoy rich taste 16 unique flavor combinations in one device.","og_url":"https:\/\/vapemaison.com\/pl\/produkt\/bang-king-triple-85000-3w1-vape\/","og_site_name":"VapeMaison","article_modified_time":"2026-05-08T16:38:01+00:00","og_image":[{"width":1000,"height":1000,"url":"https:\/\/vapemaison.com\/wp-content\/uploads\/2025\/10\/bang-king-85000-triple-3in1-vape-pen-pink.jpg","type":"image\/jpeg"}],"twitter_card":"summary_large_image","twitter_misc":{"Szacowany czas czytania":"2 minuty"},"schema":{"@context":"https:\/\/schema.org","@graph":[{"@type":"WebPage","@id":"https:\/\/vapemaison.com\/product\/bang-king-triple-85000-3in1-vape\/","url":"https:\/\/vapemaison.com\/product\/bang-king-triple-85000-3in1-vape\/","name":"Bang King Triple 85000 Puffs 3 w 1 Vape | 45ML Potr\u00f3jny smak","isPartOf":{"@id":"https:\/\/vapemaison.com\/#website"},"primaryImageOfPage":{"@id":"https:\/\/vapemaison.com\/product\/bang-king-triple-85000-3in1-vape\/#primaryimage"},"image":{"@id":"https:\/\/vapemaison.com\/product\/bang-king-triple-85000-3in1-vape\/#primaryimage"},"thumbnailUrl":"https:\/\/vapemaison.com\/wp-content\/uploads\/2025\/10\/bang-king-85000-triple-3in1-vape-pen-pink.jpg","datePublished":"2025-10-22T09:24:24+00:00","dateModified":"2026-05-08T16:38:01+00:00","description":"Poznaj Bang King Triple 85000 Puffs 3 w 1 Vape z 45 ml zbiornikami o potr\u00f3jnym smaku Ciesz si\u0119 bogatym smakiem 16 unikalnych kombinacji smakowych w jednym urz\u0105dzeniu.","breadcrumb":{"@id":"https:\/\/vapemaison.com\/product\/bang-king-triple-85000-3in1-vape\/#breadcrumb"},"inLanguage":"pl-PL","potentialAction":[{"@type":"ReadAction","target":["https:\/\/vapemaison.com\/product\/bang-king-triple-85000-3in1-vape\/"]}]},{"@type":"ImageObject","inLanguage":"pl-PL","@id":"https:\/\/vapemaison.com\/product\/bang-king-triple-85000-3in1-vape\/#primaryimage","url":"https:\/\/vapemaison.com\/wp-content\/uploads\/2025\/10\/bang-king-85000-triple-3in1-vape-pen-pink.jpg","contentUrl":"https:\/\/vapemaison.com\/wp-content\/uploads\/2025\/10\/bang-king-85000-triple-3in1-vape-pen-pink.jpg","width":1000,"height":1000,"caption":"Bang King Triple 3in1 Vape Pen Pink"},{"@type":"BreadcrumbList","@id":"https:\/\/vapemaison.com\/product\/bang-king-triple-85000-3in1-vape\/#breadcrumb","itemListElement":[{"@type":"ListItem","position":1,"name":"\u9996\u9875","item":"https:\/\/vapemaison.com\/"},{"@type":"ListItem","position":2,"name":"Shop","item":"https:\/\/vapemaison.com\/shop\/"},{"@type":"ListItem","position":3,"name":"Bang","item":"https:\/\/vapemaison.com\/brand\/bang\/"},{"@type":"ListItem","position":4,"name":"Bang King Triple 85K 3\u2011in\u20111 Disposable Vape | 85,000 Puffs | Triple Flavor Pods"}]},{"@type":"WebSite","@id":"https:\/\/vapemaison.com\/#website","url":"https:\/\/vapemaison.com\/","name":"VapeMaison","description":"Wysokiej jako\u015bci urz\u0105dzenia i akcesoria do waporyzacji","publisher":{"@id":"https:\/\/vapemaison.com\/#organization"},"potentialAction":[{"@type":"SearchAction","target":{"@type":"EntryPoint","urlTemplate":"https:\/\/vapemaison.com\/?s={search_term_string}"},"query-input":{"@type":"PropertyValueSpecification","valueRequired":true,"valueName":"search_term_string"}}],"inLanguage":"pl-PL"},{"@type":"Organization","@id":"https:\/\/vapemaison.com\/#organization","name":"VapeMaison","url":"https:\/\/vapemaison.com\/","logo":{"@type":"ImageObject","inLanguage":"pl-PL","@id":"https:\/\/vapemaison.com\/#\/schema\/logo\/image\/","url":"https:\/\/vapemaison.com\/wp-content\/uploads\/2026\/01\/cropped-vapemaison-logo-g-2026.webp","contentUrl":"https:\/\/vapemaison.com\/wp-content\/uploads\/2026\/01\/cropped-vapemaison-logo-g-2026.webp","width":350,"height":280,"caption":"VapeMaison"},"image":{"@id":"https:\/\/vapemaison.com\/#\/schema\/logo\/image\/"},"sameAs":["https:\/\/www.youtube.com\/@VapeMaison"]}]}},"tiered_pricing_type":"fixed","tiered_pricing_fixed_rules":{"30":"9.69","50":"9.39","100":"8.99","200":"8.19"},"tiered_pricing_product_settings":{"layout":"default","base_unit_name":{"singular":null,"plural":null},"default_variation":null},"tiered_pricing_minimum_quantity":10,"tiered_pricing_roles_data":[],"tiered_pricing_percentage_rules":[],"tiered_pricing_maximum_quantity":null,"tiered_pricing_quantity_step":"10","_links":{"self":[{"href":"https:\/\/vapemaison.com\/pl\/wp-json\/wp\/v2\/product\/8126","targetHints":{"allow":["GET"]}}],"collection":[{"href":"https:\/\/vapemaison.com\/pl\/wp-json\/wp\/v2\/product"}],"about":[{"href":"https:\/\/vapemaison.com\/pl\/wp-json\/wp\/v2\/types\/product"}],"replies":[{"embeddable":true,"href":"https:\/\/vapemaison.com\/pl\/wp-json\/wp\/v2\/comments?post=8126"}],"version-history":[{"count":4,"href":"https:\/\/vapemaison.com\/pl\/wp-json\/wp\/v2\/product\/8126\/revisions"}],"predecessor-version":[{"id":28864,"href":"https:\/\/vapemaison.com\/pl\/wp-json\/wp\/v2\/product\/8126\/revisions\/28864"}],"wp:featuredmedia":[{"embeddable":true,"href":"https:\/\/vapemaison.com\/pl\/wp-json\/wp\/v2\/media\/8131"}],"wp:attachment":[{"href":"https:\/\/vapemaison.com\/pl\/wp-json\/wp\/v2\/media?parent=8126"}],"wp:term":[{"taxonomy":"product_brand","embeddable":true,"href":"https:\/\/vapemaison.com\/pl\/wp-json\/wp\/v2\/product_brand?post=8126"},{"taxonomy":"product_cat","embeddable":true,"href":"https:\/\/vapemaison.com\/pl\/wp-json\/wp\/v2\/product_cat?post=8126"},{"taxonomy":"product_tag","embeddable":true,"href":"https:\/\/vapemaison.com\/pl\/wp-json\/wp\/v2\/product_tag?post=8126"}],"curies":[{"name":"wp","href":"https:\/\/api.w.org\/{rel}","templated":true}]}}