

{"id":8133,"date":"2025-10-22T10:12:47","date_gmt":"2025-10-22T10:12:47","guid":{"rendered":"https:\/\/vapemaison.com\/?post_type=product&#038;p=8133"},"modified":"2026-05-01T09:16:42","modified_gmt":"2026-05-01T09:16:42","slug":"bang-blaze-40000-puffs-vape-recharge-32-kombinacje-smakowe","status":"publish","type":"product","link":"https:\/\/vapemaison.com\/pl\/product\/bang-blaze-40000-puffs-vape-recharge-32-flavor-combos\/","title":{"rendered":"Bang Blaze 40000 40K Puffs Vape"},"content":{"rendered":"<p>Bang Blaze 40000 <a href=\"https:\/\/vapemaison.com\/product-category\/puffs-count\/40k-puffs\/\">40K Puffs<\/a> Jednorazowy Vape zosta\u0142 zaprojektowany z my\u015bl\u0105 o zwi\u0119kszonej wydajno\u015bci i elastyczno\u015bci smaku, zapewniaj\u0105c do 40 tysi\u0119cy zaci\u0105gni\u0119\u0107 w kompaktowym urz\u0105dzeniu z mo\u017cliwo\u015bci\u0105 \u0142adowania. Dzi\u0119ki systemowi dw\u00f3ch smak\u00f3w i 40 ml wst\u0119pnie nape\u0142nionego e-cieczy, u\u017cytkownicy mog\u0105 prze\u0142\u0105cza\u0107 si\u0119 mi\u0119dzy dwoma smakami lub \u0142\u0105czy\u0107 je, aby uzyska\u0107 mieszane doznania.<\/p>\n\n\n\n<p>Wyposa\u017cony w podw\u00f3jn\u0105 cewk\u0119 siatkow\u0105 0,6\u03a9, zapewnia p\u0142ynn\u0105, sp\u00f3jn\u0105 par\u0119 i ulepszone dostarczanie smaku. Akumulator 650 mAh z \u0142adowaniem typu C zapewnia niezawodn\u0105 moc do d\u0142ugotrwa\u0142ego u\u017cytkowania, a wiele opcji nikotyny pozwala na spersonalizowane doznania podczas waporyzacji.<\/p>\n\n\n\n<p>Szukasz wi\u0119cej opcji od BANG? Zapoznaj si\u0119 z nasz\u0105 ofert\u0105 <strong><a href=\"https:\/\/vapemaison.com\/brand\/bang\/\">Kolekcja Bang Vape<\/a><\/strong> aby odkry\u0107 szerok\u0105 gam\u0119 smak\u00f3w, liczb\u0119 puff\u00f3w i najnowsze dost\u0119pne modele.<\/p>\n\n\n\n<h2 class=\"wp-block-heading\"><strong>Specyfikacje<\/strong><\/h2>\n\n\n\n<figure class=\"wp-block-table\"><table class=\"has-fixed-layout\"><thead><tr><th>Specyfikacja<\/th><th>Szczeg\u00f3\u0142y<\/th><\/tr><\/thead><tbody><tr><td>Puff Count<\/td><td>Do 40 000 zaci\u0105gni\u0119\u0107<\/td><\/tr><tr><td>Pojemno\u015b\u0107 e-liquidu<\/td><td>Wst\u0119pnie nape\u0142niony 40 ml<\/td><\/tr><tr><td>System aromat\u00f3w<\/td><td>Podw\u00f3jny smak (z mo\u017cliwo\u015bci\u0105 mieszania)<\/td><\/tr><tr><td>Bateria<\/td><td>Akumulator 650 mAh<\/td><\/tr><tr><td>Cewka<\/td><td>Podw\u00f3jna cewka siatkowa (0,6\u03a9)<\/td><\/tr><tr><td>\u0141adowanie<\/td><td>USB typu C<\/td><\/tr><tr><td>Si\u0142a nikotyny<\/td><td>0%, 2%, 3%, 5%<\/td><\/tr><tr><td>Dzia\u0142anie<\/td><td>Aktywowany rysowaniem<\/td><\/tr><\/tbody><\/table><\/figure>\n\n\n\n<h3 class=\"wp-block-heading\">Dost\u0119pne kombinacje dw\u00f3ch smak\u00f3w (32 opcje):<\/h3>\n\n\n\n<ol class=\"wp-block-list\">\n<li>Arbuz \/ Arbuz truskawkowy<\/li>\n\n\n\n<li>Blueberry Ice \/ Blueberry Raspberry<\/li>\n\n\n\n<li>Mango Ice \/ Mango truskawkowe<\/li>\n\n\n\n<li>Arbuz \/ Arbuz Bubblegum<\/li>\n\n\n\n<li>Pineapple Ice \/ Pineapple Coconut<\/li>\n\n\n\n<li>Mieszane owoce \/ potr\u00f3jne jagody<\/li>\n\n\n\n<li>Peach Ice \/ Mango Peach<\/li>\n\n\n\n<li>Cherry \/ Cherry Coke<\/li>\n\n\n\n<li>Grape \/ Blueberry Grape<\/li>\n\n\n\n<li>Mi\u0119ta \/ Mi\u0119ta jagodowa<\/li>\n\n\n\n<li>Black Dragon Ice \/ Red Bull<\/li>\n\n\n\n<li>Strawberry Ice \/ Strawberry Kiwi<\/li>\n\n\n\n<li>Owoce tropikalne \/ Potr\u00f3jny arbuz<\/li>\n\n\n\n<li>Kwa\u015bne mango \/ ananas \/ cytryna \/ limonka<\/li>\n\n\n\n<li>Summer Time \/ Apple Ice<\/li>\n\n\n\n<li>Rainbow Candy \/ Arctic Freezing<\/li>\n\n\n\n<li>Arbuz malinowy \/ Jieshuang<\/li>\n\n\n\n<li>Lemon Romance \/ California Cherry<\/li>\n\n\n\n<li>Mango Brzoskwinia Morela \/ Bia\u0142e \u017celki<\/li>\n\n\n\n<li>Mary's Dream \/ Aloe Mango Melon Ice<\/li>\n\n\n\n<li>Kiwi Passion Fruit Guava \/ Blueberry Cherry<\/li>\n\n\n\n<li>L\u00f3d ananasowo-mango \/ ananasowo-kokosowy<\/li>\n\n\n\n<li>Malina Arbuz \/ Aloes Winogrono<\/li>\n\n\n\n<li>Lychee Ice \/ Strawberry Lychee<\/li>\n\n\n\n<li>Seks na pla\u017cy \/ Arbuz malinowy<\/li>\n\n\n\n<li>Gummy Bear \/ Raspberry Black Glitter<\/li>\n\n\n\n<li>Berries Cool \/ Watermelon Sour Peach<\/li>\n\n\n\n<li>Truskawka, banan, marakuja, kiwi<\/li>\n\n\n\n<li>Acai Storm Ice \/ Love 66<\/li>\n\n\n\n<li>Pink Lemonade \/ Blueberry Cherry Lemon<\/li>\n\n\n\n<li>Lody truskawkowe \/ truskawkowo-waniliowe<\/li>\n\n\n\n<li>Jagoda \u017burawina Wi\u015bnia \/ Arbuz Wi\u015bnia<\/li>\n<\/ol>\n\n\n\n<p><\/p>","protected":false},"excerpt":{"rendered":"<p>Do\u015bwiadcz wytrzyma\u0142o\u015bci i smaku na najwy\u017cszym poziomie dzi\u0119ki Bang Blaze 40000 Puffs Vape. Wyposa\u017cony w system dw\u00f3ch smak\u00f3w o pojemno\u015bci 40 ml, pozwala cieszy\u0107 si\u0119 dwoma oddzielnymi smakami lub miesza\u0107 je w celu uzyskania unikalnej trzeciej mieszanki.  Dost\u0119pny w wersjach 0%, 2%, 3% i 5%, jest idealnym wyborem dla u\u017cytkownik\u00f3w, kt\u00f3rzy ceni\u0105 sobie zar\u00f3wno wydajno\u015b\u0107, jak i r\u00f3\u017cnorodno\u015b\u0107.<\/p>","protected":false},"featured_media":8156,"comment_status":"open","ping_status":"closed","template":"","meta":[],"product_brand":[57],"product_cat":[135,142],"product_tag":[],"class_list":{"0":"post-8133","1":"product","2":"type-product","3":"status-publish","4":"has-post-thumbnail","6":"product_brand-bang","7":"product_cat-40k-puffs","8":"product_cat-eu-stock","10":"first","11":"instock","12":"sale","13":"shipping-taxable","14":"purchasable","15":"product-type-variable"},"yoast_head":"<!-- This site is optimized with the Yoast SEO plugin v27.4 - https:\/\/yoast.com\/product\/yoast-seo-wordpress\/ -->\n<title>Bang Blaze 40000 40K Puffs Disposable Vape<\/title>\n<meta name=\"description\" content=\"Experience the Bang Blaze 40000 40K Puffs Vape with 40ML dual-flavor e-liquid. Enjoy up to 40K Puffs with triple taste options .\" \/>\n<meta name=\"robots\" content=\"index, follow, max-snippet:-1, max-image-preview:large, max-video-preview:-1\" \/>\n<link rel=\"canonical\" href=\"https:\/\/vapemaison.com\/pl\/produkt\/bang-blaze-40000-puffs-vape-recharge-32-kombinacje-smakowe\/\" \/>\n<meta property=\"og:locale\" content=\"pl_PL\" \/>\n<meta property=\"og:type\" content=\"article\" \/>\n<meta property=\"og:title\" content=\"Bang Blaze 40000 40K Puffs Disposable Vape\" \/>\n<meta property=\"og:description\" content=\"Experience the Bang Blaze 40000 40K Puffs Vape with 40ML dual-flavor e-liquid. Enjoy up to 40K Puffs with triple taste options .\" \/>\n<meta property=\"og:url\" content=\"https:\/\/vapemaison.com\/pl\/produkt\/bang-blaze-40000-puffs-vape-recharge-32-kombinacje-smakowe\/\" \/>\n<meta property=\"og:site_name\" content=\"VapeMaison\" \/>\n<meta property=\"article:modified_time\" content=\"2026-05-01T09:16:42+00:00\" \/>\n<meta property=\"og:image\" content=\"https:\/\/vapemaison.com\/wp-content\/uploads\/2025\/10\/bang-blaze-40000-puffs-vape-flavor-12.jpg\" \/>\n\t<meta property=\"og:image:width\" content=\"800\" \/>\n\t<meta property=\"og:image:height\" content=\"800\" \/>\n\t<meta property=\"og:image:type\" content=\"image\/jpeg\" \/>\n<meta name=\"twitter:card\" content=\"summary_large_image\" \/>\n<meta name=\"twitter:label1\" content=\"Szacowany czas czytania\" \/>\n\t<meta name=\"twitter:data1\" content=\"2 minuty\" \/>\n<!-- \/ Yoast SEO plugin. -->","yoast_head_json":{"title":"Vape jednorazowego u\u017cytku Bang Blaze 40000 40K Puffs","description":"Do\u015bwiadcz Bang Blaze 40000 40K Puffs Vape z 40 ml e-liquidu o dw\u00f3ch smakach. Ciesz si\u0119 nawet 40 tysi\u0105cami zaci\u0105gni\u0119\u0107 z potr\u00f3jnymi opcjami smakowymi. .","robots":{"index":"index","follow":"follow","max-snippet":"max-snippet:-1","max-image-preview":"max-image-preview:large","max-video-preview":"max-video-preview:-1"},"canonical":"https:\/\/vapemaison.com\/pl\/produkt\/bang-blaze-40000-puffs-vape-recharge-32-kombinacje-smakowe\/","og_locale":"pl_PL","og_type":"article","og_title":"Bang Blaze 40000 40K Puffs Disposable Vape","og_description":"Experience the Bang Blaze 40000 40K Puffs Vape with 40ML dual-flavor e-liquid. Enjoy up to 40K Puffs with triple taste options .","og_url":"https:\/\/vapemaison.com\/pl\/produkt\/bang-blaze-40000-puffs-vape-recharge-32-kombinacje-smakowe\/","og_site_name":"VapeMaison","article_modified_time":"2026-05-01T09:16:42+00:00","og_image":[{"width":800,"height":800,"url":"https:\/\/vapemaison.com\/wp-content\/uploads\/2025\/10\/bang-blaze-40000-puffs-vape-flavor-12.jpg","type":"image\/jpeg"}],"twitter_card":"summary_large_image","twitter_misc":{"Szacowany czas czytania":"2 minuty"},"schema":{"@context":"https:\/\/schema.org","@graph":[{"@type":"WebPage","@id":"https:\/\/vapemaison.com\/product\/bang-blaze-40000-puffs-vape-recharge-32-flavor-combos\/","url":"https:\/\/vapemaison.com\/product\/bang-blaze-40000-puffs-vape-recharge-32-flavor-combos\/","name":"Vape jednorazowego u\u017cytku Bang Blaze 40000 40K Puffs","isPartOf":{"@id":"https:\/\/vapemaison.com\/#website"},"primaryImageOfPage":{"@id":"https:\/\/vapemaison.com\/product\/bang-blaze-40000-puffs-vape-recharge-32-flavor-combos\/#primaryimage"},"image":{"@id":"https:\/\/vapemaison.com\/product\/bang-blaze-40000-puffs-vape-recharge-32-flavor-combos\/#primaryimage"},"thumbnailUrl":"https:\/\/vapemaison.com\/wp-content\/uploads\/2025\/10\/bang-blaze-40000-puffs-vape-flavor-12.jpg","datePublished":"2025-10-22T10:12:47+00:00","dateModified":"2026-05-01T09:16:42+00:00","description":"Do\u015bwiadcz Bang Blaze 40000 40K Puffs Vape z 40 ml e-liquidu o dw\u00f3ch smakach. Ciesz si\u0119 nawet 40 tysi\u0105cami zaci\u0105gni\u0119\u0107 z potr\u00f3jnymi opcjami smakowymi. .","breadcrumb":{"@id":"https:\/\/vapemaison.com\/product\/bang-blaze-40000-puffs-vape-recharge-32-flavor-combos\/#breadcrumb"},"inLanguage":"pl-PL","potentialAction":[{"@type":"ReadAction","target":["https:\/\/vapemaison.com\/product\/bang-blaze-40000-puffs-vape-recharge-32-flavor-combos\/"]}]},{"@type":"ImageObject","inLanguage":"pl-PL","@id":"https:\/\/vapemaison.com\/product\/bang-blaze-40000-puffs-vape-recharge-32-flavor-combos\/#primaryimage","url":"https:\/\/vapemaison.com\/wp-content\/uploads\/2025\/10\/bang-blaze-40000-puffs-vape-flavor-12.jpg","contentUrl":"https:\/\/vapemaison.com\/wp-content\/uploads\/2025\/10\/bang-blaze-40000-puffs-vape-flavor-12.jpg","width":800,"height":800,"caption":"Bang Blaze Puffs Vape Flavor"},{"@type":"BreadcrumbList","@id":"https:\/\/vapemaison.com\/product\/bang-blaze-40000-puffs-vape-recharge-32-flavor-combos\/#breadcrumb","itemListElement":[{"@type":"ListItem","position":1,"name":"\u9996\u9875","item":"https:\/\/vapemaison.com\/"},{"@type":"ListItem","position":2,"name":"Shop","item":"https:\/\/vapemaison.com\/shop\/"},{"@type":"ListItem","position":3,"name":"Bang","item":"https:\/\/vapemaison.com\/brand\/bang\/"},{"@type":"ListItem","position":4,"name":"Bang Blaze 40000 40K Puffs Vape"}]},{"@type":"WebSite","@id":"https:\/\/vapemaison.com\/#website","url":"https:\/\/vapemaison.com\/","name":"VapeMaison","description":"Wysokiej jako\u015bci urz\u0105dzenia i akcesoria do waporyzacji","publisher":{"@id":"https:\/\/vapemaison.com\/#organization"},"potentialAction":[{"@type":"SearchAction","target":{"@type":"EntryPoint","urlTemplate":"https:\/\/vapemaison.com\/?s={search_term_string}"},"query-input":{"@type":"PropertyValueSpecification","valueRequired":true,"valueName":"search_term_string"}}],"inLanguage":"pl-PL"},{"@type":"Organization","@id":"https:\/\/vapemaison.com\/#organization","name":"VapeMaison","url":"https:\/\/vapemaison.com\/","logo":{"@type":"ImageObject","inLanguage":"pl-PL","@id":"https:\/\/vapemaison.com\/#\/schema\/logo\/image\/","url":"https:\/\/vapemaison.com\/wp-content\/uploads\/2026\/01\/cropped-vapemaison-logo-g-2026.webp","contentUrl":"https:\/\/vapemaison.com\/wp-content\/uploads\/2026\/01\/cropped-vapemaison-logo-g-2026.webp","width":350,"height":280,"caption":"VapeMaison"},"image":{"@id":"https:\/\/vapemaison.com\/#\/schema\/logo\/image\/"},"sameAs":["https:\/\/www.youtube.com\/@VapeMaison"]}]}},"tiered_pricing_type":"fixed","tiered_pricing_fixed_rules":{"30":"8.98","50":"8.58","100":"8.10","200":"7.69"},"tiered_pricing_product_settings":{"layout":"default","base_unit_name":{"singular":null,"plural":null},"default_variation":null},"tiered_pricing_minimum_quantity":10,"tiered_pricing_roles_data":[],"tiered_pricing_percentage_rules":[],"tiered_pricing_maximum_quantity":null,"tiered_pricing_quantity_step":"10","_links":{"self":[{"href":"https:\/\/vapemaison.com\/pl\/wp-json\/wp\/v2\/product\/8133","targetHints":{"allow":["GET"]}}],"collection":[{"href":"https:\/\/vapemaison.com\/pl\/wp-json\/wp\/v2\/product"}],"about":[{"href":"https:\/\/vapemaison.com\/pl\/wp-json\/wp\/v2\/types\/product"}],"replies":[{"embeddable":true,"href":"https:\/\/vapemaison.com\/pl\/wp-json\/wp\/v2\/comments?post=8133"}],"version-history":[{"count":2,"href":"https:\/\/vapemaison.com\/pl\/wp-json\/wp\/v2\/product\/8133\/revisions"}],"predecessor-version":[{"id":28427,"href":"https:\/\/vapemaison.com\/pl\/wp-json\/wp\/v2\/product\/8133\/revisions\/28427"}],"wp:featuredmedia":[{"embeddable":true,"href":"https:\/\/vapemaison.com\/pl\/wp-json\/wp\/v2\/media\/8156"}],"wp:attachment":[{"href":"https:\/\/vapemaison.com\/pl\/wp-json\/wp\/v2\/media?parent=8133"}],"wp:term":[{"taxonomy":"product_brand","embeddable":true,"href":"https:\/\/vapemaison.com\/pl\/wp-json\/wp\/v2\/product_brand?post=8133"},{"taxonomy":"product_cat","embeddable":true,"href":"https:\/\/vapemaison.com\/pl\/wp-json\/wp\/v2\/product_cat?post=8133"},{"taxonomy":"product_tag","embeddable":true,"href":"https:\/\/vapemaison.com\/pl\/wp-json\/wp\/v2\/product_tag?post=8133"}],"curies":[{"name":"wp","href":"https:\/\/api.w.org\/{rel}","templated":true}]}}