

{"id":8253,"date":"2025-10-23T05:30:13","date_gmt":"2025-10-23T05:30:13","guid":{"rendered":"https:\/\/vapemaison.com\/?post_type=product&#038;p=8253"},"modified":"2026-04-14T10:58:49","modified_gmt":"2026-04-14T10:58:49","slug":"jednorazowy-vape-bang-25000-puffow","status":"publish","type":"product","link":"https:\/\/vapemaison.com\/pl\/product\/bang-25000-puffs-disposable-vape\/","title":{"rendered":"Bang 25000 25k Puffs jednorazowe Vape"},"content":{"rendered":"<p>Bang 25k Puffs Disposable Vape zosta\u0142 zaprojektowany, aby zapewni\u0107 r\u00f3wnowag\u0119 mi\u0119dzy d\u0142ugotrwa\u0142\u0105 wydajno\u015bci\u0105, sp\u00f3jnym smakiem i przyjazn\u0105 dla u\u017cytkownika obs\u0142ug\u0105. Pojemno\u015b\u0107 30 ml wst\u0119pnie nape\u0142nionego e-liquidu zapewnia d\u0142u\u017csze u\u017cytkowanie w por\u00f3wnaniu ze standardowymi urz\u0105dzeniami jednorazowymi.<\/p>\n\n\n\n<p>Zasilane akumulatorem 650 mAh urz\u0105dzenie zapewnia stabiln\u0105 moc wyj\u015bciow\u0105 przez ca\u0142y okres u\u017cytkowania. Regulowany system przep\u0142ywu powietrza pozwala u\u017cytkownikom precyzyjnie dostroi\u0107 g\u0119sto\u015b\u0107 pary i op\u00f3r zaci\u0105gania, podczas gdy cewka siatkowa 1,0\u03a9 poprawia konsystencj\u0119 smaku i p\u0142ynn\u0105 produkcj\u0119 pary. Dost\u0119pnych jest wiele opcji mocy nikotyny, oferuj\u0105c elastyczno\u015b\u0107 dla r\u00f3\u017cnych preferencji.<\/p>\n\n\n\n<p>Szukasz wi\u0119cej opcji od BANG? Zapoznaj si\u0119 z nasz\u0105 ofert\u0105 <strong><a href=\"https:\/\/vapemaison.com\/brand\/bang\/\">Kolekcja Bang Vape<\/a><\/strong> aby odkry\u0107 szerok\u0105 gam\u0119 smak\u00f3w, liczby puff\u00f3w i najnowszych dost\u0119pnych modeli. Nie wiesz, kt\u00f3ry wybra\u0107? Przeczytaj nasz <strong><a href=\"https:\/\/vapemaison.com\/2026-no-nicotine-vape-guide-why-zero-nic-is-the-future-of-vaping\/\">Przewodnik po tym, jak wybra\u0107 odpowiedni jednorazowy vape<\/a><\/strong> Aby znale\u017a\u0107 najlepsz\u0105 opcj\u0119 dla swoich potrzeb, mo\u017cesz r\u00f3wnie\u017c przejrze\u0107 nasze <strong><a href=\"https:\/\/vapemaison.com\/product-category\/hot-series\/\">Najlepiej sprzedaj\u0105ce si\u0119 waporyzatory jednorazowe<\/a><\/strong> aby zobaczy\u0107, co kupuj\u0105 teraz inni klienci.<\/p>\n\n\n\n<p><\/p>\n\n\n\n<h2 class=\"wp-block-heading\"><strong>Specyfikacje<\/strong><\/h2>\n\n\n\n<figure class=\"wp-block-table\"><table class=\"has-fixed-layout\"><thead><tr><th>Specyfikacja<\/th><th>Szczeg\u00f3\u0142y<\/th><\/tr><\/thead><tbody><tr><td>Puff Count<\/td><td>Do 25 tys. zaci\u0105gni\u0119\u0107<\/td><\/tr><tr><td>Pojemno\u015b\u0107 e-liquidu<\/td><td>Wst\u0119pnie nape\u0142niony 30 ml<\/td><\/tr><tr><td>Bateria<\/td><td>Akumulator 650 mAh<\/td><\/tr><tr><td>Cewka<\/td><td>Cewka siatkowa (1,0\u03a9)<\/td><\/tr><tr><td>Przep\u0142yw powietrza<\/td><td>Regulowany<\/td><\/tr><tr><td>\u0141adowanie<\/td><td>USB typu C<\/td><\/tr><tr><td>Si\u0142a nikotyny<\/td><td>0%, 2%, 3%, 5%<\/td><\/tr><tr><td>Dzia\u0142anie<\/td><td>Aktywowany rysowaniem<\/td><\/tr><\/tbody><\/table><\/figure>\n\n\n\n<h2 class=\"wp-block-heading\"><strong>Dost\u0119pne smaki<\/strong><\/h2>\n\n\n\n<ul class=\"wp-block-list\">\n<li>L\u00f3d jagodowy<\/li>\n\n\n\n<li>Truskawka Kiwi<\/li>\n\n\n\n<li>Arbuz truskawkowy<\/li>\n\n\n\n<li>Owoce mieszane<\/li>\n\n\n\n<li>Mi\u0119ta jagodowa<\/li>\n\n\n\n<li>Tygrysia Krew<\/li>\n\n\n\n<li>Mango Brzoskwinia<\/li>\n\n\n\n<li>L\u00f3d winogronowy<\/li>\n\n\n\n<li>Bor\u00f3wka Malina<\/li>\n\n\n\n<li>Arbuzowy l\u00f3d<\/li>\n\n\n\n<li>Arbuzowa guma balonowa<\/li>\n\n\n\n<li>L\u00f3d truskawkowy<\/li>\n<\/ul>\n\n\n\n<h2 class=\"wp-block-heading\"><strong>Dlaczego warto wybra\u0107 Bang 25k Puffs<\/strong><\/h2>\n\n\n\n<p>Bang 25000 jest przeznaczony dla u\u017cytkownik\u00f3w, kt\u00f3rzy wymagaj\u0105 d\u0142u\u017cszego u\u017cytkowania bez po\u015bwi\u0119cania kontroli lub jako\u015bci smaku. Du\u017ca pojemno\u015b\u0107 e-liquidu i wysoka liczba zaci\u0105gni\u0119\u0107 zmniejszaj\u0105 potrzeb\u0119 cz\u0119stej wymiany, a regulowany system przep\u0142ywu powietrza pozwala na bardziej spersonalizowane doznania podczas waporyzacji.<\/p>\n\n\n\n<p>Technologia cewki siatkowej zapewnia sta\u0142e ogrzewanie i p\u0142ynne dostarczanie pary, utrzymuj\u0105c stabilno\u015b\u0107 smaku przez ca\u0142y cykl u\u017cytkowania. W po\u0142\u0105czeniu z akumulatorem i wieloma opcjami nikotynowymi, oferuje praktyczne i elastyczne rozwi\u0105zanie do codziennego wapowania.<\/p>\n\n\n\n<p><\/p>","protected":false},"excerpt":{"rendered":"<p>Przedstawiamy Bang 25000 Puffs Disposable Vape, urz\u0105dzenie o du\u017cej pojemno\u015bci oferuj\u0105ce imponuj\u0105ce 25 000 zaci\u0105gni\u0119\u0107 dla niezr\u00f3wnanej wygody. Ten jednorazowy vape jest wst\u0119pnie nape\u0142niony 30 ml e-liquidu i oferuje opcje mocy nikotyny 0%, 2%, 3% i 5%, zaspokajaj\u0105c szereg preferencji u\u017cytkownik\u00f3w.\u00a0<\/p>","protected":false},"featured_media":8261,"comment_status":"open","ping_status":"closed","template":"","meta":[],"product_brand":[57],"product_cat":[144,142],"product_tag":[],"class_list":{"0":"post-8253","1":"product","2":"type-product","3":"status-publish","4":"has-post-thumbnail","6":"product_brand-bang","7":"product_cat-25k-puffs","8":"product_cat-eu-stock","10":"first","11":"instock","12":"sale","13":"shipping-taxable","14":"purchasable","15":"product-type-variable"},"yoast_head":"<!-- This site is optimized with the Yoast SEO plugin v27.4 - https:\/\/yoast.com\/product\/yoast-seo-wordpress\/ -->\n<title>Bang 25000 25k Puffs Disposable Vape - VapeMaison<\/title>\n<meta name=\"description\" content=\"Discover the Bang 25000 25k Puffs Disposable Vape with 30ml e-liquid, adjustable airflow, and 1.0\u03a9 mesh coil for rich, smooth flavor.\" \/>\n<meta name=\"robots\" content=\"index, follow, max-snippet:-1, max-image-preview:large, max-video-preview:-1\" \/>\n<link rel=\"canonical\" href=\"https:\/\/vapemaison.com\/pl\/produkt\/jednorazowy-vape-bang-25000-puffow\/\" \/>\n<meta property=\"og:locale\" content=\"pl_PL\" \/>\n<meta property=\"og:type\" content=\"article\" \/>\n<meta property=\"og:title\" content=\"Bang 25000 25k Puffs Disposable Vape - VapeMaison\" \/>\n<meta property=\"og:description\" content=\"Discover the Bang 25000 25k Puffs Disposable Vape with 30ml e-liquid, adjustable airflow, and 1.0\u03a9 mesh coil for rich, smooth flavor.\" \/>\n<meta property=\"og:url\" content=\"https:\/\/vapemaison.com\/pl\/produkt\/jednorazowy-vape-bang-25000-puffow\/\" \/>\n<meta property=\"og:site_name\" content=\"VapeMaison\" \/>\n<meta property=\"article:modified_time\" content=\"2026-04-14T10:58:49+00:00\" \/>\n<meta property=\"og:image\" content=\"https:\/\/vapemaison.com\/wp-content\/uploads\/2025\/10\/bang-25000-puffs-strawberry-ice-flavor.webp\" \/>\n\t<meta property=\"og:image:width\" content=\"1000\" \/>\n\t<meta property=\"og:image:height\" content=\"1000\" \/>\n\t<meta property=\"og:image:type\" content=\"image\/webp\" \/>\n<meta name=\"twitter:card\" content=\"summary_large_image\" \/>\n<meta name=\"twitter:label1\" content=\"Szacowany czas czytania\" \/>\n\t<meta name=\"twitter:data1\" content=\"2 minuty\" \/>\n<!-- \/ Yoast SEO plugin. -->","yoast_head_json":{"title":"Bang 25000 25k Puffs jednorazowe Vape - VapeMaison","description":"Odkryj jednorazowy waporyzator Bang 25000 25k Puffs z 30 ml e-liquidu, regulowanym przep\u0142ywem powietrza i cewk\u0105 siatkow\u0105 1,0\u03a9 zapewniaj\u0105c\u0105 bogaty, g\u0142adki smak.","robots":{"index":"index","follow":"follow","max-snippet":"max-snippet:-1","max-image-preview":"max-image-preview:large","max-video-preview":"max-video-preview:-1"},"canonical":"https:\/\/vapemaison.com\/pl\/produkt\/jednorazowy-vape-bang-25000-puffow\/","og_locale":"pl_PL","og_type":"article","og_title":"Bang 25000 25k Puffs Disposable Vape - VapeMaison","og_description":"Discover the Bang 25000 25k Puffs Disposable Vape with 30ml e-liquid, adjustable airflow, and 1.0\u03a9 mesh coil for rich, smooth flavor.","og_url":"https:\/\/vapemaison.com\/pl\/produkt\/jednorazowy-vape-bang-25000-puffow\/","og_site_name":"VapeMaison","article_modified_time":"2026-04-14T10:58:49+00:00","og_image":[{"width":1000,"height":1000,"url":"https:\/\/vapemaison.com\/wp-content\/uploads\/2025\/10\/bang-25000-puffs-strawberry-ice-flavor.webp","type":"image\/webp"}],"twitter_card":"summary_large_image","twitter_misc":{"Szacowany czas czytania":"2 minuty"},"schema":{"@context":"https:\/\/schema.org","@graph":[{"@type":"WebPage","@id":"https:\/\/vapemaison.com\/product\/bang-25000-puffs-disposable-vape\/","url":"https:\/\/vapemaison.com\/product\/bang-25000-puffs-disposable-vape\/","name":"Bang 25000 25k Puffs jednorazowe Vape - VapeMaison","isPartOf":{"@id":"https:\/\/vapemaison.com\/#website"},"primaryImageOfPage":{"@id":"https:\/\/vapemaison.com\/product\/bang-25000-puffs-disposable-vape\/#primaryimage"},"image":{"@id":"https:\/\/vapemaison.com\/product\/bang-25000-puffs-disposable-vape\/#primaryimage"},"thumbnailUrl":"https:\/\/vapemaison.com\/wp-content\/uploads\/2025\/10\/bang-25000-puffs-strawberry-ice-flavor.webp","datePublished":"2025-10-23T05:30:13+00:00","dateModified":"2026-04-14T10:58:49+00:00","description":"Odkryj jednorazowy waporyzator Bang 25000 25k Puffs z 30 ml e-liquidu, regulowanym przep\u0142ywem powietrza i cewk\u0105 siatkow\u0105 1,0\u03a9 zapewniaj\u0105c\u0105 bogaty, g\u0142adki smak.","breadcrumb":{"@id":"https:\/\/vapemaison.com\/product\/bang-25000-puffs-disposable-vape\/#breadcrumb"},"inLanguage":"pl-PL","potentialAction":[{"@type":"ReadAction","target":["https:\/\/vapemaison.com\/product\/bang-25000-puffs-disposable-vape\/"]}]},{"@type":"ImageObject","inLanguage":"pl-PL","@id":"https:\/\/vapemaison.com\/product\/bang-25000-puffs-disposable-vape\/#primaryimage","url":"https:\/\/vapemaison.com\/wp-content\/uploads\/2025\/10\/bang-25000-puffs-strawberry-ice-flavor.webp","contentUrl":"https:\/\/vapemaison.com\/wp-content\/uploads\/2025\/10\/bang-25000-puffs-strawberry-ice-flavor.webp","width":1000,"height":1000,"caption":"Bang Puffs Strawberry Ice Flavor Disposable Vape Device"},{"@type":"BreadcrumbList","@id":"https:\/\/vapemaison.com\/product\/bang-25000-puffs-disposable-vape\/#breadcrumb","itemListElement":[{"@type":"ListItem","position":1,"name":"\u9996\u9875","item":"https:\/\/vapemaison.com\/"},{"@type":"ListItem","position":2,"name":"Shop","item":"https:\/\/vapemaison.com\/shop\/"},{"@type":"ListItem","position":3,"name":"Bang","item":"https:\/\/vapemaison.com\/brand\/bang\/"},{"@type":"ListItem","position":4,"name":"Bang 25000 25k Puffs Disposable Vape"}]},{"@type":"WebSite","@id":"https:\/\/vapemaison.com\/#website","url":"https:\/\/vapemaison.com\/","name":"VapeMaison","description":"Wysokiej jako\u015bci urz\u0105dzenia i akcesoria do waporyzacji","publisher":{"@id":"https:\/\/vapemaison.com\/#organization"},"potentialAction":[{"@type":"SearchAction","target":{"@type":"EntryPoint","urlTemplate":"https:\/\/vapemaison.com\/?s={search_term_string}"},"query-input":{"@type":"PropertyValueSpecification","valueRequired":true,"valueName":"search_term_string"}}],"inLanguage":"pl-PL"},{"@type":"Organization","@id":"https:\/\/vapemaison.com\/#organization","name":"VapeMaison","url":"https:\/\/vapemaison.com\/","logo":{"@type":"ImageObject","inLanguage":"pl-PL","@id":"https:\/\/vapemaison.com\/#\/schema\/logo\/image\/","url":"https:\/\/vapemaison.com\/wp-content\/uploads\/2026\/01\/cropped-vapemaison-logo-g-2026.webp","contentUrl":"https:\/\/vapemaison.com\/wp-content\/uploads\/2026\/01\/cropped-vapemaison-logo-g-2026.webp","width":350,"height":280,"caption":"VapeMaison"},"image":{"@id":"https:\/\/vapemaison.com\/#\/schema\/logo\/image\/"},"sameAs":["https:\/\/www.youtube.com\/@VapeMaison"]}]}},"tiered_pricing_type":"fixed","tiered_pricing_fixed_rules":{"30":"10.99","50":"10.29","100":"9.56","200":"8.42"},"tiered_pricing_product_settings":{"layout":"default","base_unit_name":{"singular":null,"plural":null},"default_variation":null},"tiered_pricing_minimum_quantity":10,"tiered_pricing_roles_data":[],"tiered_pricing_percentage_rules":[],"tiered_pricing_maximum_quantity":null,"tiered_pricing_quantity_step":"10","_links":{"self":[{"href":"https:\/\/vapemaison.com\/pl\/wp-json\/wp\/v2\/product\/8253","targetHints":{"allow":["GET"]}}],"collection":[{"href":"https:\/\/vapemaison.com\/pl\/wp-json\/wp\/v2\/product"}],"about":[{"href":"https:\/\/vapemaison.com\/pl\/wp-json\/wp\/v2\/types\/product"}],"replies":[{"embeddable":true,"href":"https:\/\/vapemaison.com\/pl\/wp-json\/wp\/v2\/comments?post=8253"}],"version-history":[{"count":2,"href":"https:\/\/vapemaison.com\/pl\/wp-json\/wp\/v2\/product\/8253\/revisions"}],"predecessor-version":[{"id":28430,"href":"https:\/\/vapemaison.com\/pl\/wp-json\/wp\/v2\/product\/8253\/revisions\/28430"}],"wp:featuredmedia":[{"embeddable":true,"href":"https:\/\/vapemaison.com\/pl\/wp-json\/wp\/v2\/media\/8261"}],"wp:attachment":[{"href":"https:\/\/vapemaison.com\/pl\/wp-json\/wp\/v2\/media?parent=8253"}],"wp:term":[{"taxonomy":"product_brand","embeddable":true,"href":"https:\/\/vapemaison.com\/pl\/wp-json\/wp\/v2\/product_brand?post=8253"},{"taxonomy":"product_cat","embeddable":true,"href":"https:\/\/vapemaison.com\/pl\/wp-json\/wp\/v2\/product_cat?post=8253"},{"taxonomy":"product_tag","embeddable":true,"href":"https:\/\/vapemaison.com\/pl\/wp-json\/wp\/v2\/product_tag?post=8253"}],"curies":[{"name":"wp","href":"https:\/\/api.w.org\/{rel}","templated":true}]}}