

{"id":8801,"date":"2025-10-24T10:32:47","date_gmt":"2025-10-24T10:32:47","guid":{"rendered":"https:\/\/vapemaison.com\/?post_type=product&#038;p=8801"},"modified":"2026-03-25T08:13:54","modified_gmt":"2026-03-25T08:13:54","slug":"jednorazowy-vape-bang-12000-puffow","status":"publish","type":"product","link":"https:\/\/vapemaison.com\/pl\/product\/bang-12000-puffs-disposable-vape\/","title":{"rendered":"Vape jednorazowe Bang Puff 12k"},"content":{"rendered":"<p>Do\u015bwiadcz wydajno\u015bci na najwy\u017cszym poziomie dzi\u0119ki waporyzatorowi Puff 12k, zaprojektowanemu zar\u00f3wno dla mi\u0142o\u015bnik\u00f3w smaku, jak i intensywnych u\u017cytkownik\u00f3w. Wyposa\u017cony w pot\u0119\u017cn\u0105 bateri\u0119 650 mAh i du\u017c\u0105 pojemno\u015b\u0107 20 ml e-liquidu, zapewnia d\u0142ugotrwa\u0142e u\u017cytkowanie bez konieczno\u015bci cz\u0119stego \u0142adowania.<\/p>\n\n\n\n<p>Zaawansowany <strong>Technologia Mesh Coil w po\u0142\u0105czeniu z cewk\u0105 mech. 1,0\u03a9<\/strong> zapewnia g\u0142adsz\u0105 par\u0119 i znacznie zwi\u0119ksza czysto\u015b\u0107 smaku. Ka\u017cde zaci\u0105gni\u0119cie jest bogate, sp\u00f3jne i satysfakcjonuj\u0105ce.<\/p>\n\n\n\n<p>\u0141adowanie jest \u0142atwe dzi\u0119ki <strong>Port typu C z wej\u015bciem 5V\/1A<\/strong>, umo\u017cliwiaj\u0105c szybki powr\u00f3t do waporyzacji. Wbudowany <strong>Efekt \u015bwietlny LED<\/strong> Dodaje nowoczesnego i stylowego akcentu, dzi\u0119ki czemu ka\u017cda sesja jest przyjemniejsza.<\/p>\n\n\n\n<p>Niezale\u017cnie od tego, czy wolisz opcje beznikotynowe, czy silniejsz\u0105 satysfakcj\u0119, to urz\u0105dzenie oferuje <strong>0%, 2%, 3% i 5% poziomy nikotyny w soli<\/strong> zgodnie z osobistymi preferencjami.<\/p>\n\n\n\n<p>Szukasz wi\u0119cej opcji? Mo\u017cesz zapozna\u0107 si\u0119 z nasz\u0105 ofert\u0105 <strong><a href=\"https:\/\/vapemaison.com\/brand\/bang\/\">Kolekcja vape BANG<\/a><\/strong> aby odkry\u0107 wi\u0119cej smak\u00f3w i modeli. Je\u015bli chcesz por\u00f3wna\u0107 z innymi urz\u0105dzeniami, sprawd\u017a nasze <strong>Kategoria vape jednorazowego u\u017cytku<\/strong> dla najlepiej sprzedaj\u0105cych si\u0119 produkt\u00f3w. Nie wiesz, kt\u00f3ry wybra\u0107? Przeczytaj nasz <strong>Przewodnik po tym, jak wybra\u0107 odpowiedni jednorazowy vape<\/strong>. Mo\u017cesz r\u00f3wnie\u017c przegl\u0105da\u0107 nasze <strong>Najlepiej sprzedaj\u0105ce si\u0119 waporyzatory jednorazowe<\/strong> aby zobaczy\u0107, co podoba si\u0119 innym klientom.<\/p>\n\n\n\n<figure class=\"wp-block-table\"><table class=\"has-fixed-layout\"><thead><tr><th>Specyfikacja<\/th><th>Szczeg\u00f3\u0142y<\/th><\/tr><\/thead><tbody><tr><td>Pojemno\u015b\u0107 e-liquidu<\/td><td>20ML<\/td><\/tr><tr><td>Bateria<\/td><td>650 mAh<\/td><\/tr><tr><td>Port \u0142adowania<\/td><td>Typ-C<\/td><\/tr><tr><td>Wej\u015bcie<\/td><td>5V \/ 1A<\/td><\/tr><tr><td>Typ cewki<\/td><td>Siatkowa cewka<\/td><\/tr><tr><td>Odporno\u015b\u0107<\/td><td>Cewka mechaniczna 1,0\u03a9<\/td><\/tr><tr><td>Si\u0142a nikotyny<\/td><td>0% \/ 2% \/ 3% \/ 5%<\/td><\/tr><tr><td>Materia\u0142<\/td><td>PC<\/td><\/tr><tr><td>\u015awiat\u0142o LED<\/td><td>Tak<\/td><\/tr><tr><td>Pakowanie<\/td><td>10 sztuk \/ pude\u0142ko<\/td><\/tr><tr><td>Gwarancja<\/td><td>1 rok<\/td><\/tr><tr><td>MFD<\/td><td>Zobacz opakowanie<\/td><\/tr><\/tbody><\/table><\/figure>\n\n\n\n<h2 class=\"wp-block-heading\">Lista smak\u00f3w<\/h2>\n\n\n\n<p>Banan truskawkowy<br>Kiwi Passion Fruit Guava<br>Truskawka Kiwi<br>Blue Razz Ice<br>Kwa\u015bne jab\u0142ko malina<br>Arbuz Bubblegum<br>Arbuz truskawkowy<br>Sok truskawkowy<br>Black Dragon Ice<br>Arbuzowy l\u00f3d<br>L\u00f3d jagodowy<br>Brzoskwinia Mango Arbuz<br>L\u00f3d winogronowy<br>Owoce mieszane<br>Liczi truskawkowe<br>Mi\u0119towy l\u00f3d<br>Arbuz malinowy<br>L\u00f3d truskawkowy<br>L\u00f3d brzoskwiniowy<br>Mango truskawkowe<\/p>","protected":false},"excerpt":{"rendered":"<p>Experience next-level performance with Puff 12k vape, designed for both flavor lovers and heavy users. Equipped with a powerful 650mAh battery and a large 20ML e-liquid capacity, it ensures long-lasting use without frequent recharging. The advanced Mesh Coil technology combined with a 1.0\u03a9 mech coil delivers smoother vapor and significantly enhances flavor purity. Every puff [&hellip;]<\/p>\n","protected":false},"featured_media":8814,"comment_status":"open","ping_status":"closed","template":"","meta":[],"product_brand":[57],"product_cat":[154],"product_tag":[],"class_list":{"0":"post-8801","1":"product","2":"type-product","3":"status-publish","4":"has-post-thumbnail","6":"product_brand-bang","7":"product_cat-12k-puffs","9":"first","10":"instock","11":"sale","12":"shipping-taxable","13":"purchasable","14":"product-type-variable"},"yoast_head":"<!-- This site is optimized with the Yoast SEO plugin v27.4 - https:\/\/yoast.com\/product\/yoast-seo-wordpress\/ -->\n<title>Bang Puff 12k Disposable Vape - 20ML E-Liquid, Fast Charging<\/title>\n<meta name=\"description\" content=\"Experience the Bang Puff 12k Disposable Vape. Enjoy quick recharging with TYPE-C fast charging and vibrant LED effects. Available your preferences.\" \/>\n<meta name=\"robots\" content=\"index, follow, max-snippet:-1, max-image-preview:large, max-video-preview:-1\" \/>\n<link rel=\"canonical\" href=\"https:\/\/vapemaison.com\/pl\/produkt\/jednorazowy-vape-bang-12000-puffow\/\" \/>\n<meta property=\"og:locale\" content=\"pl_PL\" \/>\n<meta property=\"og:type\" content=\"article\" \/>\n<meta property=\"og:title\" content=\"Bang Puff 12k Disposable Vape - 20ML E-Liquid, Fast Charging\" \/>\n<meta property=\"og:description\" content=\"Experience the Bang Puff 12k Disposable Vape. Enjoy quick recharging with TYPE-C fast charging and vibrant LED effects. Available your preferences.\" \/>\n<meta property=\"og:url\" content=\"https:\/\/vapemaison.com\/pl\/produkt\/jednorazowy-vape-bang-12000-puffow\/\" \/>\n<meta property=\"og:site_name\" content=\"VapeMaison\" \/>\n<meta property=\"article:modified_time\" content=\"2026-03-25T08:13:54+00:00\" \/>\n<meta property=\"og:image\" content=\"https:\/\/vapemaison.com\/wp-content\/uploads\/2025\/10\/Bang_12k-1-scaled-1.jpg\" \/>\n\t<meta property=\"og:image:width\" content=\"2045\" \/>\n\t<meta property=\"og:image:height\" content=\"2560\" \/>\n\t<meta property=\"og:image:type\" content=\"image\/jpeg\" \/>\n<meta name=\"twitter:card\" content=\"summary_large_image\" \/>\n<meta name=\"twitter:label1\" content=\"Szacowany czas czytania\" \/>\n\t<meta name=\"twitter:data1\" content=\"2 minuty\" \/>\n<!-- \/ Yoast SEO plugin. -->","yoast_head_json":{"title":"Bang Puff 12k jednorazowy Vape - 20ML E-Liquid, szybkie \u0142adowanie","description":"Poznaj jednorazowy waporyzator Bang Puff 12k. Ciesz si\u0119 szybkim \u0142adowaniem za pomoc\u0105 szybkiego \u0142adowania TYPE-C i \u017cywymi efektami LED. Dost\u0119pne preferencje.","robots":{"index":"index","follow":"follow","max-snippet":"max-snippet:-1","max-image-preview":"max-image-preview:large","max-video-preview":"max-video-preview:-1"},"canonical":"https:\/\/vapemaison.com\/pl\/produkt\/jednorazowy-vape-bang-12000-puffow\/","og_locale":"pl_PL","og_type":"article","og_title":"Bang Puff 12k Disposable Vape - 20ML E-Liquid, Fast Charging","og_description":"Experience the Bang Puff 12k Disposable Vape. Enjoy quick recharging with TYPE-C fast charging and vibrant LED effects. Available your preferences.","og_url":"https:\/\/vapemaison.com\/pl\/produkt\/jednorazowy-vape-bang-12000-puffow\/","og_site_name":"VapeMaison","article_modified_time":"2026-03-25T08:13:54+00:00","og_image":[{"width":2045,"height":2560,"url":"https:\/\/vapemaison.com\/wp-content\/uploads\/2025\/10\/Bang_12k-1-scaled-1.jpg","type":"image\/jpeg"}],"twitter_card":"summary_large_image","twitter_misc":{"Szacowany czas czytania":"2 minuty"},"schema":{"@context":"https:\/\/schema.org","@graph":[{"@type":"WebPage","@id":"https:\/\/vapemaison.com\/product\/bang-12000-puffs-disposable-vape\/","url":"https:\/\/vapemaison.com\/product\/bang-12000-puffs-disposable-vape\/","name":"Bang Puff 12k jednorazowy Vape - 20ML E-Liquid, szybkie \u0142adowanie","isPartOf":{"@id":"https:\/\/vapemaison.com\/#website"},"primaryImageOfPage":{"@id":"https:\/\/vapemaison.com\/product\/bang-12000-puffs-disposable-vape\/#primaryimage"},"image":{"@id":"https:\/\/vapemaison.com\/product\/bang-12000-puffs-disposable-vape\/#primaryimage"},"thumbnailUrl":"https:\/\/vapemaison.com\/wp-content\/uploads\/2025\/10\/Bang_12k-1-scaled-1.jpg","datePublished":"2025-10-24T10:32:47+00:00","dateModified":"2026-03-25T08:13:54+00:00","description":"Poznaj jednorazowy waporyzator Bang Puff 12k. Ciesz si\u0119 szybkim \u0142adowaniem za pomoc\u0105 szybkiego \u0142adowania TYPE-C i \u017cywymi efektami LED. Dost\u0119pne preferencje.","breadcrumb":{"@id":"https:\/\/vapemaison.com\/product\/bang-12000-puffs-disposable-vape\/#breadcrumb"},"inLanguage":"pl-PL","potentialAction":[{"@type":"ReadAction","target":["https:\/\/vapemaison.com\/product\/bang-12000-puffs-disposable-vape\/"]}]},{"@type":"ImageObject","inLanguage":"pl-PL","@id":"https:\/\/vapemaison.com\/product\/bang-12000-puffs-disposable-vape\/#primaryimage","url":"https:\/\/vapemaison.com\/wp-content\/uploads\/2025\/10\/Bang_12k-1-scaled-1.jpg","contentUrl":"https:\/\/vapemaison.com\/wp-content\/uploads\/2025\/10\/Bang_12k-1-scaled-1.jpg","width":2045,"height":2560,"caption":"Bang 12k 1 Scaled Disposable Vape Device"},{"@type":"BreadcrumbList","@id":"https:\/\/vapemaison.com\/product\/bang-12000-puffs-disposable-vape\/#breadcrumb","itemListElement":[{"@type":"ListItem","position":1,"name":"\u9996\u9875","item":"https:\/\/vapemaison.com\/"},{"@type":"ListItem","position":2,"name":"Shop","item":"https:\/\/vapemaison.com\/shop\/"},{"@type":"ListItem","position":3,"name":"Bang","item":"https:\/\/vapemaison.com\/brand\/bang\/"},{"@type":"ListItem","position":4,"name":"Bang Puff 12k Disposable Vape"}]},{"@type":"WebSite","@id":"https:\/\/vapemaison.com\/#website","url":"https:\/\/vapemaison.com\/","name":"VapeMaison","description":"Wysokiej jako\u015bci urz\u0105dzenia i akcesoria do waporyzacji","publisher":{"@id":"https:\/\/vapemaison.com\/#organization"},"potentialAction":[{"@type":"SearchAction","target":{"@type":"EntryPoint","urlTemplate":"https:\/\/vapemaison.com\/?s={search_term_string}"},"query-input":{"@type":"PropertyValueSpecification","valueRequired":true,"valueName":"search_term_string"}}],"inLanguage":"pl-PL"},{"@type":"Organization","@id":"https:\/\/vapemaison.com\/#organization","name":"VapeMaison","url":"https:\/\/vapemaison.com\/","logo":{"@type":"ImageObject","inLanguage":"pl-PL","@id":"https:\/\/vapemaison.com\/#\/schema\/logo\/image\/","url":"https:\/\/vapemaison.com\/wp-content\/uploads\/2026\/01\/cropped-vapemaison-logo-g-2026.webp","contentUrl":"https:\/\/vapemaison.com\/wp-content\/uploads\/2026\/01\/cropped-vapemaison-logo-g-2026.webp","width":350,"height":280,"caption":"VapeMaison"},"image":{"@id":"https:\/\/vapemaison.com\/#\/schema\/logo\/image\/"},"sameAs":["https:\/\/www.youtube.com\/@VapeMaison"]}]}},"tiered_pricing_type":"fixed","tiered_pricing_fixed_rules":{"30":"11.99","50":"10.68","100":"9.42","200":"8.56"},"tiered_pricing_product_settings":{"layout":"default","base_unit_name":{"singular":null,"plural":null},"default_variation":null},"tiered_pricing_minimum_quantity":10,"tiered_pricing_roles_data":[],"tiered_pricing_percentage_rules":[],"tiered_pricing_maximum_quantity":null,"tiered_pricing_quantity_step":"10","_links":{"self":[{"href":"https:\/\/vapemaison.com\/pl\/wp-json\/wp\/v2\/product\/8801","targetHints":{"allow":["GET"]}}],"collection":[{"href":"https:\/\/vapemaison.com\/pl\/wp-json\/wp\/v2\/product"}],"about":[{"href":"https:\/\/vapemaison.com\/pl\/wp-json\/wp\/v2\/types\/product"}],"replies":[{"embeddable":true,"href":"https:\/\/vapemaison.com\/pl\/wp-json\/wp\/v2\/comments?post=8801"}],"version-history":[{"count":2,"href":"https:\/\/vapemaison.com\/pl\/wp-json\/wp\/v2\/product\/8801\/revisions"}],"predecessor-version":[{"id":28449,"href":"https:\/\/vapemaison.com\/pl\/wp-json\/wp\/v2\/product\/8801\/revisions\/28449"}],"wp:featuredmedia":[{"embeddable":true,"href":"https:\/\/vapemaison.com\/pl\/wp-json\/wp\/v2\/media\/8814"}],"wp:attachment":[{"href":"https:\/\/vapemaison.com\/pl\/wp-json\/wp\/v2\/media?parent=8801"}],"wp:term":[{"taxonomy":"product_brand","embeddable":true,"href":"https:\/\/vapemaison.com\/pl\/wp-json\/wp\/v2\/product_brand?post=8801"},{"taxonomy":"product_cat","embeddable":true,"href":"https:\/\/vapemaison.com\/pl\/wp-json\/wp\/v2\/product_cat?post=8801"},{"taxonomy":"product_tag","embeddable":true,"href":"https:\/\/vapemaison.com\/pl\/wp-json\/wp\/v2\/product_tag?post=8801"}],"curies":[{"name":"wp","href":"https:\/\/api.w.org\/{rel}","templated":true}]}}