

{"id":8984,"date":"2025-10-25T07:07:17","date_gmt":"2025-10-25T07:07:17","guid":{"rendered":"https:\/\/vapemaison.com\/?post_type=product&#038;p=8984"},"modified":"2026-05-16T09:26:14","modified_gmt":"2026-05-16T09:26:14","slug":"hume-azul-24000-puffow-jednorazowych-vape","status":"publish","type":"product","link":"https:\/\/vapemaison.com\/pl\/product\/hume-azul-24000-puffs-disposable-vape\/","title":{"rendered":"Vape jednorazowe Azul Puff 24k - cewka siatkowa Premium, bateria 600 mAh, nikotyna 2%"},"content":{"rendered":"<p>Odkryj najlepsze wra\u017cenia z waporyzacji dzi\u0119ki <strong>Vape jednorazowe Azul Puff 24k<\/strong>, zaprojektowany dla tych, kt\u00f3rzy szukaj\u0105 wysokiej wydajno\u015bci i wyj\u0105tkowego smaku. Z wydajno\u015bci\u0105 do <strong>24 000 zaci\u0105gni\u0119\u0107<\/strong> na urz\u0105dzenie, zapewnia d\u0142ugotrwa\u0142\u0105 satysfakcj\u0119. Wyposa\u017cony w <strong>cewka siatkowa<\/strong>, a <strong>Bateria 600 mAh<\/strong>, oraz <strong>Port \u0142adowania typu C<\/strong>, To urz\u0105dzenie zosta\u0142o zbudowane z my\u015bl\u0105 o p\u0142ynnych, sp\u00f3jnych doznaniach. Ciesz si\u0119 r\u00f3\u017cnorodno\u015bci\u0105 pysznych smak\u00f3w dzi\u0119ki <strong>Zawarto\u015b\u0107 nikotyny 2%<\/strong>, idealny dla ka\u017cdego gustu.<\/p>\n\n\n\n<figure class=\"wp-block-embed is-type-video is-provider-youtube wp-block-embed-youtube wp-embed-aspect-9-16 wp-has-aspect-ratio\"><div class=\"wp-block-embed__wrapper\">\n<div class=\"video-container\"><iframe title=\"Humo Azul 24000 Puffs Vape - Unboxing i jak u\u017cywa\u0107 | Smak lodu arbuzowego\" width=\"563\" height=\"1000\" src=\"https:\/\/www.youtube.com\/embed\/U0POWHMEwbU?feature=oembed\" frameborder=\"0\" allow=\"accelerometer; autoplay; clipboard-write; encrypted-media; gyroscope; picture-in-picture; web-share\" referrerpolicy=\"strict-origin-when-cross-origin\" allowfullscreen><\/iframe><\/div>\n<\/div><\/figure>\n\n\n\n<h3 class=\"wp-block-heading\"><strong>Dlaczego warto wybra\u0107 <strong>Vape jednorazowe Azul Puff 24k<\/strong>?<\/strong><\/h3>\n\n\n\n<p><strong>Niezr\u00f3wnana pojemno\u015b\u0107 dmuchawy<\/strong><br>Z maksymalnie <strong>24000 zaci\u0105gni\u0119\u0107<\/strong>, w <strong>Humo Azul<\/strong> wyr\u00f3\u017cnia si\u0119 jako jeden z najbardziej trwa\u0142ych waporyzator\u00f3w jednorazowych dost\u0119pnych obecnie na rynku. Po\u017cegnaj si\u0119 z ci\u0105g\u0142ymi wymianami i przywitaj si\u0119 z tygodniami nieprzerwanej przyjemno\u015bci. Jest to idealne rozwi\u0105zanie dla waper\u00f3w, kt\u00f3rzy wymagaj\u0105 trwa\u0142o\u015bci bez kompromis\u00f3w w zakresie wydajno\u015bci.<\/p>\n\n\n\n<p><strong>Zaawansowana technologia cewek siatkowych<\/strong><br>Nasz <strong>Siatkowa cewka<\/strong> gwarancje technologiczne <strong>bogatszy, g\u0142adszy smak<\/strong> przy ka\u017cdym wdechu. W przeciwie\u0144stwie do tradycyjnych cewek, cewki siatkowe r\u00f3wnomiernie podgrzewaj\u0105 e-ciecz, tworz\u0105c bardziej satysfakcjonuj\u0105c\u0105 i aromatyczn\u0105 par\u0119. Oczekuj sp\u00f3jnego smaku, kt\u00f3ry nie zanika - idealny na ka\u017cd\u0105 sesj\u0119.<\/p>\n\n\n\n<p><strong>D\u0142ugotrwa\u0142a moc<\/strong><br>Zasilany przez <strong>Akumulator o pojemno\u015bci 600 mAh<\/strong>, w <strong><strong>Humo Azul 24000 puff\u00f3w jednorazowego u\u017cytku Vape<\/strong><\/strong> jest przeznaczony do d\u0142ugotrwa\u0142ego u\u017cytkowania. Mo\u017cna j\u0105 \u0142adowa\u0107 za pomoc\u0105 wygodnego <strong>Port typu C<\/strong>, i b\u0119dziesz m\u00f3g\u0142 wr\u00f3ci\u0107 do wapowania w mgnieniu oka, przy minimalnym czasie przestoju.<\/p>\n\n\n\n<p><strong>P\u0142ynna nikotynowa satysfakcja<\/strong><br>Z <strong>Nikotyna 2%<\/strong>, Ka\u017cde zaci\u0105gni\u0119cie si\u0119 zapewnia idealn\u0105 r\u00f3wnowag\u0119 mi\u0119dzy satysfakcjonuj\u0105cym uderzeniem a p\u0142ynnym doznaniem z waporyzacji. Niezale\u017cnie od tego, czy chcesz odej\u015b\u0107 od tradycyjnych papieros\u00f3w, czy po prostu cieszy\u0107 si\u0119 czystsz\u0105 alternatyw\u0105, ten waporyzator zapewnia za ka\u017cdym razem.<\/p>\n\n\n\n<p><strong>Kluczowe cechy<\/strong>:<\/p>\n\n\n\n<ul class=\"wp-block-list\">\n<li><strong>24,000 Puffs<\/strong>: Maksymalna pojemno\u015b\u0107 zaci\u0105gni\u0119cia dla d\u0142u\u017cszych wra\u017ce\u0144 z waporyzacji.<\/li>\n\n\n\n<li><strong>Technologia cewki siatkowej<\/strong>: Zapewnia bogaty, pe\u0142ny smak przy ka\u017cdym wdechu.<\/li>\n\n\n\n<li><strong>Bateria 600 mAh<\/strong>: D\u0142ugotrwa\u0142a i wydajna moc, zapewniaj\u0105ca nieprzerwan\u0105 przyjemno\u015b\u0107 z u\u017cytkowania.<\/li>\n\n\n\n<li><strong>\u0141adowanie typu C<\/strong>: Szybkie i \u0142atwe \u0142adowanie dla maksymalnej wygody.<\/li>\n\n\n\n<li><strong>2% Zawarto\u015b\u0107 nikotyny<\/strong>: G\u0142adkie i satysfakcjonuj\u0105ce uderzenie nikotyny.<\/li>\n<\/ul>\n\n\n\n<p><strong>Dost\u0119pne smaki<\/strong>:<\/p>\n\n\n\n<ul class=\"wp-block-list\">\n<li><strong>L\u00f3d brzoskwiniowy<\/strong><\/li>\n\n\n\n<li><strong>L\u00f3d jagodowy<\/strong><\/li>\n\n\n\n<li><strong>L\u00f3d winogronowy<\/strong><\/li>\n\n\n\n<li><strong>Je\u017cyna Dragonfruit<\/strong><\/li>\n\n\n\n<li><strong>Melon Ice<\/strong><\/li>\n\n\n\n<li><strong>Truskawka Arbuz Winogrono<\/strong><\/li>\n\n\n\n<li><strong>Lemon Lime<\/strong><\/li>\n\n\n\n<li><strong>Arbuzowy l\u00f3d<\/strong><\/li>\n\n\n\n<li><strong>Truskawka \u017burawina Wi\u015bnia<\/strong><\/li>\n\n\n\n<li><strong>Blue Razz Ice<\/strong><\/li>\n\n\n\n<li><strong>Marakuja Kiwi Guawa<\/strong><\/li>\n<\/ul>\n\n\n\n<p><strong>Opcje pakowania<\/strong>:<\/p>\n\n\n\n<ul class=\"wp-block-list\">\n<li><strong>Ma\u0142y pakiet<\/strong>: 1 sztuka w opakowaniu (rozmiar: 42,5<em>42.5<\/em>137 mm)<\/li>\n\n\n\n<li><strong>\u015arednie opakowanie<\/strong>: 10 sztuk w opakowaniu (Rozmiar: 218<em>89<\/em>140 mm)<\/li>\n\n\n\n<li><strong>Karton g\u0142\u00f3wny<\/strong>200 sztuk w opakowaniu (rozmiar: 474x305x518 mm, waga: 20 kg)<\/li>\n<\/ul>\n\n\n\n<h4 class=\"wp-block-heading\">Aby dowiedzie\u0107 si\u0119 wi\u0119cej o produktach marki, <a href=\"https:\/\/vapemaison.com\/shop\/\">kliknij tutaj<\/a> Odkryj \u015bwiat waporyzacji premium na stronie <a href=\"https:\/\/vapemaison.com\/\">VapeMaison<\/a>, gdzie innowacja \u0142\u0105czy si\u0119 ze stylem. Przegl\u0105daj nasz\u0105 pe\u0142n\u0105 kolekcj\u0119 na <a href=\"https:\/\/vapemaison.com\/shop\/\">Sklep<\/a> lub odkryj popularn\u0105 stron\u0119 <a href=\"https:\/\/vapemaison.com\/brand\/humo-azul\/\">Kolekcja marki Humo Vape<\/a> oraz <a href=\"https:\/\/vapemaison.com\/brand\/bang\/\">Bang<\/a> produkty, uwielbiane przez vaper\u00f3w na ca\u0142ym \u015bwiecie. Szukasz wi\u0119cej opcji? Sprawd\u017a wszystkie nasze <a href=\"https:\/\/vapemaison.com\/product-category\/puffs-count\/\">Puffy<\/a> urz\u0105dzenia i znale\u017a\u0107 idealne dopasowanie do swojego gustu i stylu \u017cycia.<\/h4>\n\n\n\n<h2 class=\"wp-block-heading has-text-align-center\">Pytania<\/h2>\n\n\n\n<h3 class=\"wp-block-heading\">1<strong>. Jak d\u0142ugo dzia\u0142a Humo Azul 24k?<\/strong><\/h3>\n\n\n\n<p>Humo Azul 24000 zosta\u0142 zaprojektowany, aby zapewni\u0107 <strong>do 24 tys. zaci\u0105gni\u0119\u0107<\/strong>, cho\u0107 rzeczywisty czas dzia\u0142ania zale\u017cy od osobistych nawyk\u00f3w waporyzacyjnych. Du\u017ca pojemno\u015b\u0107 sprawia, \u017ce jest to \u015bwietna opcja dla u\u017cytkownik\u00f3w szukaj\u0105cych urz\u0105dzenia, kt\u00f3re mo\u017ce im towarzyszy\u0107 przez d\u0142u\u017cszy czas.<\/p>\n\n\n\n<h3 class=\"wp-block-heading\"><strong>2. Jak d\u0142ugo trwa \u0142adowanie Humo Azul?<\/strong><\/h3>\n\n\n\n<p>To urz\u0105dzenie zawiera <strong>Akumulator o pojemno\u015bci 600 mAh<\/strong>, kt\u00f3ry zazwyczaj wymaga <strong>35-45 minut<\/strong> aby osi\u0105gn\u0105\u0107 pe\u0142ne na\u0142adowanie przez Type-C. Funkcja szybkiego \u0142adowania minimalizuje czas oczekiwania, dzi\u0119ki czemu mo\u017cna szybko wznowi\u0107 waporyzacj\u0119.<\/p>\n\n\n\n<h3 class=\"wp-block-heading\"><strong>3. Jak mog\u0119 sprawdzi\u0107, czy Azul Puff 24k jest wyko\u0144czony?<\/strong><\/h3>\n\n\n\n<p>Zauwa\u017cysz, \u017ce jest blisko ko\u0144ca, kiedy <strong>smak staje si\u0119 s\u0142aby<\/strong>, W takim przypadku spada ilo\u015b\u0107 wytwarzanej pary lub urz\u0105dzenie ca\u0142kowicie przestaje j\u0105 wytwarza\u0107. Niekt\u00f3rzy u\u017cytkownicy zauwa\u017caj\u0105 r\u00f3wnie\u017c, \u017ce urz\u0105dzenie jest l\u017cejsze po zu\u017cyciu ca\u0142ego e-cieczy.<\/p>\n\n\n\n<h3 class=\"wp-block-heading\"><strong>4. Czy mog\u0119 ponownie nape\u0142ni\u0107 Humo Azul 24000?<\/strong><\/h3>\n\n\n\n<p>Nie. Humo Azul 24000 jest <strong>urz\u0105dzenie jednorazowego u\u017cytku<\/strong>, co oznacza, \u017ce nie mo\u017cna go ponownie nape\u0142ni\u0107. Po wyczerpaniu wbudowanego e-liquidu wystarczy wyrzuci\u0107 urz\u0105dzenie i wymieni\u0107 je na nowe.<\/p>\n\n\n\n<h3 class=\"wp-block-heading\"><strong>5. Czy to urz\u0105dzenie jest przyjazne dla pocz\u0105tkuj\u0105cych?<\/strong><\/h3>\n\n\n\n<p>Tak. <strong>Prosta konstrukcja umo\u017cliwiaj\u0105ca inhalacj\u0119 i aktywacj\u0119<\/strong> sprawia, \u017ce jest on szczeg\u00f3lnie odpowiedni dla pocz\u0105tkuj\u0105cych vaper\u00f3w. Brak przycisk\u00f3w i ustawie\u0144 sprawia, \u017ce pocz\u0105tkuj\u0105cy mog\u0105 od razu cieszy\u0107 si\u0119 p\u0142ynnymi i sp\u00f3jnymi doznaniami.<\/p>\n\n\n\n<h3 class=\"wp-block-heading\">6.Jak d\u0142ugo trwa wysy\u0142ka?<\/h3>\n\n\n\n<p>Zam\u00f3wienia s\u0105 przetwarzane w ci\u0105gu <strong>24 godziny<\/strong> po potwierdzeniu p\u0142atno\u015bci.<br>The <strong>Humo Azul<\/strong> Produkt jest obecnie dost\u0119pny w naszym magazynie <strong>Magazyn w Niemczech<\/strong>.<\/p>\n\n\n\n<ul class=\"wp-block-list\">\n<li><strong>Niemcy:<\/strong> 3-5 dni roboczych<\/li>\n\n\n\n<li><strong>Inne kraje europejskie:<\/strong> 5-7 dni roboczych<\/li>\n\n\n\n<li><strong>Poza Europ\u0105:<\/strong> Wysy\u0142ka z Chin, oko\u0142o 10-15 dni roboczych<\/li>\n<\/ul>\n\n\n\n<p>Rzeczywisty czas dostawy mo\u017ce si\u0119 r\u00f3\u017cni\u0107 w zale\u017cno\u015bci od miejsca docelowego i lokalnych zwyczaj\u00f3w. Je\u015bli potrzebujesz dok\u0142adniejszych informacji, skontaktuj si\u0119 z naszym dzia\u0142em obs\u0142ugi klienta przed z\u0142o\u017ceniem zam\u00f3wienia.<\/p>","protected":false},"excerpt":{"rendered":"<p data-start=\"155\" data-end=\"418\">The <strong data-start=\"159\" data-end=\"200\">Humo Azul 24000 puff\u00f3w jednorazowego u\u017cytku Vape<\/strong> jest stworzony dla vaper\u00f3w, kt\u00f3rzy chc\u0105 przed\u0142u\u017cy\u0107 u\u017cytkowanie bez po\u015bwi\u0119cania smaku lub konsystencji. \u0141atwy w u\u017cyciu, wygodny do przenoszenia i dost\u0119pny w szerokiej gamie popularnych smak\u00f3w, jest niezawodn\u0105 opcj\u0105 na co dzie\u0144 dla tych, kt\u00f3rzy ceni\u0105 sobie d\u0142ugotrwa\u0142\u0105 wydajno\u015b\u0107 i czyst\u0105, zr\u00f3wnowa\u017con\u0105 waporyzacj\u0119.<\/p>","protected":false},"featured_media":8985,"comment_status":"open","ping_status":"closed","template":"","meta":[],"product_brand":[166],"product_cat":[292],"product_tag":[],"class_list":{"0":"post-8984","1":"product","2":"type-product","3":"status-publish","4":"has-post-thumbnail","6":"product_brand-humo-azul","7":"product_cat-24k-puffs","9":"first","10":"instock","11":"sale","12":"shipping-taxable","13":"purchasable","14":"product-type-variable"},"yoast_head":"<!-- This site is optimized with the Yoast SEO plugin v27.4 - https:\/\/yoast.com\/product\/yoast-seo-wordpress\/ -->\n<title>Azul Puff 24k Disposable Vape - Mesh Coil, 10+ Flavors<\/title>\n<meta name=\"description\" content=\"Shop the Azul Puff 24k Disposable Vape for a premium vaping experience. Enjoy up to 24,000 puffs with mesh coil technology.\" \/>\n<meta name=\"robots\" content=\"index, follow, max-snippet:-1, max-image-preview:large, max-video-preview:-1\" \/>\n<link rel=\"canonical\" href=\"https:\/\/vapemaison.com\/pl\/produkt\/hume-azul-24000-puffow-jednorazowych-vape\/\" \/>\n<meta property=\"og:locale\" content=\"pl_PL\" \/>\n<meta property=\"og:type\" content=\"article\" \/>\n<meta property=\"og:title\" content=\"Azul Puff 24k Disposable Vape - Mesh Coil, 10+ Flavors\" \/>\n<meta property=\"og:description\" content=\"Shop the Azul Puff 24k Disposable Vape for a premium vaping experience. Enjoy up to 24,000 puffs with mesh coil technology.\" \/>\n<meta property=\"og:url\" content=\"https:\/\/vapemaison.com\/pl\/produkt\/hume-azul-24000-puffow-jednorazowych-vape\/\" \/>\n<meta property=\"og:site_name\" content=\"VapeMaison\" \/>\n<meta property=\"article:modified_time\" content=\"2026-05-16T09:26:14+00:00\" \/>\n<meta property=\"og:image\" content=\"https:\/\/vapemaison.com\/wp-content\/uploads\/2025\/10\/humo-azul-24000-puffs-flavor-blackberry-dragonfruit-picture-scaled.png\" \/>\n\t<meta property=\"og:image:width\" content=\"2560\" \/>\n\t<meta property=\"og:image:height\" content=\"2560\" \/>\n\t<meta property=\"og:image:type\" content=\"image\/png\" \/>\n<meta name=\"twitter:card\" content=\"summary_large_image\" \/>\n<meta name=\"twitter:label1\" content=\"Szacowany czas czytania\" \/>\n\t<meta name=\"twitter:data1\" content=\"4 minuty\" \/>\n<!-- \/ Yoast SEO plugin. -->","yoast_head_json":{"title":"Vape jednorazowe Azul Puff 24k - cewka siatkowa, ponad 10 smak\u00f3w","description":"Jednorazowy waporyzator Azul Puff 24k zapewnia najwy\u017cszej jako\u015bci doznania z waporyzacji. Ciesz si\u0119 nawet 24 000 zaci\u0105gni\u0119\u0107 dzi\u0119ki technologii cewki siatkowej.","robots":{"index":"index","follow":"follow","max-snippet":"max-snippet:-1","max-image-preview":"max-image-preview:large","max-video-preview":"max-video-preview:-1"},"canonical":"https:\/\/vapemaison.com\/pl\/produkt\/hume-azul-24000-puffow-jednorazowych-vape\/","og_locale":"pl_PL","og_type":"article","og_title":"Azul Puff 24k Disposable Vape - Mesh Coil, 10+ Flavors","og_description":"Shop the Azul Puff 24k Disposable Vape for a premium vaping experience. Enjoy up to 24,000 puffs with mesh coil technology.","og_url":"https:\/\/vapemaison.com\/pl\/produkt\/hume-azul-24000-puffow-jednorazowych-vape\/","og_site_name":"VapeMaison","article_modified_time":"2026-05-16T09:26:14+00:00","og_image":[{"width":2560,"height":2560,"url":"https:\/\/vapemaison.com\/wp-content\/uploads\/2025\/10\/humo-azul-24000-puffs-flavor-blackberry-dragonfruit-picture-scaled.png","type":"image\/png"}],"twitter_card":"summary_large_image","twitter_misc":{"Szacowany czas czytania":"4 minuty"},"schema":{"@context":"https:\/\/schema.org","@graph":[{"@type":"WebPage","@id":"https:\/\/vapemaison.com\/product\/hume-azul-24000-puffs-disposable-vape\/","url":"https:\/\/vapemaison.com\/product\/hume-azul-24000-puffs-disposable-vape\/","name":"Vape jednorazowe Azul Puff 24k - cewka siatkowa, ponad 10 smak\u00f3w","isPartOf":{"@id":"https:\/\/vapemaison.com\/#website"},"primaryImageOfPage":{"@id":"https:\/\/vapemaison.com\/product\/hume-azul-24000-puffs-disposable-vape\/#primaryimage"},"image":{"@id":"https:\/\/vapemaison.com\/product\/hume-azul-24000-puffs-disposable-vape\/#primaryimage"},"thumbnailUrl":"https:\/\/vapemaison.com\/wp-content\/uploads\/2025\/10\/humo-azul-24000-puffs-flavor-blackberry-dragonfruit-picture-scaled.png","datePublished":"2025-10-25T07:07:17+00:00","dateModified":"2026-05-16T09:26:14+00:00","description":"Jednorazowy waporyzator Azul Puff 24k zapewnia najwy\u017cszej jako\u015bci doznania z waporyzacji. Ciesz si\u0119 nawet 24 000 zaci\u0105gni\u0119\u0107 dzi\u0119ki technologii cewki siatkowej.","breadcrumb":{"@id":"https:\/\/vapemaison.com\/product\/hume-azul-24000-puffs-disposable-vape\/#breadcrumb"},"inLanguage":"pl-PL","potentialAction":[{"@type":"ReadAction","target":["https:\/\/vapemaison.com\/product\/hume-azul-24000-puffs-disposable-vape\/"]}]},{"@type":"ImageObject","inLanguage":"pl-PL","@id":"https:\/\/vapemaison.com\/product\/hume-azul-24000-puffs-disposable-vape\/#primaryimage","url":"https:\/\/vapemaison.com\/wp-content\/uploads\/2025\/10\/humo-azul-24000-puffs-flavor-blackberry-dragonfruit-picture-scaled.png","contentUrl":"https:\/\/vapemaison.com\/wp-content\/uploads\/2025\/10\/humo-azul-24000-puffs-flavor-blackberry-dragonfruit-picture-scaled.png","width":2560,"height":2560,"caption":"Humo Azul Puffs Flavor Blackberry Dragonfruit Picture Scaled Disposable Vape Device"},{"@type":"BreadcrumbList","@id":"https:\/\/vapemaison.com\/product\/hume-azul-24000-puffs-disposable-vape\/#breadcrumb","itemListElement":[{"@type":"ListItem","position":1,"name":"\u9996\u9875","item":"https:\/\/vapemaison.com\/"},{"@type":"ListItem","position":2,"name":"Shop","item":"https:\/\/vapemaison.com\/shop\/"},{"@type":"ListItem","position":3,"name":"Humo Azul","item":"https:\/\/vapemaison.com\/brand\/humo-azul\/"},{"@type":"ListItem","position":4,"name":"Azul Puff 24k Disposable Vape \u2013 Premium Mesh Coil, 600mAh Battery, 2% Nicotine"}]},{"@type":"WebSite","@id":"https:\/\/vapemaison.com\/#website","url":"https:\/\/vapemaison.com\/","name":"VapeMaison","description":"Wysokiej jako\u015bci urz\u0105dzenia i akcesoria do waporyzacji","publisher":{"@id":"https:\/\/vapemaison.com\/#organization"},"potentialAction":[{"@type":"SearchAction","target":{"@type":"EntryPoint","urlTemplate":"https:\/\/vapemaison.com\/?s={search_term_string}"},"query-input":{"@type":"PropertyValueSpecification","valueRequired":true,"valueName":"search_term_string"}}],"inLanguage":"pl-PL"},{"@type":"Organization","@id":"https:\/\/vapemaison.com\/#organization","name":"VapeMaison","url":"https:\/\/vapemaison.com\/","logo":{"@type":"ImageObject","inLanguage":"pl-PL","@id":"https:\/\/vapemaison.com\/#\/schema\/logo\/image\/","url":"https:\/\/vapemaison.com\/wp-content\/uploads\/2026\/01\/cropped-vapemaison-logo-g-2026.webp","contentUrl":"https:\/\/vapemaison.com\/wp-content\/uploads\/2026\/01\/cropped-vapemaison-logo-g-2026.webp","width":350,"height":280,"caption":"VapeMaison"},"image":{"@id":"https:\/\/vapemaison.com\/#\/schema\/logo\/image\/"},"sameAs":["https:\/\/www.youtube.com\/@VapeMaison"]}]}},"tiered_pricing_type":"fixed","tiered_pricing_fixed_rules":{"30":"8.48","50":"7.99","100":"7.34","200":"6.78"},"tiered_pricing_product_settings":{"layout":"default","base_unit_name":{"singular":null,"plural":null},"default_variation":null},"tiered_pricing_minimum_quantity":10,"tiered_pricing_roles_data":[],"tiered_pricing_percentage_rules":[],"tiered_pricing_maximum_quantity":null,"tiered_pricing_quantity_step":"10","_links":{"self":[{"href":"https:\/\/vapemaison.com\/pl\/wp-json\/wp\/v2\/product\/8984","targetHints":{"allow":["GET"]}}],"collection":[{"href":"https:\/\/vapemaison.com\/pl\/wp-json\/wp\/v2\/product"}],"about":[{"href":"https:\/\/vapemaison.com\/pl\/wp-json\/wp\/v2\/types\/product"}],"replies":[{"embeddable":true,"href":"https:\/\/vapemaison.com\/pl\/wp-json\/wp\/v2\/comments?post=8984"}],"version-history":[{"count":4,"href":"https:\/\/vapemaison.com\/pl\/wp-json\/wp\/v2\/product\/8984\/revisions"}],"predecessor-version":[{"id":26155,"href":"https:\/\/vapemaison.com\/pl\/wp-json\/wp\/v2\/product\/8984\/revisions\/26155"}],"wp:featuredmedia":[{"embeddable":true,"href":"https:\/\/vapemaison.com\/pl\/wp-json\/wp\/v2\/media\/8985"}],"wp:attachment":[{"href":"https:\/\/vapemaison.com\/pl\/wp-json\/wp\/v2\/media?parent=8984"}],"wp:term":[{"taxonomy":"product_brand","embeddable":true,"href":"https:\/\/vapemaison.com\/pl\/wp-json\/wp\/v2\/product_brand?post=8984"},{"taxonomy":"product_cat","embeddable":true,"href":"https:\/\/vapemaison.com\/pl\/wp-json\/wp\/v2\/product_cat?post=8984"},{"taxonomy":"product_tag","embeddable":true,"href":"https:\/\/vapemaison.com\/pl\/wp-json\/wp\/v2\/product_tag?post=8984"}],"curies":[{"name":"wp","href":"https:\/\/api.w.org\/{rel}","templated":true}]}}