

{"id":9031,"date":"2025-10-25T07:47:26","date_gmt":"2025-10-25T07:47:26","guid":{"rendered":"https:\/\/vapemaison.com\/?post_type=product&#038;p=9031"},"modified":"2026-05-15T06:02:13","modified_gmt":"2026-05-15T06:02:13","slug":"humo-azul-15000-puffow-jednorazowe-vape","status":"publish","type":"product","link":"https:\/\/vapemaison.com\/pl\/product\/humo-azul-15000-puffs-disposable-vape\/","title":{"rendered":"Humo Azul Vape 15k Puff 2% Niska zawarto\u015b\u0107 nikotyny Kupuj hurtowo jednorazowe d\u0142ugopisy Vapes z mo\u017cliwo\u015bci\u0105 \u0142adowania"},"content":{"rendered":"<h3 class=\"wp-block-heading\">Odkryj jednorazowy waporyzator Humo Azul 15000 Puffs - teraz w VapeMaison<\/h3>\n\n\n\n<p>Przy <strong>VapeMaison<\/strong>, Naszym celem jest oferowanie wysokiej jako\u015bci rozwi\u0105za\u0144 do waporyzacji na ca\u0142ym \u015bwiecie. <strong>Holandia, Niemcy, Belgia i Hiszpania<\/strong>. The <strong>Humo Azul 15000 Puffs Jednorazowe pi\u00f3ro Vape Pen z mo\u017cliwo\u015bci\u0105 \u0142adowania<\/strong> zosta\u0142 zaprojektowany dla u\u017cytkownik\u00f3w, kt\u00f3rzy oczekuj\u0105 <strong>wyj\u0105tkowa wydajno\u015b\u0107, bogaty smak i d\u0142ugotrwa\u0142a warto\u015b\u0107<\/strong> w ka\u017cdym zaci\u0105gni\u0119ciu.<\/p>\n\n\n\n<figure class=\"wp-block-embed is-type-video is-provider-youtube wp-block-embed-youtube wp-embed-aspect-9-16 wp-has-aspect-ratio\"><div class=\"wp-block-embed__wrapper\">\n<div class=\"video-container\"><iframe title=\"Humo Azul 24000 Puffs Vape - Unboxing i jak u\u017cywa\u0107 | Smak lodu arbuzowego\" width=\"563\" height=\"1000\" src=\"https:\/\/www.youtube.com\/embed\/U0POWHMEwbU?feature=oembed\" frameborder=\"0\" allow=\"accelerometer; autoplay; clipboard-write; encrypted-media; gyroscope; picture-in-picture; web-share\" referrerpolicy=\"strict-origin-when-cross-origin\" allowfullscreen><\/iframe><\/div>\n<\/div><\/figure>\n\n\n\n<h2 class=\"wp-block-heading\">Dlaczego warto wybra\u0107 Humo Azul Vape 15k Puff?<\/h2>\n\n\n\n<h3 class=\"wp-block-heading\"><strong>Bardzo d\u0142uga \u017cywotno\u015b\u0107 - do 15 000 zaci\u0105gni\u0119\u0107<\/strong><\/h3>\n\n\n\n<p>Znacznie zmniejsza potrzeb\u0119 wymiany, zapewniaj\u0105c u\u017cytkownikom op\u0142acalne i beztroskie do\u015bwiadczenie waporyzacji.<\/p>\n\n\n\n<h3 class=\"wp-block-heading\"><strong>Du\u017ca pojemno\u015b\u0107 20 ml E-Liquid<\/strong><\/h3>\n\n\n\n<p>Wi\u0119cej p\u0142ynu oznacza wi\u0119cej smaku i mniej przerw - idealne rozwi\u0105zanie do d\u0142ugotrwa\u0142ego codziennego u\u017cytkowania.<\/p>\n\n\n\n<h3 class=\"wp-block-heading\"><strong>Akumulator 500 mAh z funkcj\u0105 \u0142adowania typu C<\/strong><\/h3>\n\n\n\n<p>Szybkie i wygodne \u0142adowanie sprawia, \u017ce urz\u0105dzenie jest zawsze gotowe do pracy.<\/p>\n\n\n\n<h3 class=\"wp-block-heading\"><strong>Zaawansowana technologia cewek siatkowych<\/strong><\/h3>\n\n\n\n<p>Zapewnia g\u0142\u0119bszy smak, zwi\u0119kszon\u0105 produkcj\u0119 pary i sta\u0142\u0105 g\u0142adko\u015b\u0107 od pierwszego do ostatniego zaci\u0105gni\u0119cia.<\/p>\n\n\n\n<h3 class=\"wp-block-heading\"><strong>Ergonomiczna, przyjazna dla kieszeni konstrukcja<\/strong><\/h3>\n\n\n\n<p>Lekki i wygodny w trzymaniu, idealny do d\u0142u\u017cszych sesji lub waporyzacji w podr\u00f3\u017cy.<\/p>\n\n\n\n<h3 class=\"wp-block-heading\"><strong>Moc nikotyny 2%<\/strong><\/h3>\n\n\n\n<p>Stworzony, aby zr\u00f3wnowa\u017cy\u0107 satysfakcj\u0119 i g\u0142adko\u015b\u0107, odpowiedni zar\u00f3wno dla do\u015bwiadczonych u\u017cytkownik\u00f3w, jak i pocz\u0105tkuj\u0105cych palaczy.<\/p>\n\n\n\n<h2 class=\"wp-block-heading\">Kolekcja smak\u00f3w premium<\/h2>\n\n\n\n<ul class=\"wp-block-list\">\n<li>Peach Ice Cascade<\/li>\n\n\n\n<li>Blueberry Frost<\/li>\n\n\n\n<li>Grape Glacier<\/li>\n\n\n\n<li>Blackberry Dragonfruit Fusion<\/li>\n\n\n\n<li>Truskawka Arbuz Winogrono Medley<\/li>\n\n\n\n<li>Blue Razz Ice Storm<\/li>\n\n\n\n<li>Ch\u0142odzenie arbuzem<\/li>\n\n\n\n<li>Truskawkowo-\u017curawinowo-wi\u015bniowa trifecta<\/li>\n\n\n\n<li>Melon Frost<\/li>\n\n\n\n<li>Sk\u00f3rka z cytryny i limonki<\/li>\n\n\n\n<li>Kiwi Passionfruit Guava Paradise<\/li>\n\n\n\n<li>Zbi\u00f3r jag\u00f3d winogronowych<\/li>\n<\/ul>\n\n\n\n<p>Ka\u017cda mieszanka zosta\u0142a opracowana dla <strong>Czysty smak, orze\u017awiaj\u0105ca r\u00f3wnowaga i sta\u0142a intensywno\u015b\u0107<\/strong>.<\/p>\n\n\n\n<h2 class=\"wp-block-heading\">Zaprojektowany zar\u00f3wno dla sprzedawc\u00f3w detalicznych, jak i konsument\u00f3w<\/h2>\n\n\n\n<p>Niezale\u017cnie od tego, czy jeste\u015b <strong>sprzedawca detaliczny poszukuj\u0105cy niezawodnych produkt\u00f3w o wysokim popycie<\/strong> lub <strong>vaper szukaj\u0105cy doskona\u0142ego urz\u0105dzenia do codziennego u\u017cytku<\/strong>, Humo Azul 15000 Puffs wyr\u00f3\u017cnia si\u0119:<\/p>\n\n\n\n<ul class=\"wp-block-list\">\n<li>D\u0142uga \u017cywotno\u015b\u0107<\/li>\n\n\n\n<li>Najwy\u017csza jako\u015b\u0107 wykonania<\/li>\n\n\n\n<li>R\u00f3\u017cnorodne, wysokiej jako\u015bci opcje smakowe<\/li>\n\n\n\n<li>Wydajno\u015b\u0107 \u0142adowania, kt\u00f3ra maksymalizuje warto\u015b\u0107<\/li>\n<\/ul>\n\n\n\n<h2 class=\"wp-block-heading\">Korzy\u015bci hurtowe w VapeMaison<\/h2>\n\n\n\n<ul class=\"wp-block-list\">\n<li><strong>Dost\u0119pno\u015b\u0107 luzem:<\/strong> Kartony po 300 sztuk, idealne dla hurtownik\u00f3w i sprzedawc\u00f3w.<\/li>\n\n\n\n<li><strong>Konkurencyjne ceny:<\/strong> Atrakcyjne mar\u017ce przy zachowaniu najwy\u017cszej jako\u015bci.<\/li>\n\n\n\n<li><strong>Profesjonalne wsparcie:<\/strong> Sprawne zamawianie, szybka obs\u0142uga i niezawodna dostawa.<\/li>\n<\/ul>\n\n\n\n<h2 class=\"wp-block-heading\">Podnie\u015b swoje wra\u017cenia z waporyzacji ju\u017c dzi\u015b<\/h2>\n\n\n\n<p>Jednorazowy zestaw Vape Humo Azul 15000 Puffs \u0142\u0105czy w sobie <strong>innowacyjna technologia<\/strong>, <strong>Wyd\u0142u\u017cona \u017cywotno\u015b\u0107<\/strong>, oraz <strong>wyj\u0105tkowa wydajno\u015b\u0107 smakowa<\/strong>-Dzi\u0119ki temu jest to jeden z najbardziej niezawodnych wybor\u00f3w na rynku.<\/p>\n\n\n\n<p><strong>Zam\u00f3w teraz na <a href=\"https:\/\/vapemaison.com\/\">VapeMaison<\/a> i do\u015bwiadcz vapingu w najlepszym wydaniu.<\/strong>Poznaj \u015bwiat waporyzacji premium na stronie <a href=\"https:\/\/vapemaison.com\/\">VapeMaison<\/a>, gdzie innowacja \u0142\u0105czy si\u0119 ze stylem. Przegl\u0105daj nasz\u0105 pe\u0142n\u0105 kolekcj\u0119 na <a href=\"https:\/\/vapemaison.com\/shop\/\">Sklep<\/a> lub odkryj popularn\u0105 stron\u0119 <a href=\"https:\/\/vapemaison.com\/brand\/humo-azul\/\">Kolekcja marki Humo Vape<\/a> oraz <a href=\"https:\/\/vapemaison.com\/brand\/bang\/\">Bang<\/a> produkty, uwielbiane przez vaper\u00f3w na ca\u0142ym \u015bwiecie. Szukasz wi\u0119cej opcji? Sprawd\u017a wszystkie nasze <a href=\"https:\/\/vapemaison.com\/product-category\/puffs-count\/\">Puffy<\/a> urz\u0105dzenia i znale\u017a\u0107 idealne dopasowanie do swojego gustu i stylu \u017cycia.<\/p>\n\n\n\n<h2 class=\"wp-block-heading has-text-align-center\"><strong>Najcz\u0119\u015bciej zadawane pytania dotycz\u0105ce Humo Azul 15<\/strong><\/h2>\n\n\n\n<h3 class=\"wp-block-heading\"><strong>1. Jak d\u0142ugo dzia\u0142a Humo Azul 15k?<\/strong><\/h3>\n\n\n\n<p>Humo Azul 15000 zosta\u0142 zaprojektowany, aby zapewni\u0107 <strong>do 15 000 zaci\u0105gni\u0119\u0107<\/strong>, cho\u0107 rzeczywisty czas dzia\u0142ania zale\u017cy od osobistych nawyk\u00f3w waporyzacyjnych. Du\u017ca pojemno\u015b\u0107 sprawia, \u017ce jest to \u015bwietna opcja dla u\u017cytkownik\u00f3w szukaj\u0105cych urz\u0105dzenia, kt\u00f3re mo\u017ce im towarzyszy\u0107 przez d\u0142u\u017cszy czas.<\/p>\n\n\n\n<h3 class=\"wp-block-heading\"><strong>2. Jak d\u0142ugo trwa \u0142adowanie waporyzatora Humo Azul?<\/strong><\/h3>\n\n\n\n<p>To urz\u0105dzenie zawiera <strong>Akumulator o pojemno\u015bci 600 mAh<\/strong>, kt\u00f3ry zazwyczaj wymaga <strong>35-45 minut<\/strong> aby osi\u0105gn\u0105\u0107 pe\u0142ne na\u0142adowanie przez Type-C. Funkcja szybkiego \u0142adowania minimalizuje czas oczekiwania, dzi\u0119ki czemu mo\u017cna szybko wznowi\u0107 waporyzacj\u0119.<\/p>\n\n\n\n<h3 class=\"wp-block-heading\"><strong>3. Jak mog\u0119 stwierdzi\u0107, czy Humo Azul 15k jest uko\u0144czony?<\/strong><\/h3>\n\n\n\n<p>Zauwa\u017cysz, \u017ce jest blisko ko\u0144ca, kiedy <strong>smak staje si\u0119 s\u0142aby<\/strong>, W takim przypadku spada ilo\u015b\u0107 wytwarzanej pary lub urz\u0105dzenie ca\u0142kowicie przestaje j\u0105 wytwarza\u0107. Niekt\u00f3rzy u\u017cytkownicy zauwa\u017caj\u0105 r\u00f3wnie\u017c, \u017ce urz\u0105dzenie jest l\u017cejsze po zu\u017cyciu ca\u0142ego e-cieczy.<\/p>\n\n\n\n<h3 class=\"wp-block-heading\"><strong>4. Czy mog\u0119 ponownie nape\u0142ni\u0107 Humo Azul 15000?<\/strong><\/h3>\n\n\n\n<p>Nie. Humo Azul 15000 jest <strong>urz\u0105dzenie jednorazowego u\u017cytku<\/strong>, co oznacza, \u017ce nie mo\u017cna go ponownie nape\u0142ni\u0107. Po wyczerpaniu wbudowanego e-liquidu wystarczy wyrzuci\u0107 urz\u0105dzenie i wymieni\u0107 je na nowe.<\/p>\n\n\n\n<h3 class=\"wp-block-heading\"><strong>5. Czy to urz\u0105dzenie jest przyjazne dla pocz\u0105tkuj\u0105cych?<\/strong><\/h3>\n\n\n\n<p>Tak. <strong>Prosta konstrukcja umo\u017cliwiaj\u0105ca inhalacj\u0119 i aktywacj\u0119<\/strong> sprawia, \u017ce jest on szczeg\u00f3lnie odpowiedni dla pocz\u0105tkuj\u0105cych vaper\u00f3w. Brak przycisk\u00f3w i ustawie\u0144 sprawia, \u017ce pocz\u0105tkuj\u0105cy mog\u0105 od razu cieszy\u0107 si\u0119 p\u0142ynnymi i sp\u00f3jnymi doznaniami.<\/p>\n\n\n\n<h3 class=\"wp-block-heading\"><strong>6. Co odr\u00f3\u017cnia Humo Azul 15k od innych jednoraz\u00f3wek?<\/strong><\/h3>\n\n\n\n<p>Jego wyr\u00f3\u017cniaj\u0105c\u0105 si\u0119 cech\u0105 jest <strong>Wzornictwo premium inspirowane kultow\u0105 butelk\u0105 tequili Clase Azul<\/strong>, nadaj\u0105c mu niepowtarzalny wygl\u0105d. W po\u0142\u0105czeniu z <strong>15 000 zaci\u0105gni\u0119\u0107<\/strong> oraz <strong>cewka siatkowa<\/strong> kt\u00f3ry poprawia smak i konsystencj\u0119 pary, oferuje wysokiej klasy doznania, kt\u00f3rym wiele urz\u0105dze\u0144 nie mo\u017ce si\u0119 r\u00f3wna\u0107.<\/p>\n\n\n\n<h3 class=\"wp-block-heading\">7.Jak d\u0142ugo trwa wysy\u0142ka?<\/h3>\n\n\n\n<p>Zam\u00f3wienia s\u0105 przetwarzane w ci\u0105gu <strong>24 godziny<\/strong> po potwierdzeniu p\u0142atno\u015bci.<br>The <strong>Humo Azul<\/strong> Produkt jest obecnie dost\u0119pny w naszym magazynie <strong>Magazyn w Niemczech<\/strong>.<\/p>\n\n\n\n<ul class=\"wp-block-list\">\n<li><strong>Niemcy:<\/strong> 3-5 dni roboczych<\/li>\n\n\n\n<li><strong>Inne kraje europejskie:<\/strong> 5-7 dni roboczych<\/li>\n\n\n\n<li><strong>Poza Europ\u0105:<\/strong> Wysy\u0142ka z Chin, oko\u0142o 10-15 dni roboczych<\/li>\n<\/ul>\n\n\n\n<p>Rzeczywisty czas dostawy mo\u017ce si\u0119 r\u00f3\u017cni\u0107 w zale\u017cno\u015bci od miejsca docelowego i lokalnych zwyczaj\u00f3w. Je\u015bli potrzebujesz dok\u0142adniejszych informacji, skontaktuj si\u0119 z naszym dzia\u0142em obs\u0142ugi klienta przed z\u0142o\u017ceniem zam\u00f3wienia.<\/p>\n\n\n\n<p><\/p>","protected":false},"excerpt":{"rendered":"<p data-start=\"132\" data-end=\"399\">The <strong data-start=\"136\" data-end=\"177\">Humo Azul 15000 puff\u00f3w jednorazowego u\u017cytku Vape<\/strong> zosta\u0142 zaprojektowany dla tych, kt\u00f3rzy oczekuj\u0105 d\u0142ugotrwa\u0142ej wydajno\u015bci i g\u0142adkiego, sp\u00f3jnego smaku. Kompaktowy, wygodny w u\u017cyciu i dost\u0119pny w szerokiej gamie wyrafinowanych smak\u00f3w, jest solidnym wyborem na co dzie\u0144 dla u\u017cytkownik\u00f3w indywidualnych i niezawodn\u0105 opcj\u0105 dla sprzedawc\u00f3w detalicznych poszukuj\u0105cych sprawdzonego, ciesz\u0105cego si\u0119 du\u017cym popytem produktu.<\/p>","protected":false},"featured_media":9032,"comment_status":"open","ping_status":"closed","template":"","meta":[],"product_brand":[166],"product_cat":[167],"product_tag":[],"class_list":{"0":"post-9031","1":"product","2":"type-product","3":"status-publish","4":"has-post-thumbnail","6":"product_brand-humo-azul","7":"product_cat-15k-puffs","9":"first","10":"instock","11":"sale","12":"shipping-taxable","13":"purchasable","14":"product-type-variable"},"yoast_head":"<!-- This site is optimized with the Yoast SEO plugin v27.4 - https:\/\/yoast.com\/product\/yoast-seo-wordpress\/ -->\n<title>Humo Azul Vape 15k Puff Disposable Vape \u2013 Rechargeable<\/title>\n<meta name=\"description\" content=\"Shop the Humo Azul Vape 15k Puff Disposable Vape at VapeMaison. Fast Type-C charging, multiple flavors, and bulk purchase options available.\" \/>\n<meta name=\"robots\" content=\"index, follow, max-snippet:-1, max-image-preview:large, max-video-preview:-1\" \/>\n<link rel=\"canonical\" href=\"https:\/\/vapemaison.com\/pl\/produkt\/humo-azul-15000-puffow-jednorazowe-vape\/\" \/>\n<meta property=\"og:locale\" content=\"pl_PL\" \/>\n<meta property=\"og:type\" content=\"article\" \/>\n<meta property=\"og:title\" content=\"Humo Azul Vape 15k Puff Disposable Vape \u2013 Rechargeable\" \/>\n<meta property=\"og:description\" content=\"Shop the Humo Azul Vape 15k Puff Disposable Vape at VapeMaison. Fast Type-C charging, multiple flavors, and bulk purchase options available.\" \/>\n<meta property=\"og:url\" content=\"https:\/\/vapemaison.com\/pl\/produkt\/humo-azul-15000-puffow-jednorazowe-vape\/\" \/>\n<meta property=\"og:site_name\" content=\"VapeMaison\" \/>\n<meta property=\"article:modified_time\" content=\"2026-05-15T06:02:13+00:00\" \/>\n<meta property=\"og:image\" content=\"https:\/\/vapemaison.com\/wp-content\/uploads\/2025\/10\/banner-16-1024x546.png\" \/>\n\t<meta property=\"og:image:width\" content=\"1024\" \/>\n\t<meta property=\"og:image:height\" content=\"546\" \/>\n\t<meta property=\"og:image:type\" content=\"image\/png\" \/>\n<meta name=\"twitter:card\" content=\"summary_large_image\" \/>\n<meta name=\"twitter:label1\" content=\"Szacowany czas czytania\" \/>\n\t<meta name=\"twitter:data1\" content=\"4 minuty\" \/>\n<!-- \/ Yoast SEO plugin. -->","yoast_head_json":{"title":"Humo Azul Vape 15k Puff jednorazowy Vape - \u0142adowalny","description":"Kup jednorazowy papieros Humo Azul Vape 15k Puff w VapeMaison. Dost\u0119pne jest szybkie \u0142adowanie typu C, wiele smak\u00f3w i opcje zakupu hurtowego.","robots":{"index":"index","follow":"follow","max-snippet":"max-snippet:-1","max-image-preview":"max-image-preview:large","max-video-preview":"max-video-preview:-1"},"canonical":"https:\/\/vapemaison.com\/pl\/produkt\/humo-azul-15000-puffow-jednorazowe-vape\/","og_locale":"pl_PL","og_type":"article","og_title":"Humo Azul Vape 15k Puff Disposable Vape \u2013 Rechargeable","og_description":"Shop the Humo Azul Vape 15k Puff Disposable Vape at VapeMaison. Fast Type-C charging, multiple flavors, and bulk purchase options available.","og_url":"https:\/\/vapemaison.com\/pl\/produkt\/humo-azul-15000-puffow-jednorazowe-vape\/","og_site_name":"VapeMaison","article_modified_time":"2026-05-15T06:02:13+00:00","og_image":[{"width":1024,"height":546,"url":"https:\/\/vapemaison.com\/wp-content\/uploads\/2025\/10\/banner-16-1024x546.png","type":"image\/png"}],"twitter_card":"summary_large_image","twitter_misc":{"Szacowany czas czytania":"4 minuty"},"schema":{"@context":"https:\/\/schema.org","@graph":[{"@type":"WebPage","@id":"https:\/\/vapemaison.com\/product\/humo-azul-15000-puffs-disposable-vape\/","url":"https:\/\/vapemaison.com\/product\/humo-azul-15000-puffs-disposable-vape\/","name":"Humo Azul Vape 15k Puff jednorazowy Vape - \u0142adowalny","isPartOf":{"@id":"https:\/\/vapemaison.com\/#website"},"primaryImageOfPage":{"@id":"https:\/\/vapemaison.com\/product\/humo-azul-15000-puffs-disposable-vape\/#primaryimage"},"image":{"@id":"https:\/\/vapemaison.com\/product\/humo-azul-15000-puffs-disposable-vape\/#primaryimage"},"thumbnailUrl":"https:\/\/vapemaison.com\/wp-content\/uploads\/2025\/10\/banner-16-scaled.png","datePublished":"2025-10-25T07:47:26+00:00","dateModified":"2026-05-15T06:02:13+00:00","description":"Kup jednorazowy papieros Humo Azul Vape 15k Puff w VapeMaison. Dost\u0119pne jest szybkie \u0142adowanie typu C, wiele smak\u00f3w i opcje zakupu hurtowego.","breadcrumb":{"@id":"https:\/\/vapemaison.com\/product\/humo-azul-15000-puffs-disposable-vape\/#breadcrumb"},"inLanguage":"pl-PL","potentialAction":[{"@type":"ReadAction","target":["https:\/\/vapemaison.com\/product\/humo-azul-15000-puffs-disposable-vape\/"]}]},{"@type":"ImageObject","inLanguage":"pl-PL","@id":"https:\/\/vapemaison.com\/product\/humo-azul-15000-puffs-disposable-vape\/#primaryimage","url":"https:\/\/vapemaison.com\/wp-content\/uploads\/2025\/10\/banner-16-scaled.png","contentUrl":"https:\/\/vapemaison.com\/wp-content\/uploads\/2025\/10\/banner-16-scaled.png","width":2560,"height":1366,"caption":"Banner 16 Scaled Disposable Vape Device"},{"@type":"BreadcrumbList","@id":"https:\/\/vapemaison.com\/product\/humo-azul-15000-puffs-disposable-vape\/#breadcrumb","itemListElement":[{"@type":"ListItem","position":1,"name":"\u9996\u9875","item":"https:\/\/vapemaison.com\/"},{"@type":"ListItem","position":2,"name":"Shop","item":"https:\/\/vapemaison.com\/shop\/"},{"@type":"ListItem","position":3,"name":"Humo Azul","item":"https:\/\/vapemaison.com\/brand\/humo-azul\/"},{"@type":"ListItem","position":4,"name":"Humo Azul Vape 15k Puff 2% Low Nicotine Bulk Buy Rechargeable Disposable Vapes Pen Wholesale"}]},{"@type":"WebSite","@id":"https:\/\/vapemaison.com\/#website","url":"https:\/\/vapemaison.com\/","name":"VapeMaison","description":"Wysokiej jako\u015bci urz\u0105dzenia i akcesoria do waporyzacji","publisher":{"@id":"https:\/\/vapemaison.com\/#organization"},"potentialAction":[{"@type":"SearchAction","target":{"@type":"EntryPoint","urlTemplate":"https:\/\/vapemaison.com\/?s={search_term_string}"},"query-input":{"@type":"PropertyValueSpecification","valueRequired":true,"valueName":"search_term_string"}}],"inLanguage":"pl-PL"},{"@type":"Organization","@id":"https:\/\/vapemaison.com\/#organization","name":"VapeMaison","url":"https:\/\/vapemaison.com\/","logo":{"@type":"ImageObject","inLanguage":"pl-PL","@id":"https:\/\/vapemaison.com\/#\/schema\/logo\/image\/","url":"https:\/\/vapemaison.com\/wp-content\/uploads\/2026\/01\/cropped-vapemaison-logo-g-2026.webp","contentUrl":"https:\/\/vapemaison.com\/wp-content\/uploads\/2026\/01\/cropped-vapemaison-logo-g-2026.webp","width":350,"height":280,"caption":"VapeMaison"},"image":{"@id":"https:\/\/vapemaison.com\/#\/schema\/logo\/image\/"},"sameAs":["https:\/\/www.youtube.com\/@VapeMaison"]}]}},"tiered_pricing_type":"fixed","tiered_pricing_fixed_rules":{"30":"8.48","50":"7.99","100":"7.34","200":"6.78"},"tiered_pricing_product_settings":{"layout":"default","base_unit_name":{"singular":null,"plural":null},"default_variation":null},"tiered_pricing_minimum_quantity":10,"tiered_pricing_roles_data":[],"tiered_pricing_percentage_rules":[],"tiered_pricing_maximum_quantity":null,"tiered_pricing_quantity_step":"10","_links":{"self":[{"href":"https:\/\/vapemaison.com\/pl\/wp-json\/wp\/v2\/product\/9031","targetHints":{"allow":["GET"]}}],"collection":[{"href":"https:\/\/vapemaison.com\/pl\/wp-json\/wp\/v2\/product"}],"about":[{"href":"https:\/\/vapemaison.com\/pl\/wp-json\/wp\/v2\/types\/product"}],"replies":[{"embeddable":true,"href":"https:\/\/vapemaison.com\/pl\/wp-json\/wp\/v2\/comments?post=9031"}],"version-history":[{"count":4,"href":"https:\/\/vapemaison.com\/pl\/wp-json\/wp\/v2\/product\/9031\/revisions"}],"predecessor-version":[{"id":26151,"href":"https:\/\/vapemaison.com\/pl\/wp-json\/wp\/v2\/product\/9031\/revisions\/26151"}],"wp:featuredmedia":[{"embeddable":true,"href":"https:\/\/vapemaison.com\/pl\/wp-json\/wp\/v2\/media\/9032"}],"wp:attachment":[{"href":"https:\/\/vapemaison.com\/pl\/wp-json\/wp\/v2\/media?parent=9031"}],"wp:term":[{"taxonomy":"product_brand","embeddable":true,"href":"https:\/\/vapemaison.com\/pl\/wp-json\/wp\/v2\/product_brand?post=9031"},{"taxonomy":"product_cat","embeddable":true,"href":"https:\/\/vapemaison.com\/pl\/wp-json\/wp\/v2\/product_cat?post=9031"},{"taxonomy":"product_tag","embeddable":true,"href":"https:\/\/vapemaison.com\/pl\/wp-json\/wp\/v2\/product_tag?post=9031"}],"curies":[{"name":"wp","href":"https:\/\/api.w.org\/{rel}","templated":true}]}}