

{"id":9143,"date":"2025-10-25T09:22:15","date_gmt":"2025-10-25T09:22:15","guid":{"rendered":"https:\/\/vapemaison.com\/?post_type=product&#038;p=9143"},"modified":"2026-04-23T07:29:56","modified_gmt":"2026-04-23T07:29:56","slug":"bang-king-15000-puffow-jednorazowe-vape","status":"publish","type":"product","link":"https:\/\/vapemaison.com\/pl\/product\/bang-king-15000-puffs-disposable-vape\/","title":{"rendered":"BangKing 15000 Puffs jednorazowy akumulator Vape"},"content":{"rendered":"<h3 class=\"wp-block-heading\"><strong>Vape jednorazowe BangKing 15000 Puffs - najwy\u017csza satysfakcja z waporyzacji<\/strong><\/h3>\n\n\n\n<p>The <strong>BangKing 15000 Puffs jednorazowe Vape<\/strong> na nowo definiuje doznania zwi\u0105zane z jednorazowym wapowaniem dzi\u0119ki wyj\u0105tkowej wydajno\u015bci, d\u0142ugotrwa\u0142ym mo\u017cliwo\u015bciom i najwy\u017cszemu zadowoleniu klient\u00f3w. Zaprojektowane z my\u015bl\u0105 o potrzebach zar\u00f3wno zwyk\u0142ych, jak i do\u015bwiadczonych vaper\u00f3w, urz\u0105dzenie to \u0142\u0105czy w sobie wygod\u0119, smak i wysoki poziom trwa\u0142o\u015bci, co czyni go wyj\u0105tkowym wyborem na rynku.<\/p>\n\n\n\n<p>Z imponuj\u0105cym <strong><a href=\"https:\/\/vapemaison.com\/product-category\/puffs-count\/15k-puffs\/\" type=\"link\" id=\"https:\/\/vapemaison.com\/product-category\/puffs-count\/15k-puffs\/\">15k puff\u00f3w<\/a> na urz\u0105dzenie<\/strong>, Bang King oferuje jedne z najd\u0142u\u017cszych dost\u0119pnych wra\u017ce\u0144 z waporyzacji. Ta d\u0142ugowieczno\u015b\u0107 jest wspierana przez <strong>Akumulator o pojemno\u015bci 650 mAh<\/strong>, co zapewnia niezawodne i sp\u00f3jne dostarczanie energii przez ca\u0142y okres eksploatacji. Ponadto <strong>Pojemno\u015b\u0107 wst\u0119pnie nape\u0142nionego e-soku 25 ml<\/strong> znacznie zmniejsza potrzeb\u0119 cz\u0119stego uzupe\u0142niania, pozwalaj\u0105c u\u017cytkownikom cieszy\u0107 si\u0119 waporyzacj\u0105 bez konieczno\u015bci ci\u0105g\u0142ej konserwacji.<\/p>\n\n\n\n<p>Bang King posiada r\u00f3wnie\u017c <strong>regulowany system przep\u0142ywu powietrza<\/strong>, umo\u017cliwiaj\u0105c u\u017cytkownikom precyzyjne dostrojenie zaci\u0105gania si\u0119 i dostosowanie wra\u017ce\u0144 z waporyzacji do osobistych preferencji. Dost\u0119pne w <strong>Moc nikotyny 0%, 2%, 3% i 5%<\/strong>, Jest on przeznaczony dla szerokiego grona u\u017cytkownik\u00f3w, od tych poszukuj\u0105cych \u0142agodnych, beznikotynowych dozna\u0144, po tych preferuj\u0105cych mocniejsze uderzenie.<\/p>\n\n\n\n<p>Niezale\u017cnie od tego, czy jeste\u015b codziennym waporyzatorem, czy kim\u015b, kto lubi bardziej d\u0142ugotrwa\u0142e opcje, <strong>Bang King 15000 Puffs jednorazowe Vape<\/strong> oferuje idealn\u0105 r\u00f3wnowag\u0119 mi\u0119dzy wygod\u0105, jako\u015bci\u0105 i wydajno\u015bci\u0105, dzi\u0119ki czemu jest idealnym wyborem dla tych, kt\u00f3rzy ceni\u0105 sobie zar\u00f3wno jako\u015b\u0107, jak i trwa\u0142o\u015b\u0107 swoich urz\u0105dze\u0144 do waporyzacji.<\/p>\n\n\n\n<p><strong>Kliknij tutaj, aby zobaczy\u0107 wi\u0119cej <a href=\"https:\/\/vapemaison.com\/brand\/bang\/\">produkty Bang<\/a>, jak r\u00f3wnie\u017c <a href=\"https:\/\/vapemaison.com\/shop\/\" type=\"link\" id=\"https:\/\/vapemaison.com\/shop\/\">wszystkie produkty<\/a>.<\/strong><\/p>\n\n\n\n<h4 class=\"wp-block-heading\"><strong>Lista smak\u00f3w <\/strong><\/h4>\n\n\n\n<p>The <strong>Bang King 15000 Puffs<\/strong> oferuje szerok\u0105 gam\u0119 pysznych smak\u00f3w, kt\u00f3re z pewno\u015bci\u0105 zachwyc\u0105 Twoje kubki smakowe. Niezale\u017cnie od tego, czy preferujesz smaki owocowe, mi\u0119towe czy inspirowane deserami, znajdziesz idealne dopasowanie. Oto niekt\u00f3re z najlepszych smak\u00f3w do wyboru:<\/p>\n\n\n\n<ol class=\"wp-block-list\">\n<li><strong>Arbuz truskawkowy<\/strong><\/li>\n\n\n\n<li><strong>Triple Berry Ice<\/strong><\/li>\n\n\n\n<li><strong>Lush Ice<\/strong><\/li>\n\n\n\n<li><strong>L\u00f3d brzoskwiniowy<\/strong><\/li>\n\n\n\n<li><strong>Truskawka Kiwi<\/strong><\/li>\n\n\n\n<li><strong>Blue Razz Ice<\/strong><\/li>\n\n\n\n<li><strong>Aloe Grape<\/strong><\/li>\n\n\n\n<li><strong>Brzoskwinia Mango<\/strong><\/li>\n\n\n\n<li><strong>Podw\u00f3jne jab\u0142ko<\/strong><\/li>\n\n\n\n<li><strong>Owoce tropikalne<\/strong><\/li>\n\n\n\n<li><strong>Banan truskawkowy<\/strong><\/li>\n\n\n\n<li><strong>Kiwi Passion Fruit Guava<\/strong><\/li>\n\n\n\n<li><strong>Kwa\u015bne jab\u0142ko Razberry<\/strong><\/li>\n\n\n\n<li><strong>Arbuz Bubblegum<\/strong><\/li>\n\n\n\n<li><strong>Jogurt truskawkowy<\/strong><\/li>\n\n\n\n<li><strong>Black Dragon Ice<\/strong><\/li>\n\n\n\n<li><strong>R\u00f3\u017cowa Lemoniada<\/strong><\/li>\n\n\n\n<li><strong>Cherry Pop<\/strong><\/li>\n\n\n\n<li><strong>Cool Mint<\/strong><\/li>\n\n\n\n<li><strong>Wata cukrowa<\/strong><\/li>\n<\/ol>\n\n\n\n<h4 class=\"wp-block-heading\"><strong>Dlaczego warto wybra\u0107 Bang King 15000 Puffs?<\/strong><\/h4>\n\n\n\n<p><strong>D\u0142ugotrwa\u0142a przyjemno\u015b\u0107<\/strong>: Z jego <strong>Pojemno\u015b\u0107 15 000 zaci\u0105gni\u0119\u0107<\/strong>, w <strong>Bang King<\/strong> oferuje d\u0142ugotrwa\u0142e doznania z waporyzacji, idealne dla intensywnych u\u017cytkownik\u00f3w, kt\u00f3rzy nie chc\u0105 k\u0142opot\u00f3w z cz\u0119stymi wymianami.<\/p>\n\n\n\n<p><strong>Wszechstronne opcje nikotyny<\/strong>: Niezale\u017cnie od tego, czy jeste\u015b pocz\u0105tkuj\u0105cym, czy d\u0142ugoletnim waporyzatorem. <strong>Bang King<\/strong> zapewnia elastyczno\u015b\u0107 w dostosowywaniu poziomu nikotyny do w\u0142asnych preferencji.<\/p>\n\n\n\n<p><strong>Przeno\u015bny i stylowy<\/strong>: The <strong>Bang King<\/strong> ma eleganck\u0105, przeno\u015bn\u0105 konstrukcj\u0119, kt\u00f3ra wygodnie mie\u015bci si\u0119 w d\u0142oni. Dzi\u0119ki \u017cywym, przyci\u0105gaj\u0105cym wzrok kolorom i wysokiej jako\u015bci opcjom smakowym, urz\u0105dzenie to wyr\u00f3\u017cnia si\u0119 zar\u00f3wno pod wzgl\u0119dem wzornictwa, jak i wydajno\u015bci.<\/p>\n\n\n\n<p><strong>Wyj\u0105tkowa warto\u015b\u0107<\/strong>: Oferta do <strong>15 000 zaci\u0105gni\u0119\u0107<\/strong> oraz <strong>Pojemno\u015b\u0107 25 ml e-soku<\/strong>, w <strong>Bang King<\/strong> jest zbudowany tak, aby wytrzyma\u0107 d\u0142u\u017cej ni\u017c inne jednorazowe waporyzatory, oferuj\u0105c wyj\u0105tkow\u0105 warto\u015b\u0107 bez kompromis\u00f3w w zakresie jako\u015bci.<\/p>\n\n\n\n<h4 class=\"wp-block-heading\"><strong>Podnie\u015b swoje wra\u017cenia z waporyzacji ju\u017c dzi\u015b<\/strong><\/h4>\n\n\n\n<p>Niezale\u017cnie od tego, czy szukasz urz\u0105dzenia do codziennego u\u017cytku, czy te\u017c czego\u015b do zabrania w podr\u00f3\u017c, to <strong>Bang King 15000 Puffs<\/strong> jednorazowe vape zapewnia <strong>idealne po\u0142\u0105czenie<\/strong> wygody, wydajno\u015bci i smaku. Akumulator, trwa\u0142o\u015b\u0107 i bogata lista smak\u00f3w sprawiaj\u0105, \u017ce jest on przeznaczony dla waper\u00f3w, kt\u00f3rzy wymagaj\u0105 tego, co najlepsze.<\/p>\n\n\n\n<p>Wejd\u017a na nowy poziom satysfakcji z waporyzacji dzi\u0119ki <strong>Bang King 15000 Puffs jednorazowe Vape<\/strong>.<\/p>","protected":false},"excerpt":{"rendered":"<p><strong data-start=\"0\" data-end=\"41\" data-is-only-node=\"\">Bang King 15000 Puffs jednorazowe Vape<\/strong> zapewnia do 15 000 zaci\u0105gni\u0119\u0107 bogatym, satysfakcjonuj\u0105cym smakiem dzi\u0119ki akumulatorowi 650 mAh i 25 ml wst\u0119pnie nape\u0142nionego e-soku. Ciesz si\u0119 regulowanym przep\u0142ywem powietrza, g\u0142adk\u0105 par\u0105 i wieloma opcjami nikotyny (0%-5%) - zaprojektowanymi z my\u015bl\u0105 o trwa\u0142ej wydajno\u015bci i czystej wygodzie.<\/p>","protected":false},"featured_media":9156,"comment_status":"open","ping_status":"closed","template":"","meta":[],"product_brand":[57],"product_cat":[167],"product_tag":[],"class_list":{"0":"post-9143","1":"product","2":"type-product","3":"status-publish","4":"has-post-thumbnail","6":"product_brand-bang","7":"product_cat-15k-puffs","9":"first","10":"instock","11":"sale","12":"shipping-taxable","13":"purchasable","14":"product-type-variable"},"yoast_head":"<!-- This site is optimized with the Yoast SEO plugin v27.4 - https:\/\/yoast.com\/product\/yoast-seo-wordpress\/ -->\n<title>BangKing 15000 Puffs Disposable Vape \u2013 Rechargeable<\/title>\n<meta name=\"description\" content=\"Enjoy BangKing 15000 puffs with the Bang King Disposable Vape. Rechargeable, and multiple nicotine levels for a customizable experience.\" \/>\n<meta name=\"robots\" content=\"index, follow, max-snippet:-1, max-image-preview:large, max-video-preview:-1\" \/>\n<link rel=\"canonical\" href=\"https:\/\/vapemaison.com\/pl\/produkt\/bang-king-15000-puffow-jednorazowe-vape\/\" \/>\n<meta property=\"og:locale\" content=\"pl_PL\" \/>\n<meta property=\"og:type\" content=\"article\" \/>\n<meta property=\"og:title\" content=\"BangKing 15000 Puffs Disposable Vape \u2013 Rechargeable\" \/>\n<meta property=\"og:description\" content=\"Enjoy BangKing 15000 puffs with the Bang King Disposable Vape. Rechargeable, and multiple nicotine levels for a customizable experience.\" \/>\n<meta property=\"og:url\" content=\"https:\/\/vapemaison.com\/pl\/produkt\/bang-king-15000-puffow-jednorazowe-vape\/\" \/>\n<meta property=\"og:site_name\" content=\"VapeMaison\" \/>\n<meta property=\"article:modified_time\" content=\"2026-04-23T07:29:56+00:00\" \/>\n<meta property=\"og:image\" content=\"https:\/\/vapemaison.com\/wp-content\/uploads\/2025\/10\/Bang-King-15000-Puffs-Crystal-Vapes-Main-Picture.webp\" \/>\n\t<meta property=\"og:image:width\" content=\"638\" \/>\n\t<meta property=\"og:image:height\" content=\"637\" \/>\n\t<meta property=\"og:image:type\" content=\"image\/webp\" \/>\n<meta name=\"twitter:card\" content=\"summary_large_image\" \/>\n<meta name=\"twitter:label1\" content=\"Szacowany czas czytania\" \/>\n\t<meta name=\"twitter:data1\" content=\"3 minuty\" \/>\n<!-- \/ Yoast SEO plugin. -->","yoast_head_json":{"title":"BangKing 15000 Puffs jednorazowy Vape - akumulator","description":"Ciesz si\u0119 15000 zaci\u0105gni\u0119ciami BangKing dzi\u0119ki jednorazowemu waporyzatorowi Bang King. Mo\u017cliwo\u015b\u0107 wielokrotnego \u0142adowania i wiele poziom\u00f3w nikotyny dla spersonalizowanych dozna\u0144.","robots":{"index":"index","follow":"follow","max-snippet":"max-snippet:-1","max-image-preview":"max-image-preview:large","max-video-preview":"max-video-preview:-1"},"canonical":"https:\/\/vapemaison.com\/pl\/produkt\/bang-king-15000-puffow-jednorazowe-vape\/","og_locale":"pl_PL","og_type":"article","og_title":"BangKing 15000 Puffs Disposable Vape \u2013 Rechargeable","og_description":"Enjoy BangKing 15000 puffs with the Bang King Disposable Vape. Rechargeable, and multiple nicotine levels for a customizable experience.","og_url":"https:\/\/vapemaison.com\/pl\/produkt\/bang-king-15000-puffow-jednorazowe-vape\/","og_site_name":"VapeMaison","article_modified_time":"2026-04-23T07:29:56+00:00","og_image":[{"width":638,"height":637,"url":"https:\/\/vapemaison.com\/wp-content\/uploads\/2025\/10\/Bang-King-15000-Puffs-Crystal-Vapes-Main-Picture.webp","type":"image\/webp"}],"twitter_card":"summary_large_image","twitter_misc":{"Szacowany czas czytania":"3 minuty"},"schema":{"@context":"https:\/\/schema.org","@graph":[{"@type":"WebPage","@id":"https:\/\/vapemaison.com\/product\/bang-king-15000-puffs-disposable-vape\/","url":"https:\/\/vapemaison.com\/product\/bang-king-15000-puffs-disposable-vape\/","name":"BangKing 15000 Puffs jednorazowy Vape - akumulator","isPartOf":{"@id":"https:\/\/vapemaison.com\/#website"},"primaryImageOfPage":{"@id":"https:\/\/vapemaison.com\/product\/bang-king-15000-puffs-disposable-vape\/#primaryimage"},"image":{"@id":"https:\/\/vapemaison.com\/product\/bang-king-15000-puffs-disposable-vape\/#primaryimage"},"thumbnailUrl":"https:\/\/vapemaison.com\/wp-content\/uploads\/2025\/10\/Bang-King-15000-Puffs-Crystal-Vapes-Main-Picture.webp","datePublished":"2025-10-25T09:22:15+00:00","dateModified":"2026-04-23T07:29:56+00:00","description":"Ciesz si\u0119 15000 zaci\u0105gni\u0119ciami BangKing dzi\u0119ki jednorazowemu waporyzatorowi Bang King. Mo\u017cliwo\u015b\u0107 wielokrotnego \u0142adowania i wiele poziom\u00f3w nikotyny dla spersonalizowanych dozna\u0144.","breadcrumb":{"@id":"https:\/\/vapemaison.com\/product\/bang-king-15000-puffs-disposable-vape\/#breadcrumb"},"inLanguage":"pl-PL","potentialAction":[{"@type":"ReadAction","target":["https:\/\/vapemaison.com\/product\/bang-king-15000-puffs-disposable-vape\/"]}]},{"@type":"ImageObject","inLanguage":"pl-PL","@id":"https:\/\/vapemaison.com\/product\/bang-king-15000-puffs-disposable-vape\/#primaryimage","url":"https:\/\/vapemaison.com\/wp-content\/uploads\/2025\/10\/Bang-King-15000-Puffs-Crystal-Vapes-Main-Picture.webp","contentUrl":"https:\/\/vapemaison.com\/wp-content\/uploads\/2025\/10\/Bang-King-15000-Puffs-Crystal-Vapes-Main-Picture.webp","width":638,"height":637,"caption":"Bang King Puffs Crystal Vapes Main Picture"},{"@type":"BreadcrumbList","@id":"https:\/\/vapemaison.com\/product\/bang-king-15000-puffs-disposable-vape\/#breadcrumb","itemListElement":[{"@type":"ListItem","position":1,"name":"\u9996\u9875","item":"https:\/\/vapemaison.com\/"},{"@type":"ListItem","position":2,"name":"Shop","item":"https:\/\/vapemaison.com\/shop\/"},{"@type":"ListItem","position":3,"name":"Bang","item":"https:\/\/vapemaison.com\/brand\/bang\/"},{"@type":"ListItem","position":4,"name":"BangKing 15000 Puffs Rechargeable Disposable Vape"}]},{"@type":"WebSite","@id":"https:\/\/vapemaison.com\/#website","url":"https:\/\/vapemaison.com\/","name":"VapeMaison","description":"Wysokiej jako\u015bci urz\u0105dzenia i akcesoria do waporyzacji","publisher":{"@id":"https:\/\/vapemaison.com\/#organization"},"potentialAction":[{"@type":"SearchAction","target":{"@type":"EntryPoint","urlTemplate":"https:\/\/vapemaison.com\/?s={search_term_string}"},"query-input":{"@type":"PropertyValueSpecification","valueRequired":true,"valueName":"search_term_string"}}],"inLanguage":"pl-PL"},{"@type":"Organization","@id":"https:\/\/vapemaison.com\/#organization","name":"VapeMaison","url":"https:\/\/vapemaison.com\/","logo":{"@type":"ImageObject","inLanguage":"pl-PL","@id":"https:\/\/vapemaison.com\/#\/schema\/logo\/image\/","url":"https:\/\/vapemaison.com\/wp-content\/uploads\/2026\/01\/cropped-vapemaison-logo-g-2026.webp","contentUrl":"https:\/\/vapemaison.com\/wp-content\/uploads\/2026\/01\/cropped-vapemaison-logo-g-2026.webp","width":350,"height":280,"caption":"VapeMaison"},"image":{"@id":"https:\/\/vapemaison.com\/#\/schema\/logo\/image\/"},"sameAs":["https:\/\/www.youtube.com\/@VapeMaison"]}]}},"tiered_pricing_type":"fixed","tiered_pricing_fixed_rules":{"30":"8.19","50":"7.88","100":"7.51","200":"7.21"},"tiered_pricing_product_settings":{"layout":"default","base_unit_name":{"singular":null,"plural":null},"default_variation":null},"tiered_pricing_minimum_quantity":10,"tiered_pricing_roles_data":[],"tiered_pricing_percentage_rules":[],"tiered_pricing_maximum_quantity":null,"tiered_pricing_quantity_step":"10","_links":{"self":[{"href":"https:\/\/vapemaison.com\/pl\/wp-json\/wp\/v2\/product\/9143","targetHints":{"allow":["GET"]}}],"collection":[{"href":"https:\/\/vapemaison.com\/pl\/wp-json\/wp\/v2\/product"}],"about":[{"href":"https:\/\/vapemaison.com\/pl\/wp-json\/wp\/v2\/types\/product"}],"replies":[{"embeddable":true,"href":"https:\/\/vapemaison.com\/pl\/wp-json\/wp\/v2\/comments?post=9143"}],"version-history":[{"count":2,"href":"https:\/\/vapemaison.com\/pl\/wp-json\/wp\/v2\/product\/9143\/revisions"}],"predecessor-version":[{"id":29529,"href":"https:\/\/vapemaison.com\/pl\/wp-json\/wp\/v2\/product\/9143\/revisions\/29529"}],"wp:featuredmedia":[{"embeddable":true,"href":"https:\/\/vapemaison.com\/pl\/wp-json\/wp\/v2\/media\/9156"}],"wp:attachment":[{"href":"https:\/\/vapemaison.com\/pl\/wp-json\/wp\/v2\/media?parent=9143"}],"wp:term":[{"taxonomy":"product_brand","embeddable":true,"href":"https:\/\/vapemaison.com\/pl\/wp-json\/wp\/v2\/product_brand?post=9143"},{"taxonomy":"product_cat","embeddable":true,"href":"https:\/\/vapemaison.com\/pl\/wp-json\/wp\/v2\/product_cat?post=9143"},{"taxonomy":"product_tag","embeddable":true,"href":"https:\/\/vapemaison.com\/pl\/wp-json\/wp\/v2\/product_tag?post=9143"}],"curies":[{"name":"wp","href":"https:\/\/api.w.org\/{rel}","templated":true}]}}