

{"id":9572,"date":"2025-11-04T09:53:53","date_gmt":"2025-11-04T09:53:53","guid":{"rendered":"https:\/\/vapemaison.com\/?post_type=product&#038;p=9572"},"modified":"2026-02-27T09:44:31","modified_gmt":"2026-02-27T09:44:31","slug":"fumot-tornado-12000-blueberry-raspberry-vape","status":"publish","type":"product","link":"https:\/\/vapemaison.com\/pl\/product\/fumot-tornado-12000-blueberry-raspberry-vape\/","title":{"rendered":"Fumot 12000 Blueberry Raspberry Vape | Top 10 e-papieros\u00f3w od RandMFumot 12000"},"content":{"rendered":"<h2 class=\"wp-block-heading\"><strong>Fumot Digital Box 12000 - smak jagodowo-malinowy<\/strong><\/h2>\n\n\n\n<p>The <strong>Fumot Digital Box 12000<\/strong> plasuje si\u0119 w\u015br\u00f3d <strong>10 najlepszych e-papieros\u00f3w<\/strong>, \u0142\u0105cz\u0105c najwy\u017csz\u0105 wydajno\u015b\u0107 z wyj\u0105tkowym smakiem. The <em>Bor\u00f3wka Malina<\/em> Edition \u0142\u0105czy soczyste jagody i pikantne maliny w g\u0142adkie, owocowe doznania vape, kt\u00f3re sprawiaj\u0105, \u017ce u\u017cytkownicy wracaj\u0105 po wi\u0119cej. Dowiedz si\u0119, dlaczego ten smak jest ulubie\u0144cem fan\u00f3w i jak wyr\u00f3\u017cnia go innowacyjna technologia Fumot.<\/p>\n\n\n\n<h3 class=\"wp-block-heading\"><strong>Dlaczego warto wybra\u0107 Fumot 12000 Blueberry Raspberry?<\/strong><\/h3>\n\n\n\n<p>The <strong>Bor\u00f3wka Malina<\/strong> Smak zapewnia idealn\u0105 r\u00f3wnowag\u0119 s\u0142odkich i lekko cierpkich nut jagodowych - zupe\u0142nie jak \u015bwie\u017co zebrane dzikie jagody. Z <strong>do 12 000 zaci\u0105gni\u0119\u0107<\/strong>, a <strong>Pojemno\u015b\u0107 wst\u0119pnie nape\u0142nionego e-liquidu 20 ml<\/strong>, oraz <strong>opcje nikotyny od 0% do 5%<\/strong>, Ten waporyzator jest idealny dla tych, kt\u00f3rzy ceni\u0105 sobie zar\u00f3wno d\u0142ugowieczno\u015b\u0107, jak i bogat\u0105 r\u00f3\u017cnorodno\u015b\u0107 smaku.<\/p>\n\n\n\n<h3 class=\"wp-block-heading\"><strong>Specyfikacja techniczna - Fumot Digital Box 12000<\/strong><\/h3>\n\n\n\n<figure class=\"wp-block-table\"><table class=\"has-fixed-layout\"><thead><tr><th>Cecha<\/th><th>Specyfikacja<\/th><\/tr><\/thead><tbody><tr><td><strong>Si\u0142a nikotyny<\/strong><\/td><td>0%, 2%, 3%, 5%<\/td><\/tr><tr><td><strong>Puff Count<\/strong><\/td><td>Do 12 000 zaci\u0105gni\u0119\u0107<\/td><\/tr><tr><td><strong>Pojemno\u015b\u0107 e-liquidu<\/strong><\/td><td>20 ml<\/td><\/tr><tr><td><strong>Smak<\/strong><\/td><td>Bor\u00f3wka Malina<\/td><\/tr><tr><td><strong>Bateria<\/strong><\/td><td>Akumulator o pojemno\u015bci 550 mAh<\/td><\/tr><tr><td><strong>Typ cewki<\/strong><\/td><td>Siatkowa cewka 0,8\u03a9<\/td><\/tr><tr><td><strong>Rozmiar kartonu<\/strong><\/td><td>69,1 \u00d7 32 \u00d7 23,8 cm (18 kg)<\/td><\/tr><tr><td><strong>Cena za jednostk\u0119<\/strong><\/td><td>\u20ac18.88<\/td><\/tr><\/tbody><\/table><\/figure>\n\n\n\n<h3 class=\"wp-block-heading\"><strong>Dlaczego jest to jeden z 10 najlepszych e-papieros\u00f3w<\/strong><\/h3>\n\n\n\n<p>The <strong>Fumot Digital Box 12000 Blueberry Raspberry<\/strong> wyr\u00f3\u017cnia si\u0119:<\/p>\n\n\n\n<p><strong>Naturalny aromat owocowy<\/strong> - Bez sztucznej s\u0142odyczy, tylko czyste i soczyste tony jag\u00f3d.<\/p>\n\n\n\n<p><strong>Wysokowydajna cewka siatkowa (0,8\u03a9)<\/strong> - Zapewnia r\u00f3wnomierne podgrzewanie i pe\u0142ne dostarczanie smaku.<\/p>\n\n\n\n<p><strong>Niestandardowe opcje nikotyny<\/strong> - Od braku nikotyny (0%) do silnej satysfakcji (5%).<\/p>\n\n\n\n<p><strong>Konstrukcja wielokrotnego \u0142adowania<\/strong> - Przyjazny dla \u015brodowiska i stworzony do d\u0142ugotrwa\u0142ej waporyzacji.<\/p>\n\n\n\n<p>Jako jeden z <strong>najlepiej oceniane waporyzatory na rynku<\/strong>, Zapewnia doskona\u0142\u0105 r\u00f3wnowag\u0119 mi\u0119dzy wygod\u0105, smakiem i trwa\u0142o\u015bci\u0105 - idealn\u0105 zar\u00f3wno dla pocz\u0105tkuj\u0105cych, jak i do\u015bwiadczonych waper\u00f3w.<\/p>\n\n\n\n<h3 class=\"wp-block-heading\"><strong>Dlaczego warto kupowa\u0107 od Fumot?<\/strong><\/h3>\n\n\n\n<ul class=\"wp-block-list\">\n<li><strong>48 opcji smakowych<\/strong> - Poznaj wi\u0119cej produkt\u00f3w z kolekcji Fumot 12000.<\/li>\n\n\n\n<li><strong>Kompatybilne akcesoria<\/strong> - Dopasuj do produkt\u00f3w z kategorii <em>RandM Tornado<\/em> seria.<\/li>\n\n\n\n<li><strong>Szybka wysy\u0142ka<\/strong> - Bezpieczna p\u0142atno\u015b\u0107 i wysy\u0142ka w ci\u0105gu 24 godzin za po\u015brednictwem <a href=\"https:\/\/vapemaison.com\/\">vapemaison.com<\/a><\/li>\n<\/ul>\n\n\n\n<h3 class=\"wp-block-heading\"><strong>FAQ - Cz\u0119sto zadawane pytania<\/strong><\/h3>\n\n\n\n<p><strong>1. Czy Blueberry Raspberry jest odpowiedni dla alergik\u00f3w?<\/strong><br>Ten smak nie zawiera znanych alergen\u00f3w, ale przed u\u017cyciem zawsze nale\u017cy sprawdzi\u0107 szczeg\u00f3\u0142y dotycz\u0105ce sk\u0142adnik\u00f3w.<\/p>\n\n\n\n<p><strong>2. Czym r\u00f3\u017cni si\u0119 Digital Box od innych modeli?<\/strong><br>Oferuje precyzyjn\u0105 kontrol\u0119 mocy, d\u0142u\u017csz\u0105 \u017cywotno\u015b\u0107 baterii i kompaktow\u0105, trwa\u0142\u0105 konstrukcj\u0119.<\/p>\n\n\n\n<p><strong>3. Dlaczego Fumot 12000 jest uwa\u017cany za 10 najlepszych urz\u0105dze\u0144 vape?<\/strong><br>Ze wzgl\u0119du na du\u017c\u0105 liczb\u0119 zaci\u0105gni\u0119\u0107, r\u00f3\u017cnorodne smaki i zaawansowan\u0105 technologi\u0119 cewek siatkowych zapewniaj\u0105c\u0105 sta\u0142\u0105 wydajno\u015b\u0107.<\/p>","protected":false},"excerpt":{"rendered":"<p>Fumot Digital Box 12000 \u2013 Blueberry Raspberry Flavor The Fumot Digital Box 12000 ranks among the top 10 e-cigarettes, combining premium performance with exceptional flavor. The Blueberry Raspberry edition blends juicy blueberries and tangy raspberries into a smooth, fruity vape experience that keeps users coming back for more. Discover why this flavor is a fan [&hellip;]<\/p>\n","protected":false},"featured_media":10004,"comment_status":"open","ping_status":"closed","template":"","meta":[],"product_brand":[58],"product_cat":[154,174,294],"product_tag":[],"class_list":{"0":"post-9572","1":"product","2":"type-product","3":"status-publish","4":"has-post-thumbnail","6":"product_brand-fumot","7":"product_cat-12k-puffs","8":"product_cat-fumot-12k","9":"product_cat-no-nicotine-vape","11":"first","12":"instock","13":"sale","14":"shipping-taxable","15":"purchasable","16":"product-type-variable"},"yoast_head":"<!-- This site is optimized with the Yoast SEO plugin v27.4 - https:\/\/yoast.com\/product\/yoast-seo-wordpress\/ -->\n<title>Fumot 12000 Blueberry Raspberry | Randm Tornado 12000<\/title>\n<meta name=\"description\" content=\"Discover the Fumot Digital Box 12000 and RandM Tornado 12000 vapes. Enjoy Blueberry Raspberry flavor and premium E-Zigarette performance.\" \/>\n<meta name=\"robots\" content=\"index, follow, max-snippet:-1, max-image-preview:large, max-video-preview:-1\" \/>\n<link rel=\"canonical\" href=\"https:\/\/vapemaison.com\/pl\/produkt\/fumot-tornado-12000-blueberry-raspberry-vape\/\" \/>\n<meta property=\"og:locale\" content=\"pl_PL\" \/>\n<meta property=\"og:type\" content=\"article\" \/>\n<meta property=\"og:title\" content=\"Fumot 12000 Blueberry Raspberry | Randm Tornado 12000\" \/>\n<meta property=\"og:description\" content=\"Discover the Fumot Digital Box 12000 and RandM Tornado 12000 vapes. Enjoy Blueberry Raspberry flavor and premium E-Zigarette performance.\" \/>\n<meta property=\"og:url\" content=\"https:\/\/vapemaison.com\/pl\/produkt\/fumot-tornado-12000-blueberry-raspberry-vape\/\" \/>\n<meta property=\"og:site_name\" content=\"VapeMaison\" \/>\n<meta property=\"article:modified_time\" content=\"2026-02-27T09:44:31+00:00\" \/>\n<meta property=\"og:image\" content=\"https:\/\/vapemaison.com\/wp-content\/uploads\/2025\/11\/Fumot-12000-Blueberry-Raspberry.jpg\" \/>\n\t<meta property=\"og:image:width\" content=\"2000\" \/>\n\t<meta property=\"og:image:height\" content=\"2000\" \/>\n\t<meta property=\"og:image:type\" content=\"image\/jpeg\" \/>\n<meta name=\"twitter:card\" content=\"summary_large_image\" \/>\n<meta name=\"twitter:label1\" content=\"Szacowany czas czytania\" \/>\n\t<meta name=\"twitter:data1\" content=\"2 minuty\" \/>\n<!-- \/ Yoast SEO plugin. -->","yoast_head_json":{"title":"Fumot 12000 Blueberry Raspberry | Randm Tornado 12000","description":"Odkryj waporyzatory Fumot Digital Box 12000 i RandM Tornado 12000. Ciesz si\u0119 smakiem Blueberry Raspberry i wydajno\u015bci\u0105 e-papieros\u00f3w klasy premium.","robots":{"index":"index","follow":"follow","max-snippet":"max-snippet:-1","max-image-preview":"max-image-preview:large","max-video-preview":"max-video-preview:-1"},"canonical":"https:\/\/vapemaison.com\/pl\/produkt\/fumot-tornado-12000-blueberry-raspberry-vape\/","og_locale":"pl_PL","og_type":"article","og_title":"Fumot 12000 Blueberry Raspberry | Randm Tornado 12000","og_description":"Discover the Fumot Digital Box 12000 and RandM Tornado 12000 vapes. Enjoy Blueberry Raspberry flavor and premium E-Zigarette performance.","og_url":"https:\/\/vapemaison.com\/pl\/produkt\/fumot-tornado-12000-blueberry-raspberry-vape\/","og_site_name":"VapeMaison","article_modified_time":"2026-02-27T09:44:31+00:00","og_image":[{"width":2000,"height":2000,"url":"https:\/\/vapemaison.com\/wp-content\/uploads\/2025\/11\/Fumot-12000-Blueberry-Raspberry.jpg","type":"image\/jpeg"}],"twitter_card":"summary_large_image","twitter_misc":{"Szacowany czas czytania":"2 minuty"},"schema":{"@context":"https:\/\/schema.org","@graph":[{"@type":"WebPage","@id":"https:\/\/vapemaison.com\/product\/fumot-tornado-12000-blueberry-raspberry-vape\/","url":"https:\/\/vapemaison.com\/product\/fumot-tornado-12000-blueberry-raspberry-vape\/","name":"Fumot 12000 Blueberry Raspberry | Randm Tornado 12000","isPartOf":{"@id":"https:\/\/vapemaison.com\/#website"},"primaryImageOfPage":{"@id":"https:\/\/vapemaison.com\/product\/fumot-tornado-12000-blueberry-raspberry-vape\/#primaryimage"},"image":{"@id":"https:\/\/vapemaison.com\/product\/fumot-tornado-12000-blueberry-raspberry-vape\/#primaryimage"},"thumbnailUrl":"https:\/\/vapemaison.com\/wp-content\/uploads\/2025\/11\/Fumot-12000-Blueberry-Raspberry.jpg","datePublished":"2025-11-04T09:53:53+00:00","dateModified":"2026-02-27T09:44:31+00:00","description":"Odkryj waporyzatory Fumot Digital Box 12000 i RandM Tornado 12000. Ciesz si\u0119 smakiem Blueberry Raspberry i wydajno\u015bci\u0105 e-papieros\u00f3w klasy premium.","breadcrumb":{"@id":"https:\/\/vapemaison.com\/product\/fumot-tornado-12000-blueberry-raspberry-vape\/#breadcrumb"},"inLanguage":"pl-PL","potentialAction":[{"@type":"ReadAction","target":["https:\/\/vapemaison.com\/product\/fumot-tornado-12000-blueberry-raspberry-vape\/"]}]},{"@type":"ImageObject","inLanguage":"pl-PL","@id":"https:\/\/vapemaison.com\/product\/fumot-tornado-12000-blueberry-raspberry-vape\/#primaryimage","url":"https:\/\/vapemaison.com\/wp-content\/uploads\/2025\/11\/Fumot-12000-Blueberry-Raspberry.jpg","contentUrl":"https:\/\/vapemaison.com\/wp-content\/uploads\/2025\/11\/Fumot-12000-Blueberry-Raspberry.jpg","width":2000,"height":2000,"caption":"Fumot Blueberry Raspberry Disposable Vape Device"},{"@type":"BreadcrumbList","@id":"https:\/\/vapemaison.com\/product\/fumot-tornado-12000-blueberry-raspberry-vape\/#breadcrumb","itemListElement":[{"@type":"ListItem","position":1,"name":"\u9996\u9875","item":"https:\/\/vapemaison.com\/"},{"@type":"ListItem","position":2,"name":"Shop","item":"https:\/\/vapemaison.com\/shop\/"},{"@type":"ListItem","position":3,"name":"Fumot","item":"https:\/\/vapemaison.com\/brand\/fumot\/"},{"@type":"ListItem","position":4,"name":"Fumot 12000 Blueberry Raspberry Vape | Top 10 E-Cigarette by RandMFumot 12000"}]},{"@type":"WebSite","@id":"https:\/\/vapemaison.com\/#website","url":"https:\/\/vapemaison.com\/","name":"VapeMaison","description":"Wysokiej jako\u015bci urz\u0105dzenia i akcesoria do waporyzacji","publisher":{"@id":"https:\/\/vapemaison.com\/#organization"},"potentialAction":[{"@type":"SearchAction","target":{"@type":"EntryPoint","urlTemplate":"https:\/\/vapemaison.com\/?s={search_term_string}"},"query-input":{"@type":"PropertyValueSpecification","valueRequired":true,"valueName":"search_term_string"}}],"inLanguage":"pl-PL"},{"@type":"Organization","@id":"https:\/\/vapemaison.com\/#organization","name":"VapeMaison","url":"https:\/\/vapemaison.com\/","logo":{"@type":"ImageObject","inLanguage":"pl-PL","@id":"https:\/\/vapemaison.com\/#\/schema\/logo\/image\/","url":"https:\/\/vapemaison.com\/wp-content\/uploads\/2026\/01\/cropped-vapemaison-logo-g-2026.webp","contentUrl":"https:\/\/vapemaison.com\/wp-content\/uploads\/2026\/01\/cropped-vapemaison-logo-g-2026.webp","width":350,"height":280,"caption":"VapeMaison"},"image":{"@id":"https:\/\/vapemaison.com\/#\/schema\/logo\/image\/"},"sameAs":["https:\/\/www.youtube.com\/@VapeMaison"]}]}},"tiered_pricing_type":"fixed","tiered_pricing_fixed_rules":{"30":"12.56","50":"10.78","100":"8.55","200":"7.98"},"tiered_pricing_product_settings":{"layout":"default","base_unit_name":{"singular":null,"plural":null},"default_variation":null},"tiered_pricing_minimum_quantity":10,"tiered_pricing_roles_data":[],"tiered_pricing_percentage_rules":[],"tiered_pricing_maximum_quantity":null,"tiered_pricing_quantity_step":"10","_links":{"self":[{"href":"https:\/\/vapemaison.com\/pl\/wp-json\/wp\/v2\/product\/9572","targetHints":{"allow":["GET"]}}],"collection":[{"href":"https:\/\/vapemaison.com\/pl\/wp-json\/wp\/v2\/product"}],"about":[{"href":"https:\/\/vapemaison.com\/pl\/wp-json\/wp\/v2\/types\/product"}],"replies":[{"embeddable":true,"href":"https:\/\/vapemaison.com\/pl\/wp-json\/wp\/v2\/comments?post=9572"}],"version-history":[{"count":1,"href":"https:\/\/vapemaison.com\/pl\/wp-json\/wp\/v2\/product\/9572\/revisions"}],"predecessor-version":[{"id":26647,"href":"https:\/\/vapemaison.com\/pl\/wp-json\/wp\/v2\/product\/9572\/revisions\/26647"}],"wp:featuredmedia":[{"embeddable":true,"href":"https:\/\/vapemaison.com\/pl\/wp-json\/wp\/v2\/media\/10004"}],"wp:attachment":[{"href":"https:\/\/vapemaison.com\/pl\/wp-json\/wp\/v2\/media?parent=9572"}],"wp:term":[{"taxonomy":"product_brand","embeddable":true,"href":"https:\/\/vapemaison.com\/pl\/wp-json\/wp\/v2\/product_brand?post=9572"},{"taxonomy":"product_cat","embeddable":true,"href":"https:\/\/vapemaison.com\/pl\/wp-json\/wp\/v2\/product_cat?post=9572"},{"taxonomy":"product_tag","embeddable":true,"href":"https:\/\/vapemaison.com\/pl\/wp-json\/wp\/v2\/product_tag?post=9572"}],"curies":[{"name":"wp","href":"https:\/\/api.w.org\/{rel}","templated":true}]}}