

{"id":9576,"date":"2025-11-05T06:24:52","date_gmt":"2025-11-05T06:24:52","guid":{"rendered":"https:\/\/vapemaison.com\/?post_type=product&#038;p=9576"},"modified":"2025-11-21T08:26:38","modified_gmt":"2025-11-21T08:26:38","slug":"fumot-randm-tornado-25000-banana-ice-vape","status":"publish","type":"product","link":"https:\/\/vapemaison.com\/pl\/product\/fumot-randm-tornado-25000-banana-ice-vape\/","title":{"rendered":"Fumot 25000 Banana Ice Randm Tornado 25000 Vape Salt E Zigarette"},"content":{"rendered":"<h2 class=\"wp-block-heading\">Fumot 25000 Banana Ice - S\u0142odki banan \u0142\u0105czy si\u0119 z lodowat\u0105 \u015bwie\u017co\u015bci\u0105 <\/h2>\n\n\n\n<p>Szukasz <strong>25 000 zaci\u0105gni\u0119\u0107<\/strong> kt\u00f3ry zapewnia zar\u00f3wno <strong>Egzotyczny smak i d\u0142ugotrwa\u0142e dzia\u0142anie<\/strong>?<br>The <strong>Fumot 25000 Banana Ice<\/strong>, cz\u0119\u015b\u0107 <strong>Seria RandM Tornado 25000<\/strong>, \u0141\u0105czy kremow\u0105 s\u0142odycz dojrza\u0142ych banan\u00f3w z orze\u017awiaj\u0105cym mentolowym ch\u0142odem - idealny dla fan\u00f3w owocowych, s\u0142odkich i ch\u0142odnych e-liquid\u00f3w.<\/p>\n\n\n\n<h3 class=\"wp-block-heading\">Dlaczego warto wybra\u0107 Banana Ice?<\/h3>\n\n\n\n<p><strong>Owocowy i orze\u017awiaj\u0105cy:<\/strong> G\u0142adki bananowy smak z lodowatym mentolowym akcentem.<\/p>\n\n\n\n<p><strong>Delikatne uderzenie nikotyny:<\/strong> Dost\u0119pne w <strong>2% lub 5% s\u00f3l nikotyny<\/strong>, zapewniaj\u0105c g\u0142adk\u0105, ale satysfakcjonuj\u0105c\u0105 waporyzacj\u0119.<\/p>\n\n\n\n<p><strong>D\u0142ugotrwa\u0142a przyjemno\u015b\u0107:<\/strong> Do <strong>25 000 zaci\u0105gni\u0119\u0107<\/strong> na urz\u0105dzenie - nie ma potrzeby ci\u0105g\u0142ej wymiany.<\/p>\n\n\n\n<p><strong>Szeroki wyb\u00f3r:<\/strong> Eksploruj <strong>Ponad 20 opcji smakowych<\/strong> np. <em>Mango Tango<\/em>, <em>Mi\u0119ta jagodowa<\/em>, i wi\u0119cej w naszym <strong>Sklep Fumot 25000<\/strong>.<\/p>\n\n\n\n<h3 class=\"wp-block-heading\">Najwa\u017cniejsze informacje techniczne<\/h3>\n\n\n\n<figure class=\"wp-block-table\"><table class=\"has-fixed-layout\"><thead><tr><th>Cecha<\/th><th>Specyfikacja<\/th><\/tr><\/thead><tbody><tr><td><strong>Bateria<\/strong><\/td><td>850 mAh (\u0142adowanie przez USB-C)<\/td><\/tr><tr><td><strong>Puffy<\/strong><\/td><td>Do 25 000<\/td><\/tr><tr><td><strong>Pojemno\u015b\u0107 e-liquidu<\/strong><\/td><td>20 ml p\u0142ynu Salt Nic Liquid<\/td><\/tr><tr><td><strong>Si\u0142a nikotyny<\/strong><\/td><td>2% lub 5%<\/td><\/tr><tr><td><strong>Akumulator<\/strong><\/td><td>Tak (USB-C)<\/td><\/tr><tr><td><strong>Smak<\/strong><\/td><td>L\u00f3d bananowy<\/td><\/tr><\/tbody><\/table><\/figure>\n\n\n\n<h3 class=\"wp-block-heading\">Co sprawia, \u017ce l\u00f3d bananowy jest wyj\u0105tkowy?<\/h3>\n\n\n\n<p>The <strong>Fumot 25000 Banana Ice<\/strong> nie chodzi tylko o wysok\u0105 liczb\u0119 puff\u00f3w - chodzi o <strong>Idealna r\u00f3wnowaga smaku<\/strong>.<br>Po\u0142\u0105czenie s\u0142odkiego, kremowego banana i chrupi\u0105cego mentolu sprawia, \u017ce <strong>ch\u0142odny, g\u0142adki i satysfakcjonuj\u0105cy<\/strong> smak, kt\u00f3ry nigdy nie przyt\u0142acza.<br>Niezale\u017cnie od tego, czy jeste\u015b w pracy, relaksujesz si\u0119 w domu, czy jeste\u015b w ruchu, za ka\u017cdym razem zapewnia niezmiennie orze\u017awiaj\u0105ce doznania.<\/p>\n\n\n\n<h3 class=\"wp-block-heading\">Odkryj seri\u0119 RandM Tornado 25000<\/h3>\n\n\n\n<p>Zapoznaj si\u0119 z pe\u0142n\u0105 wersj\u0105 <strong>RandM Tornado 25000 lineup<\/strong> - kolekcja znana z <strong>intensywne smaki, d\u0142ugi czas pracy na baterii i nowoczesny design<\/strong>.<br>Od <strong>Fumot Banana Ice<\/strong> do <strong>Mango Tango<\/strong> oraz <strong>Mi\u0119ta jagodowa<\/strong>, Ka\u017cdy smak zapewnia wyj\u0105tkowe doznania podczas waporyzacji.<\/p>\n\n\n\n<h3 class=\"wp-block-heading\">Wypr\u00f3buj Banana Ice ju\u017c teraz!<\/h3>\n\n\n\n<p>Gotowy na kolejny ulubiony produkt vape?<br>Do\u015bwiadczenie <strong>idealne po\u0142\u0105czenie s\u0142odyczy i ch\u0142odu<\/strong> z <strong>Fumot 25000 Banana Ice<\/strong> - gdzie ka\u017cde zaci\u0105gni\u0119cie jest orze\u017awiaj\u0105ce i pe\u0142ne smaku.<br>Odwied\u017a nasz\u0105 stron\u0119 <strong>sklep g\u0142\u00f3wny<\/strong> i odkryj, dlaczego vaperzy na ca\u0142ym \u015bwiecie kochaj\u0105 <strong>Seria RandM Tornado 25000<\/strong>.<\/p>","protected":false},"excerpt":{"rendered":"<p>Fumot 25000 Banana Ice \u2013 Sweet Banana Meets Icy Freshness Are you looking for a 25,000-puff vape that delivers both exotic flavour and long-lasting performance?The Fumot 25000 Banana Ice, part of the RandM Tornado 25000 series, combines the creamy sweetness of ripe bananas with a refreshing menthol chill \u2014 perfect for fans of fruity, sweet [&hellip;]<\/p>\n","protected":false},"featured_media":10289,"comment_status":"open","ping_status":"closed","template":"","meta":[],"product_brand":[58],"product_cat":[144],"product_tag":[],"class_list":{"0":"post-9576","1":"product","2":"type-product","3":"status-publish","4":"has-post-thumbnail","6":"product_brand-fumot","7":"product_cat-25k-puffs","9":"first","10":"instock","11":"sale","12":"shipping-taxable","13":"purchasable","14":"product-type-variable"},"yoast_head":"<!-- This site is optimized with the Yoast SEO plugin v27.4 - https:\/\/yoast.com\/product\/yoast-seo-wordpress\/ -->\n<title>Fumot 25000 Banana Ice \u2013 RandM Tornado 25K Puffs<\/title>\n<meta name=\"description\" content=\"Discover the Fumot 25000 Banana Ice Vape \u2013 up to 25,000 puffs, creamy banana with icy menthol, rechargeable 850mAh battery, and smooth salt nic flavour.\" \/>\n<meta name=\"robots\" content=\"index, follow, max-snippet:-1, max-image-preview:large, max-video-preview:-1\" \/>\n<link rel=\"canonical\" href=\"https:\/\/vapemaison.com\/pl\/produkt\/fumot-randm-tornado-25000-banana-ice-vape\/\" \/>\n<meta property=\"og:locale\" content=\"pl_PL\" \/>\n<meta property=\"og:type\" content=\"article\" \/>\n<meta property=\"og:title\" content=\"Fumot 25000 Banana Ice \u2013 RandM Tornado 25K Puffs\" \/>\n<meta property=\"og:description\" content=\"Discover the Fumot 25000 Banana Ice Vape \u2013 up to 25,000 puffs, creamy banana with icy menthol, rechargeable 850mAh battery, and smooth salt nic flavour.\" \/>\n<meta property=\"og:url\" content=\"https:\/\/vapemaison.com\/pl\/produkt\/fumot-randm-tornado-25000-banana-ice-vape\/\" \/>\n<meta property=\"og:site_name\" content=\"VapeMaison\" \/>\n<meta property=\"article:modified_time\" content=\"2025-11-21T08:26:38+00:00\" \/>\n<meta property=\"og:image\" content=\"https:\/\/vapemaison.com\/wp-content\/uploads\/2025\/11\/fumot-25000-puffs-banana-Ice-picture.jpg\" \/>\n\t<meta property=\"og:image:width\" content=\"1200\" \/>\n\t<meta property=\"og:image:height\" content=\"1200\" \/>\n\t<meta property=\"og:image:type\" content=\"image\/jpeg\" \/>\n<meta name=\"twitter:card\" content=\"summary_large_image\" \/>\n<meta name=\"twitter:label1\" content=\"Szacowany czas czytania\" \/>\n\t<meta name=\"twitter:data1\" content=\"2 minuty\" \/>\n<!-- \/ Yoast SEO plugin. -->","yoast_head_json":{"title":"Fumot 25000 Banana Ice - RandM Tornado 25K Puffs","description":"Odkryj Fumot 25000 Banana Ice Vape - do 25 000 zaci\u0105gni\u0119\u0107, kremowy banan z lodowatym mentolem, akumulator 850 mAh i \u0142agodny smak s\u0142onej nikotyny.","robots":{"index":"index","follow":"follow","max-snippet":"max-snippet:-1","max-image-preview":"max-image-preview:large","max-video-preview":"max-video-preview:-1"},"canonical":"https:\/\/vapemaison.com\/pl\/produkt\/fumot-randm-tornado-25000-banana-ice-vape\/","og_locale":"pl_PL","og_type":"article","og_title":"Fumot 25000 Banana Ice \u2013 RandM Tornado 25K Puffs","og_description":"Discover the Fumot 25000 Banana Ice Vape \u2013 up to 25,000 puffs, creamy banana with icy menthol, rechargeable 850mAh battery, and smooth salt nic flavour.","og_url":"https:\/\/vapemaison.com\/pl\/produkt\/fumot-randm-tornado-25000-banana-ice-vape\/","og_site_name":"VapeMaison","article_modified_time":"2025-11-21T08:26:38+00:00","og_image":[{"width":1200,"height":1200,"url":"https:\/\/vapemaison.com\/wp-content\/uploads\/2025\/11\/fumot-25000-puffs-banana-Ice-picture.jpg","type":"image\/jpeg"}],"twitter_card":"summary_large_image","twitter_misc":{"Szacowany czas czytania":"2 minuty"},"schema":{"@context":"https:\/\/schema.org","@graph":[{"@type":"WebPage","@id":"https:\/\/vapemaison.com\/product\/fumot-randm-tornado-25000-banana-ice-vape\/","url":"https:\/\/vapemaison.com\/product\/fumot-randm-tornado-25000-banana-ice-vape\/","name":"Fumot 25000 Banana Ice - RandM Tornado 25K Puffs","isPartOf":{"@id":"https:\/\/vapemaison.com\/#website"},"primaryImageOfPage":{"@id":"https:\/\/vapemaison.com\/product\/fumot-randm-tornado-25000-banana-ice-vape\/#primaryimage"},"image":{"@id":"https:\/\/vapemaison.com\/product\/fumot-randm-tornado-25000-banana-ice-vape\/#primaryimage"},"thumbnailUrl":"https:\/\/vapemaison.com\/wp-content\/uploads\/2025\/11\/fumot-25000-puffs-banana-Ice-picture.jpg","datePublished":"2025-11-05T06:24:52+00:00","dateModified":"2025-11-21T08:26:38+00:00","description":"Odkryj Fumot 25000 Banana Ice Vape - do 25 000 zaci\u0105gni\u0119\u0107, kremowy banan z lodowatym mentolem, akumulator 850 mAh i \u0142agodny smak s\u0142onej nikotyny.","breadcrumb":{"@id":"https:\/\/vapemaison.com\/product\/fumot-randm-tornado-25000-banana-ice-vape\/#breadcrumb"},"inLanguage":"pl-PL","potentialAction":[{"@type":"ReadAction","target":["https:\/\/vapemaison.com\/product\/fumot-randm-tornado-25000-banana-ice-vape\/"]}]},{"@type":"ImageObject","inLanguage":"pl-PL","@id":"https:\/\/vapemaison.com\/product\/fumot-randm-tornado-25000-banana-ice-vape\/#primaryimage","url":"https:\/\/vapemaison.com\/wp-content\/uploads\/2025\/11\/fumot-25000-puffs-banana-Ice-picture.jpg","contentUrl":"https:\/\/vapemaison.com\/wp-content\/uploads\/2025\/11\/fumot-25000-puffs-banana-Ice-picture.jpg","width":1200,"height":1200,"caption":"fumot-25000-puffs-banana-Ice-picture"},{"@type":"BreadcrumbList","@id":"https:\/\/vapemaison.com\/product\/fumot-randm-tornado-25000-banana-ice-vape\/#breadcrumb","itemListElement":[{"@type":"ListItem","position":1,"name":"\u9996\u9875","item":"https:\/\/vapemaison.com\/"},{"@type":"ListItem","position":2,"name":"Shop","item":"https:\/\/vapemaison.com\/shop\/"},{"@type":"ListItem","position":3,"name":"Fumot","item":"https:\/\/vapemaison.com\/brand\/fumot\/"},{"@type":"ListItem","position":4,"name":"Fumot 25000 Banana Ice Randm Tornado 25000 Vape Salt E Zigarette"}]},{"@type":"WebSite","@id":"https:\/\/vapemaison.com\/#website","url":"https:\/\/vapemaison.com\/","name":"VapeMaison","description":"Wysokiej jako\u015bci urz\u0105dzenia i akcesoria do waporyzacji","publisher":{"@id":"https:\/\/vapemaison.com\/#organization"},"potentialAction":[{"@type":"SearchAction","target":{"@type":"EntryPoint","urlTemplate":"https:\/\/vapemaison.com\/?s={search_term_string}"},"query-input":{"@type":"PropertyValueSpecification","valueRequired":true,"valueName":"search_term_string"}}],"inLanguage":"pl-PL"},{"@type":"Organization","@id":"https:\/\/vapemaison.com\/#organization","name":"VapeMaison","url":"https:\/\/vapemaison.com\/","logo":{"@type":"ImageObject","inLanguage":"pl-PL","@id":"https:\/\/vapemaison.com\/#\/schema\/logo\/image\/","url":"https:\/\/vapemaison.com\/wp-content\/uploads\/2026\/01\/cropped-vapemaison-logo-g-2026.webp","contentUrl":"https:\/\/vapemaison.com\/wp-content\/uploads\/2026\/01\/cropped-vapemaison-logo-g-2026.webp","width":350,"height":280,"caption":"VapeMaison"},"image":{"@id":"https:\/\/vapemaison.com\/#\/schema\/logo\/image\/"},"sameAs":["https:\/\/www.youtube.com\/@VapeMaison"]}]}},"tiered_pricing_type":"fixed","tiered_pricing_fixed_rules":{"30":"12.42","50":"11.23","100":"10.68","200":"9.98"},"tiered_pricing_product_settings":{"layout":"default","base_unit_name":{"singular":null,"plural":null},"default_variation":null},"tiered_pricing_minimum_quantity":10,"tiered_pricing_roles_data":[],"tiered_pricing_percentage_rules":[],"tiered_pricing_maximum_quantity":null,"tiered_pricing_quantity_step":"10","_links":{"self":[{"href":"https:\/\/vapemaison.com\/pl\/wp-json\/wp\/v2\/product\/9576","targetHints":{"allow":["GET"]}}],"collection":[{"href":"https:\/\/vapemaison.com\/pl\/wp-json\/wp\/v2\/product"}],"about":[{"href":"https:\/\/vapemaison.com\/pl\/wp-json\/wp\/v2\/types\/product"}],"replies":[{"embeddable":true,"href":"https:\/\/vapemaison.com\/pl\/wp-json\/wp\/v2\/comments?post=9576"}],"version-history":[{"count":0,"href":"https:\/\/vapemaison.com\/pl\/wp-json\/wp\/v2\/product\/9576\/revisions"}],"wp:featuredmedia":[{"embeddable":true,"href":"https:\/\/vapemaison.com\/pl\/wp-json\/wp\/v2\/media\/10289"}],"wp:attachment":[{"href":"https:\/\/vapemaison.com\/pl\/wp-json\/wp\/v2\/media?parent=9576"}],"wp:term":[{"taxonomy":"product_brand","embeddable":true,"href":"https:\/\/vapemaison.com\/pl\/wp-json\/wp\/v2\/product_brand?post=9576"},{"taxonomy":"product_cat","embeddable":true,"href":"https:\/\/vapemaison.com\/pl\/wp-json\/wp\/v2\/product_cat?post=9576"},{"taxonomy":"product_tag","embeddable":true,"href":"https:\/\/vapemaison.com\/pl\/wp-json\/wp\/v2\/product_tag?post=9576"}],"curies":[{"name":"wp","href":"https:\/\/api.w.org\/{rel}","templated":true}]}}