

{"id":9580,"date":"2025-11-05T08:48:24","date_gmt":"2025-11-05T08:48:24","guid":{"rendered":"https:\/\/vapemaison.com\/?post_type=product&#038;p=9580"},"modified":"2026-02-27T09:44:10","modified_gmt":"2026-02-27T09:44:10","slug":"fumot-leopard-40k-strawberry","status":"publish","type":"product","link":"https:\/\/vapemaison.com\/pl\/product\/fumot-leopard-40k-strawberry\/","title":{"rendered":"Fumot Leopard 40K Vape 40000 Puff Strawberry Ice"},"content":{"rendered":"<h2 class=\"wp-block-heading\">Fumot Leopard 40000 Strawberry Ice - S\u0142odki, ch\u0142odny i d\u0142ugotrwa\u0142y <\/h2>\n\n\n\n<p>Odkryj idealne po\u0142\u0105czenie <strong>soczysta truskawka<\/strong> oraz <strong>orze\u017awiaj\u0105cy mentol<\/strong> z <strong>Fumot Leopard 40000 Strawberry Ice<\/strong>.<br>Zaprojektowany dla mi\u0142o\u015bnik\u00f3w smaku, kt\u00f3rzy chc\u0105 <strong>zr\u00f3wnowa\u017cony, d\u0142ugotrwa\u0142y i satysfakcjonuj\u0105cy<\/strong> Do\u015bwiadczenie waporyzacji - zawsze i wsz\u0119dzie.<\/p>\n\n\n\n<h3 class=\"wp-block-heading\">Szczeg\u00f3\u0142owa kompozycja smakowa<\/h3>\n\n\n\n<p><strong>Truskawka:<\/strong><br>Autentyczny i pe\u0142ny smak oddaje smak \u015bwie\u017co zebranych letnich truskawek. S\u0142odki, ale naturalny, jest g\u0142adki, soczysty i nigdy nie jest sztuczny.<\/p>\n\n\n\n<p><strong>Mentol (Ice):<\/strong><br>Ch\u0142odna nuta mentolu przesuwa si\u0119 po podniebieniu, dodaj\u0105c orze\u017awiaj\u0105cego wyko\u0144czenia, kt\u00f3re podkre\u015bla truskawk\u0119, nie przyt\u0142aczaj\u0105c jej.<\/p>\n\n\n\n<p><strong>Idealna harmonia:<\/strong><br>Dzi\u0119ki <strong>Technologia Dual Mesh Coil<\/strong>, Ka\u017cde zaci\u0105gni\u0119cie zaczyna si\u0119 owocowo i ko\u0144czy rze\u015bkim, ch\u0142odnym wydechem - p\u0142ynnym po\u0142\u0105czeniem s\u0142odyczy i \u015bwie\u017co\u015bci.<\/p>\n\n\n\n<h3 class=\"wp-block-heading\">Dlaczego warto wybra\u0107 \u201cStrawberry Ice\u201d?<\/h3>\n\n\n\n<ul class=\"wp-block-list\">\n<li><strong>Owocowy i orze\u017awiaj\u0105cy:<\/strong> Klasyczna truskawkowa s\u0142odycz \u0142\u0105czy si\u0119 z ch\u0142odz\u0105cym mentolowym wyko\u0144czeniem.<\/li>\n\n\n\n<li><strong>Idealny na ciep\u0142e dni:<\/strong> \u015awie\u017cy, ch\u0142odz\u0105cy aromat idealny na letni\u0105 pogod\u0119.<\/li>\n\n\n\n<li><strong>Wszechstronna przyjemno\u015b\u0107:<\/strong> Doskona\u0142y na poranki, przerwy na lunch lub wieczorny relaks.<\/li>\n\n\n\n<li><strong>\u0141atwe u\u017cytkowanie:<\/strong> Konstrukcja gotowa do u\u017cycia - bez konieczno\u015bci uzupe\u0142niania i konserwacji.<\/li>\n<\/ul>\n\n\n\n<p>Z maksymalnie <strong>40 000 zaci\u0105gni\u0119\u0107<\/strong>, a <strong>czytelny wy\u015bwietlacz LED<\/strong>, oraz <strong>\u0141adowanie przez USB-C<\/strong>, Fumot Leopard 40000 \u0142\u0105czy wydajno\u015b\u0107 i wygod\u0119 w jednym eleganckim urz\u0105dzeniu.<\/p>\n\n\n\n<h3 class=\"wp-block-heading\">Najwa\u017cniejsze informacje techniczne<\/h3>\n\n\n\n<figure class=\"wp-block-table\"><table class=\"has-fixed-layout\"><thead><tr><th>Cecha<\/th><th>Specyfikacja<\/th><\/tr><\/thead><tbody><tr><td><strong>Bateria<\/strong><\/td><td>Akumulator o pojemno\u015bci 700 mAh<\/td><\/tr><tr><td><strong>Puffy<\/strong><\/td><td>Do <strong>40,000<\/strong><\/td><\/tr><tr><td><strong>Typ cewki<\/strong><\/td><td>Podw\u00f3jna cewka siatkowa dla bogatej, r\u00f3wnomiernej pary<\/td><\/tr><tr><td><strong>\u0141adowanie<\/strong><\/td><td>Szybkie \u0142adowanie USB-C (pe\u0142ne na\u0142adowanie w 60-90 min)<\/td><\/tr><tr><td><strong>Wy\u015bwietlacz<\/strong><\/td><td>Cyfrowy ekran LED pokazuje poziom baterii i cieczy<\/td><\/tr><tr><td><strong>Pojemno\u015b\u0107 e-liquidu<\/strong><\/td><td>20 ml wst\u0119pnie nape\u0142nionego p\u0142ynu premium<\/td><\/tr><tr><td><strong>Mocne strony nikotyny<\/strong><\/td><td>0%, 2%, 3% lub 5% (w zale\u017cno\u015bci od regulacji rynkowych)<\/td><\/tr><\/tbody><\/table><\/figure>\n\n\n\n<h3 class=\"wp-block-heading\">Wskaz\u00f3wki dotycz\u0105ce aplikacji<\/h3>\n\n\n\n<ul class=\"wp-block-list\">\n<li><strong>Zacznij delikatnie:<\/strong> Na pocz\u0105tku zaci\u0105gaj si\u0119 lekko, aby stopniowo narasta\u0142o uczucie ch\u0142odzenia.<\/li>\n\n\n\n<li><strong>Zwi\u0119ksz \u015bwie\u017co\u015b\u0107:<\/strong> Popijaj wod\u0119 mi\u0119dzy zaci\u0105gni\u0119ciami, aby wzmocni\u0107 efekt lodu.<\/li>\n\n\n\n<li><strong>Przyjazny w podr\u00f3\u017cy:<\/strong> Kompaktowy i wytrzyma\u0142y, idealny na wakacje, festiwale lub zaj\u0119cia na \u015bwie\u017cym powietrzu.<\/li>\n\n\n\n<li><strong>Szybkie \u0142adowanie:<\/strong> Kr\u00f3tkie \u0142adowanie przez USB-C pozwala na nieprzerwane wapowanie.<\/li>\n<\/ul>\n\n\n\n<h3 class=\"wp-block-heading\">Opinie klient\u00f3w<\/h3>\n\n\n\n<blockquote class=\"wp-block-quote is-layout-flow wp-block-quote-is-layout-flow\">\n<p>\u201cStrawberry Ice to m\u00f3j ulubiony smak latem - owocowy, orze\u017awiaj\u0105cy i g\u0142adki!\u201d<br>- <em>Claudia S., Hamburg<\/em><\/p>\n<\/blockquote>\n\n\n\n<blockquote class=\"wp-block-quote is-layout-flow wp-block-quote-is-layout-flow\">\n<p>\u201cPo treningu wapuj\u0119 na \u015bwie\u017cym powietrzu. Efekt ch\u0142odzenia jest doskona\u0142y, a wy\u015bwietlacz informuje mnie na bie\u017c\u0105co\u201d.\u201d<br>- <em>Marc T., Berlin<\/em><\/p>\n<\/blockquote>\n\n\n\n<blockquote class=\"wp-block-quote is-layout-flow wp-block-quote-is-layout-flow\">\n<p>\u201cDoskona\u0142y tyto\u0144 na ca\u0142y dzie\u0144 - niezbyt s\u0142odki, po prostu idealnie \u015bwie\u017cy\u201d.\u201d<br>- <em>Sophie F., Monachium<\/em><\/p>\n<\/blockquote>\n\n\n\n<h3 class=\"wp-block-heading\">Utylizacja przyjazna dla \u015brodowiska<\/h3>\n\n\n\n<p>The <strong>Fumot Leopard 40000<\/strong> jest <strong>jednorazowy vape z wbudowan\u0105 bateri\u0105<\/strong>.<br>Ekologiczna utylizacja:<\/p>\n\n\n\n<ol class=\"wp-block-list\">\n<li>Ca\u0142kowicie roz\u0142aduj bateri\u0119 (do momentu, gdy nie b\u0119dzie z niej wydobywa\u0107 si\u0119 para).<\/li>\n\n\n\n<li>Zwr\u00f3\u0107 urz\u0105dzenie do oficjalnego punktu <strong>Punkt zbi\u00f3rki e-odpad\u00f3w<\/strong> lub <strong>miejskie centrum recyklingu<\/strong>.<\/li>\n<\/ol>\n\n\n\n<p>Pomaga to odzyska\u0107 cenne materia\u0142y i zmniejsza wp\u0142yw na \u015brodowisko.<\/p>\n\n\n\n<blockquote class=\"wp-block-quote is-layout-flow wp-block-quote-is-layout-flow\">\n<p><strong>Uwaga:<\/strong> W UE zawarto\u015b\u0107 nikotyny jest ograniczona do maksymalnie 2% (20mg\/ml) w sprzeda\u017cy detalicznej.<\/p>\n<\/blockquote>\n\n\n\n<h3 class=\"wp-block-heading\">Dalsze zalecenia<\/h3>\n\n\n\n<ul class=\"wp-block-list\">\n<li>Odkryj wszystko <strong>Fumot Leopard 40000 smak\u00f3w<\/strong><\/li>\n\n\n\n<li><strong>Przejrzyj nasz\u0105 ofert\u0119 <a href=\"https:\/\/vapemaison.com\/brand\/\">inne marki i modele<\/a><\/strong><\/li>\n<\/ul>","protected":false},"excerpt":{"rendered":"<p>Ciesz si\u0119 <strong>Fumot Leopard 40000<\/strong> Strawberry Ice - idealne po\u0142\u0105czenie soczystej truskawki i orze\u017awiaj\u0105cego mentolu. Dzi\u0119ki 40 000 zaci\u0105gni\u0119\u0107, podw\u00f3jnej cewce siatkowej i szybkiemu \u0142adowaniu przez USB-C, jest stworzony dla czystej satysfakcji smakowej.<\/p>","protected":false},"featured_media":10530,"comment_status":"open","ping_status":"closed","template":"","meta":[],"product_brand":[58],"product_cat":[135,294],"product_tag":[],"class_list":{"0":"post-9580","1":"product","2":"type-product","3":"status-publish","4":"has-post-thumbnail","6":"product_brand-fumot","7":"product_cat-40k-puffs","8":"product_cat-no-nicotine-vape","10":"first","11":"instock","12":"sale","13":"shipping-taxable","14":"purchasable","15":"product-type-variable"},"yoast_head":"<!-- This site is optimized with the Yoast SEO plugin v27.4 - https:\/\/yoast.com\/product\/yoast-seo-wordpress\/ -->\n<title>Fumot Leopard 40000 Strawberry Ice | 40K Puffs Vape<\/title>\n<meta name=\"description\" content=\"Discover Fumot Leopard 40000 Strawberry Ice \u2013 up to 40,000 puffs, juicy strawberry with icy menthol, USB-C fast charge, Dual Mesh Coil, and LED display.\" \/>\n<meta name=\"robots\" content=\"index, follow, max-snippet:-1, max-image-preview:large, max-video-preview:-1\" \/>\n<link rel=\"canonical\" href=\"https:\/\/vapemaison.com\/pl\/produkt\/fumot-leopard-40k-strawberry\/\" \/>\n<meta property=\"og:locale\" content=\"pl_PL\" \/>\n<meta property=\"og:type\" content=\"article\" \/>\n<meta property=\"og:title\" content=\"Fumot Leopard 40000 Strawberry Ice | 40K Puffs Vape\" \/>\n<meta property=\"og:description\" content=\"Discover Fumot Leopard 40000 Strawberry Ice \u2013 up to 40,000 puffs, juicy strawberry with icy menthol, USB-C fast charge, Dual Mesh Coil, and LED display.\" \/>\n<meta property=\"og:url\" content=\"https:\/\/vapemaison.com\/pl\/produkt\/fumot-leopard-40k-strawberry\/\" \/>\n<meta property=\"og:site_name\" content=\"VapeMaison\" \/>\n<meta property=\"article:modified_time\" content=\"2026-02-27T09:44:10+00:00\" \/>\n<meta property=\"og:image\" content=\"https:\/\/vapemaison.com\/wp-content\/uploads\/2025\/11\/Fumot-Leopard-40K-Vape-40000-Puff-Strawberry-Ice.jpg\" \/>\n\t<meta property=\"og:image:width\" content=\"1000\" \/>\n\t<meta property=\"og:image:height\" content=\"1000\" \/>\n\t<meta property=\"og:image:type\" content=\"image\/jpeg\" \/>\n<meta name=\"twitter:card\" content=\"summary_large_image\" \/>\n<meta name=\"twitter:label1\" content=\"Szacowany czas czytania\" \/>\n\t<meta name=\"twitter:data1\" content=\"2 minuty\" \/>\n<!-- \/ Yoast SEO plugin. -->","yoast_head_json":{"title":"Fumot Leopard 40000 Strawberry Ice | 40K Puffs Vape","description":"Odkryj Fumot Leopard 40000 Strawberry Ice - do 40 000 zaci\u0105gni\u0119\u0107, soczysta truskawka z lodowatym mentolem, szybkie \u0142adowanie USB-C, podw\u00f3jna cewka siatkowa i wy\u015bwietlacz LED.","robots":{"index":"index","follow":"follow","max-snippet":"max-snippet:-1","max-image-preview":"max-image-preview:large","max-video-preview":"max-video-preview:-1"},"canonical":"https:\/\/vapemaison.com\/pl\/produkt\/fumot-leopard-40k-strawberry\/","og_locale":"pl_PL","og_type":"article","og_title":"Fumot Leopard 40000 Strawberry Ice | 40K Puffs Vape","og_description":"Discover Fumot Leopard 40000 Strawberry Ice \u2013 up to 40,000 puffs, juicy strawberry with icy menthol, USB-C fast charge, Dual Mesh Coil, and LED display.","og_url":"https:\/\/vapemaison.com\/pl\/produkt\/fumot-leopard-40k-strawberry\/","og_site_name":"VapeMaison","article_modified_time":"2026-02-27T09:44:10+00:00","og_image":[{"width":1000,"height":1000,"url":"https:\/\/vapemaison.com\/wp-content\/uploads\/2025\/11\/Fumot-Leopard-40K-Vape-40000-Puff-Strawberry-Ice.jpg","type":"image\/jpeg"}],"twitter_card":"summary_large_image","twitter_misc":{"Szacowany czas czytania":"2 minuty"},"schema":{"@context":"https:\/\/schema.org","@graph":[{"@type":"WebPage","@id":"https:\/\/vapemaison.com\/product\/fumot-leopard-40k-strawberry\/","url":"https:\/\/vapemaison.com\/product\/fumot-leopard-40k-strawberry\/","name":"Fumot Leopard 40000 Strawberry Ice | 40K Puffs Vape","isPartOf":{"@id":"https:\/\/vapemaison.com\/#website"},"primaryImageOfPage":{"@id":"https:\/\/vapemaison.com\/product\/fumot-leopard-40k-strawberry\/#primaryimage"},"image":{"@id":"https:\/\/vapemaison.com\/product\/fumot-leopard-40k-strawberry\/#primaryimage"},"thumbnailUrl":"https:\/\/vapemaison.com\/wp-content\/uploads\/2025\/11\/Fumot-Leopard-40K-Vape-40000-Puff-Strawberry-Ice.jpg","datePublished":"2025-11-05T08:48:24+00:00","dateModified":"2026-02-27T09:44:10+00:00","description":"Odkryj Fumot Leopard 40000 Strawberry Ice - do 40 000 zaci\u0105gni\u0119\u0107, soczysta truskawka z lodowatym mentolem, szybkie \u0142adowanie USB-C, podw\u00f3jna cewka siatkowa i wy\u015bwietlacz LED.","breadcrumb":{"@id":"https:\/\/vapemaison.com\/product\/fumot-leopard-40k-strawberry\/#breadcrumb"},"inLanguage":"pl-PL","potentialAction":[{"@type":"ReadAction","target":["https:\/\/vapemaison.com\/product\/fumot-leopard-40k-strawberry\/"]}]},{"@type":"ImageObject","inLanguage":"pl-PL","@id":"https:\/\/vapemaison.com\/product\/fumot-leopard-40k-strawberry\/#primaryimage","url":"https:\/\/vapemaison.com\/wp-content\/uploads\/2025\/11\/Fumot-Leopard-40K-Vape-40000-Puff-Strawberry-Ice.jpg","contentUrl":"https:\/\/vapemaison.com\/wp-content\/uploads\/2025\/11\/Fumot-Leopard-40K-Vape-40000-Puff-Strawberry-Ice.jpg","width":1000,"height":1000,"caption":"Fumot Leopard 40k Vape Puff Strawberry Ice"},{"@type":"BreadcrumbList","@id":"https:\/\/vapemaison.com\/product\/fumot-leopard-40k-strawberry\/#breadcrumb","itemListElement":[{"@type":"ListItem","position":1,"name":"\u9996\u9875","item":"https:\/\/vapemaison.com\/"},{"@type":"ListItem","position":2,"name":"Shop","item":"https:\/\/vapemaison.com\/shop\/"},{"@type":"ListItem","position":3,"name":"Fumot","item":"https:\/\/vapemaison.com\/brand\/fumot\/"},{"@type":"ListItem","position":4,"name":"Fumot Leopard 40K Vape 40000 Puff Strawberry Ice"}]},{"@type":"WebSite","@id":"https:\/\/vapemaison.com\/#website","url":"https:\/\/vapemaison.com\/","name":"VapeMaison","description":"Wysokiej jako\u015bci urz\u0105dzenia i akcesoria do waporyzacji","publisher":{"@id":"https:\/\/vapemaison.com\/#organization"},"potentialAction":[{"@type":"SearchAction","target":{"@type":"EntryPoint","urlTemplate":"https:\/\/vapemaison.com\/?s={search_term_string}"},"query-input":{"@type":"PropertyValueSpecification","valueRequired":true,"valueName":"search_term_string"}}],"inLanguage":"pl-PL"},{"@type":"Organization","@id":"https:\/\/vapemaison.com\/#organization","name":"VapeMaison","url":"https:\/\/vapemaison.com\/","logo":{"@type":"ImageObject","inLanguage":"pl-PL","@id":"https:\/\/vapemaison.com\/#\/schema\/logo\/image\/","url":"https:\/\/vapemaison.com\/wp-content\/uploads\/2026\/01\/cropped-vapemaison-logo-g-2026.webp","contentUrl":"https:\/\/vapemaison.com\/wp-content\/uploads\/2026\/01\/cropped-vapemaison-logo-g-2026.webp","width":350,"height":280,"caption":"VapeMaison"},"image":{"@id":"https:\/\/vapemaison.com\/#\/schema\/logo\/image\/"},"sameAs":["https:\/\/www.youtube.com\/@VapeMaison"]}]}},"tiered_pricing_type":"fixed","tiered_pricing_fixed_rules":{"30":"12.56","50":"11.42","100":"10.21","200":"9.45"},"tiered_pricing_product_settings":{"layout":"default","base_unit_name":{"singular":null,"plural":null},"default_variation":null},"tiered_pricing_minimum_quantity":10,"tiered_pricing_roles_data":[],"tiered_pricing_percentage_rules":[],"tiered_pricing_maximum_quantity":null,"tiered_pricing_quantity_step":"10","_links":{"self":[{"href":"https:\/\/vapemaison.com\/pl\/wp-json\/wp\/v2\/product\/9580","targetHints":{"allow":["GET"]}}],"collection":[{"href":"https:\/\/vapemaison.com\/pl\/wp-json\/wp\/v2\/product"}],"about":[{"href":"https:\/\/vapemaison.com\/pl\/wp-json\/wp\/v2\/types\/product"}],"replies":[{"embeddable":true,"href":"https:\/\/vapemaison.com\/pl\/wp-json\/wp\/v2\/comments?post=9580"}],"version-history":[{"count":1,"href":"https:\/\/vapemaison.com\/pl\/wp-json\/wp\/v2\/product\/9580\/revisions"}],"predecessor-version":[{"id":27543,"href":"https:\/\/vapemaison.com\/pl\/wp-json\/wp\/v2\/product\/9580\/revisions\/27543"}],"wp:featuredmedia":[{"embeddable":true,"href":"https:\/\/vapemaison.com\/pl\/wp-json\/wp\/v2\/media\/10530"}],"wp:attachment":[{"href":"https:\/\/vapemaison.com\/pl\/wp-json\/wp\/v2\/media?parent=9580"}],"wp:term":[{"taxonomy":"product_brand","embeddable":true,"href":"https:\/\/vapemaison.com\/pl\/wp-json\/wp\/v2\/product_brand?post=9580"},{"taxonomy":"product_cat","embeddable":true,"href":"https:\/\/vapemaison.com\/pl\/wp-json\/wp\/v2\/product_cat?post=9580"},{"taxonomy":"product_tag","embeddable":true,"href":"https:\/\/vapemaison.com\/pl\/wp-json\/wp\/v2\/product_tag?post=9580"}],"curies":[{"name":"wp","href":"https:\/\/api.w.org\/{rel}","templated":true}]}}