

{"id":9586,"date":"2025-11-06T03:53:00","date_gmt":"2025-11-06T03:53:00","guid":{"rendered":"https:\/\/vapemaison.com\/?post_type=product&#038;p=9586"},"modified":"2026-04-24T06:35:24","modified_gmt":"2026-04-24T06:35:24","slug":"randm-tornado-70k-r-and-m-tornado-70000-einweg-vape-ohne-nikotin","status":"publish","type":"product","link":"https:\/\/vapemaison.com\/pl\/product\/randm-tornado-70k-r-and-m-tornado-70000-einweg-vape-ohne-nikotin\/","title":{"rendered":"RandM Tornado 70K R and M Tornado 70000 Einweg Vape Ohne Nikotin"},"content":{"rendered":"<p>The <strong>RandM Tornado 7000 Vape do wielokrotnego nape\u0142niania<\/strong> jest przeznaczony dla vaper\u00f3w, kt\u00f3rzy chc\u0105 <strong>wolno\u015b\u0107 wyboru<\/strong> oraz <strong>wydajno\u015b\u0107 premium<\/strong> w jednym eleganckim urz\u0105dzeniu.<br>W przeciwie\u0144stwie do tradycyjnych waporyzator\u00f3w jednorazowych, ten model jest dostarczany <strong>pusty<\/strong> - umo\u017cliwiaj\u0105c wype\u0142nienie go swoimi <strong>w\u0142asny ulubiony e-liquid<\/strong>. Niezale\u017cnie od tego, czy preferujesz s\u0142odkie, owocowe, lodowe czy deserowe smaki, Tornado 7000 pozwala dostosowa\u0107 doznania z waporyzacji dok\u0142adnie tak, jak lubisz.<\/p>\n\n\n\n<h3 class=\"wp-block-heading\"><strong>Najwa\u017cniejsze cechy w skr\u00f3cie<\/strong><\/h3>\n\n\n\n<ul class=\"wp-block-list\">\n<li><strong>Konstrukcja wielokrotnego nape\u0142niania:<\/strong> U\u017cywaj w\u0142asnego e-liquidu i mieszaj smaki wed\u0142ug w\u0142asnego uznania.<\/li>\n\n\n\n<li><strong>Bateria 850 mAh:<\/strong> Zapewnia mocn\u0105 i sta\u0142\u0105 emisj\u0119 pary podczas d\u0142ugich sesji.<\/li>\n\n\n\n<li><strong>Du\u017cy zbiornik o pojemno\u015bci 15 ml:<\/strong> Mie\u015bci oko\u0142o 1,5 butelki standardowego e-cieczy do d\u0142u\u017cszego wapowania.<\/li>\n\n\n\n<li><strong>Trwa\u0142a cewka:<\/strong> Ka\u017cda cewka wystarcza na oko\u0142o dwa pe\u0142ne nape\u0142nienia zbiornika - do <strong>Ca\u0142kowite zu\u017cycie 30 ml<\/strong>.<\/li>\n\n\n\n<li><strong>Over 10,000 Puffs:<\/strong> Ciesz si\u0119 imponuj\u0105c\u0105 liczb\u0105 zaci\u0105gni\u0119\u0107 z jednego urz\u0105dzenia przed wymian\u0105.<\/li>\n\n\n\n<li><strong>P\u0142ynny ci\u0105g i intensywny smak:<\/strong> Do\u015bwiadcz obfitych chmur pary i satysfakcjonuj\u0105cego uderzenia w gard\u0142o.<\/li>\n<\/ul>\n\n\n\n<h3 class=\"wp-block-heading\"><strong>Dlaczego warto wybra\u0107 RandM Tornado 7000 Vape wielokrotnego nape\u0142niania?<\/strong><\/h3>\n\n\n\n<p><strong>Wolno\u015b\u0107 smaku:<\/strong><br>Poniewa\u017c urz\u0105dzenie jest dostarczane bez wst\u0119pnie nape\u0142nionego p\u0142ynu, mo\u017cna u\u017cy\u0107 <strong>dowolny smak lub moc nikotyny<\/strong> idealny dla tych, kt\u00f3rzy lubi\u0105 eksperymentowa\u0107 z niestandardowymi mieszankami.<\/p>\n\n\n\n<p><strong>Silna produkcja pary:<\/strong><br>The <strong>Akumulator 850 mAh<\/strong> Zapewnia sta\u0142\u0105 wydajno\u015b\u0107 i g\u0119ste chmury przy ka\u017cdym zaci\u0105gni\u0119ciu - idealny zar\u00f3wno do waporyzacji MTL, jak i DTL.<\/p>\n\n\n\n<p><strong>Du\u017ca pojemno\u015b\u0107 zbiornika:<\/strong><br>Z jego <strong>Zbiornik wielokrotnego nape\u0142niania 15 ml<\/strong>, Dzi\u0119ki temu mo\u017cesz waporyzowa\u0107 godzinami bez konieczno\u015bci ci\u0105g\u0142ego uzupe\u0142niania.<\/p>\n\n\n\n<p><strong>Cewka o d\u0142ugiej \u017cywotno\u015bci:<\/strong><br>Ka\u017cda cewka obs\u0142uguje oko\u0142o <strong>dwa cykle pe\u0142nego zbiornika<\/strong>, Oznacza to mniej wymian i wi\u0119cej nieprzerwanej przyjemno\u015bci z u\u017cytkowania.<\/p>\n\n\n\n<p><strong>Wydajno\u015b\u0107 i oszcz\u0119dno\u015b\u0107:<\/strong><br>Uzyskaj moc vape premium i elastyczno\u015b\u0107 wielokrotnego nape\u0142niania - ekologiczn\u0105 alternatyw\u0119 dla jednorazowych vape.<\/p>\n\n\n\n<h3 class=\"wp-block-heading\"><strong>Specyfikacje<\/strong><\/h3>\n\n\n\n<figure class=\"wp-block-table\"><table class=\"has-fixed-layout\"><thead><tr><th>Cecha<\/th><th>Specyfikacja<\/th><\/tr><\/thead><tbody><tr><td>Bateria<\/td><td>Akumulator 850 mAh<\/td><\/tr><tr><td>Pojemno\u015b\u0107 zbiornika<\/td><td>15 ml<\/td><\/tr><tr><td>Mo\u017cliwo\u015b\u0107 wielokrotnego nape\u0142niania<\/td><td>Tak<\/td><\/tr><tr><td>\u017bywotno\u015b\u0107 cewki<\/td><td>Oko\u0142o 2 nape\u0142nienia zbiornika (\u0142\u0105cznie \u224830 ml)<\/td><\/tr><tr><td>Szacowane pufy<\/td><td>10,000+<\/td><\/tr><tr><td>\u0141adowanie<\/td><td>USB typu C<\/td><\/tr><tr><td>Wymiary<\/td><td>Kompaktowy i przyjazny w podr\u00f3\u017cy<\/td><\/tr><tr><td>U\u017cycie<\/td><td>Kompatybilny ze wszystkimi standardowymi e-liquidami<\/td><\/tr><\/tbody><\/table><\/figure>\n\n\n\n<h3 class=\"wp-block-heading\"><strong>Idealny dla<\/strong><\/h3>\n\n\n\n<ul class=\"wp-block-list\">\n<li>Vaperzy, kt\u00f3rzy chc\u0105 <strong>u\u017cywa\u0107 w\u0142asnych p\u0142yn\u00f3w<\/strong><\/li>\n\n\n\n<li>Ci, kt\u00f3rzy szukaj\u0105 <strong>op\u0142acalny<\/strong> oraz <strong>\u015bwiadomy ekologicznie<\/strong> vaping<\/li>\n\n\n\n<li>U\u017cytkownicy, kt\u00f3rzy doceniaj\u0105 <strong>Wysoka wydajno\u015b\u0107 pary wodnej<\/strong> oraz <strong>Niestandardowa kontrola smaku<\/strong><\/li>\n\n\n\n<li>Zar\u00f3wno dla pocz\u0105tkuj\u0105cych, jak i do\u015bwiadczonych vaper\u00f3w<\/li>\n<\/ul>\n\n\n\n<h3 class=\"wp-block-heading\"><strong>Wnioski<\/strong><\/h3>\n\n\n\n<p>The <strong>RandM Tornado 7000 Vape do wielokrotnego nape\u0142niania<\/strong> kombajny <strong>personalizacja, moc i wygoda<\/strong> w jednym innowacyjnym urz\u0105dzeniu.<br>Dzi\u0119ki d\u0142ugotrwa\u0142ej cewce, pojemnemu zbiornikowi i elastyczno\u015bci, kt\u00f3r\u0105 mo\u017cna uzupe\u0142nia\u0107, oferuje wyj\u0105tkowe wra\u017cenia z waporyzacji, kt\u00f3re s\u0105 zar\u00f3wno <strong>spersonalizowany<\/strong> oraz <strong>zr\u00f3wnowa\u017cony<\/strong>.<\/p>\n\n\n\n<p>Do\u015bwiadcz waporyzacji na sw\u00f3j spos\u00f3b - z <strong>RandM Tornado 7000<\/strong>.<\/p>\n\n\n\n<ul class=\"wp-block-list\">\n<li>Odwied\u017a nasz\u0105 stron\u0119 <strong><a href=\"https:\/\/vapemaison.com\/\" type=\"link\" id=\"https:\/\/vapemaison.com\/brand\/randm\/\">Strona g\u0142\u00f3wna<\/a><\/strong> to discover new arrivals and best sellers<\/li>\n\n\n\n<li>Browse the <strong><a href=\"https:\/\/vapemaison.com\/shop\/\" type=\"link\" id=\"https:\/\/vapemaison.com\/shop\/\">Shop page<\/a><\/strong> to explore all available products<\/li>\n\n\n\n<li>Sprawd\u017a <strong><a href=\"https:\/\/vapemaison.com\/brand\/randm\/\" type=\"link\" id=\"https:\/\/vapemaison.com\/brand\/randm\/\">RandM brand collection<\/a><\/strong> for more devices<\/li>\n\n\n\n<li>Poznaj nasze <strong><a href=\"https:\/\/vapemaison.com\/product-category\/puffs-count\/\" type=\"link\" id=\"https:\/\/vapemaison.com\/product-category\/puffs-count\/\">Puff categories<\/a><\/strong> to compare 5000, 9000, 15000+ puff vapes<\/li>\n<\/ul>","protected":false},"excerpt":{"rendered":"<p>The RandM Tornado 7000 Refillable Vape is designed for vapers who want freedom of choice and premium performance in one sleek device.Unlike traditional disposable vapes, this model comes empty \u2014 allowing you to fill it with your own favourite e-liquid. Whether you prefer sweet, fruity, icy, or dessert flavours, the Tornado 7000 lets you customise [&hellip;]<\/p>\n","protected":false},"featured_media":10969,"comment_status":"open","ping_status":"closed","template":"","meta":[],"product_brand":[169],"product_cat":[138],"product_tag":[],"class_list":{"0":"post-9586","1":"product","2":"type-product","3":"status-publish","4":"has-post-thumbnail","6":"product_brand-randm","7":"product_cat-70k-puffs","9":"first","10":"instock","11":"sale","12":"shipping-taxable","13":"purchasable","14":"product-type-variable"},"yoast_head":"<!-- This site is optimized with the Yoast SEO plugin v27.4 - https:\/\/yoast.com\/product\/yoast-seo-wordpress\/ -->\n<title>RandM Tornado 7000 | Einweg Vape Ohne Nikotin<\/title>\n<meta name=\"description\" content=\"Enjoy the RandM Tornado 7000 refillable vape with your own liquids \u2014 850mAh battery, 15ml tank, and over 10,000 puffs for a custom vaping experience.\" \/>\n<meta name=\"robots\" content=\"index, follow, max-snippet:-1, max-image-preview:large, max-video-preview:-1\" \/>\n<link rel=\"canonical\" href=\"https:\/\/vapemaison.com\/pl\/produkt\/randm-tornado-70k-r-and-m-tornado-70000-einweg-vape-ohne-nikotin\/\" \/>\n<meta property=\"og:locale\" content=\"pl_PL\" \/>\n<meta property=\"og:type\" content=\"article\" \/>\n<meta property=\"og:title\" content=\"RandM Tornado 7000 | Einweg Vape Ohne Nikotin\" \/>\n<meta property=\"og:description\" content=\"Enjoy the RandM Tornado 7000 refillable vape with your own liquids \u2014 850mAh battery, 15ml tank, and over 10,000 puffs for a custom vaping experience.\" \/>\n<meta property=\"og:url\" content=\"https:\/\/vapemaison.com\/pl\/produkt\/randm-tornado-70k-r-and-m-tornado-70000-einweg-vape-ohne-nikotin\/\" \/>\n<meta property=\"og:site_name\" content=\"VapeMaison\" \/>\n<meta property=\"article:modified_time\" content=\"2026-04-24T06:35:24+00:00\" \/>\n<meta property=\"og:image\" content=\"https:\/\/vapemaison.com\/wp-content\/uploads\/2025\/11\/random-randm-tornado-vape-2.png\" \/>\n\t<meta property=\"og:image:width\" content=\"1600\" \/>\n\t<meta property=\"og:image:height\" content=\"1600\" \/>\n\t<meta property=\"og:image:type\" content=\"image\/png\" \/>\n<meta name=\"twitter:card\" content=\"summary_large_image\" \/>\n<meta name=\"twitter:label1\" content=\"Szacowany czas czytania\" \/>\n\t<meta name=\"twitter:data1\" content=\"3 minuty\" \/>\n<!-- \/ Yoast SEO plugin. -->","yoast_head_json":{"title":"RandM Tornado 7000 | Einweg Vape Ohne Nikotin","description":"Ciesz si\u0119 waporyzatorem RandM Tornado 7000 z mo\u017cliwo\u015bci\u0105 wielokrotnego nape\u0142niania w\u0142asnymi p\u0142ynami - bateria 850 mAh, zbiornik 15 ml i ponad 10 000 zaci\u0105gni\u0119\u0107 zapewniaj\u0105 niestandardowe wra\u017cenia z waporyzacji.","robots":{"index":"index","follow":"follow","max-snippet":"max-snippet:-1","max-image-preview":"max-image-preview:large","max-video-preview":"max-video-preview:-1"},"canonical":"https:\/\/vapemaison.com\/pl\/produkt\/randm-tornado-70k-r-and-m-tornado-70000-einweg-vape-ohne-nikotin\/","og_locale":"pl_PL","og_type":"article","og_title":"RandM Tornado 7000 | Einweg Vape Ohne Nikotin","og_description":"Enjoy the RandM Tornado 7000 refillable vape with your own liquids \u2014 850mAh battery, 15ml tank, and over 10,000 puffs for a custom vaping experience.","og_url":"https:\/\/vapemaison.com\/pl\/produkt\/randm-tornado-70k-r-and-m-tornado-70000-einweg-vape-ohne-nikotin\/","og_site_name":"VapeMaison","article_modified_time":"2026-04-24T06:35:24+00:00","og_image":[{"width":1600,"height":1600,"url":"https:\/\/vapemaison.com\/wp-content\/uploads\/2025\/11\/random-randm-tornado-vape-2.png","type":"image\/png"}],"twitter_card":"summary_large_image","twitter_misc":{"Szacowany czas czytania":"3 minuty"},"schema":{"@context":"https:\/\/schema.org","@graph":[{"@type":"WebPage","@id":"https:\/\/vapemaison.com\/product\/randm-tornado-70k-r-and-m-tornado-70000-einweg-vape-ohne-nikotin\/","url":"https:\/\/vapemaison.com\/product\/randm-tornado-70k-r-and-m-tornado-70000-einweg-vape-ohne-nikotin\/","name":"RandM Tornado 7000 | Einweg Vape Ohne Nikotin","isPartOf":{"@id":"https:\/\/vapemaison.com\/#website"},"primaryImageOfPage":{"@id":"https:\/\/vapemaison.com\/product\/randm-tornado-70k-r-and-m-tornado-70000-einweg-vape-ohne-nikotin\/#primaryimage"},"image":{"@id":"https:\/\/vapemaison.com\/product\/randm-tornado-70k-r-and-m-tornado-70000-einweg-vape-ohne-nikotin\/#primaryimage"},"thumbnailUrl":"https:\/\/vapemaison.com\/wp-content\/uploads\/2025\/11\/random-randm-tornado-vape-2.png","datePublished":"2025-11-06T03:53:00+00:00","dateModified":"2026-04-24T06:35:24+00:00","description":"Ciesz si\u0119 waporyzatorem RandM Tornado 7000 z mo\u017cliwo\u015bci\u0105 wielokrotnego nape\u0142niania w\u0142asnymi p\u0142ynami - bateria 850 mAh, zbiornik 15 ml i ponad 10 000 zaci\u0105gni\u0119\u0107 zapewniaj\u0105 niestandardowe wra\u017cenia z waporyzacji.","breadcrumb":{"@id":"https:\/\/vapemaison.com\/product\/randm-tornado-70k-r-and-m-tornado-70000-einweg-vape-ohne-nikotin\/#breadcrumb"},"inLanguage":"pl-PL","potentialAction":[{"@type":"ReadAction","target":["https:\/\/vapemaison.com\/product\/randm-tornado-70k-r-and-m-tornado-70000-einweg-vape-ohne-nikotin\/"]}]},{"@type":"ImageObject","inLanguage":"pl-PL","@id":"https:\/\/vapemaison.com\/product\/randm-tornado-70k-r-and-m-tornado-70000-einweg-vape-ohne-nikotin\/#primaryimage","url":"https:\/\/vapemaison.com\/wp-content\/uploads\/2025\/11\/random-randm-tornado-vape-2.png","contentUrl":"https:\/\/vapemaison.com\/wp-content\/uploads\/2025\/11\/random-randm-tornado-vape-2.png","width":1600,"height":1600,"caption":"Random Randm Tornado Vape detail"},{"@type":"BreadcrumbList","@id":"https:\/\/vapemaison.com\/product\/randm-tornado-70k-r-and-m-tornado-70000-einweg-vape-ohne-nikotin\/#breadcrumb","itemListElement":[{"@type":"ListItem","position":1,"name":"\u9996\u9875","item":"https:\/\/vapemaison.com\/"},{"@type":"ListItem","position":2,"name":"Shop","item":"https:\/\/vapemaison.com\/shop\/"},{"@type":"ListItem","position":3,"name":"RandM","item":"https:\/\/vapemaison.com\/brand\/randm\/"},{"@type":"ListItem","position":4,"name":"RandM Tornado 70K R and M Tornado 70000 Einweg Vape Ohne Nikotin"}]},{"@type":"WebSite","@id":"https:\/\/vapemaison.com\/#website","url":"https:\/\/vapemaison.com\/","name":"VapeMaison","description":"Wysokiej jako\u015bci urz\u0105dzenia i akcesoria do waporyzacji","publisher":{"@id":"https:\/\/vapemaison.com\/#organization"},"potentialAction":[{"@type":"SearchAction","target":{"@type":"EntryPoint","urlTemplate":"https:\/\/vapemaison.com\/?s={search_term_string}"},"query-input":{"@type":"PropertyValueSpecification","valueRequired":true,"valueName":"search_term_string"}}],"inLanguage":"pl-PL"},{"@type":"Organization","@id":"https:\/\/vapemaison.com\/#organization","name":"VapeMaison","url":"https:\/\/vapemaison.com\/","logo":{"@type":"ImageObject","inLanguage":"pl-PL","@id":"https:\/\/vapemaison.com\/#\/schema\/logo\/image\/","url":"https:\/\/vapemaison.com\/wp-content\/uploads\/2026\/01\/cropped-vapemaison-logo-g-2026.webp","contentUrl":"https:\/\/vapemaison.com\/wp-content\/uploads\/2026\/01\/cropped-vapemaison-logo-g-2026.webp","width":350,"height":280,"caption":"VapeMaison"},"image":{"@id":"https:\/\/vapemaison.com\/#\/schema\/logo\/image\/"},"sameAs":["https:\/\/www.youtube.com\/@VapeMaison"]}]}},"tiered_pricing_type":"fixed","tiered_pricing_fixed_rules":{"30":"12.42","50":"11.63","100":"10.58","200":"9.42"},"tiered_pricing_product_settings":{"layout":"default","base_unit_name":{"singular":null,"plural":null},"default_variation":null},"tiered_pricing_minimum_quantity":10,"tiered_pricing_roles_data":[],"tiered_pricing_percentage_rules":[],"tiered_pricing_maximum_quantity":null,"tiered_pricing_quantity_step":"10","_links":{"self":[{"href":"https:\/\/vapemaison.com\/pl\/wp-json\/wp\/v2\/product\/9586","targetHints":{"allow":["GET"]}}],"collection":[{"href":"https:\/\/vapemaison.com\/pl\/wp-json\/wp\/v2\/product"}],"about":[{"href":"https:\/\/vapemaison.com\/pl\/wp-json\/wp\/v2\/types\/product"}],"replies":[{"embeddable":true,"href":"https:\/\/vapemaison.com\/pl\/wp-json\/wp\/v2\/comments?post=9586"}],"version-history":[{"count":1,"href":"https:\/\/vapemaison.com\/pl\/wp-json\/wp\/v2\/product\/9586\/revisions"}],"predecessor-version":[{"id":29552,"href":"https:\/\/vapemaison.com\/pl\/wp-json\/wp\/v2\/product\/9586\/revisions\/29552"}],"wp:featuredmedia":[{"embeddable":true,"href":"https:\/\/vapemaison.com\/pl\/wp-json\/wp\/v2\/media\/10969"}],"wp:attachment":[{"href":"https:\/\/vapemaison.com\/pl\/wp-json\/wp\/v2\/media?parent=9586"}],"wp:term":[{"taxonomy":"product_brand","embeddable":true,"href":"https:\/\/vapemaison.com\/pl\/wp-json\/wp\/v2\/product_brand?post=9586"},{"taxonomy":"product_cat","embeddable":true,"href":"https:\/\/vapemaison.com\/pl\/wp-json\/wp\/v2\/product_cat?post=9586"},{"taxonomy":"product_tag","embeddable":true,"href":"https:\/\/vapemaison.com\/pl\/wp-json\/wp\/v2\/product_tag?post=9586"}],"curies":[{"name":"wp","href":"https:\/\/api.w.org\/{rel}","templated":true}]}}