

{"id":9590,"date":"2025-11-04T02:28:48","date_gmt":"2025-11-04T02:28:48","guid":{"rendered":"https:\/\/vapemaison.com\/?post_type=product&#038;p=9590"},"modified":"2026-03-26T05:40:59","modified_gmt":"2026-03-26T05:40:59","slug":"bang-leader-110000-puff-6-w-1-jednorazowy-vpae","status":"publish","type":"product","link":"https:\/\/vapemaison.com\/pl\/product\/bang-leader-110000-puffs-6-in-1-disposable-vpae\/","title":{"rendered":"Bang Leader 110000 Puffs 6 w 1 jednorazowy Vape | wy\u015bwietlacz LED, potr\u00f3jna cewka siatkowa, akumulator"},"content":{"rendered":"<p>The <strong><a href=\"https:\/\/vapemaison.com\/brand\/bang\/\">Lider Bang<\/a> 110K Puffs Vape jednorazowego u\u017cytku<\/strong> na nowo definiuje granice waporyzacji jednorazowej. Zaprojektowany dla vaper\u00f3w, kt\u00f3rzy wymagaj\u0105 <strong>Najwy\u017csza kontrola smaku, ogromna ilo\u015b\u0107 pary i wyj\u0105tkowa wytrzyma\u0142o\u015b\u0107<\/strong>, oferuje zdumiewaj\u0105c\u0105 <strong>110 000 zaci\u0105gni\u0119\u0107<\/strong> - ustanawiaj\u0105c nowy standard wydajno\u015bci i trwa\u0142o\u015bci.<\/p>\n\n\n\n<p>Wyposa\u017cenie <strong>trzy niezale\u017cne zbiorniki<\/strong>, <strong>sze\u015b\u0107 tryb\u00f3w smaku<\/strong>, oraz <strong>System cewek z potr\u00f3jn\u0105 siatk\u0105<\/strong>, To urz\u0105dzenie pozwala cieszy\u0107 si\u0119 czystymi smakami indywidualnie lub miesza\u0107 je kreatywnie w celu uzyskania unikalnych kombinacji. Niezale\u017cnie od tego, czy preferujesz owocowe, lodowe czy inspirowane deserami profile, Bang Leader 110K zapewnia <strong>Niezr\u00f3wnana elastyczno\u015b\u0107 i satysfakcja<\/strong>.<\/p>\n\n\n\n<h3 class=\"wp-block-heading\"><strong>Kluczowe cechy<\/strong><\/h3>\n\n\n\n<p><strong>Ogromne 110 000 puff\u00f3w<\/strong> - Stworzony z my\u015bl\u0105 o d\u0142ugotrwa\u0142ym u\u017cytkowaniu i sta\u0142ej wydajno\u015bci.<\/p>\n\n\n\n<p><strong>System trzech zbiornik\u00f3w (3x)<\/strong> - Niezale\u017cny i prze\u0142\u0105czalny dla \u015bwie\u017cego, nieska\u017conego smaku.<\/p>\n\n\n\n<p><strong>Sze\u015b\u0107 tryb\u00f3w smaku<\/strong> - A, B, C, A+B, A+C, B+C - pojedyncze lub mieszane opcje smakowe.<\/p>\n\n\n\n<p><strong>Cewka z potr\u00f3jn\u0105 siatk\u0105<\/strong> - Zaawansowana technologia ogrzewania zapewnia bogatsz\u0105 par\u0119 i g\u0142\u0119bszy smak.<\/p>\n\n\n\n<p><strong>Mocne strony nikotyny:<\/strong> 0%, 2%, 3%, 5% - mo\u017cliwo\u015b\u0107 dostosowania do w\u0142asnych preferencji.<\/p>\n\n\n\n<p><strong>Akumulator 850 mAh<\/strong> - D\u0142ugotrwa\u0142a moc dla d\u0142u\u017cszych sesji waporyzacji.<\/p>\n\n\n\n<p><strong>Szybkie \u0142adowanie typu C<\/strong> - Szybkie i wydajne \u0142adowanie dla wygody w podr\u00f3\u017cy.<\/p>\n\n\n\n<p><strong>Inteligentny wy\u015bwietlacz LED<\/strong> - Pokazuje \u017cywotno\u015b\u0107 baterii, liczb\u0119 zaci\u0105gni\u0119\u0107 i tryb smaku w czasie rzeczywistym.<\/p>\n\n\n\n<p><strong>Opakowanie:<\/strong> 10 sztuk w opakowaniu - idealne do sprzeda\u017cy detalicznej i hurtowej.<\/p>\n\n\n\n<h3 class=\"wp-block-heading\"><strong>Do\u015bwiadczenie smaku<\/strong><\/h3>\n\n\n\n<p>Ciesz si\u0119 <strong>10 unikalnych zestaw\u00f3w smakowych 3 w 1<\/strong> zaprojektowane tak, aby zaspokoi\u0107 ka\u017cdy gust. Ka\u017cde urz\u0105dzenie zawiera <strong>trzy zbiorniki e-liquidu<\/strong> i obs\u0142uguje sze\u015b\u0107 tryb\u00f3w mieszania - zapewniaj\u0105c niesko\u0144czon\u0105 liczb\u0119 kombinacji g\u0142adkiego, odwa\u017cnego i orze\u017awiaj\u0105cego smaku.<\/p>\n\n\n\n<p><strong>Dost\u0119pne zestawy smak\u00f3w:<\/strong><\/p>\n\n\n\n<ol class=\"wp-block-list\">\n<li>Watermelon Ice \/ Strawberry Mamba \/ Strawberry Watermelon<\/li>\n\n\n\n<li>Fuji Ice \/ Apple Grape \/ Cherry Pomegranate<\/li>\n\n\n\n<li>Blueberry Ice \/ Raspberry Lemon \/ Watermelon Bubblegum<\/li>\n\n\n\n<li>Jagody Maliny \/ Kwa\u015bne Ananasy Pomara\u0144cze \/ Maliny Arbuz<\/li>\n\n\n\n<li>L\u00f3d winogronowy \/ Brzoskwinia z mango \/ Arbuz z jagodami<\/li>\n\n\n\n<li>Strawberry Ice \/ Peach Lemon \/ Kiwi Passion Fruit Guava<\/li>\n\n\n\n<li>Ananasowy kokos \/ Jagodowy Red Bull \/ Arbuzowy l\u00f3d<\/li>\n\n\n\n<li>Truskawka z kiwi \/ Jagoda z kokosem \/ Mieszanka jag\u00f3d<\/li>\n\n\n\n<li>Lemon Romance \/ Blueberry Raspberry \/ Peach Menthol<\/li>\n\n\n\n<li>Peach Ice \/ Blackcurrant Pineapple Ice \/ Green Apple Kiwi<\/li>\n<\/ol>\n\n\n\n<p>Niezale\u017cnie od tego, czy chcesz <strong>klasyczny poncz owocowy<\/strong> lub <strong>egzotyczny tropikalny twist<\/strong>, Bang Leader 110K umo\u017cliwia <strong>natychmiastowe prze\u0142\u0105czanie smak\u00f3w<\/strong> lub mieszaj je, aby uzyska\u0107 nowe doznania z ka\u017cdym zaci\u0105gni\u0119ciem.<\/p>\n\n\n\n<h3 class=\"wp-block-heading\"><strong>Specyfikacja techniczna<\/strong><\/h3>\n\n\n\n<figure class=\"wp-block-table\"><table class=\"has-fixed-layout\"><thead><tr><th>Specyfikacja<\/th><th>Szczeg\u00f3\u0142y<\/th><\/tr><\/thead><tbody><tr><td>Puff Count<\/td><td>Do 110 000 zaci\u0105gni\u0119\u0107<\/td><\/tr><tr><td>Bateria<\/td><td>Akumulator 850 mAh<\/td><\/tr><tr><td>Port \u0142adowania<\/td><td>Szybkie \u0142adowanie typu C<\/td><\/tr><tr><td>Typ cewki<\/td><td>Cewka z potr\u00f3jn\u0105 siatk\u0105<\/td><\/tr><tr><td>Zbiorniki oleju<\/td><td>3 niezale\u017cne zbiorniki<\/td><\/tr><tr><td>Tryby smaku<\/td><td>6 (A, B, C, A+B, A+C, B+C)<\/td><\/tr><tr><td>Mocne strony nikotyny<\/td><td>0%, 2%, 3%, 5%<\/td><\/tr><tr><td>Wy\u015bwietlacz<\/td><td>Inteligentna dioda LED (bateria, dmuchanie, tryb)<\/td><\/tr><tr><td>Opakowanie<\/td><td>10 sztuk \/ opakowanie<\/td><\/tr><\/tbody><\/table><\/figure>\n\n\n\n<h3 class=\"wp-block-heading\"><strong>Dlaczego warto wybra\u0107 Bang Leader 110K?<\/strong><\/h3>\n\n\n\n<p><strong>Niezr\u00f3wnana trwa\u0142o\u015b\u0107<\/strong> - Do 110 000 zaci\u0105gni\u0119\u0107 dla nieprzerwanej przyjemno\u015bci.<br><strong>Flavor Freedom<\/strong> - Mieszaj lub zmieniaj smaki w dowolnym momencie.<br><strong>Elegancki i stylowy<\/strong> - Elegancka konstrukcja z wy\u015bwietlaczem LED.<br><strong>Moc, na kt\u00f3rej mo\u017cna polega\u0107<\/strong> - Szybko \u0142aduj\u0105ca si\u0119 bateria 850 mAh.<br><strong>Idealny dla sprzedawc\u00f3w detalicznych<\/strong> - Przyci\u0105gaj\u0105ce wzrok opakowanie i wysoki potencja\u0142 odsprzeda\u017cy.<\/p>","protected":false},"excerpt":{"rendered":"<p>Bang Leader 110000 Puffs Disposable Vape to nie tylko kolejna jednoraz\u00f3wka - to rewolucja w innowacjach vapingu. \u0141\u0105cz\u0105c w sobie moc, r\u00f3\u017cnorodno\u015b\u0107 i precyzj\u0119, zosta\u0142 stworzony dla waper\u00f3w, kt\u00f3rzy nie uznaj\u0105 kompromis\u00f3w. Wybierz sw\u00f3j smak, wymieszaj tryb i do\u015bwiadcz prawdziwej wolno\u015bci wapowania dzi\u0119ki Bang Leader 110K.<\/p>","protected":false},"featured_media":9597,"comment_status":"open","ping_status":"closed","template":"","meta":[],"product_brand":[57],"product_cat":[152,142],"product_tag":[],"class_list":{"0":"post-9590","1":"product","2":"type-product","3":"status-publish","4":"has-post-thumbnail","6":"product_brand-bang","7":"product_cat-110k-puffs","8":"product_cat-eu-stock","10":"first","11":"instock","12":"sale","13":"featured","14":"shipping-taxable","15":"purchasable","16":"product-type-variable"},"yoast_head":"<!-- This site is optimized with the Yoast SEO plugin v27.4 - https:\/\/yoast.com\/product\/yoast-seo-wordpress\/ -->\n<title>Bang Leader 110K Puffs 6 in1 Disposable Vape LED Display<\/title>\n<meta name=\"description\" content=\"LED Display Bang Leader 110k Puffs Disposable Vape with 6-in-1 flavor modes. Rechargeable battery and Type-C fast charging.\" \/>\n<meta name=\"robots\" content=\"index, follow, max-snippet:-1, max-image-preview:large, max-video-preview:-1\" \/>\n<link rel=\"canonical\" href=\"https:\/\/vapemaison.com\/pl\/produkt\/bang-leader-110000-puff-6-w-1-jednorazowy-vpae\/\" \/>\n<meta property=\"og:locale\" content=\"pl_PL\" \/>\n<meta property=\"og:type\" content=\"article\" \/>\n<meta property=\"og:title\" content=\"Bang Leader 110K Puffs 6 in1 Disposable Vape LED Display\" \/>\n<meta property=\"og:description\" content=\"LED Display Bang Leader 110k Puffs Disposable Vape with 6-in-1 flavor modes. Rechargeable battery and Type-C fast charging.\" \/>\n<meta property=\"og:url\" content=\"https:\/\/vapemaison.com\/pl\/produkt\/bang-leader-110000-puff-6-w-1-jednorazowy-vpae\/\" \/>\n<meta property=\"og:site_name\" content=\"VapeMaison\" \/>\n<meta property=\"article:modified_time\" content=\"2026-03-26T05:40:59+00:00\" \/>\n<meta property=\"og:image\" content=\"https:\/\/vapemaison.com\/wp-content\/uploads\/2025\/11\/bang-leader-110000-puffs-6-in-1-flavor-ola-tank-3-picure.jpg\" \/>\n\t<meta property=\"og:image:width\" content=\"600\" \/>\n\t<meta property=\"og:image:height\" content=\"600\" \/>\n\t<meta property=\"og:image:type\" content=\"image\/jpeg\" \/>\n<meta name=\"twitter:card\" content=\"summary_large_image\" \/>\n<meta name=\"twitter:label1\" content=\"Szacowany czas czytania\" \/>\n\t<meta name=\"twitter:data1\" content=\"3 minuty\" \/>\n<!-- \/ Yoast SEO plugin. -->","yoast_head_json":{"title":"Bang Leader 110K Puffs 6w1 Jednorazowy wy\u015bwietlacz LED Vape","description":"Wy\u015bwietlacz LED Bang Leader 110k Puffs Jednorazowy Vape z trybami smakowymi 6 w 1. Akumulator i szybkie \u0142adowanie typu C.","robots":{"index":"index","follow":"follow","max-snippet":"max-snippet:-1","max-image-preview":"max-image-preview:large","max-video-preview":"max-video-preview:-1"},"canonical":"https:\/\/vapemaison.com\/pl\/produkt\/bang-leader-110000-puff-6-w-1-jednorazowy-vpae\/","og_locale":"pl_PL","og_type":"article","og_title":"Bang Leader 110K Puffs 6 in1 Disposable Vape LED Display","og_description":"LED Display Bang Leader 110k Puffs Disposable Vape with 6-in-1 flavor modes. Rechargeable battery and Type-C fast charging.","og_url":"https:\/\/vapemaison.com\/pl\/produkt\/bang-leader-110000-puff-6-w-1-jednorazowy-vpae\/","og_site_name":"VapeMaison","article_modified_time":"2026-03-26T05:40:59+00:00","og_image":[{"width":600,"height":600,"url":"https:\/\/vapemaison.com\/wp-content\/uploads\/2025\/11\/bang-leader-110000-puffs-6-in-1-flavor-ola-tank-3-picure.jpg","type":"image\/jpeg"}],"twitter_card":"summary_large_image","twitter_misc":{"Szacowany czas czytania":"3 minuty"},"schema":{"@context":"https:\/\/schema.org","@graph":[{"@type":"WebPage","@id":"https:\/\/vapemaison.com\/product\/bang-leader-110000-puffs-6-in-1-disposable-vpae\/","url":"https:\/\/vapemaison.com\/product\/bang-leader-110000-puffs-6-in-1-disposable-vpae\/","name":"Bang Leader 110K Puffs 6w1 Jednorazowy wy\u015bwietlacz LED Vape","isPartOf":{"@id":"https:\/\/vapemaison.com\/#website"},"primaryImageOfPage":{"@id":"https:\/\/vapemaison.com\/product\/bang-leader-110000-puffs-6-in-1-disposable-vpae\/#primaryimage"},"image":{"@id":"https:\/\/vapemaison.com\/product\/bang-leader-110000-puffs-6-in-1-disposable-vpae\/#primaryimage"},"thumbnailUrl":"https:\/\/vapemaison.com\/wp-content\/uploads\/2025\/11\/bang-leader-110000-puffs-6-in-1-flavor-ola-tank-3-picure.jpg","datePublished":"2025-11-04T02:28:48+00:00","dateModified":"2026-03-26T05:40:59+00:00","description":"Wy\u015bwietlacz LED Bang Leader 110k Puffs Jednorazowy Vape z trybami smakowymi 6 w 1. Akumulator i szybkie \u0142adowanie typu C.","breadcrumb":{"@id":"https:\/\/vapemaison.com\/product\/bang-leader-110000-puffs-6-in-1-disposable-vpae\/#breadcrumb"},"inLanguage":"pl-PL","potentialAction":[{"@type":"ReadAction","target":["https:\/\/vapemaison.com\/product\/bang-leader-110000-puffs-6-in-1-disposable-vpae\/"]}]},{"@type":"ImageObject","inLanguage":"pl-PL","@id":"https:\/\/vapemaison.com\/product\/bang-leader-110000-puffs-6-in-1-disposable-vpae\/#primaryimage","url":"https:\/\/vapemaison.com\/wp-content\/uploads\/2025\/11\/bang-leader-110000-puffs-6-in-1-flavor-ola-tank-3-picure.jpg","contentUrl":"https:\/\/vapemaison.com\/wp-content\/uploads\/2025\/11\/bang-leader-110000-puffs-6-in-1-flavor-ola-tank-3-picure.jpg","width":600,"height":600,"caption":"Bang Leader Puffs 6 In 1 Flavor Ola Tank 3 Picure Disposable Vape Device"},{"@type":"BreadcrumbList","@id":"https:\/\/vapemaison.com\/product\/bang-leader-110000-puffs-6-in-1-disposable-vpae\/#breadcrumb","itemListElement":[{"@type":"ListItem","position":1,"name":"\u9996\u9875","item":"https:\/\/vapemaison.com\/"},{"@type":"ListItem","position":2,"name":"Shop","item":"https:\/\/vapemaison.com\/shop\/"},{"@type":"ListItem","position":3,"name":"Bang","item":"https:\/\/vapemaison.com\/brand\/bang\/"},{"@type":"ListItem","position":4,"name":"Bang Leader 110000 Puffs 6-in-1 Disposable Vape | LED Display, Triple Mesh Coil, Rechargeable"}]},{"@type":"WebSite","@id":"https:\/\/vapemaison.com\/#website","url":"https:\/\/vapemaison.com\/","name":"VapeMaison","description":"Wysokiej jako\u015bci urz\u0105dzenia i akcesoria do waporyzacji","publisher":{"@id":"https:\/\/vapemaison.com\/#organization"},"potentialAction":[{"@type":"SearchAction","target":{"@type":"EntryPoint","urlTemplate":"https:\/\/vapemaison.com\/?s={search_term_string}"},"query-input":{"@type":"PropertyValueSpecification","valueRequired":true,"valueName":"search_term_string"}}],"inLanguage":"pl-PL"},{"@type":"Organization","@id":"https:\/\/vapemaison.com\/#organization","name":"VapeMaison","url":"https:\/\/vapemaison.com\/","logo":{"@type":"ImageObject","inLanguage":"pl-PL","@id":"https:\/\/vapemaison.com\/#\/schema\/logo\/image\/","url":"https:\/\/vapemaison.com\/wp-content\/uploads\/2026\/01\/cropped-vapemaison-logo-g-2026.webp","contentUrl":"https:\/\/vapemaison.com\/wp-content\/uploads\/2026\/01\/cropped-vapemaison-logo-g-2026.webp","width":350,"height":280,"caption":"VapeMaison"},"image":{"@id":"https:\/\/vapemaison.com\/#\/schema\/logo\/image\/"},"sameAs":["https:\/\/www.youtube.com\/@VapeMaison"]}]}},"tiered_pricing_type":"fixed","tiered_pricing_fixed_rules":{"30":"10.35","50":"9.99","100":"9.36","200":"8.88"},"tiered_pricing_product_settings":{"layout":"default","base_unit_name":{"singular":null,"plural":null},"default_variation":null},"tiered_pricing_minimum_quantity":10,"tiered_pricing_roles_data":[],"tiered_pricing_percentage_rules":[],"tiered_pricing_maximum_quantity":null,"tiered_pricing_quantity_step":"10","_links":{"self":[{"href":"https:\/\/vapemaison.com\/pl\/wp-json\/wp\/v2\/product\/9590","targetHints":{"allow":["GET"]}}],"collection":[{"href":"https:\/\/vapemaison.com\/pl\/wp-json\/wp\/v2\/product"}],"about":[{"href":"https:\/\/vapemaison.com\/pl\/wp-json\/wp\/v2\/types\/product"}],"replies":[{"embeddable":true,"href":"https:\/\/vapemaison.com\/pl\/wp-json\/wp\/v2\/comments?post=9590"}],"version-history":[{"count":1,"href":"https:\/\/vapemaison.com\/pl\/wp-json\/wp\/v2\/product\/9590\/revisions"}],"predecessor-version":[{"id":26114,"href":"https:\/\/vapemaison.com\/pl\/wp-json\/wp\/v2\/product\/9590\/revisions\/26114"}],"wp:featuredmedia":[{"embeddable":true,"href":"https:\/\/vapemaison.com\/pl\/wp-json\/wp\/v2\/media\/9597"}],"wp:attachment":[{"href":"https:\/\/vapemaison.com\/pl\/wp-json\/wp\/v2\/media?parent=9590"}],"wp:term":[{"taxonomy":"product_brand","embeddable":true,"href":"https:\/\/vapemaison.com\/pl\/wp-json\/wp\/v2\/product_brand?post=9590"},{"taxonomy":"product_cat","embeddable":true,"href":"https:\/\/vapemaison.com\/pl\/wp-json\/wp\/v2\/product_cat?post=9590"},{"taxonomy":"product_tag","embeddable":true,"href":"https:\/\/vapemaison.com\/pl\/wp-json\/wp\/v2\/product_tag?post=9590"}],"curies":[{"name":"wp","href":"https:\/\/api.w.org\/{rel}","templated":true}]}}