

{"id":9812,"date":"2025-11-04T09:14:21","date_gmt":"2025-11-04T09:14:21","guid":{"rendered":"https:\/\/vapemaison.com\/?post_type=product&#038;p=9812"},"modified":"2026-02-27T09:44:40","modified_gmt":"2026-02-27T09:44:40","slug":"12k-tornado-blueberry-bubblegum-vape","status":"publish","type":"product","link":"https:\/\/vapemaison.com\/pl\/product\/12k-tornado-blueberry-bubblegum-vape\/","title":{"rendered":"12k Tornado Blueberry Bubblegum - Fumot Vape 12000 Puff\u00f3w"},"content":{"rendered":"<p>The&nbsp;<strong>12k Tornado<\/strong>&nbsp;jest jednym z najpopularniejszych jednorazowych e-papieros\u00f3w na rynku - a dzi\u0119ki smakowi&nbsp;<strong>Blueberry Bubblegum<\/strong>&nbsp;\u0142\u0105czy soczyste jagody z nostalgicznym smakiem gumy balonowej, tworz\u0105c wyj\u0105tkowe doznania smakowe. Dowiedz si\u0119 tutaj, dlaczego ten wariant jest idealny dla fan\u00f3w s\u0142odkich i owocowych smak\u00f3w oraz w jaki spos\u00f3b&nbsp;<strong>12k Tornado<\/strong>&nbsp;przekonuje technologi\u0105, wydajno\u015bci\u0105 i elastyczno\u015bci\u0105.<\/p>\n\n\n\n<h3 class=\"wp-block-heading\"><strong>Dlaczego warto wybra\u0107 12k Tornado Blueberry Bubblegum?<\/strong><\/h3>\n\n\n\n<p><strong>Blueberry Bubblegum<\/strong>&nbsp;zachwyca harmonijnym po\u0142\u0105czeniem dojrza\u0142ych jag\u00f3d i s\u0142odkiego aromatu gumy do \u017cucia - smak przywodz\u0105cy na my\u015bl wspomnienia z dzieci\u0144stwa. Idealny dla wszystkich, kt\u00f3rzy uwielbiaj\u0105 owocowo-s\u0142odkie kompozycje! Z&nbsp;<strong>12 000 poci\u0105g\u00f3w<\/strong>,&nbsp;<strong>Pojemno\u015b\u0107 20 ml<\/strong>&nbsp;i opcja dla&nbsp;<strong>0% Nikotyna<\/strong>&nbsp;Ten e-papieros mo\u017ce by\u0107 u\u017cywany elastycznie - zar\u00f3wno jako alternatywa bez nikotyny, jak i z nikotyn\u0105 o mocy do 5%.<\/p>\n\n\n\n<h3 class=\"wp-block-heading\"><strong>Dane techniczne 12k Tornado<\/strong><\/h3>\n\n\n\n<figure class=\"wp-block-table\"><table class=\"has-fixed-layout\"><thead><tr><th><strong>Cecha<\/strong><\/th><th><strong>Warto\u015b\u0107<\/strong><\/th><\/tr><\/thead><tbody><tr><td>Moc nikotyny<\/td><td>0%, 2%, 3%, 5%<\/td><\/tr><tr><td>Poci\u0105gi<\/td><td>12.000<\/td><\/tr><tr><td>Pojemno\u015b\u0107 cieczy<\/td><td>20 ml<\/td><\/tr><tr><td>Smak<\/td><td>Blueberry Bubblegum<\/td><\/tr><tr><td>Bateria<\/td><td>550 mAh (akumulator)<\/td><\/tr><tr><td>Technologia cewek<\/td><td>Cewka siatkowa 0,8\u03a9<\/td><\/tr><tr><td>Rozmiar kartonu<\/td><td>69,1\u00d732\u00d723,8 cm (18 kg)<\/td><\/tr><tr><td>Cena za sztuk\u0119<\/td><td><strong>11,98\u20ac<\/strong><\/td><\/tr><\/tbody><\/table><\/figure>\n\n\n\n<h3 class=\"wp-block-heading\"><strong>Test gumy balonowej z jagodami: s\u0142odki owoc \u0142\u0105czy si\u0119 z technologi\u0105<\/strong><\/h3>\n\n\n\n<p>The&nbsp;<strong>12k Tornado<\/strong>&nbsp;z Blueberry Bubblegum jest przekonuj\u0105ca:<\/p>\n\n\n\n<p><strong>Autentyczne nuty jag\u00f3d i gumy balonowej<\/strong>Bez sztucznych s\u0142odzik\u00f3w - smak \u0142\u0105czy naturalne aromaty owocowe ze s\u0142odk\u0105 nut\u0105 gumy do \u017cucia 69.<\/p>\n\n\n\n<p><strong>R\u00f3wnomierny rozw\u00f3j opar\u00f3w<\/strong>Dzi\u0119ki&nbsp;<strong>Cewka siatkowa 0,8\u03a9<\/strong>&nbsp;Smaki rozwijaj\u0105 si\u0119 konsekwentnie, bez dopalania lub utraty smaku 7.<\/p>\n\n\n\n<p><strong>D\u0142ugowieczno\u015b\u0107<\/strong>The&nbsp;<strong>Akumulator<\/strong>&nbsp;wytrzymuje do ostatniej ilo\u015bci p\u0142ynu - idealne rozwi\u0105zanie dla&nbsp;<strong>12 000 poci\u0105g\u00f3w<\/strong>&nbsp;bez kompromis\u00f3w 17.<\/p>\n\n\n\n<p>W ramach&nbsp;<strong>12k Tornado<\/strong>-serii, urz\u0105dzenie zdobywa r\u00f3wnie\u017c punkty dzi\u0119ki&nbsp;<strong>cyfrowy wy\u015bwietlacz LED<\/strong>kt\u00f3ry wy\u015bwietla poziom baterii i p\u0142ynu w czasie rzeczywistym - funkcja szczeg\u00f3lnie popularna w\u015br\u00f3d zaawansowanych technologicznie u\u017cytkownik\u00f3w 7.<\/p>\n\n\n\n<h3 class=\"wp-block-heading\"><strong>Dlaczego Tornado 12k to najlepszy wyb\u00f3r<\/strong><\/h3>\n\n\n\n<p><strong>Ponad 20 smak\u00f3w<\/strong>: Odkryj wi\u0119cej atrakcji, takich jak&nbsp;<strong>L\u00f3d brzoskwiniowy<\/strong>&nbsp;lub&nbsp;<strong>Truskawka Kiwi<\/strong>&nbsp;w&nbsp;<strong><a href=\"https:\/\/vapemaison.com\/product-category\/hot-series\/randm-tornado-9000\/\" target=\"_blank\" rel=\"noreferrer noopener\">Seria RandM Tornado 12000<\/a><\/strong>.<\/p>\n\n\n\n<p><strong>Bezpiecze\u0144stwo i jako\u015b\u0107<\/strong>Materia\u0142y z certyfikatem CE i \u015bcis\u0142a ochrona przed przegrzaniem gwarantuj\u0105 bezpieczne u\u017cytkowanie.<\/p>\n\n\n\n<p><strong>\u015awiadomo\u015b\u0107 ekologiczna<\/strong>: Akumulator zmniejsza ilo\u015b\u0107 odpad\u00f3w elektronicznych w por\u00f3wnaniu do modeli jednorazowych.<\/p>\n\n\n\n<p><strong>Kompatybilne akcesoria<\/strong>: Uzupe\u0142nij swoj\u0105 konfiguracj\u0119 o cz\u0119\u015bci z&nbsp;<strong><a href=\"https:\/\/vapemaison.com\/product-category\/hot-series\/randm-tornado-9000\/\" target=\"_blank\" rel=\"noreferrer noopener\">Kolekcja RandM Tornado<\/a><\/strong>.<\/p>\n\n\n\n<h3 class=\"wp-block-heading\"><strong>Najcz\u0119\u015bciej zadawane pytania dotycz\u0105ce 12k Tornado<\/strong><\/h3>\n\n\n\n<p><strong>1. czy smak gumy balonowej jest zbyt s\u0142odki?<\/strong><br>Nie, kwasowo\u015b\u0107 jag\u00f3d r\u00f3wnowa\u017cy s\u0142odycz i zapewnia dobr\u0105 r\u00f3wnowag\u0119.<br><strong>2. Jak d\u0142ugo wytrzymuje bateria przy codziennym u\u017cytkowaniu?<\/strong><br>The&nbsp;<strong>Bateria 550 mAh<\/strong>&nbsp;wystarcza na oko\u0142o 1-2 dni - idealny w podr\u00f3\u017cy.<br><strong>3. Co odr\u00f3\u017cnia Tornado 12k od innych modeli?<\/strong><br>Oferuje wi\u0119ksz\u0105 r\u00f3\u017cnorodno\u015b\u0107 smak\u00f3w, cyfrowy wy\u015bwietlacz i precyzyjn\u0105 technologi\u0119 zwoj\u00f3w siatki.<\/p>","protected":false},"excerpt":{"rendered":"<p class=\"ds-markdown-paragraph\"><strong>12k Tornado<\/strong> Blueberry Bubblegum: Tropikalna harmonia brzoskwini i mango za 12 000 zaci\u0105gni\u0119\u0107<\/p>\n<p class=\"ds-markdown-paragraph\">RandM Tornado 12000 o smaku Blueberry Bubblegum wyznacza nowe standardy dla tropikalnych dozna\u0144 zwi\u0105zanych z e-papierosami.<\/p>","protected":false},"featured_media":9813,"comment_status":"open","ping_status":"closed","template":"","meta":[],"product_brand":[58],"product_cat":[154,174,294],"product_tag":[],"class_list":{"0":"post-9812","1":"product","2":"type-product","3":"status-publish","4":"has-post-thumbnail","6":"product_brand-fumot","7":"product_cat-12k-puffs","8":"product_cat-fumot-12k","9":"product_cat-no-nicotine-vape","11":"first","12":"instock","13":"sale","14":"shipping-taxable","15":"purchasable","16":"product-type-variable"},"yoast_head":"<!-- This site is optimized with the Yoast SEO plugin v27.4 - https:\/\/yoast.com\/product\/yoast-seo-wordpress\/ -->\n<title>12K Tornado Blueberry Bubblegum | Fumot Vape 12000 Puffs<\/title>\n<meta name=\"description\" content=\"Enjoy the 12K Tornado Blueberry Bubblegum Fumot Vape 12000 puffs of sweet blueberry and refreshing bubblegum flavor. Long-lasting and smooth.\" \/>\n<meta name=\"robots\" content=\"index, follow, max-snippet:-1, max-image-preview:large, max-video-preview:-1\" \/>\n<link rel=\"canonical\" href=\"https:\/\/vapemaison.com\/pl\/produkt\/12k-tornado-blueberry-bubblegum-vape\/\" \/>\n<meta property=\"og:locale\" content=\"pl_PL\" \/>\n<meta property=\"og:type\" content=\"article\" \/>\n<meta property=\"og:title\" content=\"12K Tornado Blueberry Bubblegum | Fumot Vape 12000 Puffs\" \/>\n<meta property=\"og:description\" content=\"Enjoy the 12K Tornado Blueberry Bubblegum Fumot Vape 12000 puffs of sweet blueberry and refreshing bubblegum flavor. Long-lasting and smooth.\" \/>\n<meta property=\"og:url\" content=\"https:\/\/vapemaison.com\/pl\/produkt\/12k-tornado-blueberry-bubblegum-vape\/\" \/>\n<meta property=\"og:site_name\" content=\"VapeMaison\" \/>\n<meta property=\"article:modified_time\" content=\"2026-02-27T09:44:40+00:00\" \/>\n<meta property=\"og:image\" content=\"https:\/\/vapemaison.com\/wp-content\/uploads\/2025\/11\/12k-Tornado-Blueberry-Bubblegum.webp\" \/>\n\t<meta property=\"og:image:width\" content=\"1125\" \/>\n\t<meta property=\"og:image:height\" content=\"1125\" \/>\n\t<meta property=\"og:image:type\" content=\"image\/webp\" \/>\n<meta name=\"twitter:card\" content=\"summary_large_image\" \/>\n<meta name=\"twitter:label1\" content=\"Szacowany czas czytania\" \/>\n\t<meta name=\"twitter:data1\" content=\"2 minuty\" \/>\n<!-- \/ Yoast SEO plugin. -->","yoast_head_json":{"title":"12K Tornado Blueberry Bubblegum | Fumot Vape 12000 Puffs","description":"Ciesz si\u0119 12K Tornado Blueberry Bubblegum Fumot Vape 12000 zaci\u0105gni\u0119\u0107 s\u0142odk\u0105 jagod\u0105 i orze\u017awiaj\u0105cym smakiem gumy balonowej. D\u0142ugotrwa\u0142y i g\u0142adki.","robots":{"index":"index","follow":"follow","max-snippet":"max-snippet:-1","max-image-preview":"max-image-preview:large","max-video-preview":"max-video-preview:-1"},"canonical":"https:\/\/vapemaison.com\/pl\/produkt\/12k-tornado-blueberry-bubblegum-vape\/","og_locale":"pl_PL","og_type":"article","og_title":"12K Tornado Blueberry Bubblegum | Fumot Vape 12000 Puffs","og_description":"Enjoy the 12K Tornado Blueberry Bubblegum Fumot Vape 12000 puffs of sweet blueberry and refreshing bubblegum flavor. Long-lasting and smooth.","og_url":"https:\/\/vapemaison.com\/pl\/produkt\/12k-tornado-blueberry-bubblegum-vape\/","og_site_name":"VapeMaison","article_modified_time":"2026-02-27T09:44:40+00:00","og_image":[{"width":1125,"height":1125,"url":"https:\/\/vapemaison.com\/wp-content\/uploads\/2025\/11\/12k-Tornado-Blueberry-Bubblegum.webp","type":"image\/webp"}],"twitter_card":"summary_large_image","twitter_misc":{"Szacowany czas czytania":"2 minuty"},"schema":{"@context":"https:\/\/schema.org","@graph":[{"@type":"WebPage","@id":"https:\/\/vapemaison.com\/product\/12k-tornado-blueberry-bubblegum-vape\/","url":"https:\/\/vapemaison.com\/product\/12k-tornado-blueberry-bubblegum-vape\/","name":"12K Tornado Blueberry Bubblegum | Fumot Vape 12000 Puffs","isPartOf":{"@id":"https:\/\/vapemaison.com\/#website"},"primaryImageOfPage":{"@id":"https:\/\/vapemaison.com\/product\/12k-tornado-blueberry-bubblegum-vape\/#primaryimage"},"image":{"@id":"https:\/\/vapemaison.com\/product\/12k-tornado-blueberry-bubblegum-vape\/#primaryimage"},"thumbnailUrl":"https:\/\/vapemaison.com\/wp-content\/uploads\/2025\/11\/12k-Tornado-Blueberry-Bubblegum.webp","datePublished":"2025-11-04T09:14:21+00:00","dateModified":"2026-02-27T09:44:40+00:00","description":"Ciesz si\u0119 12K Tornado Blueberry Bubblegum Fumot Vape 12000 zaci\u0105gni\u0119\u0107 s\u0142odk\u0105 jagod\u0105 i orze\u017awiaj\u0105cym smakiem gumy balonowej. D\u0142ugotrwa\u0142y i g\u0142adki.","breadcrumb":{"@id":"https:\/\/vapemaison.com\/product\/12k-tornado-blueberry-bubblegum-vape\/#breadcrumb"},"inLanguage":"pl-PL","potentialAction":[{"@type":"ReadAction","target":["https:\/\/vapemaison.com\/product\/12k-tornado-blueberry-bubblegum-vape\/"]}]},{"@type":"ImageObject","inLanguage":"pl-PL","@id":"https:\/\/vapemaison.com\/product\/12k-tornado-blueberry-bubblegum-vape\/#primaryimage","url":"https:\/\/vapemaison.com\/wp-content\/uploads\/2025\/11\/12k-Tornado-Blueberry-Bubblegum.webp","contentUrl":"https:\/\/vapemaison.com\/wp-content\/uploads\/2025\/11\/12k-Tornado-Blueberry-Bubblegum.webp","width":1125,"height":1125,"caption":"12k Tornado Blueberry Bubblegum Disposable Vape Device"},{"@type":"BreadcrumbList","@id":"https:\/\/vapemaison.com\/product\/12k-tornado-blueberry-bubblegum-vape\/#breadcrumb","itemListElement":[{"@type":"ListItem","position":1,"name":"\u9996\u9875","item":"https:\/\/vapemaison.com\/"},{"@type":"ListItem","position":2,"name":"Shop","item":"https:\/\/vapemaison.com\/shop\/"},{"@type":"ListItem","position":3,"name":"Fumot","item":"https:\/\/vapemaison.com\/brand\/fumot\/"},{"@type":"ListItem","position":4,"name":"12k Tornado Blueberry Bubblegum &#8211; Fumot Vape 12000 Puffs"}]},{"@type":"WebSite","@id":"https:\/\/vapemaison.com\/#website","url":"https:\/\/vapemaison.com\/","name":"VapeMaison","description":"Wysokiej jako\u015bci urz\u0105dzenia i akcesoria do waporyzacji","publisher":{"@id":"https:\/\/vapemaison.com\/#organization"},"potentialAction":[{"@type":"SearchAction","target":{"@type":"EntryPoint","urlTemplate":"https:\/\/vapemaison.com\/?s={search_term_string}"},"query-input":{"@type":"PropertyValueSpecification","valueRequired":true,"valueName":"search_term_string"}}],"inLanguage":"pl-PL"},{"@type":"Organization","@id":"https:\/\/vapemaison.com\/#organization","name":"VapeMaison","url":"https:\/\/vapemaison.com\/","logo":{"@type":"ImageObject","inLanguage":"pl-PL","@id":"https:\/\/vapemaison.com\/#\/schema\/logo\/image\/","url":"https:\/\/vapemaison.com\/wp-content\/uploads\/2026\/01\/cropped-vapemaison-logo-g-2026.webp","contentUrl":"https:\/\/vapemaison.com\/wp-content\/uploads\/2026\/01\/cropped-vapemaison-logo-g-2026.webp","width":350,"height":280,"caption":"VapeMaison"},"image":{"@id":"https:\/\/vapemaison.com\/#\/schema\/logo\/image\/"},"sameAs":["https:\/\/www.youtube.com\/@VapeMaison"]}]}},"tiered_pricing_type":"fixed","tiered_pricing_fixed_rules":{"30":"12.56","50":"10.78","100":"8.55","200":"7.98"},"tiered_pricing_product_settings":{"layout":"default","base_unit_name":{"singular":null,"plural":null},"default_variation":null},"tiered_pricing_minimum_quantity":10,"tiered_pricing_roles_data":[],"tiered_pricing_percentage_rules":[],"tiered_pricing_maximum_quantity":null,"tiered_pricing_quantity_step":"10","_links":{"self":[{"href":"https:\/\/vapemaison.com\/pl\/wp-json\/wp\/v2\/product\/9812","targetHints":{"allow":["GET"]}}],"collection":[{"href":"https:\/\/vapemaison.com\/pl\/wp-json\/wp\/v2\/product"}],"about":[{"href":"https:\/\/vapemaison.com\/pl\/wp-json\/wp\/v2\/types\/product"}],"replies":[{"embeddable":true,"href":"https:\/\/vapemaison.com\/pl\/wp-json\/wp\/v2\/comments?post=9812"}],"version-history":[{"count":1,"href":"https:\/\/vapemaison.com\/pl\/wp-json\/wp\/v2\/product\/9812\/revisions"}],"predecessor-version":[{"id":26648,"href":"https:\/\/vapemaison.com\/pl\/wp-json\/wp\/v2\/product\/9812\/revisions\/26648"}],"wp:featuredmedia":[{"embeddable":true,"href":"https:\/\/vapemaison.com\/pl\/wp-json\/wp\/v2\/media\/9813"}],"wp:attachment":[{"href":"https:\/\/vapemaison.com\/pl\/wp-json\/wp\/v2\/media?parent=9812"}],"wp:term":[{"taxonomy":"product_brand","embeddable":true,"href":"https:\/\/vapemaison.com\/pl\/wp-json\/wp\/v2\/product_brand?post=9812"},{"taxonomy":"product_cat","embeddable":true,"href":"https:\/\/vapemaison.com\/pl\/wp-json\/wp\/v2\/product_cat?post=9812"},{"taxonomy":"product_tag","embeddable":true,"href":"https:\/\/vapemaison.com\/pl\/wp-json\/wp\/v2\/product_tag?post=9812"}],"curies":[{"name":"wp","href":"https:\/\/api.w.org\/{rel}","templated":true}]}}